{"id":9594,"date":"2025-02-14T20:21:55","date_gmt":"2025-02-14T23:21:55","guid":{"rendered":"http:\/\/www.cinep.pb.gov.br\/portal\/?page_id=9594"},"modified":"2025-04-22T15:06:54","modified_gmt":"2025-04-22T18:06:54","slug":"procedimento-licitatorio-008-2024","status":"publish","type":"page","link":"https:\/\/www.cinep.pb.gov.br\/portal\/?page_id=9594","title":{"rendered":"PROCEDIMENTO LICITAT\u00d3RIO 008\/2024"},"content":{"rendered":"<ul class=\"lista-de-links\">\n<li><a href=\"https:\/\/www.cinep.pb.gov.br\/portal\/wp-content\/uploads\/2025\/02\/18.-PL_008.2024_DOE_CONVOCA\u00c7\u00c3O.pdf\">18. PL_008.2024_DOE_CONVOCA\u00c7\u00c3O<\/a><\/li>\n<li><a href=\"https:\/\/www.cinep.pb.gov.br\/portal\/wp-content\/uploads\/2025\/02\/17-PL_008.2024_EDITAL_VERS\u00c3OFINAL.pdf\">17 PL_008.2024_EDITAL_VERS\u00c3OFINAL<\/a><\/li>\n<li><a href=\"https:\/\/www.cinep.pb.gov.br\/portal\/wp-content\/uploads\/2025\/02\/16-PL_008.2024_MINUTA-DO-CONTRATO.pdf\">16 PL_008.2024_MINUTA DO CONTRATO<\/a><\/li>\n<li><a href=\"https:\/\/www.cinep.pb.gov.br\/portal\/wp-content\/uploads\/2025\/02\/15.-PL_008.2024_ANEXOS-DO-EDITAL.pdf\">15. PL_008.2024_ANEXOS DO EDITAL<\/a><\/li>\n<li><a href=\"https:\/\/www.cinep.pb.gov.br\/portal\/wp-content\/uploads\/2025\/02\/14.-PL_008.2024_PE\u00c7AS-T\u00c9CNICAS_05_06_07.pdf\">14. PL_008.2024_PE\u00c7AS T\u00c9CNICAS_05_06_07<\/a><\/li>\n<li><a href=\"https:\/\/www.cinep.pb.gov.br\/portal\/wp-content\/uploads\/2025\/02\/13.-PL_008.2024_PE\u00c7AS-T\u00c9CNICAS-SETOR-03_04.pdf\">13. PL_008.2024_PE\u00c7AS T\u00c9CNICAS SETOR 03_04<\/a><\/li>\n<li><a href=\"https:\/\/www.cinep.pb.gov.br\/portal\/wp-content\/uploads\/2025\/02\/12.-PL_008.2024_PE\u00c7AS-T\u00c9CNICAS-SETOR-02.pdf\">12. PL_008.2024_PE\u00c7AS T\u00c9CNICAS SETOR 02<\/a><\/li>\n<li><a href=\"https:\/\/www.cinep.pb.gov.br\/portal\/wp-content\/uploads\/2025\/02\/11.-PL_008.2024_PE\u00c7AS-T\u00c9CNICAS-SETOR-01.pdf\">11. PL_008.2024_PE\u00c7AS T\u00c9CNICAS SETOR 01<\/a><\/li>\n<li><a href=\"https:\/\/www.cinep.pb.gov.br\/portal\/wp-content\/uploads\/2025\/02\/10.-PL_008.2024_\u00c1REA-DE-INTERVEN\u00c7\u00c3O.pdf\">10. PL_008.2024_\u00c1REA DE INTERVEN\u00c7\u00c3O<\/a><\/li>\n<li><a href=\"https:\/\/www.cinep.pb.gov.br\/portal\/wp-content\/uploads\/2025\/02\/09.-PL_008.2024_MATRIZ-DE-RISCO.pdf\">09. PL_008.2024_MATRIZ DE RISCO<\/a><\/li>\n<li><a href=\"https:\/\/www.cinep.pb.gov.br\/portal\/wp-content\/uploads\/2025\/02\/08.-PL_008.2024_CRONOGRAMA-SIGILOSO.pdf\">08. PL_008.2024_CRONOGRAMA SIGILOSO<\/a><\/li>\n<li><a href=\"https:\/\/www.cinep.pb.gov.br\/portal\/wp-content\/uploads\/2025\/02\/07.-PL_008.2024_PLANILHA-SIGILOSA.pdf\">07. PL_008.2024_PLANILHA SIGILOSA<\/a><\/li>\n<li><a href=\"https:\/\/www.cinep.pb.gov.br\/portal\/wp-content\/uploads\/2025\/02\/06.-PL_008.2024_PE\u00c7AS-T\u00c9CNICAS-SETORES-05_06_E_07.pdf\">06. PL_008.2024_PE\u00c7AS T\u00c9CNICAS &#8211; SETORES 05_06_E_07<\/a><\/li>\n<li><a href=\"https:\/\/www.cinep.pb.gov.br\/portal\/wp-content\/uploads\/2025\/02\/05.-PL_008.2024_PE\u00c7AS-T\u00c9CNICAS-SETORES-03-E-04.pdf\">05. PL_008.2024_PE\u00c7AS T\u00c9CNICAS &#8211; SETORES 03 E 04<\/a><\/li>\n<li><a href=\"https:\/\/www.cinep.pb.gov.br\/portal\/wp-content\/uploads\/2025\/02\/04.-PL_008.2024_PE\u00c7AS-T\u00c9CNICAS-SETOR-02.pdf\">04. PL_008.2024_PE\u00c7AS T\u00c9CNICAS &#8211; SETOR 02<\/a><\/li>\n<li><a href=\"https:\/\/www.cinep.pb.gov.br\/portal\/wp-content\/uploads\/2025\/02\/03.-PL_008.2024_PE\u00c7AS-T\u00c9CNICAS-SETOR-01.pdf\">03. PL_008.2024_PE\u00c7AS T\u00c9CNICAS &#8211; SETOR 01<\/a><\/li>\n<li><a href=\"https:\/\/www.cinep.pb.gov.br\/portal\/wp-content\/uploads\/2025\/02\/02.-PL_008.2024_\u00c1REA-DE-INTERVEN\u00c7\u00c3O.pdf\">02. PL_008.2024_\u00c1REA DE INTERVEN\u00c7\u00c3O<\/a><\/li>\n<li><a href=\"https:\/\/www.cinep.pb.gov.br\/portal\/wp-content\/uploads\/2025\/02\/01.-PL_008.2024_TERMO-DE-REFER\u00caNCIA.pdf\">01. PL_008.2024_TERMO DE REFER\u00caNCIA<\/a><\/li>\n<li><a href=\"https:\/\/www.cinep.pb.gov.br\/portal\/wp-content\/uploads\/2025\/03\/RESPOSTA-A-IMPUGNACAO-AO-EDITAL.pdf\">RESPOSTA A IMPUGNA\u00c7\u00c3O AO EDITAL<\/a><\/li>\n<li><a href=\"https:\/\/www.cinep.pb.gov.br\/portal\/wp-content\/uploads\/2025\/03\/CPL-COMUNICACAO-ESCLARECIMENTOS-5_COM-RESPOSTA.pdf\">CPL &#8211; COMUNICA\u00c7\u00c3O &#8211; ESCLARECIMENTOS 5_COM RESPOSTA<\/a><\/li>\n<li><a href=\"https:\/\/www.cinep.pb.gov.br\/portal\/wp-content\/uploads\/2025\/03\/CPL-SITIO-MARINHO-IMPUGNACAO.pdf\">CPL &#8211; SITIO MARINHO &#8211; IMPUGNA\u00c7\u00c3O<\/a><\/li>\n<li><a href=\"https:\/\/www.cinep.pb.gov.br\/portal\/wp-content\/uploads\/2025\/03\/5a-SOLICITACAO-DE-EDITAL.pdf\">5\u00aa SOLICITA\u00c7\u00c3O DE EDITAL<\/a><\/li>\n<li><a href=\"https:\/\/www.cinep.pb.gov.br\/portal\/wp-content\/uploads\/2025\/03\/CPL-COMUNICACAO-ESCLARECIMENTOS-4_COM-RESPOSTA.pdf\">CPL &#8211; COMUNICA\u00c7\u00c3O &#8211; ESCLARECIMENTOS 4_COM RESPOSTA<\/a><\/li>\n<li><a href=\"https:\/\/www.cinep.pb.gov.br\/portal\/wp-content\/uploads\/2025\/03\/CPL-COMUNICACAO-SOLIC-VISITA-TECNICA.pdf\">CPL &#8211; COMUNICACAO &#8211; SOLIC VISITA T\u00c9CNICA<\/a><\/li>\n<li><a href=\"https:\/\/www.cinep.pb.gov.br\/portal\/wp-content\/uploads\/2025\/03\/CPL-COMUNICACAO-ESCLARECIMENTOS-1.pdf\">CPL &#8211; COMUNICACAO &#8211; ESCLARECIMENTOS 1<\/a><\/li>\n<li><a href=\"https:\/\/www.cinep.pb.gov.br\/portal\/wp-content\/uploads\/2025\/03\/CPL-COMUNICACAO-ESCLLARECIMENTOS-2-E-3_1.pdf\">CPL &#8211; COMUNICACAO &#8211; ESCLLARECIMENTOS 2 E 3_1<\/a><\/li>\n<li><a href=\"https:\/\/www.cinep.pb.gov.br\/portal\/wp-content\/uploads\/2025\/03\/CPL-COMUNICACAO-ESCLARECIMENTOS-2-E-3.pdf\">CPL &#8211; COMUNICACAO &#8211; ESCLARECIMENTOS 2 E 3<\/a><\/li>\n<li><a href=\"https:\/\/www.cinep.pb.gov.br\/portal\/wp-content\/uploads\/2025\/03\/PLANILHA-SIGILOSA-COMPOSICOES.pdf\">PLANILHA SIGILOSA COMPOSI\u00c7\u00d5ES<\/a><\/li>\n<li><a href=\"https:\/\/www.cinep.pb.gov.br\/portal\/wp-content\/uploads\/2025\/03\/ESCLARECIMENTOS_PEDIDOS-2-E-3.pdf\">ESCLARECIMENTOS_PEDIDOS 2 E 3<\/a><\/li>\n<li><a href=\"https:\/\/www.cinep.pb.gov.br\/portal\/wp-content\/uploads\/2025\/03\/3o-PEDIDO-DE-ESCLARECIMENTOS.pdf\">3\u00ba PEDIDO DE ESCLARECIMENTOS<\/a><\/li>\n<li><a href=\"https:\/\/www.cinep.pb.gov.br\/portal\/wp-content\/uploads\/2025\/03\/1o-PEDIDO-DE-ESCLARECIMENTOS.pdf\">1\u00ba PEDIDO DE ESCLARECIMENTOS<\/a><\/li>\n<li><a href=\"https:\/\/www.cinep.pb.gov.br\/portal\/wp-content\/uploads\/2025\/03\/2o-PEDIDO-DE-ESCLARECIMENTOS.pdf\">2\u00ba PEDIDO DE ESCLARECIMENTOS<\/a><\/li>\n<li><a href=\"https:\/\/www.cinep.pb.gov.br\/portal\/wp-content\/uploads\/2025\/03\/4a-SOLICITACAO-DE-EDITAL.pdf\">4\u00aa SOLICITA\u00c7\u00c3O DE EDITAL<\/a><\/li>\n<li><a href=\"https:\/\/www.cinep.pb.gov.br\/portal\/wp-content\/uploads\/2025\/03\/3a-SOLICITACAO-DE-EDITAL.pdf\">3\u00aa SOLICITA\u00c7\u00c3O DE EDITAL<\/a><\/li>\n<li><a href=\"https:\/\/www.cinep.pb.gov.br\/portal\/wp-content\/uploads\/2025\/03\/2a-SOLICITACAO-DE-EDITAL.pdf\">2\u00aa SOLICITA\u00c7\u00c3O DE EDITAL<\/a><\/li>\n<li><a href=\"https:\/\/www.cinep.pb.gov.br\/portal\/wp-content\/uploads\/2025\/03\/1a-SOLICITACAO-DE-EDITAL.pdf\">1\u00aa SOLICITA\u00c7\u00c3O DE EDITAL<\/a><\/li>\n<li><a href=\"https:\/\/www.cinep.pb.gov.br\/portal\/wp-content\/uploads\/2025\/03\/CPL-COMUNICACAO-ERRATA-DA-RESPOSTA-DE-IMPUGNACAO.pdf\">CPL- COMUNICACAO &#8211; ERRATA DA RESPOSTA DE IMPUGNA\u00c7\u00c3O<\/a><\/li>\n<li><a href=\"https:\/\/www.cinep.pb.gov.br\/portal\/wp-content\/uploads\/2025\/03\/ERRATA-SOBRE-A-RESPOSTA-DA-IMPUGNACAO_PBDOC.pdf\">ERRATA SOBRE A RESPOSTA DA IMPUGNA\u00c7\u00c3O_PBDOC<\/a><\/li>\n<li><a href=\"https:\/\/www.cinep.pb.gov.br\/portal\/wp-content\/uploads\/2025\/03\/CPL-CREDENCIAMENTO-QUATROR-CF-LTDA.pdf\">CPL &#8211; CREDENCIAMENTO QUATROR CF LTDA<\/a><\/li>\n<li><a href=\"https:\/\/www.cinep.pb.gov.br\/portal\/wp-content\/uploads\/2025\/03\/CPL-CREDENCIAMENTO-PLANO-A.pdf\">CPL &#8211; CREDENCIAMENTO &#8211; PLANO A<\/a><\/li>\n<li><a href=\"https:\/\/www.cinep.pb.gov.br\/portal\/wp-content\/uploads\/2025\/03\/CPL-CREDENCIAMENTO-CENTRO-VERDE.pdf\">CPL &#8211; CREDENCIAMENTO &#8211; CENTRO VERDE<\/a><\/li>\n<li><a href=\"https:\/\/www.cinep.pb.gov.br\/portal\/wp-content\/uploads\/2025\/03\/CPL-PROPOSTA-PLANO-A.pdf\">CPL &#8211; PROPOSTA PLANO A<\/a><\/li>\n<li><a href=\"https:\/\/www.cinep.pb.gov.br\/portal\/wp-content\/uploads\/2025\/03\/CPL-PROPOSTA-QUATROR-CF-LTDA.pdf\">CPL &#8211; PROPOSTA QUATROR CF LTDA<\/a><\/li>\n<li><a href=\"https:\/\/www.cinep.pb.gov.br\/portal\/wp-content\/uploads\/2025\/03\/CPL-PROPOSTA-CENTRO-VERDE.pdf\">CPL &#8211; PROPOSTA CENTRO VERDE<\/a><\/li>\n<li><a href=\"https:\/\/www.cinep.pb.gov.br\/portal\/wp-content\/uploads\/2025\/03\/CPL-ATA-DE-REUNIAO-008-2024.pdf\">CPL &#8211; ATA DE RE\u00daNI\u00c3O 008-2024<\/a><\/li>\n<li><a href=\"https:\/\/www.cinep.pb.gov.br\/portal\/wp-content\/uploads\/2025\/03\/19.-PL_008_PUBLICACAO_2aCONVOCACAO_JORNAL-21-03-25.pdf\">19. PL_008_PUBLICA\u00c7\u00c3O_2\u00aaCONVOCA\u00c7\u00c3O_JORNAL-21-03-25<\/a><\/li>\n<li><a href=\"https:\/\/www.cinep.pb.gov.br\/portal\/wp-content\/uploads\/2025\/03\/08.-PL_008.2024_CRONOGRAMA-SIGILOSO.pdf\">08. PL_008.2024_CRONOGRAMA SIGILOSO<\/a><\/li>\n<li><a href=\"https:\/\/www.cinep.pb.gov.br\/portal\/wp-content\/uploads\/2025\/03\/07.-PL_008.2024_PLANILHA-SIGILOSA.pdf\">07. PL_008.2024_PLANILHA SIGILOSA<\/a><\/li>\n<li><a href=\"https:\/\/www.cinep.pb.gov.br\/portal\/wp-content\/uploads\/2025\/03\/17.PL_008.2024_3a-EDICAO-DO-EDITAL.pdf\">17.PL_008.2024_3\u00aa EDI\u00c7\u00c3O DO EDITAL<\/a><\/li>\n<li><a href=\"https:\/\/www.cinep.pb.gov.br\/portal\/wp-content\/uploads\/2025\/03\/18.-2aCONVOCACAO_DOEPB-21-03-2025-fl.19.pdf\">18. 2\u00aaCONVOCA\u00c7\u00c3O_DOEPB-21-03-2025-fl.19<\/a><\/li>\n<li><a href=\"https:\/\/www.cinep.pb.gov.br\/portal\/wp-content\/uploads\/2025\/03\/16-PL_008.2024_MINUTA-DO-CONTRATO.pdf\">16 PL_008.2024_MINUTA DO CONTRATO<\/a><\/li>\n<li><a href=\"https:\/\/www.cinep.pb.gov.br\/portal\/wp-content\/uploads\/2025\/03\/15.-PL_008.2024_ANEXOS-DO-EDITAL.pdf\">15. PL_008.2024_ANEXOS DO EDITAL<\/a><\/li>\n<li><a href=\"https:\/\/www.cinep.pb.gov.br\/portal\/wp-content\/uploads\/2025\/03\/14.-PL_008.2024_PECAS-TECNICAS_05_06_07.pdf\">14. PL_008.2024_PE\u00c7AS T\u00c9CNICAS_05_06_07<\/a><\/li>\n<li><a href=\"https:\/\/www.cinep.pb.gov.br\/portal\/wp-content\/uploads\/2025\/03\/13.-PL_008.2024_PECAS-TECNICAS-SETOR-03_04.pdf\">13. PL_008.2024_PE\u00c7AS T\u00c9CNICAS SETOR 03_04<\/a><\/li>\n<li><a href=\"https:\/\/www.cinep.pb.gov.br\/portal\/wp-content\/uploads\/2025\/03\/12.-PL_008.2024_PECAS-TECNICAS-SETOR-02.pdf\">12. PL_008.2024_PE\u00c7AS T\u00c9CNICAS SETOR 02<\/a><\/li>\n<li><a href=\"https:\/\/www.cinep.pb.gov.br\/portal\/wp-content\/uploads\/2025\/03\/11.-PL_008.2024_PECAS-TECNICAS-SETOR-01.pdf\">11. PL_008.2024_PE\u00c7AS T\u00c9CNICAS SETOR 01<\/a><\/li>\n<li><a href=\"https:\/\/www.cinep.pb.gov.br\/portal\/wp-content\/uploads\/2025\/03\/10.-PL_008.2024_AREA-DE-INTERVENCAO.pdf\">10. PL_008.2024_\u00c1REA DE INTERVEN\u00c7\u00c3O<\/a><\/li>\n<li><a href=\"https:\/\/www.cinep.pb.gov.br\/portal\/wp-content\/uploads\/2025\/03\/09.-PL_008.2024_MATRIZ-DE-RISCO.pdf\">09. PL_008.2024_MATRIZ DE RISCO<\/a><\/li>\n<li><a href=\"https:\/\/www.cinep.pb.gov.br\/portal\/wp-content\/uploads\/2025\/03\/06.-PL_008.2024_PECAS-TECNICAS-SETORES-05_06_E_07.pdf\">06. PL_008.2024_PE\u00c7AS T\u00c9CNICAS &#8211; SETORES 05_06_E_07<\/a><\/li>\n<li><a href=\"https:\/\/www.cinep.pb.gov.br\/portal\/wp-content\/uploads\/2025\/03\/05.-PL_008.2024_PECAS-TECNICAS-SETORES-03-E-04.pdf\">05. PL_008.2024_PE\u00c7AS T\u00c9CNICAS &#8211; SETORES 03 E 04<\/a><\/li>\n<li><a href=\"https:\/\/www.cinep.pb.gov.br\/portal\/wp-content\/uploads\/2025\/03\/04.-PL_008.2024_PECAS-TECNICAS-SETOR-02.pdf\">04. PL_008.2024_PE\u00c7AS T\u00c9CNICAS &#8211; SETOR 02<\/a><\/li>\n<li><a href=\"https:\/\/www.cinep.pb.gov.br\/portal\/wp-content\/uploads\/2025\/03\/03.-PL_008.2024_PECAS-TECNICAS-SETOR-01.pdf\">03. PL_008.2024_PE\u00c7AS T\u00c9CNICAS &#8211; SETOR 01<\/a><\/li>\n<li><a href=\"https:\/\/www.cinep.pb.gov.br\/portal\/wp-content\/uploads\/2025\/03\/02.-PL_008.2024_AREA-DE-INTERVENCAO.pdf\">02. PL_008.2024_\u00c1REA DE INTERVEN\u00c7\u00c3O<\/a><\/li>\n<li><a href=\"https:\/\/www.cinep.pb.gov.br\/portal\/wp-content\/uploads\/2025\/03\/01.-PL_008.2024_TERMO-DE-REFERENCIA.pdf\">01. PL_008.2024_TERMO DE REFER\u00caNCIA<\/a><\/li>\n<li><a href=\"https:\/\/www.cinep.pb.gov.br\/portal\/wp-content\/uploads\/2025\/04\/2a-SOLICITACAO-DE-ESCLARECIMENTOS-APOS-2a-CONVOCACAO.pdf\">2\u00aa SOLICITA\u00c7\u00c3O DE ESCLARECIMENTOS AP\u00d3S 2\u00aa CONVOCA\u00c7\u00c3O<\/a><\/li>\n<li><a href=\"https:\/\/www.cinep.pb.gov.br\/portal\/wp-content\/uploads\/2025\/04\/1a-SOLICITACAO-DE-ESCLARECIMENTOS-APOS-2a-CONVOCACAO.pdf\">1\u00aa SOLICITA\u00c7\u00c3O DE ESCLARECIMENTOS AP\u00d3S 2\u00aa CONVOCA\u00c7\u00c3O<\/a><\/li>\n<li><a href=\"https:\/\/www.cinep.pb.gov.br\/portal\/wp-content\/uploads\/2025\/04\/Impugnacao-IMPETRANTE.pdf\">Impugna\u00e7\u00e3o &#8211; IMPETRANTE<\/a><\/li>\n<li><a href=\"https:\/\/www.cinep.pb.gov.br\/portal\/wp-content\/uploads\/2025\/04\/1o-PEDIDO-DE-IMPUGNACAO-2a-CONV.pdf\">1\u00ba PEDIDO DE IMPUGNA\u00c7\u00c3O &#8211; 2\u00aa CONV<\/a><\/li>\n<li><a href=\"https:\/\/www.cinep.pb.gov.br\/portal\/wp-content\/uploads\/2025\/04\/21.-2a_CONV_PL_008.2024_PUBL-DE-RESULTADO-E-CLASS.pdf\">21. 2\u00aa_CONV_PL_008.2024_PUBL DE RESULTADO E CLASS<\/a><\/li>\n<li><a href=\"https:\/\/www.cinep.pb.gov.br\/portal\/wp-content\/uploads\/2025\/04\/20.-2a_CONV_PL_008.2024_RELATORIO_RESULTADO_CLASS-E-HAB.pdf\">20.<\/a><a href=\"https:\/\/www.cinep.pb.gov.br\/portal\/wp-content\/uploads\/2025\/04\/20.-2a_CONV_PL_008.2024_RELATORIO_RESULTADO_CLASS-E-HAB.pdf\"> 2\u00aa_CONV_PL_008.2024_RELAT\u00d3RIO_RESULTADO_CLASS E HAB<\/a><\/li>\n<li><a href=\"https:\/\/www.cinep.pb.gov.br\/portal\/wp-content\/uploads\/2025\/04\/19.-2a_CONV_PL_008.2024_COMUNICACAO-MAISJARDIM.pdf\">19. 2\u00aa_CONV_PL_008.2024_COMUNICA\u00c7\u00c3O MAISJARDIM<\/a><\/li>\n<li><a href=\"https:\/\/www.cinep.pb.gov.br\/portal\/wp-content\/uploads\/2025\/04\/18.-2a_CONV_PL_008.2024_COMUNICACAO_AGROATLANTICO.pdf\">18. 2\u00aa_CONV_PL_008.2024_COMUNICA\u00c7\u00c3O_AGROATLANTICO<\/a><\/li>\n<li><a href=\"https:\/\/www.cinep.pb.gov.br\/portal\/wp-content\/uploads\/2025\/04\/17.-2a_CONV_PL_008.2024_PLANO-A_ESCLARECIMENTO_PROPOSTA.pdf\">17. 2\u00aa_CONV_PL_008.2024_PLANO A_ESCLARECIMENTO_PROPOSTA<\/a><\/li>\n<li><a href=\"https:\/\/www.cinep.pb.gov.br\/portal\/wp-content\/uploads\/2025\/04\/16.-2a_CONV_PL_008.2024_PLANO-A_COMUNICACAO_SANEAMENTO.pdf\">16. 2\u00aa_CONV_PL_008.2024_PLANO A_COMUNICA\u00c7\u00c3O_SANEAMENTO<\/a><\/li>\n<li><a href=\"https:\/\/www.cinep.pb.gov.br\/portal\/wp-content\/uploads\/2025\/04\/15.-2a_CONV_PL_008.2024_PLANO-A_HAB_6.pdf\">15. 2\u00aa_CONV_PL_008.2024_PLANO A_HAB_6<\/a><\/li>\n<li><a href=\"https:\/\/www.cinep.pb.gov.br\/portal\/wp-content\/uploads\/2025\/04\/14.-2a_CONV_PL_008.2024_PLANO-A_HAB_5.pdf\">14. 2\u00aa_CONV_PL_008.2024_PLANO A_HAB_5<\/a><\/li>\n<li><a href=\"https:\/\/www.cinep.pb.gov.br\/portal\/wp-content\/uploads\/2025\/04\/13.-2a_CONV_PL_008.2024_PLANO-A_HAB_4.pdf\">13. 2\u00aa_CONV_PL_008.2024_PLANO A_HAB_4<\/a><\/li>\n<li><a href=\"https:\/\/www.cinep.pb.gov.br\/portal\/wp-content\/uploads\/2025\/04\/12.-2a_CONV_PL_008.2024_PLANO-A_HAB_3.pdf\">12. 2\u00aa_CONV_PL_008.2024_PLANO A_HAB_3<\/a><\/li>\n<li><a href=\"https:\/\/www.cinep.pb.gov.br\/portal\/wp-content\/uploads\/2025\/04\/11.-2a_CONV_PL_008.2024_PLANO-A_HAB_2.pdf\">11. 2\u00aa_CONV_PL_008.2024_PLANO A_HAB_2<\/a><\/li>\n<li><a href=\"https:\/\/www.cinep.pb.gov.br\/portal\/wp-content\/uploads\/2025\/04\/10.-2a_CONV_PL_008.2024_PLANO-A_HAB_1.pdf\">10. 2\u00aa_CONV_PL_008.2024_PLANO A_HAB_1<\/a><\/li>\n<li><a href=\"https:\/\/www.cinep.pb.gov.br\/portal\/wp-content\/uploads\/2025\/04\/08.-2a_CONV_PL_008.2024_HABILITACAO-MAIS-JARDIM_I.pdf\">08. 2\u00aa_CONV_PL_008.2024_HABILITA\u00c7\u00c3O MAIS JARDIM_I<\/a><\/li>\n<li><a href=\"https:\/\/www.cinep.pb.gov.br\/portal\/wp-content\/uploads\/2025\/04\/09.-2a_CONV_PL_008.2024_HABILITACAO-MAIS-JARDIM_II.pdf\">09. 2\u00aa_CONV_PL_008.2024_HABILITA\u00c7\u00c3O MAIS JARDIM_II<\/a><\/li>\n<li><a href=\"https:\/\/www.cinep.pb.gov.br\/portal\/wp-content\/uploads\/2025\/04\/07.-2a_CONV_PL_008.2024_PROPOSTA-PLANO-A.pdf\">07. 2\u00aa_CONV_PL_008.2024_PROPOSTA PLANO A<\/a><\/li>\n<li><a href=\"https:\/\/www.cinep.pb.gov.br\/portal\/wp-content\/uploads\/2025\/04\/06.-2a_CONV_PL_008.2024_PROPOSTA-MAISJARDIM.pdf\">06. 2\u00aa_CONV_PL_008.2024_PROPOSTA MAISJARDIM<\/a><\/li>\n<li><a href=\"https:\/\/www.cinep.pb.gov.br\/portal\/wp-content\/uploads\/2025\/04\/05.-2a_CONV_PL_008.2024_PROPOSTA-AGROATLANTICO.pdf\">05. 2\u00aa_CONV_PL_008.2024_PROPOSTA AGROATLANTICO<\/a><\/li>\n<li><a href=\"https:\/\/www.cinep.pb.gov.br\/portal\/wp-content\/uploads\/2025\/04\/04.-2a_CONV_PL_008.2024_CREDENCIAMENTO-PLANO-A.pdf\">04. 2\u00aa_CONV_PL_008.2024_CREDENCIAMENTO PLANO A<\/a><\/li>\n<li><a href=\"https:\/\/www.cinep.pb.gov.br\/portal\/wp-content\/uploads\/2025\/04\/03.-2a_CONV_PL_008.2024_CREDENCIAMENTO-MAIS-JARDIM.pdf\">03. 2\u00aa_CONV_PL_008.2024_CREDENCIAMENTO MAIS JARDIM<\/a><\/li>\n<li><a href=\"https:\/\/www.cinep.pb.gov.br\/portal\/wp-content\/uploads\/2025\/04\/02.-2a_CONV_PL_008.2024_CREDENCIAMENTO_AGROATLANTICO.pdf\">02. 2\u00aa_CONV_PL_008.2024_CREDENCIAMENTO_AGROATLANTICO<\/a><\/li>\n<li><a href=\"https:\/\/www.cinep.pb.gov.br\/portal\/wp-content\/uploads\/2025\/04\/01.-2a_CONV_PL_008.2024_ATA-DA-SESSAO.pdf\">01. 2\u00aa_CONV_PL_008.2024_ATA DA SESS\u00c3O<\/a><\/li>\n<li><a href=\"https:\/\/www.cinep.pb.gov.br\/portal\/wp-content\/uploads\/2025\/04\/RECURSO-MAISJARDIM-ENVIADO-POR-EMAIL.pdf\">RECURSO &#8211; MAISJARDIM &#8211; ENVIADO POR EMAIL<\/a><\/li>\n<li><a href=\"https:\/\/www.cinep.pb.gov.br\/portal\/wp-content\/uploads\/2025\/04\/RECURSO-MAISJARDIM-ENTREGUE-FISICAMENTE.pdf\">RECURSO &#8211; MAISJARDIM &#8211; ENTREGUE FISICAMENTE<\/a><\/li>\n<li><a href=\"https:\/\/www.cinep.pb.gov.br\/portal\/wp-content\/uploads\/2025\/04\/CONTRARRAZAO-CINEP-PLANO-A.pdf\">CONTRARRAZAO CINEP &#8211; PLANO A<\/a><\/li>\n<li><a href=\"https:\/\/www.cinep.pb.gov.br\/portal\/wp-content\/uploads\/2025\/04\/CONTRARRAZAO-PLANO-A-COMUNICACAO-POR-E-MAIL.pdf\">CONTRARRAZ\u00c3O &#8211; PLANO A &#8211; COMUNICA\u00c7\u00c3O POR E-MAIL<\/a><\/li>\n<\/ul>\n\n","protected":false},"excerpt":{"rendered":"<p>18. PL_008.2024_DOE_CONVOCA\u00c7\u00c3O 17 PL_008.2024_EDITAL_VERS\u00c3OFINAL 16 PL_008.2024_MINUTA DO CONTRATO 15. PL_008.2024_ANEXOS DO EDITAL 14. PL_008.2024_PE\u00c7AS T\u00c9CNICAS_05_06_07 13. PL_008.2024_PE\u00c7AS T\u00c9CNICAS SETOR 03_04 12. PL_008.2024_PE\u00c7AS T\u00c9CNICAS SETOR 02 11. PL_008.2024_PE\u00c7AS T\u00c9CNICAS SETOR 01 10. PL_008.2024_\u00c1REA DE INTERVEN\u00c7\u00c3O 09. PL_008.2024_MATRIZ DE RISCO 08. PL_008.2024_CRONOGRAMA SIGILOSO 07. PL_008.2024_PLANILHA SIGILOSA 06. PL_008.2024_PE\u00c7AS T\u00c9CNICAS &#8211; SETORES 05_06_E_07 05. PL_008.2024_PE\u00c7AS T\u00c9CNICAS &#8211; SETORES 03 E 04 04. PL_008.2024_PE\u00c7AS T\u00c9CNICAS &#8211; SETOR 02 03. PL_008.2024_PE\u00c7AS T\u00c9CNICAS &#8211; SETOR 01<\/p>\n","protected":false},"author":12,"featured_media":0,"parent":0,"menu_order":0,"comment_status":"closed","ping_status":"closed","template":"","meta":{"ngg_post_thumbnail":0,"footnotes":""},"class_list":["entry","author-gilbertorodrigues","post-9594","page","type-page","status-publish"],"_links":{"self":[{"href":"https:\/\/www.cinep.pb.gov.br\/portal\/index.php?rest_route=\/wp\/v2\/pages\/9594","targetHints":{"allow":["GET"]}}],"collection":[{"href":"https:\/\/www.cinep.pb.gov.br\/portal\/index.php?rest_route=\/wp\/v2\/pages"}],"about":[{"href":"https:\/\/www.cinep.pb.gov.br\/portal\/index.php?rest_route=\/wp\/v2\/types\/page"}],"author":[{"embeddable":true,"href":"https:\/\/www.cinep.pb.gov.br\/portal\/index.php?rest_route=\/wp\/v2\/users\/12"}],"replies":[{"embeddable":true,"href":"https:\/\/www.cinep.pb.gov.br\/portal\/index.php?rest_route=%2Fwp%2Fv2%2Fcomments&post=9594"}],"version-history":[{"count":10,"href":"https:\/\/www.cinep.pb.gov.br\/portal\/index.php?rest_route=\/wp\/v2\/pages\/9594\/revisions"}],"predecessor-version":[{"id":13559,"href":"https:\/\/www.cinep.pb.gov.br\/portal\/index.php?rest_route=\/wp\/v2\/pages\/9594\/revisions\/13559"}],"wp:attachment":[{"href":"https:\/\/www.cinep.pb.gov.br\/portal\/index.php?rest_route=%2Fwp%2Fv2%2Fmedia&parent=9594"}],"curies":[{"name":"wp","href":"https:\/\/api.w.org\/{rel}","templated":true}]}}