{"id":9397,"date":"2024-12-06T08:36:04","date_gmt":"2024-12-06T11:36:04","guid":{"rendered":"http:\/\/www.cinep.pb.gov.br\/portal\/?page_id=9397"},"modified":"2025-01-28T09:33:06","modified_gmt":"2025-01-28T12:33:06","slug":"procedimento-licitatorio-007-2024","status":"publish","type":"page","link":"https:\/\/www.cinep.pb.gov.br\/portal\/?page_id=9397","title":{"rendered":"PROCEDIMENTO LICITAT\u00d3RIO 007\/2024"},"content":{"rendered":"<p><a href=\"https:\/\/www.cinep.pb.gov.br\/portal\/wp-content\/uploads\/2024\/12\/01.-PL_007.2024_EDITAL_3\u00aaEDI\u00c7\u00c3O.pdf\">01. PL_007.2024_EDITAL_3\u00aaEDI\u00c7\u00c3O<\/a><\/p>\n<p><a href=\"https:\/\/www.cinep.pb.gov.br\/portal\/wp-content\/uploads\/2024\/12\/02.-PL_007.2024_ANEXOS-SEM-A-MINUTA-DO-CONTRATO-1.pdf\">02. PL_007.2024_ANEXOS SEM A MINUTA DO CONTRATO (1)<\/a><\/p>\n<p><a href=\"https:\/\/www.cinep.pb.gov.br\/portal\/wp-content\/uploads\/2024\/12\/03.-PL_007.2024_MINUTA-DO-CONTRATO.pdf\">03. PL_007.2024_MINUTA DO CONTRATO<\/a><\/p>\n<p><a href=\"https:\/\/www.cinep.pb.gov.br\/portal\/wp-content\/uploads\/2024\/12\/04.-PL_007.2024_PROJE\u00c7\u00c3O.pdf\">04. PL_007.2024_PROJE\u00c7\u00c3O<\/a><\/p>\n<p><a href=\"https:\/\/www.cinep.pb.gov.br\/portal\/wp-content\/uploads\/2024\/12\/05.-PL_007.2024_DETALHAMENTO-DA-CERCA.pdf\">05. PL_007.2024_DETALHAMENTO DA CERCA<\/a><\/p>\n<p><a href=\"https:\/\/www.cinep.pb.gov.br\/portal\/wp-content\/uploads\/2024\/12\/06.-PL_007.2024_RELAT\u00d3RIO-FOTOGR\u00c1FICO.pdf\">06. PL_007.2024_RELAT\u00d3RIO FOTOGR\u00c1FICO<\/a><\/p>\n<p><a href=\"https:\/\/www.cinep.pb.gov.br\/portal\/wp-content\/uploads\/2024\/12\/07.-PL_007.2024_PUBLICA\u00c7\u00c3O-DO-AVISO.pdf\">07. PL_007.2024_PUBLICA\u00c7\u00c3O DO AVISO<\/a><\/p>\n<p><a href=\"https:\/\/www.cinep.pb.gov.br\/portal\/wp-content\/uploads\/2025\/01\/02_CNH-Digital-Teotonio.pdf\">02_CNH Digital Teotonio<\/a><\/p>\n<p><a href=\"https:\/\/www.cinep.pb.gov.br\/portal\/wp-content\/uploads\/2025\/01\/01_ALTERA\u00c7\u00c3O-N\u00ba-07.pdf\">01_ALTERA\u00c7\u00c3O N\u00ba 07<\/a><\/p>\n<p><a href=\"https:\/\/www.cinep.pb.gov.br\/portal\/wp-content\/uploads\/2025\/01\/03_Recurso-A3T-PL-07-24.pdf\">03_Recurso A3T PL 07-24<\/a><\/p>\n","protected":false},"excerpt":{"rendered":"<p>01. PL_007.2024_EDITAL_3\u00aaEDI\u00c7\u00c3O 02. PL_007.2024_ANEXOS SEM A MINUTA DO CONTRATO (1) 03. PL_007.2024_MINUTA DO CONTRATO 04. PL_007.2024_PROJE\u00c7\u00c3O 05. PL_007.2024_DETALHAMENTO DA CERCA 06. PL_007.2024_RELAT\u00d3RIO FOTOGR\u00c1FICO 07. PL_007.2024_PUBLICA\u00c7\u00c3O DO AVISO 02_CNH Digital Teotonio 01_ALTERA\u00c7\u00c3O N\u00ba 07 03_Recurso A3T PL 07-24<\/p>\n","protected":false},"author":12,"featured_media":0,"parent":0,"menu_order":0,"comment_status":"closed","ping_status":"closed","template":"","meta":{"ngg_post_thumbnail":0,"footnotes":""},"class_list":["entry","author-gilbertorodrigues","post-9397","page","type-page","status-publish"],"_links":{"self":[{"href":"https:\/\/www.cinep.pb.gov.br\/portal\/index.php?rest_route=\/wp\/v2\/pages\/9397","targetHints":{"allow":["GET"]}}],"collection":[{"href":"https:\/\/www.cinep.pb.gov.br\/portal\/index.php?rest_route=\/wp\/v2\/pages"}],"about":[{"href":"https:\/\/www.cinep.pb.gov.br\/portal\/index.php?rest_route=\/wp\/v2\/types\/page"}],"author":[{"embeddable":true,"href":"https:\/\/www.cinep.pb.gov.br\/portal\/index.php?rest_route=\/wp\/v2\/users\/12"}],"replies":[{"embeddable":true,"href":"https:\/\/www.cinep.pb.gov.br\/portal\/index.php?rest_route=%2Fwp%2Fv2%2Fcomments&post=9397"}],"version-history":[{"count":3,"href":"https:\/\/www.cinep.pb.gov.br\/portal\/index.php?rest_route=\/wp\/v2\/pages\/9397\/revisions"}],"predecessor-version":[{"id":9561,"href":"https:\/\/www.cinep.pb.gov.br\/portal\/index.php?rest_route=\/wp\/v2\/pages\/9397\/revisions\/9561"}],"wp:attachment":[{"href":"https:\/\/www.cinep.pb.gov.br\/portal\/index.php?rest_route=%2Fwp%2Fv2%2Fmedia&parent=9397"}],"curies":[{"name":"wp","href":"https:\/\/api.w.org\/{rel}","templated":true}]}}