{"id":9391,"date":"2024-12-06T08:35:08","date_gmt":"2024-12-06T11:35:08","guid":{"rendered":"http:\/\/www.cinep.pb.gov.br\/portal\/?page_id=9391"},"modified":"2025-02-14T20:31:11","modified_gmt":"2025-02-14T23:31:11","slug":"procedimento-licitatorio-006-2024","status":"publish","type":"page","link":"https:\/\/www.cinep.pb.gov.br\/portal\/?page_id=9391","title":{"rendered":"PROCEDIMENTO LICITAT\u00d3RIO 006\/2024"},"content":{"rendered":"<p><a href=\"https:\/\/www.cinep.pb.gov.br\/portal\/wp-content\/uploads\/2024\/12\/02.-PL_006.2024_ANEXOS-DO-EDITAL-SEM-CONTRATO.pdf\">02. PL_006.2024_ANEXOS DO EDITAL SEM CONTRATO<\/a><\/p>\n<p><a href=\"https:\/\/www.cinep.pb.gov.br\/portal\/wp-content\/uploads\/2024\/12\/03.-PL_006.2024_MINUTA-DE-CONTRATO.pdf\">03. PL_006.2024_MINUTA DE CONTRATO<\/a><\/p>\n<p><a href=\"https:\/\/www.cinep.pb.gov.br\/portal\/wp-content\/uploads\/2024\/12\/01.-PL_006.2024_2\u00aaEDI\u00c7\u00c3O-DO-EDITAL.pdf\">01. PL_006.2024_2\u00aaEDI\u00c7\u00c3O DO EDITAL<\/a><\/p>\n<p><a href=\"https:\/\/www.cinep.pb.gov.br\/portal\/wp-content\/uploads\/2024\/12\/RESPOSTA-1\u00ba-PEDIDO-DE-DESCLARECIMENTOS.pdf\">RESPOSTA &#8211; 1\u00ba PEDIDO DE DESCLARECIMENTOS<\/a><\/p>\n<p><a href=\"https:\/\/www.cinep.pb.gov.br\/portal\/wp-content\/uploads\/2025\/02\/RELAT\u00d3RIO-DE-RESULTADO-DE-CLASSIFICA\u00c7\u00c3O-E-HABILITA\u00c7\u00c3O_948.2024.pdf\">RELAT\u00d3RIO DE RESULTADO DE CLASSIFICA\u00c7\u00c3O E HABILITA\u00c7\u00c3O_948.2024<\/a> <a href=\"https:\/\/www.cinep.pb.gov.br\/portal\/wp-content\/uploads\/2025\/02\/diario-oficial-03-12-2024-portal-32.pdf\">diario-oficial-03-12-2024-portal-32<\/a><\/p>\n<p>&nbsp;<\/p>\n<p>&nbsp;<\/p>\n","protected":false},"excerpt":{"rendered":"<p>02. PL_006.2024_ANEXOS DO EDITAL SEM CONTRATO 03. PL_006.2024_MINUTA DE CONTRATO 01. PL_006.2024_2\u00aaEDI\u00c7\u00c3O DO EDITAL RESPOSTA &#8211; 1\u00ba PEDIDO DE DESCLARECIMENTOS RELAT\u00d3RIO DE RESULTADO DE CLASSIFICA\u00c7\u00c3O E HABILITA\u00c7\u00c3O_948.2024 diario-oficial-03-12-2024-portal-32 &nbsp; &nbsp;<\/p>\n","protected":false},"author":12,"featured_media":0,"parent":0,"menu_order":0,"comment_status":"closed","ping_status":"closed","template":"","meta":{"ngg_post_thumbnail":0,"footnotes":""},"class_list":["entry","author-gilbertorodrigues","post-9391","page","type-page","status-publish"],"_links":{"self":[{"href":"https:\/\/www.cinep.pb.gov.br\/portal\/index.php?rest_route=\/wp\/v2\/pages\/9391","targetHints":{"allow":["GET"]}}],"collection":[{"href":"https:\/\/www.cinep.pb.gov.br\/portal\/index.php?rest_route=\/wp\/v2\/pages"}],"about":[{"href":"https:\/\/www.cinep.pb.gov.br\/portal\/index.php?rest_route=\/wp\/v2\/types\/page"}],"author":[{"embeddable":true,"href":"https:\/\/www.cinep.pb.gov.br\/portal\/index.php?rest_route=\/wp\/v2\/users\/12"}],"replies":[{"embeddable":true,"href":"https:\/\/www.cinep.pb.gov.br\/portal\/index.php?rest_route=%2Fwp%2Fv2%2Fcomments&post=9391"}],"version-history":[{"count":4,"href":"https:\/\/www.cinep.pb.gov.br\/portal\/index.php?rest_route=\/wp\/v2\/pages\/9391\/revisions"}],"predecessor-version":[{"id":9623,"href":"https:\/\/www.cinep.pb.gov.br\/portal\/index.php?rest_route=\/wp\/v2\/pages\/9391\/revisions\/9623"}],"wp:attachment":[{"href":"https:\/\/www.cinep.pb.gov.br\/portal\/index.php?rest_route=%2Fwp%2Fv2%2Fmedia&parent=9391"}],"curies":[{"name":"wp","href":"https:\/\/api.w.org\/{rel}","templated":true}]}}