{"id":9294,"date":"2024-11-18T14:29:14","date_gmt":"2024-11-18T17:29:14","guid":{"rendered":"http:\/\/www.cinep.pb.gov.br\/portal\/?page_id=9294"},"modified":"2025-01-28T09:31:53","modified_gmt":"2025-01-28T12:31:53","slug":"procedimento-licitatorio-005-2024","status":"publish","type":"page","link":"https:\/\/www.cinep.pb.gov.br\/portal\/?page_id=9294","title":{"rendered":"PROCEDIMENTO LICITAT\u00d3RIO 005\/2024"},"content":{"rendered":"<p><a href=\"https:\/\/www.cinep.pb.gov.br\/portal\/wp-content\/uploads\/2024\/11\/01.-AVISO.pdf\">01. AVISO<\/a><\/p>\n<p><a href=\"https:\/\/www.cinep.pb.gov.br\/portal\/wp-content\/uploads\/2024\/11\/02.-EDITAL-PL-005.2024.pdf\">02. EDITAL PL 005.2024<\/a><\/p>\n<p><a href=\"https:\/\/www.cinep.pb.gov.br\/portal\/wp-content\/uploads\/2024\/11\/03.-EDITAL-PARTE-2.pdf\">03. EDITAL PARTE 2<\/a><\/p>\n<p><a href=\"https:\/\/www.cinep.pb.gov.br\/portal\/wp-content\/uploads\/2024\/11\/04.-EDITAL-PARTE-3.pdf\">04. EDITAL PARTE 3<\/a><\/p>\n<p><a href=\"https:\/\/www.cinep.pb.gov.br\/portal\/wp-content\/uploads\/2024\/11\/05.-EDITAL-PARTE-4.pdf\">05. EDITAL PARTE 4<\/a><\/p>\n<p><a href=\"https:\/\/www.cinep.pb.gov.br\/portal\/wp-content\/uploads\/2024\/11\/06.-EDITAL-PARTE-5.pdf\">06. EDITAL PARTE 5<\/a><\/p>\n<p><a href=\"https:\/\/www.cinep.pb.gov.br\/portal\/wp-content\/uploads\/2024\/11\/07.-EDITAL-PARTE-6.pdf\">07. EDITAL PARTE 6<\/a><\/p>\n<p><a href=\"https:\/\/www.cinep.pb.gov.br\/portal\/wp-content\/uploads\/2024\/11\/PL-_005.2024_4\u00aa-EDI\u00c7\u00c3O_DO_EDITAL_NOV24.pdf\">PL _005.2024_4\u00aa EDI\u00c7\u00c3O_DO_EDITAL_NOV24<\/a><\/p>\n<p><a href=\"https:\/\/www.cinep.pb.gov.br\/portal\/wp-content\/uploads\/2024\/11\/49.-PL_005.2024_REPUBLICA\u00c7\u00c3O-AVISO-DOEPB.pdf\">49. PL_005.2024_REPUBLICA\u00c7\u00c3O AVISO DOEPB<\/a><\/p>\n<p><a href=\"https:\/\/www.cinep.pb.gov.br\/portal\/wp-content\/uploads\/2024\/11\/48.-PL_005.2024_REPUBLICA\u00c7\u00c3O-JORNAL.pdf\">48. PL_005.2024_REPUBLICA\u00c7\u00c3O JORNAL<\/a><\/p>\n<p><a href=\"https:\/\/www.cinep.pb.gov.br\/portal\/wp-content\/uploads\/2024\/11\/43.-PL_005.2024_EDITAL4\u00aaEDI\u00c7\u00c3O.pdf\">43. PL_005.2024_EDITAL4\u00aaEDI\u00c7\u00c3O<\/a><\/p>\n<p><a href=\"https:\/\/www.cinep.pb.gov.br\/portal\/wp-content\/uploads\/2024\/12\/RESPOSTA-AO-PEDIDO-DE-ESCLARECIMENTOS-N\u00ba03.pdf\">RESPOSTA AO PEDIDO DE ESCLARECIMENTOS N\u00ba03<\/a><\/p>\n<p><a href=\"https:\/\/www.cinep.pb.gov.br\/portal\/wp-content\/uploads\/2024\/12\/RESPOSTA-AO-PEDIDO-DE-ESCLARECIMENTOS-N\u00ba-02.pdf\">RESPOSTA AO PEDIDO DE ESCLARECIMENTOS N\u00ba 02<\/a><\/p>\n<p><a href=\"https:\/\/www.cinep.pb.gov.br\/portal\/wp-content\/uploads\/2024\/12\/ESCLARECIMENTOS-2-E-3.pdf\">ESCLARECIMENTOS 2 E 3<\/a><\/p>\n<p><a href=\"https:\/\/www.cinep.pb.gov.br\/portal\/wp-content\/uploads\/2024\/12\/RESPOSTA-A-IMPUGNA\u00c7\u00c3O-DO-EDITAL_COMPACTO.pdf\">RESPOSTA A IMPUGNA\u00c7\u00c3O DO EDITAL_COMPACTO<\/a><\/p>\n<p><a href=\"https:\/\/www.cinep.pb.gov.br\/portal\/wp-content\/uploads\/2024\/12\/IMPUGNA\u00c7\u00c3O-AO-EDITAL_COMPACTO.pdf\">IMPUGNA\u00c7\u00c3O AO EDITAL_COMPACTO<\/a><\/p>\n<p><a href=\"https:\/\/www.cinep.pb.gov.br\/portal\/wp-content\/uploads\/2025\/01\/03.-CNH-Digital-Teotonio_LGPD.pdf\">03. CNH Digital Teotonio_LGPD<\/a><\/p>\n<p><a href=\"https:\/\/www.cinep.pb.gov.br\/portal\/wp-content\/uploads\/2025\/01\/02.-ALTERACAO-ENGEMEC_LGPD.pdf\">02. ALTERACAO ENGEMEC_LGPD<\/a><\/p>\n<p><a href=\"https:\/\/www.cinep.pb.gov.br\/portal\/wp-content\/uploads\/2025\/01\/04.-Recurso-Adm-PL-05-2024.pdf\">04. Recurso Adm PL 05-2024<\/a><\/p>\n<p><a href=\"https:\/\/www.cinep.pb.gov.br\/portal\/wp-content\/uploads\/2025\/01\/01.E-MAIL-COM-RECURSO-IMPETRADO-ENGEMEC.pdf\">01.E-MAIL COM RECURSO IMPETRADO &#8211; ENGEMEC<\/a><\/p>\n<p><a href=\"https:\/\/www.cinep.pb.gov.br\/portal\/wp-content\/uploads\/2025\/01\/11.-RELAT\u00d3RIO-DE-RESULTADO-DE-CLASSIFICA\u00c7\u00c3O-E-HABILITA\u00c7\u00c3O.pdf\">11. RELAT\u00d3RIO DE RESULTADO DE CLASSIFICA\u00c7\u00c3O E HABILITA\u00c7\u00c3O<\/a><\/p>\n<p><a href=\"https:\/\/www.cinep.pb.gov.br\/portal\/wp-content\/uploads\/2025\/01\/09.-CHECKLIST-DE-HABILITA\u00c7\u00c3O.pdf\">09. CHECKLIST DE HABILITA\u00c7\u00c3O<\/a><\/p>\n<p><a href=\"https:\/\/www.cinep.pb.gov.br\/portal\/wp-content\/uploads\/2025\/01\/08.-DECLARA\u00c7\u00d5ES-E-TERMO-DE-COMPROMISSO-CONSTRUPAV.pdf\">08. DECLARA\u00c7\u00d5ES E TERMO DE COMPROMISSO &#8211; CONSTRUPAV<\/a><\/p>\n<p><a href=\"https:\/\/www.cinep.pb.gov.br\/portal\/wp-content\/uploads\/2025\/01\/07.-Zimbra-Dilig\u00eancia-Solicita\u00e7\u00e3o-de-Documentos.pdf\">07. Zimbra &#8211; Dilig\u00eancia &#8211; Solicita\u00e7\u00e3o de Documentos<\/a><\/p>\n<p><a href=\"https:\/\/www.cinep.pb.gov.br\/portal\/wp-content\/uploads\/2025\/01\/05.-CAFIL-PB.pdf\">05. CAFIL-PB<\/a><\/p>\n<p><a href=\"https:\/\/www.cinep.pb.gov.br\/portal\/wp-content\/uploads\/2025\/01\/06.-CONSULTA-DE-SAN\u00c7\u00d5ES-CONSTRUPAV-CEIS_CNEP.pdf\">06. CONSULTA DE SAN\u00c7\u00d5ES &#8211; CONSTRUPAV &#8211; CEIS_CNEP<\/a><\/p>\n<p><a href=\"https:\/\/www.cinep.pb.gov.br\/portal\/wp-content\/uploads\/2025\/01\/03.-Zimbra-Envio-da-Proposta-de-Pre\u00e7os-Ajustada-CONSTRUPAV.pdf\">03. Zimbra &#8211; Envio da Proposta de Pre\u00e7os Ajustada &#8211; CONSTRUPAV<\/a><\/p>\n<p><a href=\"https:\/\/www.cinep.pb.gov.br\/portal\/wp-content\/uploads\/2025\/01\/04.-CPL-CONSTRUPAV-Proposta-de-Pre\u00e7os-AJUSTADA.pdf\">04. CPL &#8211; CONSTRUPAV Proposta de Pre\u00e7os AJUSTADA<\/a><\/p>\n<p><a href=\"https:\/\/www.cinep.pb.gov.br\/portal\/wp-content\/uploads\/2025\/01\/10.-CPL-ENGEMEC-PROPOSTA-E-CREDENCIAMENTO_compressed.pdf\">10. CPL &#8211; ENGEMEC &#8211; PROPOSTA E CREDENCIAMENTO_compressed<\/a><\/p>\n<p><a href=\"https:\/\/www.cinep.pb.gov.br\/portal\/wp-content\/uploads\/2025\/01\/02.-CPL-CONSTRUPAV-CREDENCIAMENTO-E-HABILITA\u00c7\u00c3O.pdf\">02. CPL &#8211; CONSTRUPAV &#8211; CREDENCIAMENTO E HABILITA\u00c7\u00c3O<\/a><\/p>\n<p><a href=\"https:\/\/www.cinep.pb.gov.br\/portal\/wp-content\/uploads\/2025\/01\/01.-CPL-ATA-DE-SESS\u00c3O-P\u00daBLICA.pdf\">01. CPL &#8211; ATA DE SESS\u00c3O P\u00daBLICA<\/a><\/p>\n<p><a href=\"https:\/\/www.cinep.pb.gov.br\/portal\/wp-content\/uploads\/2025\/01\/CONTRARRAZ\u00c3O_-_CINEP_-_PL_005-2024__assinado.pdf\">CONTRARRAZ\u00c3O_-_CINEP_-_PL_005-2024__assinado<\/a><\/p>\n","protected":false},"excerpt":{"rendered":"<p>01. AVISO 02. EDITAL PL 005.2024 03. EDITAL PARTE 2 04. EDITAL PARTE 3 05. EDITAL PARTE 4 06. EDITAL PARTE 5 07. EDITAL PARTE 6 PL _005.2024_4\u00aa EDI\u00c7\u00c3O_DO_EDITAL_NOV24 49. PL_005.2024_REPUBLICA\u00c7\u00c3O AVISO DOEPB 48. PL_005.2024_REPUBLICA\u00c7\u00c3O JORNAL 43. PL_005.2024_EDITAL4\u00aaEDI\u00c7\u00c3O RESPOSTA AO PEDIDO DE ESCLARECIMENTOS N\u00ba03 RESPOSTA AO PEDIDO DE ESCLARECIMENTOS N\u00ba 02 ESCLARECIMENTOS 2 E 3 RESPOSTA A IMPUGNA\u00c7\u00c3O DO EDITAL_COMPACTO IMPUGNA\u00c7\u00c3O AO EDITAL_COMPACTO 03. CNH Digital Teotonio_LGPD 02. ALTERACAO ENGEMEC_LGPD<\/p>\n","protected":false},"author":12,"featured_media":0,"parent":0,"menu_order":0,"comment_status":"closed","ping_status":"closed","template":"","meta":{"ngg_post_thumbnail":0,"footnotes":""},"class_list":["entry","author-gilbertorodrigues","post-9294","page","type-page","status-publish"],"_links":{"self":[{"href":"https:\/\/www.cinep.pb.gov.br\/portal\/index.php?rest_route=\/wp\/v2\/pages\/9294","targetHints":{"allow":["GET"]}}],"collection":[{"href":"https:\/\/www.cinep.pb.gov.br\/portal\/index.php?rest_route=\/wp\/v2\/pages"}],"about":[{"href":"https:\/\/www.cinep.pb.gov.br\/portal\/index.php?rest_route=\/wp\/v2\/types\/page"}],"author":[{"embeddable":true,"href":"https:\/\/www.cinep.pb.gov.br\/portal\/index.php?rest_route=\/wp\/v2\/users\/12"}],"replies":[{"embeddable":true,"href":"https:\/\/www.cinep.pb.gov.br\/portal\/index.php?rest_route=%2Fwp%2Fv2%2Fcomments&post=9294"}],"version-history":[{"count":7,"href":"https:\/\/www.cinep.pb.gov.br\/portal\/index.php?rest_route=\/wp\/v2\/pages\/9294\/revisions"}],"predecessor-version":[{"id":9556,"href":"https:\/\/www.cinep.pb.gov.br\/portal\/index.php?rest_route=\/wp\/v2\/pages\/9294\/revisions\/9556"}],"wp:attachment":[{"href":"https:\/\/www.cinep.pb.gov.br\/portal\/index.php?rest_route=%2Fwp%2Fv2%2Fmedia&parent=9294"}],"curies":[{"name":"wp","href":"https:\/\/api.w.org\/{rel}","templated":true}]}}