{"id":9197,"date":"2024-11-13T12:47:41","date_gmt":"2024-11-13T15:47:41","guid":{"rendered":"http:\/\/www.cinep.pb.gov.br\/portal\/?page_id=9197"},"modified":"2025-01-14T15:16:11","modified_gmt":"2025-01-14T18:16:11","slug":"pregao-eletronico-001-2024","status":"publish","type":"page","link":"https:\/\/www.cinep.pb.gov.br\/portal\/?page_id=9197","title":{"rendered":"PREG\u00c3O ELETR\u00d4NICO 001\/2024"},"content":{"rendered":"<p><a href=\"https:\/\/www.cinep.pb.gov.br\/portal\/wp-content\/uploads\/2024\/11\/001.-EDITALPE001.2024.pdf\">001. EDITALPE001.2024<\/a><\/p>\n<p><a href=\"https:\/\/www.cinep.pb.gov.br\/portal\/wp-content\/uploads\/2024\/11\/002.-ANEXOSDOEDITAL_compressed.pdf\">002. ANEXOSDOEDITAL_compressed<\/a><\/p>\n<p><a href=\"https:\/\/www.cinep.pb.gov.br\/portal\/wp-content\/uploads\/2024\/11\/003.-PUBLICA\u00c7\u00c3O-DO-AVISO-DE-CONVOCA\u00c7\u00c3O-DI\u00c1RIO-OFICIAL-13-11-2024-FL-15.pdf\">003. PUBLICA\u00c7\u00c3O DO AVISO DE CONVOCA\u00c7\u00c3O &#8211; DI\u00c1RIO OFICIAL-13-11-2024-FL-15<\/a><\/p>\n<p><a href=\"https:\/\/www.cinep.pb.gov.br\/portal\/wp-content\/uploads\/2024\/11\/004.-PUBLICA\u00c7\u00c3O-DO-AVISO-DE-CONVOCA\u00c7\u00c3O-A-UNI\u00c3O.pdf\">004. PUBLICA\u00c7\u00c3O DO AVISO DE CONVOCA\u00c7\u00c3O &#8211; A UNI\u00c3O<\/a><\/p>\n<p><a href=\"https:\/\/www.cinep.pb.gov.br\/portal\/wp-content\/uploads\/2024\/11\/1\u00aa-Solicita\u00e7\u00e3o-de-Edital-e-Resposta.pdf\">1\u00aa Solicita\u00e7\u00e3o de Edital e Resposta<\/a><\/p>\n<p><a href=\"https:\/\/www.cinep.pb.gov.br\/portal\/wp-content\/uploads\/2024\/12\/ADIAMENTO-SINE-DIE-001-2024.pdf\">ADIAMENTO SINE DIE 001-2024<\/a><\/p>\n<p><a href=\"https:\/\/www.cinep.pb.gov.br\/portal\/wp-content\/uploads\/2024\/12\/diario-oficial-07-12-2024-portal-25.pdf\">diario-oficial-07-12-2024-portal-25<\/a><\/p>\n<p><a href=\"https:\/\/www.cinep.pb.gov.br\/portal\/wp-content\/uploads\/2025\/01\/Di\u00e1rio-Oficial-18-12-2024.pdf\">Di\u00e1rio Oficial 18-12-2024<\/a><\/p>\n","protected":false},"excerpt":{"rendered":"<p>001. EDITALPE001.2024 002. ANEXOSDOEDITAL_compressed 003. PUBLICA\u00c7\u00c3O DO AVISO DE CONVOCA\u00c7\u00c3O &#8211; DI\u00c1RIO OFICIAL-13-11-2024-FL-15 004. PUBLICA\u00c7\u00c3O DO AVISO DE CONVOCA\u00c7\u00c3O &#8211; A UNI\u00c3O 1\u00aa Solicita\u00e7\u00e3o de Edital e Resposta ADIAMENTO SINE DIE 001-2024 diario-oficial-07-12-2024-portal-25 Di\u00e1rio Oficial 18-12-2024<\/p>\n","protected":false},"author":12,"featured_media":0,"parent":0,"menu_order":0,"comment_status":"closed","ping_status":"closed","template":"","meta":{"ngg_post_thumbnail":0,"footnotes":""},"class_list":["entry","author-gilbertorodrigues","post-9197","page","type-page","status-publish"],"_links":{"self":[{"href":"https:\/\/www.cinep.pb.gov.br\/portal\/index.php?rest_route=\/wp\/v2\/pages\/9197","targetHints":{"allow":["GET"]}}],"collection":[{"href":"https:\/\/www.cinep.pb.gov.br\/portal\/index.php?rest_route=\/wp\/v2\/pages"}],"about":[{"href":"https:\/\/www.cinep.pb.gov.br\/portal\/index.php?rest_route=\/wp\/v2\/types\/page"}],"author":[{"embeddable":true,"href":"https:\/\/www.cinep.pb.gov.br\/portal\/index.php?rest_route=\/wp\/v2\/users\/12"}],"replies":[{"embeddable":true,"href":"https:\/\/www.cinep.pb.gov.br\/portal\/index.php?rest_route=%2Fwp%2Fv2%2Fcomments&post=9197"}],"version-history":[{"count":5,"href":"https:\/\/www.cinep.pb.gov.br\/portal\/index.php?rest_route=\/wp\/v2\/pages\/9197\/revisions"}],"predecessor-version":[{"id":9531,"href":"https:\/\/www.cinep.pb.gov.br\/portal\/index.php?rest_route=\/wp\/v2\/pages\/9197\/revisions\/9531"}],"wp:attachment":[{"href":"https:\/\/www.cinep.pb.gov.br\/portal\/index.php?rest_route=%2Fwp%2Fv2%2Fmedia&parent=9197"}],"curies":[{"name":"wp","href":"https:\/\/api.w.org\/{rel}","templated":true}]}}