{"id":8952,"date":"2024-09-04T10:22:20","date_gmt":"2024-09-04T13:22:20","guid":{"rendered":"http:\/\/www.cinep.pb.gov.br\/portal\/?page_id=8952"},"modified":"2024-11-28T08:45:09","modified_gmt":"2024-11-28T11:45:09","slug":"procedimento-licitatorio-004-2024","status":"publish","type":"page","link":"https:\/\/www.cinep.pb.gov.br\/portal\/?page_id=8952","title":{"rendered":"PROCEDIMENTO LICITAT\u00d3RIO 004\/2024"},"content":{"rendered":"<p><a href=\"https:\/\/www.cinep.pb.gov.br\/portal\/wp-content\/uploads\/2024\/09\/ADIAMENTO-diario-oficial-09-08-2024-portal-20.pdf\">ADIAMENTO &#8211; diario-oficial-09-08-2024-portal-20<\/a><\/p>\n<p><a href=\"https:\/\/www.cinep.pb.gov.br\/portal\/wp-content\/uploads\/2024\/09\/jornal-em-pdf-30-08-24-cdepc-28.pdf\">jornal-em-pdf-30-08-24-cdepc-28<\/a><\/p>\n<p><a href=\"https:\/\/www.cinep.pb.gov.br\/portal\/wp-content\/uploads\/2024\/09\/PL-_004.2024_6\u00aa-EDI\u00c7\u00c3O_DO_EDITAL_MAIS-ANEXOS_AGO24.pdf\">PL _004.2024_6\u00aa EDI\u00c7\u00c3O_DO_EDITAL_MAIS ANEXOS_AGO24<\/a><\/p>\n<p><a href=\"https:\/\/www.cinep.pb.gov.br\/portal\/wp-content\/uploads\/2024\/09\/PUBLICA\u00c7\u00c3O-DO-AVISO-DE-CONVOCA\u00c7\u00c3O-DE-PROCEDIMENTO-LICITAT\u00d3RIO-N\u00ba-004.2024.pdf\">PUBLICA\u00c7\u00c3O DO AVISO DE CONVOCA\u00c7\u00c3O DE PROCEDIMENTO LICITAT\u00d3RIO N\u00ba 004.2024<\/a><\/p>\n<p><a href=\"https:\/\/www.cinep.pb.gov.br\/portal\/wp-content\/uploads\/2024\/10\/21_CENTERCONSTRU_DOCUMENTO_PARTE3.pdf\">21_CENTERCONSTRU_DOCUMENTO_PARTE3<\/a> <a href=\"https:\/\/www.cinep.pb.gov.br\/portal\/wp-content\/uploads\/2024\/10\/20_CENTERCONSTRU_DOCUMENTO_PARTE2.pdf\">20_CENTERCONSTRU_DOCUMENTO_PARTE2<\/a> <a href=\"https:\/\/www.cinep.pb.gov.br\/portal\/wp-content\/uploads\/2024\/10\/19_CENTERCONSTRU_DOCUMENTO_PARTE1.pdf\">19_CENTERCONSTRU_DOCUMENTO_PARTE1<\/a> <a href=\"https:\/\/www.cinep.pb.gov.br\/portal\/wp-content\/uploads\/2024\/10\/18_LM_DOCUMENTA\u00c7\u00c3O_PARTE10.pdf\">18_L&amp;M_DOCUMENTA\u00c7\u00c3O_PARTE10<\/a><\/p>\n<p><a href=\"https:\/\/www.cinep.pb.gov.br\/portal\/wp-content\/uploads\/2024\/10\/17_LM_DOCUMENTA\u00c7\u00c3O_PARTE9.pdf\">17_L&amp;M_DOCUMENTA\u00c7\u00c3O_PARTE9<\/a><\/p>\n<p><a href=\"https:\/\/www.cinep.pb.gov.br\/portal\/wp-content\/uploads\/2024\/10\/16_LM_DOCUMENTA\u00c7\u00c3O_PARTE8.pdf\">16_L&amp;M_DOCUMENTA\u00c7\u00c3O_PARTE8<\/a><\/p>\n<p><a href=\"https:\/\/www.cinep.pb.gov.br\/portal\/wp-content\/uploads\/2024\/10\/15_LM_DOCUMENTA\u00c7\u00c3O_PARTE7.pdf\">15_L&amp;M_DOCUMENTA\u00c7\u00c3O_PARTE7<\/a><\/p>\n<p><a href=\"https:\/\/www.cinep.pb.gov.br\/portal\/wp-content\/uploads\/2024\/10\/14_LM_DOCUMENTA\u00c7\u00c3O_PARTE6.pdf\">14_L&amp;M_DOCUMENTA\u00c7\u00c3O_PARTE6<\/a><\/p>\n<p><a href=\"https:\/\/www.cinep.pb.gov.br\/portal\/wp-content\/uploads\/2024\/10\/13_LM_DOCUMENTA\u00c7\u00c3O_PARTE5.pdf\">13_L&amp;M_DOCUMENTA\u00c7\u00c3O_PARTE5<\/a><\/p>\n<p><a href=\"https:\/\/www.cinep.pb.gov.br\/portal\/wp-content\/uploads\/2024\/10\/12_LM_DOCUMENTA\u00c7\u00c3O_PARTE4.pdf\">12_L&amp;M_DOCUMENTA\u00c7\u00c3O_PARTE4<\/a><\/p>\n<p><a href=\"https:\/\/www.cinep.pb.gov.br\/portal\/wp-content\/uploads\/2024\/10\/11_LM_DOCUMENTA\u00c7\u00c3O_PARTE3.pdf\">11_L&amp;M_DOCUMENTA\u00c7\u00c3O_PARTE3<\/a><\/p>\n<p><a href=\"https:\/\/www.cinep.pb.gov.br\/portal\/wp-content\/uploads\/2024\/10\/10_LM_DOCUMENTA\u00c7\u00c3O_PARTE2.pdf\">10_L&amp;M_DOCUMENTA\u00c7\u00c3O_PARTE2<\/a><\/p>\n<p><a href=\"https:\/\/www.cinep.pb.gov.br\/portal\/wp-content\/uploads\/2024\/10\/09_LM_DOCUMENTA\u00c7\u00c3O_PARTE1.pdf\">09_L&amp;M_DOCUMENTA\u00c7\u00c3O_PARTE1<\/a><\/p>\n<p><a href=\"https:\/\/www.cinep.pb.gov.br\/portal\/wp-content\/uploads\/2024\/10\/08_MARVIVA_DOCUMENTA\u00c7\u00c3O-PARTE2.pdf\">08_MARVIVA_DOCUMENTA\u00c7\u00c3O PARTE2<\/a><\/p>\n<p><a href=\"https:\/\/www.cinep.pb.gov.br\/portal\/wp-content\/uploads\/2024\/10\/07_MARVIVA_DOCUMENTA\u00c7\u00c3O-PARTE1.pdf\">07_MARVIVA_DOCUMENTA\u00c7\u00c3O PARTE1<\/a><\/p>\n<p><a href=\"https:\/\/www.cinep.pb.gov.br\/portal\/wp-content\/uploads\/2024\/10\/06_JBARROS_DOCUMENTA\u00c7\u00c3O.pdf\">06_JBARROS_DOCUMENTA\u00c7\u00c3O<\/a><\/p>\n<p><a href=\"https:\/\/www.cinep.pb.gov.br\/portal\/wp-content\/uploads\/2024\/10\/04_ESTA\u00c7\u00c3O-TOPOGRAFIA_DOCUMENTA\u00c7\u00c3O.pdf\">04_ESTA\u00c7\u00c3O TOPOGRAFIA_DOCUMENTA\u00c7\u00c3O<\/a> <a href=\"https:\/\/www.cinep.pb.gov.br\/portal\/wp-content\/uploads\/2024\/10\/05_INPLANT_DOCUMENTA\u00c7\u00c3O.pdf\">05_INPLANT_DOCUMENTA\u00c7\u00c3O<\/a><\/p>\n<p><a href=\"https:\/\/www.cinep.pb.gov.br\/portal\/wp-content\/uploads\/2024\/10\/03_ALTEON_DOCUMENTA\u00c7\u00c3O_PARTE2.pdf\">03_ALTEON_DOCUMENTA\u00c7\u00c3O_PARTE2<\/a> <a href=\"https:\/\/www.cinep.pb.gov.br\/portal\/wp-content\/uploads\/2024\/10\/02_ALTEON_DOCUMENTA\u00c7\u00c3O_PARTE1.pdf\">02_ALTEON_DOCUMENTA\u00c7\u00c3O_PARTE1<\/a><\/p>\n<p><a href=\"https:\/\/www.cinep.pb.gov.br\/portal\/wp-content\/uploads\/2024\/10\/01_ATA-DA-SESS\u00c3O.pdf\">01_ATA DA SESS\u00c3O<\/a><\/p>\n<p><a href=\"https:\/\/www.cinep.pb.gov.br\/portal\/wp-content\/uploads\/2024\/10\/diario-oficial-08-10-2024-portal-35.pdf\">diario-oficial-08-10-2024-portal-35<\/a><\/p>\n<p><a href=\"https:\/\/www.cinep.pb.gov.br\/portal\/wp-content\/uploads\/2024\/10\/Gmail-CONTRARRAZ\u00c3O-LM.pdf\">Gmail &#8211; CONTRARRAZ\u00c3O &#8211; L&amp;M<\/a><\/p>\n<p><a href=\"https:\/\/www.cinep.pb.gov.br\/portal\/wp-content\/uploads\/2024\/10\/Zimbra-CONTRARRAZ\u00c3O-LM.pdf\">Zimbra &#8211; CONTRARRAZ\u00c3O L&amp;M<\/a> <a href=\"https:\/\/www.cinep.pb.gov.br\/portal\/wp-content\/uploads\/2024\/10\/Zimbra-e-mail-recurso.pdf\">Zimbra &#8211; e-mail recurso<\/a><\/p>\n<p><a href=\"https:\/\/www.cinep.pb.gov.br\/portal\/wp-content\/uploads\/2024\/10\/NOTIFICA\u00c7\u00c3O-FASE-DE-CONTRARRAZ\u00d5ES.pdf\">NOTIFICA\u00c7\u00c3O &#8211; FASE DE CONTRARRAZ\u00d5ES<\/a><\/p>\n<p><a href=\"https:\/\/www.cinep.pb.gov.br\/portal\/wp-content\/uploads\/2024\/10\/Recurso-Administrativo-Habilita\u00e7\u00e3o-LeM-e-Contru-Center.pdf\">Recurso Administrativo &#8211; Habilita\u00e7\u00e3o LeM e Contru Center<\/a><\/p>\n<p><a href=\"https:\/\/www.cinep.pb.gov.br\/portal\/wp-content\/uploads\/2024\/11\/01.-RELAT\u00d3RIO-DE-JULGAMENTO-DE-RECURSO.pdf\">01. RELAT\u00d3RIO DE JULGAMENTO DE RECURSO<\/a><\/p>\n<p><a href=\"https:\/\/www.cinep.pb.gov.br\/portal\/wp-content\/uploads\/2024\/11\/02.-TERMO-DE-ADJUDICA\u00c7\u00c3O.pdf\">02. TERMO DE ADJUDICA\u00c7\u00c3O_<\/a><\/p>\n<p><a href=\"https:\/\/www.cinep.pb.gov.br\/portal\/wp-content\/uploads\/2024\/11\/03.-TERMO-DE-HOMOLOGA\u00c7\u00c3O.pdf\">03. TERMO DE HOMOLOGA\u00c7\u00c3O<\/a><\/p>\n<p><a href=\"https:\/\/www.cinep.pb.gov.br\/portal\/wp-content\/uploads\/2024\/11\/04.-HOMOLOGA\u00c7\u00c3O-DOEPB.pdf\">04. HOMOLOGA\u00c7\u00c3O &#8211; DOEPB<\/a><\/p>\n<p><a href=\"https:\/\/www.cinep.pb.gov.br\/portal\/wp-content\/uploads\/2024\/11\/05.-RELAT\u00d3RIO-DE-RESULTADO.pdf\">05. RELAT\u00d3RIO DE RESULTADO<\/a><\/p>\n","protected":false},"excerpt":{"rendered":"<p>ADIAMENTO &#8211; diario-oficial-09-08-2024-portal-20 jornal-em-pdf-30-08-24-cdepc-28 PL _004.2024_6\u00aa EDI\u00c7\u00c3O_DO_EDITAL_MAIS ANEXOS_AGO24 PUBLICA\u00c7\u00c3O DO AVISO DE CONVOCA\u00c7\u00c3O DE PROCEDIMENTO LICITAT\u00d3RIO N\u00ba 004.2024 21_CENTERCONSTRU_DOCUMENTO_PARTE3 20_CENTERCONSTRU_DOCUMENTO_PARTE2 19_CENTERCONSTRU_DOCUMENTO_PARTE1 18_L&amp;M_DOCUMENTA\u00c7\u00c3O_PARTE10 17_L&amp;M_DOCUMENTA\u00c7\u00c3O_PARTE9 16_L&amp;M_DOCUMENTA\u00c7\u00c3O_PARTE8 15_L&amp;M_DOCUMENTA\u00c7\u00c3O_PARTE7 14_L&amp;M_DOCUMENTA\u00c7\u00c3O_PARTE6 13_L&amp;M_DOCUMENTA\u00c7\u00c3O_PARTE5 12_L&amp;M_DOCUMENTA\u00c7\u00c3O_PARTE4 11_L&amp;M_DOCUMENTA\u00c7\u00c3O_PARTE3 10_L&amp;M_DOCUMENTA\u00c7\u00c3O_PARTE2 09_L&amp;M_DOCUMENTA\u00c7\u00c3O_PARTE1 08_MARVIVA_DOCUMENTA\u00c7\u00c3O PARTE2 07_MARVIVA_DOCUMENTA\u00c7\u00c3O PARTE1 06_JBARROS_DOCUMENTA\u00c7\u00c3O 04_ESTA\u00c7\u00c3O TOPOGRAFIA_DOCUMENTA\u00c7\u00c3O 05_INPLANT_DOCUMENTA\u00c7\u00c3O 03_ALTEON_DOCUMENTA\u00c7\u00c3O_PARTE2 02_ALTEON_DOCUMENTA\u00c7\u00c3O_PARTE1 01_ATA DA SESS\u00c3O diario-oficial-08-10-2024-portal-35 Gmail &#8211; CONTRARRAZ\u00c3O &#8211; L&amp;M Zimbra &#8211; CONTRARRAZ\u00c3O L&amp;M Zimbra &#8211; e-mail recurso NOTIFICA\u00c7\u00c3O &#8211; FASE DE CONTRARRAZ\u00d5ES Recurso Administrativo &#8211; Habilita\u00e7\u00e3o LeM e Contru<\/p>\n","protected":false},"author":12,"featured_media":0,"parent":0,"menu_order":0,"comment_status":"closed","ping_status":"closed","template":"","meta":{"ngg_post_thumbnail":0,"footnotes":""},"class_list":["entry","author-gilbertorodrigues","post-8952","page","type-page","status-publish"],"_links":{"self":[{"href":"https:\/\/www.cinep.pb.gov.br\/portal\/index.php?rest_route=\/wp\/v2\/pages\/8952","targetHints":{"allow":["GET"]}}],"collection":[{"href":"https:\/\/www.cinep.pb.gov.br\/portal\/index.php?rest_route=\/wp\/v2\/pages"}],"about":[{"href":"https:\/\/www.cinep.pb.gov.br\/portal\/index.php?rest_route=\/wp\/v2\/types\/page"}],"author":[{"embeddable":true,"href":"https:\/\/www.cinep.pb.gov.br\/portal\/index.php?rest_route=\/wp\/v2\/users\/12"}],"replies":[{"embeddable":true,"href":"https:\/\/www.cinep.pb.gov.br\/portal\/index.php?rest_route=%2Fwp%2Fv2%2Fcomments&post=8952"}],"version-history":[{"count":5,"href":"https:\/\/www.cinep.pb.gov.br\/portal\/index.php?rest_route=\/wp\/v2\/pages\/8952\/revisions"}],"predecessor-version":[{"id":9383,"href":"https:\/\/www.cinep.pb.gov.br\/portal\/index.php?rest_route=\/wp\/v2\/pages\/8952\/revisions\/9383"}],"wp:attachment":[{"href":"https:\/\/www.cinep.pb.gov.br\/portal\/index.php?rest_route=%2Fwp%2Fv2%2Fmedia&parent=8952"}],"curies":[{"name":"wp","href":"https:\/\/api.w.org\/{rel}","templated":true}]}}