{"id":8591,"date":"2024-05-30T18:12:13","date_gmt":"2024-05-30T21:12:13","guid":{"rendered":"http:\/\/www.cinep.pb.gov.br\/portal\/?page_id=8591"},"modified":"2024-10-01T15:06:46","modified_gmt":"2024-10-01T18:06:46","slug":"procedimento-licitatorio-001-2024","status":"publish","type":"page","link":"https:\/\/www.cinep.pb.gov.br\/portal\/?page_id=8591","title":{"rendered":"PROCEDIMENTO LICITAT\u00d3RIO 001\/2024"},"content":{"rendered":"<p><a href=\"https:\/\/www.cinep.pb.gov.br\/portal\/wp-content\/uploads\/2024\/05\/PL-001.2024_EDITAL-ANEXOS.pdf\">PL 001.2024_EDITAL + ANEXOS<\/a><\/p>\n<p><a href=\"https:\/\/www.cinep.pb.gov.br\/portal\/wp-content\/uploads\/2024\/07\/00000_ATA-DO-JULGAMENTO-DE-HABILITA\u00c7\u00c3O-CINPRC202400219V05_43584931.pdf\">00000_ATA DO JULGAMENTO DE HABILITA\u00c7\u00c3O &#8211; CINPRC202400219V05_43584931<\/a><\/p>\n<p><a href=\"https:\/\/www.cinep.pb.gov.br\/portal\/wp-content\/uploads\/2024\/07\/0000_RESULTADO-DE-CLASSIFICA\u00c7\u00c3O-E-HABILITA\u00c7\u00c3O-PROCEDIMENTO-LICITAT\u00d3RIO-CINPRC202400219V05_43585339.pdf\">0000_RESULTADO DE CLASSIFICA\u00c7\u00c3O E HABILITA\u00c7\u00c3O &#8211; PROCEDIMENTO LICITAT\u00d3RIO &#8211; CINPRC202400219V05_43585339<\/a><\/p>\n<p><a href=\"https:\/\/www.cinep.pb.gov.br\/portal\/wp-content\/uploads\/2024\/07\/000_PUBLICA\u00c7\u00c3O-DA-CLASSIFICA\u00c7\u00c3O-E-HABILITA\u00c7\u00c3O-CINPRC202400219V05_43730008.pdf\">000_PUBLICA\u00c7\u00c3O DA CLASSIFICA\u00c7\u00c3O E HABILITA\u00c7\u00c3O &#8211; CINPRC202400219V05_43730008<\/a><\/p>\n<p><a href=\"https:\/\/www.cinep.pb.gov.br\/portal\/wp-content\/uploads\/2024\/07\/00_ATA-DA-SESS\u00c3O-P\u00daBLICA_PROCEDIMENTO-LICITAT\u00d3RIO-N\u00ba-0012024.pdf\">00_ATA DA SESS\u00c3O P\u00daBLICA_PROCEDIMENTO LICITAT\u00d3RIO N\u00ba 0012024<\/a> <a href=\"https:\/\/www.cinep.pb.gov.br\/portal\/wp-content\/uploads\/2024\/07\/01_CREDENCIAMENTO-ATO-CONSTITUTIVO-E-DECLARA\u00c7\u00d5ES-CENTERCONSTRU.pdf\">01_CREDENCIAMENTO &#8211; ATO CONSTITUTIVO E DECLARA\u00c7\u00d5ES &#8211; CENTERCONSTRU<\/a><\/p>\n<p><a href=\"https:\/\/www.cinep.pb.gov.br\/portal\/wp-content\/uploads\/2024\/07\/01_CREDENCIAMENTO-ATO-CONSTITUTIVO-E-DECLARA\u00c7\u00d5ES-CENTERCONSTRU_LGPD.pdf\">01_CREDENCIAMENTO &#8211; ATO CONSTITUTIVO E DECLARA\u00c7\u00d5ES &#8211; CENTERCONSTRU_LGPD<\/a><\/p>\n<p><a href=\"https:\/\/www.cinep.pb.gov.br\/portal\/wp-content\/uploads\/2024\/07\/01_CREDENCIAMENTO-ATO-CONSTITUTIVO-E-DECLARA\u00c7\u00d5ES-LICITANTE-JOS\u00c9-ROSINALDO-RIBEIRO-BARROS-LTDA_LGPD.pdf\">01_CREDENCIAMENTO &#8211; ATO CONSTITUTIVO E DECLARA\u00c7\u00d5ES &#8211; LICITANTE JOS\u00c9 ROSINALDO RIBEIRO BARROS LTDA_LGPD<\/a> <a href=\"https:\/\/www.cinep.pb.gov.br\/portal\/wp-content\/uploads\/2024\/07\/01_DECLARA\u00c7\u00c3O-DE-PROPOSTA-INDEPENDENTE_CONFLORA.pdf\">01_DECLARA\u00c7\u00c3O DE PROPOSTA INDEPENDENTE_CONFLORA<\/a> <a href=\"https:\/\/www.cinep.pb.gov.br\/portal\/wp-content\/uploads\/2024\/07\/01_DECLARA\u00c7\u00d5ES-E-PROPOSTA-INPLANT.pdf\">01_DECLARA\u00c7\u00d5ES E PROPOSTA INPLANT<\/a><\/p>\n<p><a href=\"https:\/\/www.cinep.pb.gov.br\/portal\/wp-content\/uploads\/2024\/07\/1_DOCUMENTOS-DILIGENCIADOS_CONFLORA.pdf\">1_DOCUMENTOS DILIGENCIADOS_CONFLORA<\/a><\/p>\n<p><a href=\"https:\/\/www.cinep.pb.gov.br\/portal\/wp-content\/uploads\/2024\/07\/02_DECLARA\u00c7\u00d5ES-CONFLORA.pdf\">02_DECLARA\u00c7\u00d5ES CONFLORA<\/a><\/p>\n<p><a href=\"https:\/\/www.cinep.pb.gov.br\/portal\/wp-content\/uploads\/2024\/07\/03_DOC-PESSOAL-DO-LICITANTE-CONFLORA_DADOS-SENS\u00cdVEIS_-LGPD.pdf\">03_DOC PESSOAL DO LICITANTE CONFLORA_DADOS SENS\u00cdVEIS_ LGPD<\/a> <a href=\"https:\/\/www.cinep.pb.gov.br\/portal\/wp-content\/uploads\/2024\/07\/04_PROPOSTA-E-CRONOGRAMA-F\u00cdSICO-FINANCEIRO-CONFLORA-ENGENHARIA.pdf\">04_PROPOSTA E CRONOGRAMA F\u00cdSICO-FINANCEIRO &#8211; CONFLORA ENGENHARIA<\/a> <a href=\"https:\/\/www.cinep.pb.gov.br\/portal\/wp-content\/uploads\/2024\/07\/05_HABILITA\u00c7\u00c3O-CONFLORA_PARTE-1.pdf\">05_HABILITA\u00c7\u00c3O CONFLORA_PARTE 1<\/a><\/p>\n<p><a href=\"https:\/\/www.cinep.pb.gov.br\/portal\/wp-content\/uploads\/2024\/07\/06_HABILITA\u00c7\u00c3O-CONFLORA-PARTE-2.pdf\">06_HABILITA\u00c7\u00c3O CONFLORA PARTE 2<\/a> <a href=\"https:\/\/www.cinep.pb.gov.br\/portal\/wp-content\/uploads\/2024\/07\/07_ConsultaConsolidada_26695440000102_27-6-2024-Conflora.pdf\">07_ConsultaConsolidada_26695440000102_27-6-2024 &#8211; Conflora<\/a><\/p>\n<p><a href=\"https:\/\/www.cinep.pb.gov.br\/portal\/wp-content\/uploads\/2024\/07\/08_cafil-pb-conflora.pdf\">08_cafil-pb &#8211; conflora<\/a><\/p>\n<p><a href=\"https:\/\/www.cinep.pb.gov.br\/portal\/wp-content\/uploads\/2024\/08\/CONTRARRAZ\u00c3O-CONFLORA.pdf\">CONTRARRAZ\u00c3O &#8211; CONFLORA<\/a><\/p>\n<p><a href=\"https:\/\/www.cinep.pb.gov.br\/portal\/wp-content\/uploads\/2024\/08\/RECURSO-ADM-CINEP.pdf\">RECURSO ADM &#8211; CINEP_<\/a><\/p>\n<p><a href=\"https:\/\/www.cinep.pb.gov.br\/portal\/wp-content\/uploads\/2024\/08\/NOTIFICA\u00c7\u00c3O-CONFLORA.pdf\">NOTIFICA\u00c7\u00c3O &#8211; CONFLORA<\/a><\/p>\n<p><a href=\"https:\/\/www.cinep.pb.gov.br\/portal\/wp-content\/uploads\/2024\/10\/03.-HOMOLOGA\u00c7\u00c3O-DOE-PB.pdf\">03. HOMOLOGA\u00c7\u00c3O DOE PB<\/a><\/p>\n<p><a href=\"https:\/\/www.cinep.pb.gov.br\/portal\/wp-content\/uploads\/2024\/10\/01.-JULGAMENTO-DE-RECURSO-DE-EDITAL-001.2024.pdf\">01. JULGAMENTO DE RECURSO DE EDITAL 001.2024<\/a><\/p>\n<p><a href=\"https:\/\/www.cinep.pb.gov.br\/portal\/wp-content\/uploads\/2024\/10\/02.-TERMO-DE-ADJUDICA\u00c7\u00c3O-E-HOMOLOGA\u00c7\u00c3O.pdf\">02. TERMO DE ADJUDICA\u00c7\u00c3O E HOMOLOGA\u00c7\u00c3O<\/a><\/p>\n","protected":false},"excerpt":{"rendered":"<p>PL 001.2024_EDITAL + ANEXOS 00000_ATA DO JULGAMENTO DE HABILITA\u00c7\u00c3O &#8211; CINPRC202400219V05_43584931 0000_RESULTADO DE CLASSIFICA\u00c7\u00c3O E HABILITA\u00c7\u00c3O &#8211; PROCEDIMENTO LICITAT\u00d3RIO &#8211; CINPRC202400219V05_43585339 000_PUBLICA\u00c7\u00c3O DA CLASSIFICA\u00c7\u00c3O E HABILITA\u00c7\u00c3O &#8211; CINPRC202400219V05_43730008 00_ATA DA SESS\u00c3O P\u00daBLICA_PROCEDIMENTO LICITAT\u00d3RIO N\u00ba 0012024 01_CREDENCIAMENTO &#8211; ATO CONSTITUTIVO E DECLARA\u00c7\u00d5ES &#8211; CENTERCONSTRU 01_CREDENCIAMENTO &#8211; ATO CONSTITUTIVO E DECLARA\u00c7\u00d5ES &#8211; CENTERCONSTRU_LGPD 01_CREDENCIAMENTO &#8211; ATO CONSTITUTIVO E DECLARA\u00c7\u00d5ES &#8211; LICITANTE JOS\u00c9 ROSINALDO RIBEIRO BARROS LTDA_LGPD 01_DECLARA\u00c7\u00c3O DE PROPOSTA INDEPENDENTE_CONFLORA 01_DECLARA\u00c7\u00d5ES E<\/p>\n","protected":false},"author":12,"featured_media":0,"parent":0,"menu_order":0,"comment_status":"closed","ping_status":"closed","template":"","meta":{"ngg_post_thumbnail":0,"footnotes":""},"class_list":["entry","author-gilbertorodrigues","post-8591","page","type-page","status-publish"],"_links":{"self":[{"href":"https:\/\/www.cinep.pb.gov.br\/portal\/index.php?rest_route=\/wp\/v2\/pages\/8591","targetHints":{"allow":["GET"]}}],"collection":[{"href":"https:\/\/www.cinep.pb.gov.br\/portal\/index.php?rest_route=\/wp\/v2\/pages"}],"about":[{"href":"https:\/\/www.cinep.pb.gov.br\/portal\/index.php?rest_route=\/wp\/v2\/types\/page"}],"author":[{"embeddable":true,"href":"https:\/\/www.cinep.pb.gov.br\/portal\/index.php?rest_route=\/wp\/v2\/users\/12"}],"replies":[{"embeddable":true,"href":"https:\/\/www.cinep.pb.gov.br\/portal\/index.php?rest_route=%2Fwp%2Fv2%2Fcomments&post=8591"}],"version-history":[{"count":5,"href":"https:\/\/www.cinep.pb.gov.br\/portal\/index.php?rest_route=\/wp\/v2\/pages\/8591\/revisions"}],"predecessor-version":[{"id":9026,"href":"https:\/\/www.cinep.pb.gov.br\/portal\/index.php?rest_route=\/wp\/v2\/pages\/8591\/revisions\/9026"}],"wp:attachment":[{"href":"https:\/\/www.cinep.pb.gov.br\/portal\/index.php?rest_route=%2Fwp%2Fv2%2Fmedia&parent=8591"}],"curies":[{"name":"wp","href":"https:\/\/api.w.org\/{rel}","templated":true}]}}