{"id":8392,"date":"2024-01-05T21:13:31","date_gmt":"2024-01-06T00:13:31","guid":{"rendered":"http:\/\/www.cinep.pb.gov.br\/portal\/?page_id=8392"},"modified":"2024-08-26T12:10:41","modified_gmt":"2024-08-26T15:10:41","slug":"pl_002-2023","status":"publish","type":"page","link":"https:\/\/www.cinep.pb.gov.br\/portal\/?page_id=8392","title":{"rendered":"PL_002-2023"},"content":{"rendered":"<p><a href=\"https:\/\/www.cinep.pb.gov.br\/portal\/wp-content\/uploads\/2024\/01\/35.-PL_002.2023_publica\u00e7\u00e3o-DOEPB_RESULTADO_FRACASSADA_2\u00aa-SESS\u00c3O-P\u00daBLICA.pdf\">35. PL_002.2023_publica\u00e7\u00e3o DOEPB_RESULTADO_FRACASSADA_2\u00aa SESS\u00c3O P\u00daBLICA<\/a><\/p>\n<p><a href=\"https:\/\/www.cinep.pb.gov.br\/portal\/wp-content\/uploads\/2024\/01\/36.-PL_002.2023_publica\u00e7\u00e3o-Jornal-A-Uniao_RESULTADO_FRACASSADA_2\u00aa-SESS\u00c3O-P\u00daBLICA.pdf\">36. PL_002.2023_publica\u00e7\u00e3o Jornal A Uniao_RESULTADO_FRACASSADA_2\u00aa SESS\u00c3O P\u00daBLICA<\/a><\/p>\n<p><a href=\"https:\/\/www.cinep.pb.gov.br\/portal\/wp-content\/uploads\/2024\/01\/34.-PL_002.2023_RESULTADO_-FRACASSADA_2\u00aa-SESS\u00c3O-P\u00daBLICA.pdf\">34. PL_002.2023_RESULTADO_ FRACASSADA_2\u00aa SESS\u00c3O P\u00daBLICA<\/a><\/p>\n<p><a href=\"https:\/\/www.cinep.pb.gov.br\/portal\/wp-content\/uploads\/2024\/01\/31.-PL_002.2023_publica\u00e7\u00e3o-DOEPB_AVISO-DE-2\u00aa-CONVOCA\u00c7\u00c3O.pdf\">31. PL_002.2023_publica\u00e7\u00e3o DOEPB_AVISO DE 2\u00aa CONVOCA\u00c7\u00c3O<\/a><\/p>\n<p><a href=\"https:\/\/www.cinep.pb.gov.br\/portal\/wp-content\/uploads\/2024\/01\/32.-PL_002.2023_publica\u00e7\u00e3o-Jornal-A-Uniao_AVISO-DE-2\u00aa-CONVOCA\u00c7\u00c3O.pdf\">32. PL_002.2023_publica\u00e7\u00e3o Jornal A Uniao_AVISO DE 2\u00aa CONVOCA\u00c7\u00c3O<\/a><\/p>\n<p><a href=\"https:\/\/www.cinep.pb.gov.br\/portal\/wp-content\/uploads\/2024\/01\/33.-PL_002.2023_Ata-2\u00aa-Sess\u00e3o-P\u00fablica.pdf\">33. PL_002.2023_Ata 2\u00aa Sess\u00e3o P\u00fablica<\/a><\/p>\n<p><a href=\"https:\/\/www.cinep.pb.gov.br\/portal\/wp-content\/uploads\/2024\/01\/30.-PL_002.2023_4\u00aa-EDI\u00c7\u00c3O-DO-EDITAL_VERS\u00c3O-FINALANEXOS.pdf\">30. PL_002.2023_4\u00aa EDI\u00c7\u00c3O DO EDITAL_VERS\u00c3O FINAL+ANEXOS<\/a><\/p>\n<p><a href=\"https:\/\/www.cinep.pb.gov.br\/portal\/wp-content\/uploads\/2024\/01\/28.-PL_002.2023_publica\u00e7\u00e3o_RESULTADO_-DESERTO_1\u00aa-SESS\u00c3O-P\u00daBLICA.pdf\">28. PL_002.2023_publica\u00e7\u00e3o_RESULTADO_ DESERTO_1\u00aa SESS\u00c3O P\u00daBLICA<\/a><\/p>\n<p><a href=\"https:\/\/www.cinep.pb.gov.br\/portal\/wp-content\/uploads\/2024\/01\/29.-PL_002.2023_AVISO-DE-2\u00aa-CONVOCA\u00c7\u00c3O.pdf\">29. PL_002.2023_AVISO DE 2\u00aa CONVOCA\u00c7\u00c3O<\/a><\/p>\n<p><a href=\"https:\/\/www.cinep.pb.gov.br\/portal\/wp-content\/uploads\/2024\/01\/26.-PL_002.2023_Ata-1\u00aa-Sess\u00e3o-P\u00fablica.pdf\">26. PL_002.2023_Ata 1\u00aa Sess\u00e3o P\u00fablica<\/a><\/p>\n<p><a href=\"https:\/\/www.cinep.pb.gov.br\/portal\/wp-content\/uploads\/2024\/01\/27.-PL_002.2023_RESULTADO_-DESERTO_1\u00aa-SESS\u00c3O-P\u00daBLICA.pdf\">27. PL_002.2023_RESULTADO_ DESERTO_1\u00aa SESS\u00c3O P\u00daBLICA<\/a><\/p>\n<p><a href=\"https:\/\/www.cinep.pb.gov.br\/portal\/wp-content\/uploads\/2024\/01\/24.-PL_002.2023_publica\u00e7\u00e3o-Jornal-A-Uniao_AVISO-DE-1\u00aa-CONVOCA\u00c7\u00c3O.pdf\">24. PL_002.2023_publica\u00e7\u00e3o Jornal A Uniao_AVISO DE 1\u00aa CONVOCA\u00c7\u00c3O<\/a><\/p>\n<p><a href=\"https:\/\/www.cinep.pb.gov.br\/portal\/wp-content\/uploads\/2024\/01\/25.-PL_002.2023_AVISO-DE-1\u00aa-CONVOCA\u00c7\u00c3O_RECIBO-PROTOCOLO_TCEPB.pdf\">25. PL_002.2023_AVISO DE 1\u00aa CONVOCA\u00c7\u00c3O_RECIBO PROTOCOLO_TCEPB<\/a><\/p>\n<p><a href=\"https:\/\/www.cinep.pb.gov.br\/portal\/wp-content\/uploads\/2024\/01\/23.-PL_002.2023_publica\u00e7\u00e3o-DOEPB_AVISO-DE-1\u00aa-CONVOCA\u00c7\u00c3O.pdf\">23. PL_002.2023_publica\u00e7\u00e3o DOEPB_AVISO DE 1\u00aa CONVOCA\u00c7\u00c3O<\/a><br \/>\n<a href=\"https:\/\/www.cinep.pb.gov.br\/portal\/wp-content\/uploads\/2023\/11\/PL-_002.2023_3\u00aa-EDI\u00c7\u00c3O-DO-EDITAL_VERS\u00c3O-FINALANEXOS.pdf\">PL _002.2023_3\u00aa EDI\u00c7\u00c3O DO EDITAL_VERS\u00c3O FINAL+ANEXOS<\/a><\/p>\n<p><a href=\"https:\/\/www.cinep.pb.gov.br\/portal\/wp-content\/uploads\/2024\/01\/37.-PL_002.2023_AVISO-DE-3\u00aa-CONVOCA\u00c7\u00c3O.pdf\">37. PL_002.2023_AVISO DE 3\u00aa CONVOCA\u00c7\u00c3O<\/a><\/p>\n<p><a href=\"https:\/\/www.cinep.pb.gov.br\/portal\/wp-content\/uploads\/2024\/01\/38.-PL_002.2023_5\u00aa-EDI\u00c7\u00c3O-DO-EDITAL_VERS\u00c3O-FINALANEXOS.pdf\">38. PL_002.2023_5\u00aa EDI\u00c7\u00c3O DO EDITAL_VERS\u00c3O FINAL+ANEXOS<\/a><\/p>\n<p><a href=\"https:\/\/www.cinep.pb.gov.br\/portal\/wp-content\/uploads\/2024\/01\/39.-PL_002.2023_publica\u00e7\u00e3o-DOEPB_AVISO-DE-3\u00aa-CONVOCA\u00c7\u00c3O.pdf\">39. PL_002.2023_publica\u00e7\u00e3o DOEPB_AVISO DE 3\u00aa CONVOCA\u00c7\u00c3O<\/a><\/p>\n<p><a href=\"https:\/\/www.cinep.pb.gov.br\/portal\/wp-content\/uploads\/2024\/01\/40.-PL_002.2023_publica\u00e7\u00e3o-Jornal-A-Uniao_AVISO-DE-3\u00aa-CONVOCA\u00c7\u00c3O.pdf\">40. PL_002.2023_publica\u00e7\u00e3o Jornal A Uniao_AVISO DE 3\u00aa CONVOCA\u00c7\u00c3O<\/a><\/p>\n<p><a href=\"https:\/\/www.cinep.pb.gov.br\/portal\/wp-content\/uploads\/2024\/02\/41.-PL_002.2023_Ata-3\u00aa-Sess\u00e3o-P\u00fablica.pdf\">41. PL_002.2023_Ata 3\u00aa Sess\u00e3o P\u00fablica<\/a><\/p>\n<p><a href=\"https:\/\/www.cinep.pb.gov.br\/portal\/wp-content\/uploads\/2024\/02\/42.-PL_002.2023_RESULTADO_FRACASSADA_3\u00aa-SESS\u00c3O-P\u00daBLICA.pdf\">42. PL_002.2023_RESULTADO_FRACASSADA_3\u00aa SESS\u00c3O P\u00daBLICA<\/a><\/p>\n<p><a href=\"https:\/\/www.cinep.pb.gov.br\/portal\/wp-content\/uploads\/2024\/02\/43.-PL_002.2023_RELAT\u00d3RIO-DE-RESULTADO_FRACASSADA_3\u00aa-SESS\u00c3O-P\u00daBLICA.pdf\">43. PL_002.2023_RELAT\u00d3RIO DE RESULTADO_FRACASSADA_3\u00aa SESS\u00c3O P\u00daBLICA<\/a><\/p>\n<p><a href=\"https:\/\/www.cinep.pb.gov.br\/portal\/wp-content\/uploads\/2024\/02\/44.-PL_002.2023_publica\u00e7\u00e3o-DOEPB_RESULTADO_FRACASSADA_3\u00aa-SESS\u00c3O-P\u00daBLICA.pdf\">44. PL_002.2023_publica\u00e7\u00e3o DOEPB_RESULTADO_FRACASSADA_3\u00aa SESS\u00c3O P\u00daBLICA<\/a><\/p>\n<p><a href=\"https:\/\/www.cinep.pb.gov.br\/portal\/wp-content\/uploads\/2024\/02\/45.-PL_002.2023_AVISO-DE-4\u00aa-CONVOCA\u00c7\u00c3O.pdf\">45. PL_002.2023_AVISO DE 4\u00aa CONVOCA\u00c7\u00c3O<\/a><\/p>\n<p><a href=\"https:\/\/www.cinep.pb.gov.br\/portal\/wp-content\/uploads\/2024\/02\/46.-PL_002.2023_6\u00aa-EDI\u00c7\u00c3O-DO-EDITAL_VERS\u00c3O-FINALANEXOS.pdf\">46. PL_002.2023_6\u00aa EDI\u00c7\u00c3O DO EDITAL_VERS\u00c3O FINAL+ANEXOS<\/a><\/p>\n<p><a href=\"https:\/\/www.cinep.pb.gov.br\/portal\/wp-content\/uploads\/2024\/03\/47.-PL_002.2023_publica\u00e7\u00e3o-DOEPB_AVISO-DE-4\u00aa-CONVOCA\u00c7\u00c3O.pdf\">47. PL_002.2023_publica\u00e7\u00e3o DOEPB_AVISO DE 4\u00aa CONVOCA\u00c7\u00c3O<\/a><\/p>\n<p><a href=\"https:\/\/www.cinep.pb.gov.br\/portal\/wp-content\/uploads\/2024\/03\/48.-PL_002.2023_00_Ata-4\u00aa-Sess\u00e3o-P\u00fablica.pdf\">48. PL_002.2023_00_Ata 4\u00aa Sess\u00e3o P\u00fablica<\/a><\/p>\n<p><a href=\"https:\/\/www.cinep.pb.gov.br\/portal\/wp-content\/uploads\/2024\/03\/49.-PL_002.2023_01_Credenciamento-e-Proposta-4\u00aa-Sess\u00e3o-P\u00fablica.pdf\">49. PL_002.2023_01_Credenciamento e Proposta 4\u00aa Sess\u00e3o P\u00fablica<\/a><\/p>\n<p><a href=\"https:\/\/www.cinep.pb.gov.br\/portal\/wp-content\/uploads\/2024\/03\/50.-PL_002.2023_02_DOCUMENTOS-HABILITA\u00c7\u00c3O-pg-1-25.pdf\">50. PL_002.2023_02_DOCUMENTOS HABILITA\u00c7\u00c3O -pg 1-25<\/a><\/p>\n<p><a href=\"https:\/\/www.cinep.pb.gov.br\/portal\/wp-content\/uploads\/2024\/03\/51.-PL_002.2023_02_DOCUMENTOS-HABILITA\u00c7\u00c3O-pg-26-50.pdf\">51. PL_002.2023_02_DOCUMENTOS HABILITA\u00c7\u00c3O -pg 26-50<\/a><\/p>\n<p><a href=\"https:\/\/www.cinep.pb.gov.br\/portal\/wp-content\/uploads\/2024\/03\/52.-PL_002.2023_02_DOCUMENTOS-HABILITA\u00c7\u00c3O-pg-51-75.pdf\">52. PL_002.2023_02_DOCUMENTOS HABILITA\u00c7\u00c3O -pg 51-75<\/a><\/p>\n<p><a href=\"https:\/\/www.cinep.pb.gov.br\/portal\/wp-content\/uploads\/2024\/03\/53.-PL_002.2023_02_DOCUMENTOS-HABILITA\u00c7\u00c3O-pg-76-100.pdf\">53. PL_002.2023_02_DOCUMENTOS HABILITA\u00c7\u00c3O -pg 76-100<\/a><\/p>\n<p><a href=\"https:\/\/www.cinep.pb.gov.br\/portal\/wp-content\/uploads\/2024\/03\/54.-PL_002.2023_02_DOCUMENTOS-HABILITA\u00c7\u00c3O-pg-101-124.pdf\">54. PL_002.2023_02_DOCUMENTOS HABILITA\u00c7\u00c3O -pg 101-124<\/a><\/p>\n<p><a href=\"https:\/\/www.cinep.pb.gov.br\/portal\/wp-content\/uploads\/2024\/03\/55.-PL_002.2023_02_DOCUMENTOS-HABILITA\u00c7\u00c3O-pg-125-152.pdf\">55. PL_002.2023_02_DOCUMENTOS HABILITA\u00c7\u00c3O -pg 125-152<\/a><\/p>\n<p><a href=\"https:\/\/www.cinep.pb.gov.br\/portal\/wp-content\/uploads\/2024\/03\/56.-PL_002.2023_03_CONSULTA-CONSOLIDADA.pdf\">56. PL_002.2023_03_CONSULTA CONSOLIDADA<\/a><\/p>\n<p><a href=\"https:\/\/www.cinep.pb.gov.br\/portal\/wp-content\/uploads\/2024\/03\/57.-PL_002.2023_04_CAFIL-PB.pdf\">57. PL_002.2023_04_CAFIL-PB<\/a><\/p>\n<p><a href=\"https:\/\/www.cinep.pb.gov.br\/portal\/wp-content\/uploads\/2024\/03\/58.-PL_002.2023_05_Certid\u00e3o-Negativa-de-Licitantes-Inid\u00f4neos.pdf\">58. PL_002.2023_05_Certid\u00e3o Negativa de Licitantes Inid\u00f4neos<\/a><\/p>\n<p><a href=\"https:\/\/www.cinep.pb.gov.br\/portal\/wp-content\/uploads\/2024\/03\/59.-PL_002.2023_RESULTADO_4-CHAMADA_HAB-E-CLASS.pdf\">59. PL_002.2023_RESULTADO_4 CHAMADA_HAB E CLASS<\/a><\/p>\n<p><a href=\"https:\/\/www.cinep.pb.gov.br\/portal\/wp-content\/uploads\/2024\/03\/60.-PL_002.2023_publica\u00e7\u00e3o-DOEPB_RESULTADO_4-CHAMADA_HAB-E-CLASS.pdf\">60. PL_002.2023_publica\u00e7\u00e3o DOEPB_RESULTADO_4 CHAMADA_HAB E CLASS<\/a><\/p>\n<p>&nbsp;<\/p>\n","protected":false},"excerpt":{"rendered":"<p>35. PL_002.2023_publica\u00e7\u00e3o DOEPB_RESULTADO_FRACASSADA_2\u00aa SESS\u00c3O P\u00daBLICA 36. PL_002.2023_publica\u00e7\u00e3o Jornal A Uniao_RESULTADO_FRACASSADA_2\u00aa SESS\u00c3O P\u00daBLICA 34. PL_002.2023_RESULTADO_ FRACASSADA_2\u00aa SESS\u00c3O P\u00daBLICA 31. PL_002.2023_publica\u00e7\u00e3o DOEPB_AVISO DE 2\u00aa CONVOCA\u00c7\u00c3O 32. PL_002.2023_publica\u00e7\u00e3o Jornal A Uniao_AVISO DE 2\u00aa CONVOCA\u00c7\u00c3O 33. PL_002.2023_Ata 2\u00aa Sess\u00e3o P\u00fablica 30. PL_002.2023_4\u00aa EDI\u00c7\u00c3O DO EDITAL_VERS\u00c3O FINAL+ANEXOS 28. PL_002.2023_publica\u00e7\u00e3o_RESULTADO_ DESERTO_1\u00aa SESS\u00c3O P\u00daBLICA 29. PL_002.2023_AVISO DE 2\u00aa CONVOCA\u00c7\u00c3O 26. PL_002.2023_Ata 1\u00aa Sess\u00e3o P\u00fablica 27. PL_002.2023_RESULTADO_ DESERTO_1\u00aa SESS\u00c3O P\u00daBLICA 24. PL_002.2023_publica\u00e7\u00e3o Jornal A Uniao_AVISO DE 1\u00aa CONVOCA\u00c7\u00c3O<\/p>\n","protected":false},"author":12,"featured_media":0,"parent":0,"menu_order":0,"comment_status":"closed","ping_status":"closed","template":"","meta":{"ngg_post_thumbnail":0,"footnotes":""},"class_list":["entry","author-gilbertorodrigues","post-8392","page","type-page","status-publish"],"_links":{"self":[{"href":"https:\/\/www.cinep.pb.gov.br\/portal\/index.php?rest_route=\/wp\/v2\/pages\/8392","targetHints":{"allow":["GET"]}}],"collection":[{"href":"https:\/\/www.cinep.pb.gov.br\/portal\/index.php?rest_route=\/wp\/v2\/pages"}],"about":[{"href":"https:\/\/www.cinep.pb.gov.br\/portal\/index.php?rest_route=\/wp\/v2\/types\/page"}],"author":[{"embeddable":true,"href":"https:\/\/www.cinep.pb.gov.br\/portal\/index.php?rest_route=\/wp\/v2\/users\/12"}],"replies":[{"embeddable":true,"href":"https:\/\/www.cinep.pb.gov.br\/portal\/index.php?rest_route=%2Fwp%2Fv2%2Fcomments&post=8392"}],"version-history":[{"count":7,"href":"https:\/\/www.cinep.pb.gov.br\/portal\/index.php?rest_route=\/wp\/v2\/pages\/8392\/revisions"}],"predecessor-version":[{"id":8829,"href":"https:\/\/www.cinep.pb.gov.br\/portal\/index.php?rest_route=\/wp\/v2\/pages\/8392\/revisions\/8829"}],"wp:attachment":[{"href":"https:\/\/www.cinep.pb.gov.br\/portal\/index.php?rest_route=%2Fwp%2Fv2%2Fmedia&parent=8392"}],"curies":[{"name":"wp","href":"https:\/\/api.w.org\/{rel}","templated":true}]}}