{"id":8313,"date":"2023-11-29T09:34:04","date_gmt":"2023-11-29T12:34:04","guid":{"rendered":"http:\/\/www.cinep.pb.gov.br\/portal\/?page_id=8313"},"modified":"2023-12-15T13:15:33","modified_gmt":"2023-12-15T16:15:33","slug":"pregao-eletronico-006-2023","status":"publish","type":"page","link":"https:\/\/www.cinep.pb.gov.br\/portal\/?page_id=8313","title":{"rendered":"PREG\u00c3O ELETR\u00d4NICO 006\/2023"},"content":{"rendered":"<p><a href=\"https:\/\/www.cinep.pb.gov.br\/portal\/wp-content\/uploads\/2023\/11\/22.-PE_006.2023_-EDITALANEXOS_3\u00aaEDI\u00c7\u00c3O.pdf\">22. PE_006.2023_ EDITAL+ANEXOS_3\u00aaEDI\u00c7\u00c3O<\/a><\/p>\n<p><a href=\"https:\/\/www.cinep.pb.gov.br\/portal\/wp-content\/uploads\/2023\/11\/24.-PE_006.2023_-PUBLICA\u00c7\u00c3O_DOE_AVISO-DE-PREG\u00c3O.pdf\">24. PE_006.2023_ PUBLICA\u00c7\u00c3O_DOE_AVISO DE PREG\u00c3O<\/a><\/p>\n<p><a href=\"https:\/\/www.cinep.pb.gov.br\/portal\/wp-content\/uploads\/2023\/11\/25.-PE_006.2023_-PUBLICA\u00c7\u00c3O_AUNI\u00c3O_AVISO-DE-PREG\u00c3O.pdf\">25. PE_006.2023_ PUBLICA\u00c7\u00c3O_AUNI\u00c3O_AVISO DE PREG\u00c3O<\/a><\/p>\n<p><a href=\"https:\/\/www.cinep.pb.gov.br\/portal\/wp-content\/uploads\/2023\/12\/Gmail-1\u00b0-Pedido-de-Esclarecimento-Resposta-Preg\u00e3o-Eletr\u00f4nico-006_2023.pdf\">Gmail &#8211; 1\u00b0 Pedido de Esclarecimento + Resposta &#8211; Preg\u00e3o Eletr\u00f4nico 006_2023<\/a><\/p>\n<p><a href=\"https:\/\/www.cinep.pb.gov.br\/portal\/wp-content\/uploads\/2023\/12\/Gmail-2\u00b0-Pedido-de-Esclarecimento-Resposta-Preg\u00e3o-Eletr\u00f4nico-006_2023.pdf\">Gmail &#8211; 2\u00b0 Pedido de Esclarecimento + Resposta &#8211; Preg\u00e3o Eletr\u00f4nico 006_2023<\/a><\/p>\n<p><a href=\"https:\/\/www.cinep.pb.gov.br\/portal\/wp-content\/uploads\/2023\/12\/Gmail-3\u00b0-Pedido-de-Esclarecimento-Resposta-Preg\u00e3o-Eletr\u00f4nico-006_2023.pdf\">Gmail &#8211; 3\u00b0 Pedido de Esclarecimento + Resposta &#8211; Preg\u00e3o Eletr\u00f4nico 006_2023<\/a><\/p>\n<p><a href=\"https:\/\/www.cinep.pb.gov.br\/portal\/wp-content\/uploads\/2023\/12\/Gmail-4\u00ba-Pedido-de-Esclarecimento-Resposta-Preg\u00e3o-Eletr\u00f4nico-006_2023.pdf\">Gmail &#8211; 4\u00ba Pedido de Esclarecimento + Resposta &#8211; Preg\u00e3o Eletr\u00f4nico 006_2023<\/a><\/p>\n<p><a href=\"https:\/\/www.cinep.pb.gov.br\/portal\/wp-content\/uploads\/2023\/12\/Gmail-5\u00ba-Pedido-de-Esclarecimento-Resposta-Preg\u00e3o-Eletr\u00f4nico-006_2023.pdf\">Gmail &#8211; 5\u00ba Pedido de Esclarecimento + Resposta &#8211; Preg\u00e3o Eletr\u00f4nico 006_2023<\/a><\/p>\n<p><a href=\"https:\/\/www.cinep.pb.gov.br\/portal\/wp-content\/uploads\/2023\/12\/Gmail-6\u00ba-Pedido-de-Esclarecimento-Resposta-Preg\u00e3o-Eletr\u00f4nico-006_2023.pdf\">Gmail &#8211; 6\u00ba Pedido de Esclarecimento + Resposta &#8211; Preg\u00e3o Eletr\u00f4nico 006_2023<\/a><\/p>\n<p><a href=\"https:\/\/www.cinep.pb.gov.br\/portal\/wp-content\/uploads\/2023\/12\/Gmail-7\u00ba-Pedido-de-Esclarecimento-Resposta-Preg\u00e3o-Eletr\u00f4nico-006_2023.pdf\">Gmail &#8211; 7\u00ba Pedido de Esclarecimento + Resposta &#8211; Preg\u00e3o Eletr\u00f4nico 006_2023<\/a><\/p>\n","protected":false},"excerpt":{"rendered":"<p>22. PE_006.2023_ EDITAL+ANEXOS_3\u00aaEDI\u00c7\u00c3O 24. PE_006.2023_ PUBLICA\u00c7\u00c3O_DOE_AVISO DE PREG\u00c3O 25. PE_006.2023_ PUBLICA\u00c7\u00c3O_AUNI\u00c3O_AVISO DE PREG\u00c3O Gmail &#8211; 1\u00b0 Pedido de Esclarecimento + Resposta &#8211; Preg\u00e3o Eletr\u00f4nico 006_2023 Gmail &#8211; 2\u00b0 Pedido de Esclarecimento + Resposta &#8211; Preg\u00e3o Eletr\u00f4nico 006_2023 Gmail &#8211; 3\u00b0 Pedido de Esclarecimento + Resposta &#8211; Preg\u00e3o Eletr\u00f4nico 006_2023 Gmail &#8211; 4\u00ba Pedido de Esclarecimento + Resposta &#8211; Preg\u00e3o Eletr\u00f4nico 006_2023 Gmail &#8211; 5\u00ba Pedido de Esclarecimento + Resposta &#8211;<\/p>\n","protected":false},"author":12,"featured_media":0,"parent":0,"menu_order":0,"comment_status":"closed","ping_status":"closed","template":"","meta":{"ngg_post_thumbnail":0,"footnotes":""},"class_list":["entry","author-gilbertorodrigues","post-8313","page","type-page","status-publish"],"_links":{"self":[{"href":"https:\/\/www.cinep.pb.gov.br\/portal\/index.php?rest_route=\/wp\/v2\/pages\/8313","targetHints":{"allow":["GET"]}}],"collection":[{"href":"https:\/\/www.cinep.pb.gov.br\/portal\/index.php?rest_route=\/wp\/v2\/pages"}],"about":[{"href":"https:\/\/www.cinep.pb.gov.br\/portal\/index.php?rest_route=\/wp\/v2\/types\/page"}],"author":[{"embeddable":true,"href":"https:\/\/www.cinep.pb.gov.br\/portal\/index.php?rest_route=\/wp\/v2\/users\/12"}],"replies":[{"embeddable":true,"href":"https:\/\/www.cinep.pb.gov.br\/portal\/index.php?rest_route=%2Fwp%2Fv2%2Fcomments&post=8313"}],"version-history":[{"count":3,"href":"https:\/\/www.cinep.pb.gov.br\/portal\/index.php?rest_route=\/wp\/v2\/pages\/8313\/revisions"}],"predecessor-version":[{"id":8370,"href":"https:\/\/www.cinep.pb.gov.br\/portal\/index.php?rest_route=\/wp\/v2\/pages\/8313\/revisions\/8370"}],"wp:attachment":[{"href":"https:\/\/www.cinep.pb.gov.br\/portal\/index.php?rest_route=%2Fwp%2Fv2%2Fmedia&parent=8313"}],"curies":[{"name":"wp","href":"https:\/\/api.w.org\/{rel}","templated":true}]}}