{"id":8007,"date":"2023-11-01T14:21:34","date_gmt":"2023-11-01T17:21:34","guid":{"rendered":"http:\/\/www.cinep.pb.gov.br\/portal\/?page_id=8007"},"modified":"2023-11-01T14:21:34","modified_gmt":"2023-11-01T17:21:34","slug":"pregao-eletronico-004-2023","status":"publish","type":"page","link":"https:\/\/www.cinep.pb.gov.br\/portal\/?page_id=8007","title":{"rendered":"PREG\u00c3O ELETR\u00d4NICO 004\/2023"},"content":{"rendered":"<p><a href=\"https:\/\/www.cinep.pb.gov.br\/portal\/wp-content\/uploads\/2023\/11\/24.-PE_004.2023_3\u00ba-EDI\u00c7\u00c3O_EDITALANEXOS.pdf\">EDITAL ATUALIZADO<\/a><\/p>\n<p><a href=\"https:\/\/www.cinep.pb.gov.br\/portal\/wp-content\/uploads\/2023\/11\/diario-oficial-01-11-2023-30.pdf\">PUBLICA\u00c7\u00c3O DI\u00c1RIO OFICIAL<\/a><\/p>\n<p><a href=\"https:\/\/www.cinep.pb.gov.br\/portal\/wp-content\/uploads\/2023\/11\/jornal-em-pdf-01-11-23-cdepc-26.pdf\">PUBLICA\u00c7\u00c3O JORNAL A UNI\u00c3O<\/a><\/p>\n<p>&nbsp;<\/p>\n","protected":false},"excerpt":{"rendered":"<p>EDITAL ATUALIZADO PUBLICA\u00c7\u00c3O DI\u00c1RIO OFICIAL PUBLICA\u00c7\u00c3O JORNAL A UNI\u00c3O &nbsp;<\/p>\n","protected":false},"author":12,"featured_media":0,"parent":0,"menu_order":0,"comment_status":"closed","ping_status":"closed","template":"","meta":{"ngg_post_thumbnail":0,"footnotes":""},"class_list":["entry","author-gilbertorodrigues","post-8007","page","type-page","status-publish"],"_links":{"self":[{"href":"https:\/\/www.cinep.pb.gov.br\/portal\/index.php?rest_route=\/wp\/v2\/pages\/8007","targetHints":{"allow":["GET"]}}],"collection":[{"href":"https:\/\/www.cinep.pb.gov.br\/portal\/index.php?rest_route=\/wp\/v2\/pages"}],"about":[{"href":"https:\/\/www.cinep.pb.gov.br\/portal\/index.php?rest_route=\/wp\/v2\/types\/page"}],"author":[{"embeddable":true,"href":"https:\/\/www.cinep.pb.gov.br\/portal\/index.php?rest_route=\/wp\/v2\/users\/12"}],"replies":[{"embeddable":true,"href":"https:\/\/www.cinep.pb.gov.br\/portal\/index.php?rest_route=%2Fwp%2Fv2%2Fcomments&post=8007"}],"version-history":[{"count":1,"href":"https:\/\/www.cinep.pb.gov.br\/portal\/index.php?rest_route=\/wp\/v2\/pages\/8007\/revisions"}],"predecessor-version":[{"id":8008,"href":"https:\/\/www.cinep.pb.gov.br\/portal\/index.php?rest_route=\/wp\/v2\/pages\/8007\/revisions\/8008"}],"wp:attachment":[{"href":"https:\/\/www.cinep.pb.gov.br\/portal\/index.php?rest_route=%2Fwp%2Fv2%2Fmedia&parent=8007"}],"curies":[{"name":"wp","href":"https:\/\/api.w.org\/{rel}","templated":true}]}}