{"id":7991,"date":"2023-10-18T09:57:07","date_gmt":"2023-10-18T12:57:07","guid":{"rendered":"http:\/\/www.cinep.pb.gov.br\/portal\/?page_id=7991"},"modified":"2023-11-30T16:13:37","modified_gmt":"2023-11-30T19:13:37","slug":"pregao-eletronico-0004-2021-2-2","status":"publish","type":"page","link":"https:\/\/www.cinep.pb.gov.br\/portal\/?page_id=7991","title":{"rendered":"Preg\u00e3o Eletr\u00f4nico 002\/2023"},"content":{"rendered":"<p>&nbsp;<\/p>\n<p><a href=\"https:\/\/www.cinep.pb.gov.br\/portal\/wp-content\/uploads\/2023\/11\/diario-oficial-23-11-2023-asss-19.pdf\">PUBLICA\u00c7\u00c3O DI\u00c1RIO OFICIAL<\/a><\/p>\n<p><a href=\"https:\/\/www.cinep.pb.gov.br\/portal\/wp-content\/uploads\/2023\/11\/22.-EDITAL-PL-002.2023_VERS\u00c3O-FINALANEXOS_FITOSOCIOL\u00d3GICO.pdf\"> EDITAL + ANEXOS &#8211; Preg\u00e3o Eletr\u00f4nico&nbsp;n\u00ba&nbsp;002.2023<\/a><\/p>\n<p>&nbsp;<\/p>\n<p>&nbsp;<\/p>\n","protected":false},"excerpt":{"rendered":"<p>&nbsp; PUBLICA\u00c7\u00c3O DI\u00c1RIO OFICIAL EDITAL + ANEXOS &#8211; Preg\u00e3o Eletr\u00f4nico&nbsp;n\u00ba&nbsp;002.2023 &nbsp; &nbsp;<\/p>\n","protected":false},"author":1,"featured_media":0,"parent":313,"menu_order":0,"comment_status":"closed","ping_status":"closed","template":"","meta":{"ngg_post_thumbnail":0,"footnotes":""},"class_list":["entry","author-gertiadmin","post-7991","page","type-page","status-publish"],"_links":{"self":[{"href":"https:\/\/www.cinep.pb.gov.br\/portal\/index.php?rest_route=\/wp\/v2\/pages\/7991","targetHints":{"allow":["GET"]}}],"collection":[{"href":"https:\/\/www.cinep.pb.gov.br\/portal\/index.php?rest_route=\/wp\/v2\/pages"}],"about":[{"href":"https:\/\/www.cinep.pb.gov.br\/portal\/index.php?rest_route=\/wp\/v2\/types\/page"}],"author":[{"embeddable":true,"href":"https:\/\/www.cinep.pb.gov.br\/portal\/index.php?rest_route=\/wp\/v2\/users\/1"}],"replies":[{"embeddable":true,"href":"https:\/\/www.cinep.pb.gov.br\/portal\/index.php?rest_route=%2Fwp%2Fv2%2Fcomments&post=7991"}],"version-history":[{"count":4,"href":"https:\/\/www.cinep.pb.gov.br\/portal\/index.php?rest_route=\/wp\/v2\/pages\/7991\/revisions"}],"predecessor-version":[{"id":8332,"href":"https:\/\/www.cinep.pb.gov.br\/portal\/index.php?rest_route=\/wp\/v2\/pages\/7991\/revisions\/8332"}],"up":[{"embeddable":true,"href":"https:\/\/www.cinep.pb.gov.br\/portal\/index.php?rest_route=\/wp\/v2\/pages\/313"}],"wp:attachment":[{"href":"https:\/\/www.cinep.pb.gov.br\/portal\/index.php?rest_route=%2Fwp%2Fv2%2Fmedia&parent=7991"}],"curies":[{"name":"wp","href":"https:\/\/api.w.org\/{rel}","templated":true}]}}