{"id":7765,"date":"2023-03-09T10:34:53","date_gmt":"2023-03-09T13:34:53","guid":{"rendered":"http:\/\/www.cinep.pb.gov.br\/portal\/?page_id=7765"},"modified":"2023-03-09T10:34:53","modified_gmt":"2023-03-09T13:34:53","slug":"editais-e-licitacoes-3","status":"publish","type":"page","link":"https:\/\/www.cinep.pb.gov.br\/portal\/?page_id=7765","title":{"rendered":"Editais e Licita\u00e7\u00f5es 2021"},"content":{"rendered":"\n<p><a href=\"https:\/\/www.cinep.pb.gov.br\/portal\/wp-content\/uploads\/2019\/06\/ATA-R-EXTRAORDIN\u00c1RIA-C.-ADM.-JUCEP-APROVOU-REGULAMENTO-DE-LICITA\u00c7\u00c3O-CONV.-E-CONTRATOS-DA-CINEP..pdf\">Regulamento interno de licita\u00e7\u00f5es, contratos e conv\u00eanios da Companhia de Desenvolvimento da Para\u00edba &#8211; CINEP &#8211; RILCC<\/a><\/p>\n\n\n\n<p><a href=\"https:\/\/www.cinep.pb.gov.br\/portal\/?page_id=4747\">Minutas de Editais e Contratos<\/a><\/p>\n\n\n<table class=\"table table-bordered table-striped\" style=\"height: 3182px;\" border=\"0\" width=\"570\">\n<thead>\n<tr style=\"height: 32px;\">\n<th style=\"height: 29px; width: 21.8906px;\">#<\/th>\n<th style=\"height: 29px; width: 538.109px;\">Titulo<\/th>\n<\/tr>\n<\/thead>\n<tbody>\n<tr style=\"height: 148px;\">\n<td style=\"height: 148px; width: 21.8906px;\" valign=\"top\">\n<p>01<\/p>\n<\/td>\n<td style=\"height: 148px; width: 538.109px;\">\n<p style=\"text-align: justify;\"><a href=\"https:\/\/www.cinep.pb.gov.br\/portal\/?page_id=6059\"><span class=\"title\">PREG\u00c3O ELETR\u00d4NICO ESTATAL N\u00ba 001\/2021<\/span><\/a><br>Objetivo: Contrata\u00e7\u00e3o de empresa especializada para fornecimento e manuten\u00e7\u00e3o dos Sistemas Cont\u00e1bil e Fiscal em nuvem, com banco de dados hospedado em servidor pr\u00f3prio do desenvolvedor do software, conforme especifica\u00e7\u00f5es consignadas no Termo de Refer\u00eancia, incluindo na licen\u00e7a de uso dos mesmos a presta\u00e7\u00e3o de servi\u00e7os t\u00e9cnicos de implanta\u00e7\u00e3o dos sistemas, com a padroniza\u00e7\u00e3o\/convers\u00e3o de dados necess\u00e1rias da migra\u00e7\u00e3o do antigo para o novo sistema, bem como a customiza\u00e7\u00e3o dos mesmos, treinamento dos usur\u00e1rios, suporte t\u00e9cnico e manuten\u00e7\u00e3o. Limite de Acolhimento e Abertura de Propostas: 10h00 (dez horas) do dia 09 de abril de 2021, no www.licita\u00e7\u00f5es-e.com.br.<\/p>\n<\/td>\n<\/tr>\n<tr style=\"height: 148px;\">\n<td style=\"height: 148px; width: 21.8906px;\" valign=\"top\">\n<p>02<\/p>\n<\/td>\n<td style=\"height: 148px; width: 538.109px;\">\n<p style=\"text-align: justify;\"><a href=\"https:\/\/www.cinep.pb.gov.br\/portal\/?page_id=6069\"><span class=\"title\">PREG\u00c3O ELETR\u00d4NICO ESTATAL N\u00ba 003\/2021<\/span><\/a><br>O objeto consiste em dois lotes, sendo: Primeiro lote: Contrata\u00e7\u00e3o de empresa especializada para presta\u00e7\u00e3o de servi\u00e7os de vigil\u00e2ncia eletr\u00f4nica a dist\u00e2ncia, denominado monitoramento remoto de sistemas de alarmes e de vistoria de pronta resposta por 24 (vinte e quatro) horas por dia, 7 (sete) dias por semana, com fornecimento de equipamentos, mediante comodato, instala\u00e7\u00e3o e configura\u00e7\u00e3o do sistema de alarme, para execu\u00e7\u00e3o da seguran\u00e7a eletr\u00f4nica das instala\u00e7\u00f5es, m\u00f3veis, equipamentos e documentos constantes nas depend\u00eancias da COMPANHIA DE DESENVOLVIMENTO DA PARA\u00cdBA \u2013 CINEP situado a Av. Feliciano Cirne, 50 \u2013 Jaguaribe \u2013 Jo\u00e3o Pessoa-PB; Segundo lote: Contrata\u00e7\u00e3o de empresa especializada em vigil\u00e2ncia armada conforme condi\u00e7\u00f5es, quantidades, exig\u00eancias e estimativas, inclusive as encaminhadas pelos \u00f3rg\u00e3os e entidades participantes (quando for o caso), estabelecidas neste instrumento, visando a prote\u00e7\u00e3o: 01 (um) Posto de vigil\u00e2ncia armada, diurno de segunda-feira a sexta-feira das (09:00 \u00e0s 18:48) horas, resguardada 1 (uma) hora para o almo\u00e7o, na escala de servi\u00e7o 5X2, totalizando 44 (quarenta e quatro) horas semanais nas depend\u00eancias da COMPANHIA DE DESENVOLVIMENTO DA PARA\u00cdBA \u2013 CINEP situado a Av. Feliciano Cirne, 50 \u2013 Jaguaribe \u2013 Jo\u00e3o Pessoa-PB. Limite de Acolhimento e Abertura de Propostas: 10h00 (dez horas) do dia 08 de abril de 2021, no www.licita\u00e7\u00f5es-e.com.br.<\/p>\n<\/td>\n<\/tr>\n<tr style=\"height: 148px;\">\n<td style=\"height: 148px; width: 21.8906px;\" valign=\"top\">\n<p>03<\/p>\n<\/td>\n<td style=\"height: 148px; width: 538.109px;\">\n<p style=\"text-align: justify;\"><a href=\"https:\/\/www.cinep.pb.gov.br\/portal\/?page_id=6100\"><span class=\"title\">PREG\u00c3O ELETR\u00d4NICO ESTATAL N\u00ba 002\/2021<\/span><\/a><br>O objeto da presente licita\u00e7\u00e3o consiste na contrata\u00e7\u00e3o de empresas especializadas em Projetos de Pavimenta\u00e7\u00e3o e drenagem em \u00e1reas de propriedade da Companhia de Desenvolvimento da Para\u00edba \u2013 CINEP.<\/p>\n<\/td>\n<\/tr>\n<tr style=\"height: 148px;\">\n<td style=\"height: 148px; width: 21.8906px;\" valign=\"top\">\n<p>04<\/p>\n<\/td>\n<td style=\"height: 148px; width: 538.109px;\">\n<p style=\"text-align: justify;\"><a href=\"https:\/\/www.cinep.pb.gov.br\/portal\/?page_id=6115\"><span class=\"title\">PREG\u00c3O ELETR\u00d4NICO ESTATAL N\u00ba 004\/2021<\/span><\/a><br>o objeto consiste na contrata\u00e7\u00e3o de empresas especializadas em Projetos para reforma e readequa\u00e7\u00e3o de \u00c1reas do Edif\u00edcio Sede da Companhia de Desenvolvimento da Para\u00edba \u2013 CINEP. A licita\u00e7\u00e3o ser\u00e1 realizada em 06 lotes. Regime de Execu\u00e7\u00e3o: Empreitada por Pre\u00e7o Global. Tipo: Menor Pre\u00e7o. Local: Sala de disputa do www.licita\u00e7\u00f5es-e.com<\/p>\n<\/td>\n<\/tr>\n<tr style=\"height: 148px;\">\n<td style=\"height: 148px; width: 21.8906px;\" valign=\"top\">\n<p>05<\/p>\n<\/td>\n<td style=\"height: 148px; width: 538.109px;\">\n<p style=\"text-align: justify;\"><a href=\"https:\/\/www.cinep.pb.gov.br\/portal\/?page_id=6140\"><span class=\"title\">PROCEDIMENTO LICITAT\u00d3RIO 002\/2021<\/span><\/a><br>O objeto desta licita\u00e7\u00e3o consiste na contrata\u00e7\u00e3o de empresa de engenharia especializada para execu\u00e7\u00e3o de obra referente \u00e0 pavimenta\u00e7\u00e3o em paralelep\u00edpedos, capeamento asf\u00e1ltico e drenagem superficial nas Ruas Jos\u00e9 Erm\u00edrio de Moraes, Dr. Manoel Dom Abreu, Jo\u00e3o Walig, Hebert Muller e Bar\u00e3o de Mau\u00e1 no Distrito Industrial Geraldo Ribeiro Dias \u2013 Campina Grande, Para\u00edba, conforme especifica\u00e7\u00f5es e demais elementos t\u00e9cnicos constantes no Projeto B\u00e1sico<\/p>\n<\/td>\n<\/tr>\n<tr style=\"height: 148px;\">\n<td style=\"height: 148px; width: 21.8906px;\" valign=\"top\">\n<p>06<\/p>\n<\/td>\n<td style=\"height: 148px; width: 538.109px;\">\n<p style=\"text-align: justify;\"><a href=\"https:\/\/www.cinep.pb.gov.br\/portal\/?page_id=6181\"><span class=\"title\">PREG\u00c3O ELETR\u00d4NICO ESTATAL N\u00ba 006\/2021<\/span><\/a><br>Cujo objeto consiste na Contrata\u00e7\u00e3o de empresa especializada no fornecimento de Vale Alimenta\u00e7\u00e3o na modalidade Cart\u00e3o Chip, conforme Programa de Alimenta\u00e7\u00e3o do Trabalhador &#8211; PAT, com menor Taxa de Administra\u00e7\u00e3o, conforme condi\u00e7\u00f5es, quantidades e exig\u00eancias estabelecidas neste instrumento, para atender \u00e0s necessidades do SETDE\/Companhia de Desenvolvimento da Para\u00edba \u2013 CINEP. Limite de Acolhimento e Abertura de Propostas: 10h00 (dez horas) do dia 01 de julho de 2021, no www.licita\u00e7\u00f5es-e.com.br.<\/p>\n<\/td>\n<\/tr>\n<tr style=\"height: 148px;\">\n<td style=\"height: 148px; width: 21.8906px;\" valign=\"top\">\n<p>07<\/p>\n<\/td>\n<td style=\"height: 148px; width: 538.109px;\">\n<p style=\"text-align: justify;\"><a href=\"https:\/\/www.cinep.pb.gov.br\/portal\/?page_id=6549\"><span class=\"title\">PROCEDIMENTO LICITAT\u00d3RIO 003\/2021<\/span><\/a><br>Cujo objeto consiste na contrata\u00e7\u00e3o de empresa de engenharia especializada para reforma e adequa\u00e7\u00e3o do acesso ao Distrito Industrial de Queimadas &#8211; PB, conforme especifica\u00e7\u00f5es e demais elementos t\u00e9cnicos constantes no projeto b\u00e1sico e demais anexos do Edital. Regime de Execu\u00e7\u00e3o: Empreitada por Pre\u00e7o Unit\u00e1rio. Tipo: Menor Pre\u00e7o. Data e Hora: dia 30 de agosto de 2021, \u00e0s 10h00. Local: Audit\u00f3rio da Cinep Rua Feliciano Cirne, 50, Jaguaribe, Jo\u00e3o Pessoa, Para\u00edba. O Edital e seus Anexos poder\u00e3o ser retirados no s\u00edtio eletr\u00f4nico da CINEP, https:\/\/www.cinep.pb.gov.br\/portal\/, na aba \u201cServi\u00e7os\u201d -&gt; \u201cEditais e Licita\u00e7\u00f5es\u201d, e atrav\u00e9s de solicita\u00e7\u00e3o ao e-mail cineplicitacao@gmail.com.<\/p>\n<\/td>\n<\/tr>\n<tr style=\"height: 200px;\">\n<td style=\"width: 21.8906px; height: 237px;\">\n<p>08<\/p>\n<\/td>\n<td style=\"height: 237px; width: 538.109px;\">\n<p style=\"text-align: justify;\"><span class=\"title\"><a href=\"https:\/\/www.cinep.pb.gov.br\/portal\/?page_id=6622\">PREG\u00c3O ELETR\u00d4NICO N\u00ba 0008\/2021<\/a><br>O objeto da presente Contrata\u00e7\u00e3o de servi\u00e7o de consultoria em desenvolvimento de sistemas, com objetivo de estudar as necessidades para a continuidade do desenvolvimento de um sistema de gerenciamento de patrim\u00f4nio para a CINEP e cria\u00e7\u00e3o de um termo de refer\u00eancia com todos os requisitos necess\u00e1rios para atingir a evolu\u00e7\u00e3o do mesmo.<br><\/span><\/p>\n<\/td>\n<\/tr>\n<tr style=\"height: 400px;\">\n<td style=\"width: 21.8906px; height: 141px;\">\n<p>09<\/p>\n<\/td>\n<td style=\"height: 141px; width: 538.109px;\">\n<p><a href=\"https:\/\/www.cinep.pb.gov.br\/portal\/?page_id=6693\">PROCEDIMENTO LICITAT\u00d3RIO 005.2021<\/a><br>O objeto desta licita\u00e7\u00e3o consiste na contrata\u00e7\u00e3o de empresa especializada para a presta\u00e7\u00e3o de servi\u00e7os profissionais para elabora\u00e7\u00e3o de Projeto Urbano Integrado, Arquitetura de Equipamentos e Complementares para o Polo Tur\u00edstico Cabo Branco, com \u00e1rea total de 654 ha, localizado no Distrito Industrial do Turismo \u2013 DITUR.Regime de Execu\u00e7\u00e3o: Empreitada por Pre\u00e7o Unit\u00e1rio. <br>Tipo: T\u00e9cnica e Pre\u00e7o.Local: Audit\u00f3rio da Cinep Rua Feliciano Cirne, 50, Jaguaribe, Jo\u00e3o Pessoa, Para\u00edba.Valor Estimado: R$ 2.071.359,54 (dois milh\u00f5es, setenta e um mil, trezentos e cinquenta e nove reais e cinquenta e quatro centavos)<\/p>\n<p>&nbsp;<\/p>\n<\/td>\n<\/tr>\n<tr style=\"height: 100px;\">\n<td style=\"width: 21.8906px; height: 151px;\">\n<p>10<\/p>\n<\/td>\n<td style=\"height: 151px; width: 538.109px;\">\n<p><a href=\"https:\/\/www.cinep.pb.gov.br\/portal\/?page_id=6907\">PREG\u00c3O ELETR\u00d4NICO N\u00ba 0005\/2021<\/a><br>Objeto da presente licita\u00e7\u00e3o consiste na aquisi\u00e7\u00e3o, transporte e instala\u00e7\u00e3o de 60(sessenta) boxes expositores de cal\u00e7ados, que ser\u00e3o instalados no centro de comercializa\u00e7\u00e3o cal\u00e7adista de Patos PB.<\/p>\n<\/td>\n<\/tr>\n<tr style=\"height: 237px;\">\n<td style=\"width: 21.8906px; height: 237px;\">\n<p>11<\/p>\n<\/td>\n<td style=\"height: 237px; width: 538.109px;\">\n<p style=\"text-align: justify;\"><a href=\"https:\/\/www.cinep.pb.gov.br\/portal\/?page_id=6939\">PROCEDIMENTO LICITAT\u00d3RIO 001\/2021<\/a><br>O objeto desta licita\u00e7\u00e3o consiste na contrata\u00e7\u00e3o de empresa de<br>engenharia especializada para realiza\u00e7\u00e3o de servi\u00e7o de manuten\u00e7\u00e3o e<br>restaura\u00e7\u00e3o da \u00e1rea externa do edif\u00edcio sede da CINEP, localizado na Rua Feliciano Cirne, 50, Jaguaribe, Jo\u00e3o Pessoa, Para\u00edba, conforme especifica\u00e7\u00f5es e demais elementos t\u00e9cnicos constantes no Projeto B\u00e1sico e demais Anexos deste Edital.<\/p>\n<\/td>\n<\/tr>\n<tr style=\"height: 323px;\">\n<td style=\"width: 21.8906px; height: 323px;\">\n<p>12<\/p>\n<\/td>\n<td style=\"height: 323px; width: 538.109px;\">\n<p style=\"text-align: justify;\"><a href=\"https:\/\/www.cinep.pb.gov.br\/portal\/?page_id=6984&amp;preview_id=6984\">PROCEDIMENTO LICITAT\u00d3RIO 007-2021<\/a><br>Objeto desta licita\u00e7\u00e3o consiste na contrata\u00e7\u00e3o de empresa de especializada para elabora\u00e7\u00e3o de estudo de voca\u00e7\u00f5es e potencialidades espec\u00edfico sobre Estado da Para\u00edba, no intuito de identificar os eixos estrat\u00e9gicos para o desenvolvimento econ\u00f4mico, visando aperfei\u00e7oar a atua\u00e7\u00e3o da Companhia de Desenvolvimento da Para\u00edba (CINEP) nos munic\u00edpios e Arranjos Produtivos Locais (APL\u2019s), assim como nortear a elabora\u00e7\u00e3o de pol\u00edticas p\u00fablicas e aloca\u00e7\u00e3o de recursos financeiros que visem ampliar a efici\u00eancia e<br>gerar desenvolvimento no Estado da Para\u00edba.<\/p>\n<\/td>\n<\/tr>\n<\/tbody>\n<\/table>\n<table>\n<tbody>\n<tr>\n<td style=\"width: 248px;\"><a href=\"https:\/\/www.cinep.pb.gov.br\/portal\/?page_id=7179\"><span style=\"color: #191e23;\">&nbsp;Publica\u00e7\u00f5es 2019 e 2020<\/span><\/a><\/td>\n<\/tr>\n<tr>\n<td style=\"width: 248px;\"><a href=\"https:\/\/www.cinep.pb.gov.br\/portal\/?page_id=4511\"><span style=\"color: #191e23;\">&nbsp;Publica\u00e7\u00f5es 2017 e 2018<\/span><\/a><\/td>\n<\/tr>\n<tr>\n<td style=\"width: 248px;\"><a href=\"https:\/\/www.cinep.pb.gov.br\/portal\/?page_id=3390\"><span style=\"color: #191e23;\">&nbsp;Publica\u00e7\u00f5es anteriores a 2017<\/span><\/a><\/td>\n<\/tr>\n<\/tbody>\n<\/table>\n\n\n<p><\/p>\n","protected":false},"excerpt":{"rendered":"<p>Regulamento interno de licita\u00e7\u00f5es, contratos e conv\u00eanios da Companhia de Desenvolvimento da Para\u00edba &#8211; CINEP &#8211; RILCC Minutas de Editais e Contratos # Titulo 01 PREG\u00c3O ELETR\u00d4NICO ESTATAL N\u00ba 001\/2021Objetivo: Contrata\u00e7\u00e3o de empresa especializada para fornecimento e manuten\u00e7\u00e3o dos Sistemas Cont\u00e1bil e Fiscal em nuvem, com banco de dados hospedado em servidor pr\u00f3prio do desenvolvedor do software, conforme especifica\u00e7\u00f5es consignadas no Termo de Refer\u00eancia, incluindo na licen\u00e7a de uso dos<\/p>\n","protected":false},"author":2,"featured_media":199,"parent":253,"menu_order":0,"comment_status":"closed","ping_status":"closed","template":"","meta":{"ngg_post_thumbnail":0,"footnotes":""},"class_list":["entry","author-fabio","post-7765","page","type-page","status-publish","has-post-thumbnail"],"_links":{"self":[{"href":"https:\/\/www.cinep.pb.gov.br\/portal\/index.php?rest_route=\/wp\/v2\/pages\/7765","targetHints":{"allow":["GET"]}}],"collection":[{"href":"https:\/\/www.cinep.pb.gov.br\/portal\/index.php?rest_route=\/wp\/v2\/pages"}],"about":[{"href":"https:\/\/www.cinep.pb.gov.br\/portal\/index.php?rest_route=\/wp\/v2\/types\/page"}],"author":[{"embeddable":true,"href":"https:\/\/www.cinep.pb.gov.br\/portal\/index.php?rest_route=\/wp\/v2\/users\/2"}],"replies":[{"embeddable":true,"href":"https:\/\/www.cinep.pb.gov.br\/portal\/index.php?rest_route=%2Fwp%2Fv2%2Fcomments&post=7765"}],"version-history":[{"count":1,"href":"https:\/\/www.cinep.pb.gov.br\/portal\/index.php?rest_route=\/wp\/v2\/pages\/7765\/revisions"}],"predecessor-version":[{"id":7768,"href":"https:\/\/www.cinep.pb.gov.br\/portal\/index.php?rest_route=\/wp\/v2\/pages\/7765\/revisions\/7768"}],"up":[{"embeddable":true,"href":"https:\/\/www.cinep.pb.gov.br\/portal\/index.php?rest_route=\/wp\/v2\/pages\/253"}],"wp:featuredmedia":[{"embeddable":true,"href":"https:\/\/www.cinep.pb.gov.br\/portal\/index.php?rest_route=\/wp\/v2\/media\/199"}],"wp:attachment":[{"href":"https:\/\/www.cinep.pb.gov.br\/portal\/index.php?rest_route=%2Fwp%2Fv2%2Fmedia&parent=7765"}],"curies":[{"name":"wp","href":"https:\/\/api.w.org\/{rel}","templated":true}]}}