{"id":7673,"date":"2022-11-21T11:24:12","date_gmt":"2022-11-21T14:24:12","guid":{"rendered":"http:\/\/www.cinep.pb.gov.br\/portal\/?page_id=7673"},"modified":"2023-11-01T20:43:37","modified_gmt":"2023-11-01T23:43:37","slug":"procedimento-licitatorio-005-2022","status":"publish","type":"page","link":"https:\/\/www.cinep.pb.gov.br\/portal\/?page_id=7673","title":{"rendered":"PROCEDIMENTO LICITAT\u00d3RIO 005\/2022"},"content":{"rendered":"<p><a href=\"https:\/\/www.cinep.pb.gov.br\/portal\/wp-content\/uploads\/2022\/11\/PL-05.2022_Edital.Sigiloso.pdf\">&nbsp;Edital&nbsp;PL-05.2022<\/a><\/p>\n<p><a href=\"https:\/\/www.cinep.pb.gov.br\/portal\/wp-content\/uploads\/2022\/11\/PL-05.2022_Edital.Sigiloso_Anexos.pdf\">Edital Anexos<\/a><\/p>\n<p><a href=\"https:\/\/www.cinep.pb.gov.br\/portal\/wp-content\/uploads\/2022\/11\/PL-05.2022_publicacao.DOE.pdf\">Publica\u00e7\u00e3o DOE<\/a><\/p>\n<p><a href=\"https:\/\/www.cinep.pb.gov.br\/portal\/wp-content\/uploads\/2022\/11\/PL-05.2022_publicacao.UNIAO.pdf\">Publica\u00e7\u00e3o Jornal A Uni\u00e3o<\/a><\/p>\n<p><a href=\"https:\/\/www.cinep.pb.gov.br\/portal\/wp-content\/uploads\/2022\/11\/PL-05.2022_Minuta.Contrato.pdf\">Minuta Contrato<\/a><\/p>\n<p><a href=\"https:\/\/drive.google.com\/file\/d\/1dcMu6BfnqwUT-kjIT6fVLjYgEEIeoAv5\/view?usp=share_link\">Projeto B\u00e1sico<\/a><\/p>\n<p><a href=\"https:\/\/www.cinep.pb.gov.br\/portal\/wp-content\/uploads\/2022\/12\/PL.05.2022-Pedido.de.Esclarecimento-ROCHA.CAVALCANTE.pdf\">Pedido de Esclarecimento-ROCHA.CAVALCANTE<\/a><\/p>\n<p><a href=\"https:\/\/www.cinep.pb.gov.br\/portal\/wp-content\/uploads\/2022\/12\/PL.05.2022-Resposta-ROCHA.CAVALCANTE.assinado.pdf\">Resposta-ROCHA.CAVALCANTE<\/a><\/p>\n<p><a href=\"https:\/\/www.cinep.pb.gov.br\/portal\/wp-content\/uploads\/2023\/11\/CINPRC202300274V03_29097811.pdf\">PUBLICA\u00c7\u00c3O JORNAL A UNI\u00c3O<\/a><\/p>\n<p><a href=\"https:\/\/www.cinep.pb.gov.br\/portal\/wp-content\/uploads\/2023\/11\/CINPRC202300274V03_29097714.pdf\">PUBLICA\u00c7\u00c3O DIARIO OFICIAL<\/a><\/p>\n","protected":false},"excerpt":{"rendered":"<p>&nbsp;Edital&nbsp;PL-05.2022 Edital Anexos Publica\u00e7\u00e3o DOE Publica\u00e7\u00e3o Jornal A Uni\u00e3o Minuta Contrato Projeto B\u00e1sico Pedido de Esclarecimento-ROCHA.CAVALCANTE Resposta-ROCHA.CAVALCANTE PUBLICA\u00c7\u00c3O JORNAL A UNI\u00c3O PUBLICA\u00c7\u00c3O DIARIO OFICIAL<\/p>\n","protected":false},"author":12,"featured_media":0,"parent":0,"menu_order":0,"comment_status":"closed","ping_status":"closed","template":"","meta":{"ngg_post_thumbnail":0,"footnotes":""},"class_list":["entry","author-gilbertorodrigues","post-7673","page","type-page","status-publish"],"_links":{"self":[{"href":"https:\/\/www.cinep.pb.gov.br\/portal\/index.php?rest_route=\/wp\/v2\/pages\/7673","targetHints":{"allow":["GET"]}}],"collection":[{"href":"https:\/\/www.cinep.pb.gov.br\/portal\/index.php?rest_route=\/wp\/v2\/pages"}],"about":[{"href":"https:\/\/www.cinep.pb.gov.br\/portal\/index.php?rest_route=\/wp\/v2\/types\/page"}],"author":[{"embeddable":true,"href":"https:\/\/www.cinep.pb.gov.br\/portal\/index.php?rest_route=\/wp\/v2\/users\/12"}],"replies":[{"embeddable":true,"href":"https:\/\/www.cinep.pb.gov.br\/portal\/index.php?rest_route=%2Fwp%2Fv2%2Fcomments&post=7673"}],"version-history":[{"count":5,"href":"https:\/\/www.cinep.pb.gov.br\/portal\/index.php?rest_route=\/wp\/v2\/pages\/7673\/revisions"}],"predecessor-version":[{"id":8053,"href":"https:\/\/www.cinep.pb.gov.br\/portal\/index.php?rest_route=\/wp\/v2\/pages\/7673\/revisions\/8053"}],"wp:attachment":[{"href":"https:\/\/www.cinep.pb.gov.br\/portal\/index.php?rest_route=%2Fwp%2Fv2%2Fmedia&parent=7673"}],"curies":[{"name":"wp","href":"https:\/\/api.w.org\/{rel}","templated":true}]}}