{"id":7350,"date":"2022-09-22T12:57:50","date_gmt":"2022-09-22T15:57:50","guid":{"rendered":"http:\/\/www.cinep.pb.gov.br\/portal\/?page_id=7350"},"modified":"2022-09-22T12:57:50","modified_gmt":"2022-09-22T15:57:50","slug":"pregao-eletronico-estatal-no-002-2022","status":"publish","type":"page","link":"https:\/\/www.cinep.pb.gov.br\/portal\/?page_id=7350","title":{"rendered":"PREG\u00c3O ELETR\u00d4NICO ESTATAL N\u00ba 002\/2022"},"content":{"rendered":"<ol>\n<li><a href=\"https:\/\/www.cinep.pb.gov.br\/portal\/wp-content\/uploads\/2022\/09\/Edital-Licitante-completo-assinado.pdf\">Edital Licitante &#8211; completo &#8211; assinado<\/a><\/li>\n<li><a href=\"https:\/\/www.cinep.pb.gov.br\/portal\/wp-content\/uploads\/2022\/09\/PUBLICA\u00c7\u00c3O-AVISO-DOE-13-09-22.pdf\">PUBLICA\u00c7\u00c3O AVISO DOE 13-09-22<\/a><\/li>\n<li><a href=\"https:\/\/www.cinep.pb.gov.br\/portal\/wp-content\/uploads\/2022\/09\/Impugna\u00e7\u00e3o-PE-02.2022-CINEP.pdf\">Impugna\u00e7\u00e3o &#8211; PE 02.2022 &#8211; CINEP<\/a><\/li>\n<li><a href=\"https:\/\/www.cinep.pb.gov.br\/portal\/wp-content\/uploads\/2022\/09\/DECIS\u00c3O-IMPUGNA\u00c7\u00c3O-EDITAL-PE-002.2022-LOCALIZA-assinado.pdf\">DECIS\u00c3O IMPUGNA\u00c7\u00c3O EDITAL PE 002.2022 &#8211; LOCALIZA &#8211; assinado<\/a><\/li>\n<\/ol>\n","protected":false},"excerpt":{"rendered":"<p>Edital Licitante &#8211; completo &#8211; assinado PUBLICA\u00c7\u00c3O AVISO DOE 13-09-22 Impugna\u00e7\u00e3o &#8211; PE 02.2022 &#8211; CINEP DECIS\u00c3O IMPUGNA\u00c7\u00c3O EDITAL PE 002.2022 &#8211; LOCALIZA &#8211; assinado<\/p>\n","protected":false},"author":12,"featured_media":0,"parent":0,"menu_order":0,"comment_status":"closed","ping_status":"closed","template":"","meta":{"ngg_post_thumbnail":0,"footnotes":""},"class_list":["entry","author-gilbertorodrigues","post-7350","page","type-page","status-publish"],"_links":{"self":[{"href":"https:\/\/www.cinep.pb.gov.br\/portal\/index.php?rest_route=\/wp\/v2\/pages\/7350","targetHints":{"allow":["GET"]}}],"collection":[{"href":"https:\/\/www.cinep.pb.gov.br\/portal\/index.php?rest_route=\/wp\/v2\/pages"}],"about":[{"href":"https:\/\/www.cinep.pb.gov.br\/portal\/index.php?rest_route=\/wp\/v2\/types\/page"}],"author":[{"embeddable":true,"href":"https:\/\/www.cinep.pb.gov.br\/portal\/index.php?rest_route=\/wp\/v2\/users\/12"}],"replies":[{"embeddable":true,"href":"https:\/\/www.cinep.pb.gov.br\/portal\/index.php?rest_route=%2Fwp%2Fv2%2Fcomments&post=7350"}],"version-history":[{"count":1,"href":"https:\/\/www.cinep.pb.gov.br\/portal\/index.php?rest_route=\/wp\/v2\/pages\/7350\/revisions"}],"predecessor-version":[{"id":7351,"href":"https:\/\/www.cinep.pb.gov.br\/portal\/index.php?rest_route=\/wp\/v2\/pages\/7350\/revisions\/7351"}],"wp:attachment":[{"href":"https:\/\/www.cinep.pb.gov.br\/portal\/index.php?rest_route=%2Fwp%2Fv2%2Fmedia&parent=7350"}],"curies":[{"name":"wp","href":"https:\/\/api.w.org\/{rel}","templated":true}]}}