{"id":7239,"date":"2022-05-31T09:23:08","date_gmt":"2022-05-31T12:23:08","guid":{"rendered":"http:\/\/www.cinep.pb.gov.br\/portal\/?page_id=7239"},"modified":"2022-05-31T09:26:17","modified_gmt":"2022-05-31T12:26:17","slug":"resolucao-de-diretoria-no-079-2021","status":"publish","type":"page","link":"https:\/\/www.cinep.pb.gov.br\/portal\/?page_id=7239","title":{"rendered":"RESOLU\u00c7\u00c3O DE DIRETORIA N\u00ba 079\/2021"},"content":{"rendered":"\n<p><a href=\"https:\/\/www.cinep.pb.gov.br\/portal\/wp-content\/uploads\/2022\/05\/Doc-01-Resolu\u00e7\u00e3o-de-Diretoria-079_2021-Atualiza\u00e7\u00e3o-de-\u00edndice-de-corre\u00e7\u00e3o-DITur-1.pdf\">Resolu\u00e7\u00e3o de diretoria n\u00b0 079\/2021<\/a><\/p>\n","protected":false},"excerpt":{"rendered":"<p>Resolu\u00e7\u00e3o de diretoria n\u00b0 079\/2021<\/p>\n","protected":false},"author":12,"featured_media":0,"parent":0,"menu_order":0,"comment_status":"closed","ping_status":"closed","template":"","meta":{"ngg_post_thumbnail":0,"footnotes":""},"class_list":["entry","author-gilbertorodrigues","post-7239","page","type-page","status-publish"],"_links":{"self":[{"href":"https:\/\/www.cinep.pb.gov.br\/portal\/index.php?rest_route=\/wp\/v2\/pages\/7239","targetHints":{"allow":["GET"]}}],"collection":[{"href":"https:\/\/www.cinep.pb.gov.br\/portal\/index.php?rest_route=\/wp\/v2\/pages"}],"about":[{"href":"https:\/\/www.cinep.pb.gov.br\/portal\/index.php?rest_route=\/wp\/v2\/types\/page"}],"author":[{"embeddable":true,"href":"https:\/\/www.cinep.pb.gov.br\/portal\/index.php?rest_route=\/wp\/v2\/users\/12"}],"replies":[{"embeddable":true,"href":"https:\/\/www.cinep.pb.gov.br\/portal\/index.php?rest_route=%2Fwp%2Fv2%2Fcomments&post=7239"}],"version-history":[{"count":2,"href":"https:\/\/www.cinep.pb.gov.br\/portal\/index.php?rest_route=\/wp\/v2\/pages\/7239\/revisions"}],"predecessor-version":[{"id":7244,"href":"https:\/\/www.cinep.pb.gov.br\/portal\/index.php?rest_route=\/wp\/v2\/pages\/7239\/revisions\/7244"}],"wp:attachment":[{"href":"https:\/\/www.cinep.pb.gov.br\/portal\/index.php?rest_route=%2Fwp%2Fv2%2Fmedia&parent=7239"}],"curies":[{"name":"wp","href":"https:\/\/api.w.org\/{rel}","templated":true}]}}