{"id":7179,"date":"2022-05-30T14:40:41","date_gmt":"2022-05-30T17:40:41","guid":{"rendered":"http:\/\/www.cinep.pb.gov.br\/portal\/?page_id=7179"},"modified":"2022-05-30T14:40:41","modified_gmt":"2022-05-30T17:40:41","slug":"editais-e-licitacoes-2","status":"publish","type":"page","link":"https:\/\/www.cinep.pb.gov.br\/portal\/?page_id=7179","title":{"rendered":"Editais e Licita\u00e7\u00f5es 2019 e 2020"},"content":{"rendered":"\n<p><a href=\"https:\/\/www.cinep.pb.gov.br\/portal\/wp-content\/uploads\/2019\/06\/ATA-R-EXTRAORDIN\u00c1RIA-C.-ADM.-JUCEP-APROVOU-REGULAMENTO-DE-LICITA\u00c7\u00c3O-CONV.-E-CONTRATOS-DA-CINEP..pdf\">Regulamento interno de licita\u00e7\u00f5es, contratos e conv\u00eanios da Companhia de Desenvolvimento da Para\u00edba &#8211; CINEP &#8211; RILCC<\/a><\/p>\n\n\n\n<p><a href=\"https:\/\/www.cinep.pb.gov.br\/portal\/?page_id=4747\">Minutas de Editais e Contratos<\/a><\/p>\n\n\n<table class=\"table table-bordered table-striped\" style=\"height: 1200px;\" border=\"0\" width=\"570\">\n<thead>\n<tr style=\"height: 32px;\">\n<th style=\"height: 100px; width: 21.8906px;\">#<\/th>\n<th style=\"height: 100px; width: 538.109px;\">Titulo<\/th>\n<\/tr>\n<\/thead>\n<tbody>\n<tr style=\"height: 148px;\">\n<td style=\"height: 148px; width: 21.8906px;\" valign=\"top\">\n<p>01<\/p>\n<\/td>\n<td style=\"height: 148px; width: 538.109px;\">\n<p><a href=\"https:\/\/www.cinep.pb.gov.br\/portal\/?page_id=4726\"><span class=\"title\">Preg\u00e3o Presencial 001\/2019<\/span><\/a><br>Objeto: aquisi\u00e7\u00e3o de material de expediente, de processamento de dados, descart\u00e1veis, g\u00eaneros aliment\u00edcios, material de prote\u00e7\u00e3o e seguran\u00e7a e material gr\u00e1fico.<\/p>\n<\/td>\n<\/tr>\n<tr style=\"height: 92px;\">\n<td style=\"height: 92px; width: 21.8906px;\">\n<p>02<\/p>\n<\/td>\n<td style=\"height: 92px; width: 538.109px;\">\n<p><span class=\"title\"><a href=\"https:\/\/www.cinep.pb.gov.br\/portal\/?page_id=4702\">Edital Preg\u00e3o Presencial 002\/2019<\/a><strong> (Reabertura de Edital)<\/strong><br>Objeto: Presta\u00e7\u00e3o de Servi\u00e7os de Internet<\/span><\/p>\n<\/td>\n<\/tr>\n<tr style=\"height: 148px;\">\n<td style=\"height: 148px; width: 21.8906px;\">\n<p>03<\/p>\n<\/td>\n<td style=\"height: 148px; width: 538.109px;\">\n<p><span class=\"title\"><a href=\"https:\/\/www.cinep.pb.gov.br\/portal\/?page_id=4721\">Edital Preg\u00e3o Presencial 006\/2019<\/a> <strong>(Reabertura de Prazo)<\/strong><\/span> <br>Objeto: Presta\u00e7\u00e3o de servi\u00e7os topogr\u00e1ficos de &#8220;abertura de picadas&#8221; e &#8220;demarca\u00e7\u00e3o de lotes&#8221; de \u00e1reas localizadas no Distrito Industrial do Turismo, Jo\u00e3o Pessoa\/PB<\/p>\n<\/td>\n<\/tr>\n<tr style=\"height: 120px;\">\n<td style=\"height: 120px; width: 21.8906px;\">04<\/td>\n<td style=\"height: 120px; width: 538.109px;\">\n<p><a href=\"https:\/\/www.cinep.pb.gov.br\/portal\/?page_id=4888\">Edital Preg\u00e3o Presencial 003\/2019<\/a><br>Objeto: Registro de pre\u00e7o para contrata\u00e7\u00e3o de servi\u00e7os de agenciamento de viagens.<\/p>\n<\/td>\n<\/tr>\n<tr style=\"height: 148px;\">\n<td style=\"height: 148px; width: 21.8906px;\">05<\/td>\n<td style=\"height: 148px; width: 538.109px;\">\n<p><a href=\"https:\/\/www.cinep.pb.gov.br\/portal\/?page_id=5545\">Edital Procedimento Licitat\u00f3rio 0001\/2019<\/a><br>Objeto: Contrata\u00e7\u00e3o de empresa de engenharia especializada para execu\u00e7\u00e3o de obra referente \u00e0 pavimenta\u00e7\u00e3o em paralelep\u00edpedos e drenagem pluvial em Vias Locais do Distrito Industrial de Mangabeira\/PB. <br><i>Os envelopes ser\u00e3o entregues no Audit\u00f3rio desta Companhia na data 28\/07\/2020, \u00e0s 10h00.<\/i><\/p>\n<\/td>\n<\/tr>\n<tr style=\"height: 148px;\">\n<td style=\"height: 148px; width: 21.8906px;\" valign=\"top\">\n<p>06<\/p>\n<\/td>\n<td style=\"height: 148px; width: 538.109px;\">\n<p style=\"text-align: justify;\"><a href=\"https:\/\/www.cinep.pb.gov.br\/portal\/?page_id=5843\"><span class=\"title\">Edital Procedimento Licitat\u00f3rio n\u00ba 0002.2020<\/span><\/a><br>Objeto: Contrata\u00e7\u00e3o de empresa especializada em Servi\u00e7os Topogr\u00e1ficos de &#8220;Abertura de Picadas&#8221;, &#8220;Levantamento Planialtim\u00e9trico&#8221; e &#8220;Demarca\u00e7\u00e3o de Lotes&#8221; em \u00e1reas de propriedade da Companhia de Desenvolvimento da Para\u00edba &#8211; CINEP. <br><i>Os envelopes ser\u00e3o entregues no Audit\u00f3rio desta Companhia na data 23\/09\/2020, \u00e0s 10h00.<\/i><\/p>\n<\/td>\n<\/tr>\n<tr style=\"height: 148px;\">\n<td style=\"height: 148px; width: 21.8906px;\" valign=\"top\">\n<p>07<\/p>\n<\/td>\n<td style=\"height: 148px; width: 538.109px;\">\n<p style=\"text-align: justify;\"><a href=\"https:\/\/www.cinep.pb.gov.br\/portal\/?page_id=5859\"><span class=\"title\">Procedimento Licitat\u00f3rio 0003\/2020<\/span><\/a><br>Objeto: Contrata\u00e7\u00e3o de empresa especializada, para promover a habilita\u00e7\u00e3o de equipe junto ao IPHAN e promover a realiza\u00e7\u00e3o dos seguintes servi\u00e7os: Projeto de Avalia\u00e7\u00e3o de Impacto ao Patrim\u00f4nio Arqueol\u00f3gico, Relat\u00f3rio de Avalia\u00e7\u00e3o de Impacto ao Patrim\u00f4nio Arqueol\u00f3gico para o Distrito Industrial do Turismo, em toda a sua \u00e1rea, respeitada as \u00e1reas destinadas a conserva\u00e7\u00e3o da vegeta\u00e7\u00e3o, conforme especifica\u00e7\u00f5es e demais elementos t\u00e9cnicos constantes no Termo de Refer\u00eancia e demais Anexos deste Edital.<br><i>Os envelopes dever\u00e3o ser entregues no Audit\u00f3rio desta Companhia na data 25\/09\/2020, \u00e0s 10h00.<\/i><\/p>\n<\/td>\n<\/tr>\n<tr style=\"height: 148px;\">\n<td style=\"height: 148px; width: 21.8906px;\" valign=\"top\">\n<p>08<\/p>\n<\/td>\n<td style=\"height: 148px; width: 538.109px;\">\n<p style=\"text-align: justify;\"><a href=\"https:\/\/www.cinep.pb.gov.br\/portal\/?page_id=5989\"><span class=\"title\">Procedimento Licitat\u00f3rio 0004\/2020<\/span><\/a><br>Objeto: Contrata\u00e7\u00e3o de empresa de engenharia especializada em topografia para demarca\u00e7\u00e3o de lotes de dom\u00ednio da CINEP, conforme quantitativos e condi\u00e7\u00f5es estabelecidas no Termo de Refer\u00eancia.<\/p>\n<\/td>\n<\/tr>\n<\/tbody>\n<\/table>\n<table>\n<tbody>\n<tr>\n<td style=\"width: 248px;\"><a href=\"https:\/\/www.cinep.pb.gov.br\/portal\/?page_id=4511\"><span style=\"color: #191e23;\">&nbsp;Publica\u00e7\u00f5es 2017 e 2018<\/span><\/a><\/td>\n<\/tr>\n<tr>\n<td style=\"width: 248px;\"><a href=\"https:\/\/www.cinep.pb.gov.br\/portal\/?page_id=3390\"><span style=\"color: #191e23;\">&nbsp;Publica\u00e7\u00f5es anteriores a 2017<\/span><\/a><\/td>\n<\/tr>\n<\/tbody>\n<\/table>\n\n\n<p><\/p>\n","protected":false},"excerpt":{"rendered":"<p>Regulamento interno de licita\u00e7\u00f5es, contratos e conv\u00eanios da Companhia de Desenvolvimento da Para\u00edba &#8211; CINEP &#8211; RILCC Minutas de Editais e Contratos # Titulo 01 Preg\u00e3o Presencial 001\/2019Objeto: aquisi\u00e7\u00e3o de material de expediente, de processamento de dados, descart\u00e1veis, g\u00eaneros aliment\u00edcios, material de prote\u00e7\u00e3o e seguran\u00e7a e material gr\u00e1fico. 02 Edital Preg\u00e3o Presencial 002\/2019 (Reabertura de Edital)Objeto: Presta\u00e7\u00e3o de Servi\u00e7os de Internet 03 Edital Preg\u00e3o Presencial 006\/2019 (Reabertura de Prazo) Objeto:<\/p>\n","protected":false},"author":2,"featured_media":199,"parent":253,"menu_order":0,"comment_status":"closed","ping_status":"closed","template":"","meta":{"ngg_post_thumbnail":0,"footnotes":""},"class_list":["entry","author-fabio","post-7179","page","type-page","status-publish","has-post-thumbnail"],"_links":{"self":[{"href":"https:\/\/www.cinep.pb.gov.br\/portal\/index.php?rest_route=\/wp\/v2\/pages\/7179","targetHints":{"allow":["GET"]}}],"collection":[{"href":"https:\/\/www.cinep.pb.gov.br\/portal\/index.php?rest_route=\/wp\/v2\/pages"}],"about":[{"href":"https:\/\/www.cinep.pb.gov.br\/portal\/index.php?rest_route=\/wp\/v2\/types\/page"}],"author":[{"embeddable":true,"href":"https:\/\/www.cinep.pb.gov.br\/portal\/index.php?rest_route=\/wp\/v2\/users\/2"}],"replies":[{"embeddable":true,"href":"https:\/\/www.cinep.pb.gov.br\/portal\/index.php?rest_route=%2Fwp%2Fv2%2Fcomments&post=7179"}],"version-history":[{"count":1,"href":"https:\/\/www.cinep.pb.gov.br\/portal\/index.php?rest_route=\/wp\/v2\/pages\/7179\/revisions"}],"predecessor-version":[{"id":7181,"href":"https:\/\/www.cinep.pb.gov.br\/portal\/index.php?rest_route=\/wp\/v2\/pages\/7179\/revisions\/7181"}],"up":[{"embeddable":true,"href":"https:\/\/www.cinep.pb.gov.br\/portal\/index.php?rest_route=\/wp\/v2\/pages\/253"}],"wp:featuredmedia":[{"embeddable":true,"href":"https:\/\/www.cinep.pb.gov.br\/portal\/index.php?rest_route=\/wp\/v2\/media\/199"}],"wp:attachment":[{"href":"https:\/\/www.cinep.pb.gov.br\/portal\/index.php?rest_route=%2Fwp%2Fv2%2Fmedia&parent=7179"}],"curies":[{"name":"wp","href":"https:\/\/api.w.org\/{rel}","templated":true}]}}