{"id":7076,"date":"2022-02-01T08:43:14","date_gmt":"2022-02-01T11:43:14","guid":{"rendered":"http:\/\/www.cinep.pb.gov.br\/portal\/?page_id=7076"},"modified":"2022-03-22T09:33:19","modified_gmt":"2022-03-22T12:33:19","slug":"pregao-eletronico-no-0001-2022","status":"publish","type":"page","link":"https:\/\/www.cinep.pb.gov.br\/portal\/?page_id=7076","title":{"rendered":"PREG\u00c3O ELETR\u00d4NICO N\u00ba 0001\/2022"},"content":{"rendered":"<p style=\"text-align: left;\"><a href=\"https:\/\/www.cinep.pb.gov.br\/portal\/wp-content\/uploads\/2022\/02\/1.1-EDITAL-PE-001-22.pdf\">1.1- EDITAL PE 001-22<\/a><br \/>\n<a href=\"https:\/\/www.cinep.pb.gov.br\/portal\/wp-content\/uploads\/2022\/02\/1-PUBLICA\u00c7\u00c3O-CONVOCA\u00c7\u00c3O-PE-001-2022.pdf\">1- PUBLICA\u00c7\u00c3O CONVOCA\u00c7\u00c3O PE 001-2022<\/a><br \/>\n<a href=\"https:\/\/www.cinep.pb.gov.br\/portal\/wp-content\/uploads\/2022\/02\/1.2-QUESTIONAMENTOS-E-RESPOSTAS.pdf\">1.2- QUESTIONAMENTOS E RESPOSTAS<\/a><br \/>\n<a href=\"https:\/\/www.cinep.pb.gov.br\/portal\/wp-content\/uploads\/2022\/02\/2-PUBLICA\u00c7\u00c3O-ADIAMENTO-PE001-2022.pdf\">2 &#8211; PUBLICA\u00c7\u00c3O ADIAMENTO PE001-2022<\/a><br \/>\n<a href=\"https:\/\/www.cinep.pb.gov.br\/portal\/wp-content\/uploads\/2022\/02\/2.1-Peticao-Impugnacao-PRIME.pdf\">2.1- Peticao Impugnacao PRIME<\/a><br \/>\n<a href=\"https:\/\/www.cinep.pb.gov.br\/portal\/wp-content\/uploads\/2022\/03\/2.2-RESPOSTA-IMPUGNA\u00c7\u00c3O.pdf\">2.2 &#8211; RESPOSTA IMPUGNA\u00c7\u00c3O<\/a><br \/>\n<a href=\"https:\/\/www.cinep.pb.gov.br\/portal\/wp-content\/uploads\/2022\/03\/2.3-E-MAIL-E-ESCLARECIMENTOS.pdf\">2.3 &#8211; E-MAIL E ESCLARECIMENTOS<\/a><br \/>\n<a href=\"https:\/\/www.cinep.pb.gov.br\/portal\/wp-content\/uploads\/2022\/03\/3-PUBLICA\u00c7\u00c3O-CONVOCA\u00c7\u00c3O-PE-001-2022.pdf\">3 &#8211; PUBLICA\u00c7\u00c3O CONVOCA\u00c7\u00c3O PE 001-2022<\/a><br \/>\n<a href=\"https:\/\/www.cinep.pb.gov.br\/portal\/wp-content\/uploads\/2022\/03\/3.1-EDITAL-PE-001.2022-LICITANTE-novo-assinado.pdf\">3.1 &#8211; EDITAL PE 001.2022 &#8211; LICITANTE &#8211; novo &#8211; assinado<\/a><\/p>\n<p>&nbsp;<\/p>\n","protected":false},"excerpt":{"rendered":"<p>1.1- EDITAL PE 001-22 1- PUBLICA\u00c7\u00c3O CONVOCA\u00c7\u00c3O PE 001-2022 1.2- QUESTIONAMENTOS E RESPOSTAS 2 &#8211; PUBLICA\u00c7\u00c3O ADIAMENTO PE001-2022 2.1- Peticao Impugnacao PRIME 2.2 &#8211; RESPOSTA IMPUGNA\u00c7\u00c3O 2.3 &#8211; E-MAIL E ESCLARECIMENTOS 3 &#8211; PUBLICA\u00c7\u00c3O CONVOCA\u00c7\u00c3O PE 001-2022 3.1 &#8211; EDITAL PE 001.2022 &#8211; LICITANTE &#8211; novo &#8211; assinado &nbsp;<\/p>\n","protected":false},"author":11,"featured_media":0,"parent":0,"menu_order":0,"comment_status":"closed","ping_status":"closed","template":"","meta":{"ngg_post_thumbnail":0,"footnotes":""},"class_list":["entry","author-wellington","post-7076","page","type-page","status-publish"],"_links":{"self":[{"href":"https:\/\/www.cinep.pb.gov.br\/portal\/index.php?rest_route=\/wp\/v2\/pages\/7076","targetHints":{"allow":["GET"]}}],"collection":[{"href":"https:\/\/www.cinep.pb.gov.br\/portal\/index.php?rest_route=\/wp\/v2\/pages"}],"about":[{"href":"https:\/\/www.cinep.pb.gov.br\/portal\/index.php?rest_route=\/wp\/v2\/types\/page"}],"author":[{"embeddable":true,"href":"https:\/\/www.cinep.pb.gov.br\/portal\/index.php?rest_route=\/wp\/v2\/users\/11"}],"replies":[{"embeddable":true,"href":"https:\/\/www.cinep.pb.gov.br\/portal\/index.php?rest_route=%2Fwp%2Fv2%2Fcomments&post=7076"}],"version-history":[{"count":5,"href":"https:\/\/www.cinep.pb.gov.br\/portal\/index.php?rest_route=\/wp\/v2\/pages\/7076\/revisions"}],"predecessor-version":[{"id":7134,"href":"https:\/\/www.cinep.pb.gov.br\/portal\/index.php?rest_route=\/wp\/v2\/pages\/7076\/revisions\/7134"}],"wp:attachment":[{"href":"https:\/\/www.cinep.pb.gov.br\/portal\/index.php?rest_route=%2Fwp%2Fv2%2Fmedia&parent=7076"}],"curies":[{"name":"wp","href":"https:\/\/api.w.org\/{rel}","templated":true}]}}