{"id":6984,"date":"2021-12-16T08:36:37","date_gmt":"2021-12-16T11:36:37","guid":{"rendered":"http:\/\/www.cinep.pb.gov.br\/portal\/?page_id=6984"},"modified":"2022-01-12T09:51:43","modified_gmt":"2022-01-12T12:51:43","slug":"procedimento-licitatorio-007-2021","status":"publish","type":"page","link":"https:\/\/www.cinep.pb.gov.br\/portal\/?page_id=6984","title":{"rendered":"PROCEDIMENTO LICITAT\u00d3RIO 007-2021"},"content":{"rendered":"\n<p><a href=\"https:\/\/www.cinep.pb.gov.br\/portal\/wp-content\/uploads\/2021\/12\/3PUBLICA\u00c7\u00c3O-DOU-RECONVOCA\u00c7\u00c3O-PL-007-2021.pdf\">PUBLICA\u00c7\u00c3O DOU &#8211; RECONVOCA\u00c7\u00c3O PL 007-2021<\/a><br><a href=\"https:\/\/www.cinep.pb.gov.br\/portal\/wp-content\/uploads\/2021\/12\/2PUBLICA\u00c7\u00c3O-DOU-Suspens\u00e3o-1-28-10-21.pdf\">PUBLICA\u00c7\u00c3O DOU Suspens\u00e3o  28-10-21<\/a><br><a href=\"https:\/\/www.cinep.pb.gov.br\/portal\/wp-content\/uploads\/2021\/12\/1PUBLICA\u00c7\u00c3O-CONVOCA\u00c7\u00c3O-DOU-25-10-21.pdf\">PUBLICA\u00c7\u00c3O CONVOCA\u00c7\u00c3O DOU 25-10-21<\/a><br><a href=\"https:\/\/www.cinep.pb.gov.br\/portal\/wp-content\/uploads\/2021\/12\/3PUBLICA\u00c7\u00c3O-DOE-RECONVOCA\u00c7\u00c3O-PL-007-2021.pdf\">PUBLICA\u00c7\u00c3O DOE RECONVOCA\u00c7\u00c3O PL 007-2021<\/a><br><a href=\"https:\/\/www.cinep.pb.gov.br\/portal\/wp-content\/uploads\/2021\/12\/4EDITAL-PL-n\u00ba-0007.2021-licitante-assinado-C\u00f3pia.pdf\">EDITAL PL n\u00ba 0007.2021 &#8211; licitante &#8211; assinado &#8211; C\u00f3pia<\/a><br><a href=\"https:\/\/www.cinep.pb.gov.br\/portal\/wp-content\/uploads\/2022\/01\/PUBLICA\u00c7\u00c3O-PL-007-2021-DESERTA-07-01-21.pdf\">PUBLICA\u00c7\u00c3O PL 007-2021 DESERTA 07-01-21<\/a><br><br><\/p>\n","protected":false},"excerpt":{"rendered":"<p>PUBLICA\u00c7\u00c3O DOU &#8211; RECONVOCA\u00c7\u00c3O PL 007-2021PUBLICA\u00c7\u00c3O DOU Suspens\u00e3o 28-10-21PUBLICA\u00c7\u00c3O CONVOCA\u00c7\u00c3O DOU 25-10-21PUBLICA\u00c7\u00c3O DOE RECONVOCA\u00c7\u00c3O PL 007-2021EDITAL PL n\u00ba 0007.2021 &#8211; licitante &#8211; assinado &#8211; C\u00f3piaPUBLICA\u00c7\u00c3O PL 007-2021 DESERTA 07-01-21<\/p>\n","protected":false},"author":11,"featured_media":0,"parent":0,"menu_order":0,"comment_status":"closed","ping_status":"closed","template":"","meta":{"ngg_post_thumbnail":0,"footnotes":""},"class_list":["entry","author-wellington","post-6984","page","type-page","status-publish"],"_links":{"self":[{"href":"https:\/\/www.cinep.pb.gov.br\/portal\/index.php?rest_route=\/wp\/v2\/pages\/6984","targetHints":{"allow":["GET"]}}],"collection":[{"href":"https:\/\/www.cinep.pb.gov.br\/portal\/index.php?rest_route=\/wp\/v2\/pages"}],"about":[{"href":"https:\/\/www.cinep.pb.gov.br\/portal\/index.php?rest_route=\/wp\/v2\/types\/page"}],"author":[{"embeddable":true,"href":"https:\/\/www.cinep.pb.gov.br\/portal\/index.php?rest_route=\/wp\/v2\/users\/11"}],"replies":[{"embeddable":true,"href":"https:\/\/www.cinep.pb.gov.br\/portal\/index.php?rest_route=%2Fwp%2Fv2%2Fcomments&post=6984"}],"version-history":[{"count":3,"href":"https:\/\/www.cinep.pb.gov.br\/portal\/index.php?rest_route=\/wp\/v2\/pages\/6984\/revisions"}],"predecessor-version":[{"id":7020,"href":"https:\/\/www.cinep.pb.gov.br\/portal\/index.php?rest_route=\/wp\/v2\/pages\/6984\/revisions\/7020"}],"wp:attachment":[{"href":"https:\/\/www.cinep.pb.gov.br\/portal\/index.php?rest_route=%2Fwp%2Fv2%2Fmedia&parent=6984"}],"curies":[{"name":"wp","href":"https:\/\/api.w.org\/{rel}","templated":true}]}}