{"id":6939,"date":"2021-11-18T09:09:48","date_gmt":"2021-11-18T12:09:48","guid":{"rendered":"http:\/\/www.cinep.pb.gov.br\/portal\/?page_id=6939"},"modified":"2021-11-19T09:33:43","modified_gmt":"2021-11-19T12:33:43","slug":"procedimento-licitatorio-001-2021","status":"publish","type":"page","link":"https:\/\/www.cinep.pb.gov.br\/portal\/?page_id=6939","title":{"rendered":"PROCEDIMENTO LICITAT\u00d3RIO 001\/2021"},"content":{"rendered":"<p><a href=\"https:\/\/www.cinep.pb.gov.br\/portal\/wp-content\/uploads\/2021\/11\/PUBLICA\u00c7\u00c3O-CONVOCA\u00c7\u00c3O-PL-001-2021-12-01-21.pdf\">PUBLICA\u00c7\u00c3O CONVOCA\u00c7\u00c3O PL 001-2021 12-01-21<\/a><br \/>\n<a href=\"https:\/\/www.cinep.pb.gov.br\/portal\/wp-content\/uploads\/2021\/11\/EDITAL-PL-n\u00ba-0001.2021-licitante-assinado.pdf\">EDITAL PL n\u00ba 0001.2021 &#8211; licitante &#8211; assinado<\/a><br \/>\n<a href=\"https:\/\/www.cinep.pb.gov.br\/portal\/wp-content\/uploads\/2021\/11\/Projeto-B\u00e1sico-Licitante.pdf\">Projeto B\u00e1sico &#8211; Licitante<\/a><\/p>\n","protected":false},"excerpt":{"rendered":"<p>PUBLICA\u00c7\u00c3O CONVOCA\u00c7\u00c3O PL 001-2021 12-01-21 EDITAL PL n\u00ba 0001.2021 &#8211; licitante &#8211; assinado Projeto B\u00e1sico &#8211; Licitante<\/p>\n","protected":false},"author":11,"featured_media":0,"parent":0,"menu_order":0,"comment_status":"closed","ping_status":"closed","template":"","meta":{"ngg_post_thumbnail":0,"footnotes":""},"class_list":["entry","author-wellington","post-6939","page","type-page","status-publish"],"_links":{"self":[{"href":"https:\/\/www.cinep.pb.gov.br\/portal\/index.php?rest_route=\/wp\/v2\/pages\/6939","targetHints":{"allow":["GET"]}}],"collection":[{"href":"https:\/\/www.cinep.pb.gov.br\/portal\/index.php?rest_route=\/wp\/v2\/pages"}],"about":[{"href":"https:\/\/www.cinep.pb.gov.br\/portal\/index.php?rest_route=\/wp\/v2\/types\/page"}],"author":[{"embeddable":true,"href":"https:\/\/www.cinep.pb.gov.br\/portal\/index.php?rest_route=\/wp\/v2\/users\/11"}],"replies":[{"embeddable":true,"href":"https:\/\/www.cinep.pb.gov.br\/portal\/index.php?rest_route=%2Fwp%2Fv2%2Fcomments&post=6939"}],"version-history":[{"count":3,"href":"https:\/\/www.cinep.pb.gov.br\/portal\/index.php?rest_route=\/wp\/v2\/pages\/6939\/revisions"}],"predecessor-version":[{"id":6948,"href":"https:\/\/www.cinep.pb.gov.br\/portal\/index.php?rest_route=\/wp\/v2\/pages\/6939\/revisions\/6948"}],"wp:attachment":[{"href":"https:\/\/www.cinep.pb.gov.br\/portal\/index.php?rest_route=%2Fwp%2Fv2%2Fmedia&parent=6939"}],"curies":[{"name":"wp","href":"https:\/\/api.w.org\/{rel}","templated":true}]}}