{"id":6693,"date":"2021-10-14T10:50:50","date_gmt":"2021-10-14T13:50:50","guid":{"rendered":"http:\/\/www.cinep.pb.gov.br\/portal\/?page_id=6693"},"modified":"2022-02-08T17:58:39","modified_gmt":"2022-02-08T20:58:39","slug":"procedimento-licitatorio-005-2021","status":"publish","type":"page","link":"https:\/\/www.cinep.pb.gov.br\/portal\/?page_id=6693","title":{"rendered":"PROCEDIMENTO LICITAT\u00d3RIO 005.2021"},"content":{"rendered":"<p><a href=\"https:\/\/www.cinep.pb.gov.br\/portal\/wp-content\/uploads\/2021\/10\/EDITAL-PL-n\u00ba-0005.2021-completo-licitante-assinado-1.pdf\">EDITAL PL n\u00ba 0005.2021 &#8211; completo &#8211; licitante-assinado<\/a><br \/>\n<a href=\"https:\/\/www.cinep.pb.gov.br\/portal\/wp-content\/uploads\/2021\/10\/PUB-CONV-PL-005-21-14-10-21.pdf\">PUB CONV PL 005-21 14-10-21<\/a><br \/>\n<a href=\"https:\/\/www.cinep.pb.gov.br\/portal\/wp-content\/uploads\/2021\/10\/2REPUBLICA\u00c7\u00c3O-CONV-PL-005-21-15-10-21.pdf\">REPUBLICA\u00c7\u00c3O CONV PL 005-21 15-10-21<\/a><br \/>\n<a href=\"https:\/\/www.cinep.pb.gov.br\/portal\/wp-content\/uploads\/2021\/11\/RESPOSTAS-QUESTIONAMENTOS-EMPRESA-UMPRAUM.pdf\">RESPOSTAS QUESTIONAMENTOS EMPRESA UMPRAUM<\/a><br \/>\n<a href=\"https:\/\/www.cinep.pb.gov.br\/portal\/wp-content\/uploads\/2022\/01\/PUBLICA\u00c7\u00c3O-Resultado-Class-PL005-21-13-01-22.pdf\">PUBLICA\u00c7\u00c3O Resultado Class PL005-21 13-01-22<\/a><br \/>\n<a href=\"https:\/\/www.cinep.pb.gov.br\/portal\/wp-content\/uploads\/2022\/02\/4-PUBLICA\u00c7\u00c3O-JULGAMENTO-DE-HABILITA\u00c7\u00c3O-PL-005-2021.pdf\">4- PUBLICA\u00c7\u00c3O JULGAMENTO DE HABILITA\u00c7\u00c3O PL 005-2021<\/a><br \/>\n<a href=\"https:\/\/www.cinep.pb.gov.br\/portal\/wp-content\/uploads\/2022\/02\/5-PUBLICA\u00c7\u00c3O-RECURSO-PL-005-21-29-01-22.pdf\">5- PUBLICA\u00c7\u00c3O RECURSO PL 005-21 29-01-22<\/a><br \/>\n<a href=\"https:\/\/www.cinep.pb.gov.br\/portal\/wp-content\/uploads\/2022\/02\/5.1-RECURSO-ATELIER-PL-005-2021-ASSINADO.pdf\">5.1- RECURSO ATELIER PL 005-2021 ASSINADO<\/a><br \/>\n<a href=\"https:\/\/www.cinep.pb.gov.br\/portal\/wp-content\/uploads\/2022\/02\/6-PUBLICA\u00c7\u00c3O-JULGAMENTO-DE-RECURSO-PL-005-2021.pdf\">6- PUBLICA\u00c7\u00c3O JULGAMENTO DE RECURSO PL 005-2021<\/a><br \/>\n<a href=\"https:\/\/www.cinep.pb.gov.br\/portal\/wp-content\/uploads\/2022\/02\/7-PUBLICA\u00c7\u00c3O-ADJUDICA\u00c7\u00c3O-HOMOLOGA\u00c7\u00c3O-PL-005-2021.pdf\">7- PUBLICA\u00c7\u00c3O ADJUDICA\u00c7\u00c3O HOMOLOGA\u00c7\u00c3O PL 005-2021<\/a><\/p>\n","protected":false},"excerpt":{"rendered":"<p>EDITAL PL n\u00ba 0005.2021 &#8211; completo &#8211; licitante-assinado PUB CONV PL 005-21 14-10-21 REPUBLICA\u00c7\u00c3O CONV PL 005-21 15-10-21 RESPOSTAS QUESTIONAMENTOS EMPRESA UMPRAUM PUBLICA\u00c7\u00c3O Resultado Class PL005-21 13-01-22 4- PUBLICA\u00c7\u00c3O JULGAMENTO DE HABILITA\u00c7\u00c3O PL 005-2021 5- PUBLICA\u00c7\u00c3O RECURSO PL 005-21 29-01-22 5.1- RECURSO ATELIER PL 005-2021 ASSINADO 6- PUBLICA\u00c7\u00c3O JULGAMENTO DE RECURSO PL 005-2021 7- PUBLICA\u00c7\u00c3O ADJUDICA\u00c7\u00c3O HOMOLOGA\u00c7\u00c3O PL 005-2021<\/p>\n","protected":false},"author":11,"featured_media":0,"parent":0,"menu_order":0,"comment_status":"closed","ping_status":"closed","template":"","meta":{"ngg_post_thumbnail":0,"footnotes":""},"class_list":["entry","author-wellington","post-6693","page","type-page","status-publish"],"_links":{"self":[{"href":"https:\/\/www.cinep.pb.gov.br\/portal\/index.php?rest_route=\/wp\/v2\/pages\/6693","targetHints":{"allow":["GET"]}}],"collection":[{"href":"https:\/\/www.cinep.pb.gov.br\/portal\/index.php?rest_route=\/wp\/v2\/pages"}],"about":[{"href":"https:\/\/www.cinep.pb.gov.br\/portal\/index.php?rest_route=\/wp\/v2\/types\/page"}],"author":[{"embeddable":true,"href":"https:\/\/www.cinep.pb.gov.br\/portal\/index.php?rest_route=\/wp\/v2\/users\/11"}],"replies":[{"embeddable":true,"href":"https:\/\/www.cinep.pb.gov.br\/portal\/index.php?rest_route=%2Fwp%2Fv2%2Fcomments&post=6693"}],"version-history":[{"count":10,"href":"https:\/\/www.cinep.pb.gov.br\/portal\/index.php?rest_route=\/wp\/v2\/pages\/6693\/revisions"}],"predecessor-version":[{"id":7091,"href":"https:\/\/www.cinep.pb.gov.br\/portal\/index.php?rest_route=\/wp\/v2\/pages\/6693\/revisions\/7091"}],"wp:attachment":[{"href":"https:\/\/www.cinep.pb.gov.br\/portal\/index.php?rest_route=%2Fwp%2Fv2%2Fmedia&parent=6693"}],"curies":[{"name":"wp","href":"https:\/\/api.w.org\/{rel}","templated":true}]}}