{"id":6622,"date":"2021-09-22T20:28:33","date_gmt":"2021-09-22T23:28:33","guid":{"rendered":"http:\/\/www.cinep.pb.gov.br\/portal\/?page_id=6622"},"modified":"2021-11-11T14:15:17","modified_gmt":"2021-11-11T17:15:17","slug":"pregao-eletronico-no-0008-2021","status":"publish","type":"page","link":"https:\/\/www.cinep.pb.gov.br\/portal\/?page_id=6622","title":{"rendered":"PREG\u00c3O ELETR\u00d4NICO N\u00ba 0008\/2021"},"content":{"rendered":"<p><a href=\"https:\/\/www.cinep.pb.gov.br\/portal\/wp-content\/uploads\/2021\/09\/EDITAL-PREG\u00c3O-ELETR\u00d4NICO-PE-008.2021_assinado.pdf\">EDITAL PREG\u00c3O ELETR\u00d4NICO PE 008.2021_assinado<\/a><br \/>\n<a href=\"https:\/\/www.cinep.pb.gov.br\/portal\/wp-content\/uploads\/2021\/09\/PUB-CONCOCA\u00c7\u00c3O-PE008-21-21-09-21.pdf\">PUB CONCOCA\u00c7\u00c3O PE008-21 21-09-21<\/a><br \/>\n<a href=\"https:\/\/www.cinep.pb.gov.br\/portal\/wp-content\/uploads\/2021\/11\/ATA_LICITACAO_PORTUGUES_897561.pdf\">ATA_LICITACAO_PORTUGUES_897561<\/a><br \/>\n<a href=\"https:\/\/www.cinep.pb.gov.br\/portal\/wp-content\/uploads\/2021\/11\/PUBLICA\u00c7\u00c3O-HOMOLOGA\u00c7\u00c3O-PE-008-21-11-11-21.pdf\">PUBLICA\u00c7\u00c3O HOMOLOGA\u00c7\u00c3O PE 008-21 11-11-21<\/a><\/p>\n","protected":false},"excerpt":{"rendered":"<p>EDITAL PREG\u00c3O ELETR\u00d4NICO PE 008.2021_assinado PUB CONCOCA\u00c7\u00c3O PE008-21 21-09-21 ATA_LICITACAO_PORTUGUES_897561 PUBLICA\u00c7\u00c3O HOMOLOGA\u00c7\u00c3O PE 008-21 11-11-21<\/p>\n","protected":false},"author":11,"featured_media":0,"parent":0,"menu_order":0,"comment_status":"closed","ping_status":"closed","template":"","meta":{"ngg_post_thumbnail":0,"footnotes":""},"class_list":["entry","author-wellington","post-6622","page","type-page","status-publish"],"_links":{"self":[{"href":"https:\/\/www.cinep.pb.gov.br\/portal\/index.php?rest_route=\/wp\/v2\/pages\/6622","targetHints":{"allow":["GET"]}}],"collection":[{"href":"https:\/\/www.cinep.pb.gov.br\/portal\/index.php?rest_route=\/wp\/v2\/pages"}],"about":[{"href":"https:\/\/www.cinep.pb.gov.br\/portal\/index.php?rest_route=\/wp\/v2\/types\/page"}],"author":[{"embeddable":true,"href":"https:\/\/www.cinep.pb.gov.br\/portal\/index.php?rest_route=\/wp\/v2\/users\/11"}],"replies":[{"embeddable":true,"href":"https:\/\/www.cinep.pb.gov.br\/portal\/index.php?rest_route=%2Fwp%2Fv2%2Fcomments&post=6622"}],"version-history":[{"count":4,"href":"https:\/\/www.cinep.pb.gov.br\/portal\/index.php?rest_route=\/wp\/v2\/pages\/6622\/revisions"}],"predecessor-version":[{"id":6925,"href":"https:\/\/www.cinep.pb.gov.br\/portal\/index.php?rest_route=\/wp\/v2\/pages\/6622\/revisions\/6925"}],"wp:attachment":[{"href":"https:\/\/www.cinep.pb.gov.br\/portal\/index.php?rest_route=%2Fwp%2Fv2%2Fmedia&parent=6622"}],"curies":[{"name":"wp","href":"https:\/\/api.w.org\/{rel}","templated":true}]}}