{"id":6549,"date":"2021-08-23T13:29:08","date_gmt":"2021-08-23T16:29:08","guid":{"rendered":"http:\/\/www.cinep.pb.gov.br\/portal\/?page_id=6549"},"modified":"2022-02-11T10:53:26","modified_gmt":"2022-02-11T13:53:26","slug":"procedimento-licitatorio-003-2021","status":"publish","type":"page","link":"https:\/\/www.cinep.pb.gov.br\/portal\/?page_id=6549","title":{"rendered":"PROCEDIMENTO LICITAT\u00d3RIO 003\/2021"},"content":{"rendered":"<p><a href=\"https:\/\/www.cinep.pb.gov.br\/portal\/wp-content\/uploads\/2021\/08\/PUB-2-CONV.-PL-003.2021.pdf\">PUB 2 CONV. PL 003.2021<\/a><br><a href=\"https:\/\/www.cinep.pb.gov.br\/portal\/wp-content\/uploads\/2021\/08\/ATA-SESS\u00c3O-06.08-DESERTA.pdf\">ATA SESS\u00c3O 06.08 &#8211; DESERTA<\/a><br><a href=\"https:\/\/www.cinep.pb.gov.br\/portal\/wp-content\/uploads\/2021\/08\/Projeto-B\u00e1sico-PL-003.2021-Licitante.pdf\">Projeto B\u00e1sico PL 003.2021 &#8211; Licitante<\/a><br><a href=\"https:\/\/www.cinep.pb.gov.br\/portal\/wp-content\/uploads\/2021\/08\/EDITAL-PL-003.2021-1-convoca\u00e7\u00e3o.pdf\">EDITAL PL 003.2021 &#8211; 1 convoca\u00e7\u00e3o<\/a><br><a href=\"https:\/\/www.cinep.pb.gov.br\/portal\/wp-content\/uploads\/2021\/08\/EDITAL-PL-003.2021-LICITANTE-2-convoca\u00e7\u00e3o.pdf\">EDITAL PL 003.2021 &#8211; LICITANTE &#8211; 2 convoca\u00e7\u00e3o<\/a><br><a href=\"https:\/\/www.cinep.pb.gov.br\/portal\/wp-content\/uploads\/2021\/09\/Projeto-B\u00e1sico-PL-003.2021-Licitante.pdf\">Projeto B\u00e1sico Procedimento Licitat\u00f3rio 003.2021<\/a><br><a href=\"https:\/\/www.cinep.pb.gov.br\/portal\/wp-content\/uploads\/2021\/09\/Projeto-B\u00e1sico-PL-003.2021-Licitante.pdf\">Edital Procedimento Licitat\u00f3rio 003.2022 &#8211; 3 Convoca\u00e7\u00e3o- 27.0<\/a><br><a href=\"https:\/\/www.cinep.pb.gov.br\/portal\/wp-content\/uploads\/2021\/10\/4CONVOCA\u00c7\u00c3O-PL-003-21-15-10-21.pdf\">CONVOCA\u00c7\u00c3O PL 003-21 15-10-21<\/a><br><a href=\"https:\/\/www.cinep.pb.gov.br\/portal\/wp-content\/uploads\/2021\/10\/Edital-Projeto-B\u00e1sico-PL-003.2021-Licitante-4-convoca\u00e7\u00e3o.pdf\">Edital + Projeto B\u00e1sico PL 003.2021 &#8211; Licitante &#8211; 4 convoca\u00e7\u00e3o<\/a><br><a href=\"https:\/\/www.cinep.pb.gov.br\/portal\/wp-content\/uploads\/2021\/11\/ATA-SESS\u00c3O-04-11-21.pdf\">ATA SESS\u00c3O 04-11-21<\/a><br><a href=\"https:\/\/www.cinep.pb.gov.br\/portal\/wp-content\/uploads\/2021\/11\/PUB-DESERTA4-PL-003-2021-05-11-21.pdf\">PUB DESERTA4 PL 003-2021 05-11-21<\/a><br><a href=\"https:\/\/www.cinep.pb.gov.br\/portal\/wp-content\/uploads\/2021\/11\/PUBLICA\u00c7\u00c3O-5CONVOCA\u00c7\u00c3O-PL-003-2021-12-01-21.pdf\">PUBLICA\u00c7\u00c3O 5CONVOCA\u00c7\u00c3O PL 003-2021 12-01-21<\/a><br><a href=\"https:\/\/www.cinep.pb.gov.br\/portal\/wp-content\/uploads\/2021\/11\/Edital-PL-003.2021-Licitante-5-convoca\u00e7\u00e3o-assinado.pdf\">6.1-Edital PL 003.2021 &#8211; Licitante- 5 convoca\u00e7\u00e3o &#8211; assinado<\/a><br><a href=\"https:\/\/www.cinep.pb.gov.br\/portal\/wp-content\/uploads\/2021\/12\/Projeto-B\u00e1sico-Licitante-final.pdf\">6.2-Projeto B\u00e1sico Licitante &#8211; final<\/a><br><a href=\"https:\/\/www.cinep.pb.gov.br\/portal\/wp-content\/uploads\/2021\/12\/ATA-PL-003-NUMERADA-08-12-21.pdf\">6.3-ATA PL 003 NUMERADA 08-12-21<\/a><br><a href=\"https:\/\/www.cinep.pb.gov.br\/portal\/wp-content\/uploads\/2021\/12\/6-6PUBLICA\u00c7\u00c3O-CONVOCA\u00c7\u00c3O-PL-003-21-18-12-21.pdf\">6-PUBLICA\u00c7\u00c3O CONVOCA\u00c7\u00c3O PL 003-21 18-12-21<\/a><br><a href=\"https:\/\/www.cinep.pb.gov.br\/portal\/wp-content\/uploads\/2021\/12\/Edital-PL-003.2021-Licitante-6-convoca\u00e7\u00e3o-assinado.pdf\">Edital PL 003.2021 &#8211; Licitante- 6 convoca\u00e7\u00e3o &#8211; assinado<\/a><br><a href=\"https:\/\/www.cinep.pb.gov.br\/portal\/wp-content\/uploads\/2022\/01\/ATA-PL-003-21-11-01-21.pdf\">ATA PL 003-21 11-01-21<\/a><br><a href=\"https:\/\/www.cinep.pb.gov.br\/portal\/wp-content\/uploads\/2022\/02\/7-PUBLICA\u00c7\u00c3O-JULG-CLASSIFICA\u00c7\u00c3O-PL-00-2021-14-01-22.pdf\">7- PUBLICA\u00c7\u00c3O JULG CLASSIFICA\u00c7\u00c3O PL 00-2021 14-01-22<\/a><br><a href=\"https:\/\/www.cinep.pb.gov.br\/portal\/wp-content\/uploads\/2022\/02\/8-REPUBLICA\u00c7\u00c3O-INCORRE\u00c7\u00c3O-RESUL-HAB-E-CLASS-PL-003-2021.pdf\">8- REPUBLICA\u00c7\u00c3O INCORRE\u00c7\u00c3O RESUL HAB E CLASS PL 003-2021<\/a><br><a href=\"https:\/\/www.cinep.pb.gov.br\/portal\/wp-content\/uploads\/2022\/02\/9-PUBLICA\u00c7\u00c3O-ADJUDICA\u00c7\u00c3O-HOMOLOGA\u00c7\u00c3O-PL-003-2021.pdf\">9- PUBLICA\u00c7\u00c3O ADJUDICA\u00c7\u00c3O HOMOLOGA\u00c7\u00c3O PL 003-2021<\/a><\/p>\n\n\n<p><\/p>\n","protected":false},"excerpt":{"rendered":"<p>PUB 2 CONV. PL 003.2021ATA SESS\u00c3O 06.08 &#8211; DESERTAProjeto B\u00e1sico PL 003.2021 &#8211; LicitanteEDITAL PL 003.2021 &#8211; 1 convoca\u00e7\u00e3oEDITAL PL 003.2021 &#8211; LICITANTE &#8211; 2 convoca\u00e7\u00e3oProjeto B\u00e1sico Procedimento Licitat\u00f3rio 003.2021Edital Procedimento Licitat\u00f3rio 003.2022 &#8211; 3 Convoca\u00e7\u00e3o- 27.0CONVOCA\u00c7\u00c3O PL 003-21 15-10-21Edital + Projeto B\u00e1sico PL 003.2021 &#8211; Licitante &#8211; 4 convoca\u00e7\u00e3oATA SESS\u00c3O 04-11-21PUB DESERTA4 PL 003-2021 05-11-21PUBLICA\u00c7\u00c3O 5CONVOCA\u00c7\u00c3O PL 003-2021 12-01-216.1-Edital PL 003.2021 &#8211; Licitante- 5 convoca\u00e7\u00e3o &#8211; assinado6.2-Projeto B\u00e1sico Licitante<\/p>\n","protected":false},"author":9,"featured_media":0,"parent":313,"menu_order":0,"comment_status":"closed","ping_status":"closed","template":"","meta":{"ngg_post_thumbnail":0,"footnotes":""},"class_list":["entry","author-jordan","post-6549","page","type-page","status-publish"],"_links":{"self":[{"href":"https:\/\/www.cinep.pb.gov.br\/portal\/index.php?rest_route=\/wp\/v2\/pages\/6549","targetHints":{"allow":["GET"]}}],"collection":[{"href":"https:\/\/www.cinep.pb.gov.br\/portal\/index.php?rest_route=\/wp\/v2\/pages"}],"about":[{"href":"https:\/\/www.cinep.pb.gov.br\/portal\/index.php?rest_route=\/wp\/v2\/types\/page"}],"author":[{"embeddable":true,"href":"https:\/\/www.cinep.pb.gov.br\/portal\/index.php?rest_route=\/wp\/v2\/users\/9"}],"replies":[{"embeddable":true,"href":"https:\/\/www.cinep.pb.gov.br\/portal\/index.php?rest_route=%2Fwp%2Fv2%2Fcomments&post=6549"}],"version-history":[{"count":11,"href":"https:\/\/www.cinep.pb.gov.br\/portal\/index.php?rest_route=\/wp\/v2\/pages\/6549\/revisions"}],"predecessor-version":[{"id":7113,"href":"https:\/\/www.cinep.pb.gov.br\/portal\/index.php?rest_route=\/wp\/v2\/pages\/6549\/revisions\/7113"}],"up":[{"embeddable":true,"href":"https:\/\/www.cinep.pb.gov.br\/portal\/index.php?rest_route=\/wp\/v2\/pages\/313"}],"wp:attachment":[{"href":"https:\/\/www.cinep.pb.gov.br\/portal\/index.php?rest_route=%2Fwp%2Fv2%2Fmedia&parent=6549"}],"curies":[{"name":"wp","href":"https:\/\/api.w.org\/{rel}","templated":true}]}}