{"id":6140,"date":"2021-05-12T16:34:16","date_gmt":"2021-05-12T19:34:16","guid":{"rendered":"http:\/\/www.cinep.pb.gov.br\/portal\/?page_id=6140"},"modified":"2021-11-09T14:20:23","modified_gmt":"2021-11-09T17:20:23","slug":"procedimento-licitatorio-002-2021","status":"publish","type":"page","link":"https:\/\/www.cinep.pb.gov.br\/portal\/?page_id=6140","title":{"rendered":"PROCEDIMENTO LICITAT\u00d3RIO 002\/2021"},"content":{"rendered":"<p><a href=\"https:\/\/www.cinep.pb.gov.br\/portal\/wp-content\/uploads\/2021\/05\/Edital-PL-002.2021.pdf\">Edital PL 002.2021<\/a><br \/>\n<a href=\"https:\/\/www.cinep.pb.gov.br\/portal\/wp-content\/uploads\/2021\/06\/Publica\u00e7\u00e3o-Aviso-de-2\u00aa-convoca\u00e7\u00e3o.pdf\">Publica\u00e7\u00e3o &#8211; Aviso de 2\u00aa convoca\u00e7\u00e3o<\/a><br \/>\n<a href=\"https:\/\/www.cinep.pb.gov.br\/portal\/wp-content\/uploads\/2021\/06\/PUBLICACAO-LICITACA-DESERTA-PL-02-2021.pdf\">PUBLICACAO LICITACA DESERTA PL 02-2021<\/a><br \/>\n<a href=\"https:\/\/www.cinep.pb.gov.br\/portal\/wp-content\/uploads\/2021\/06\/Edital-PL-002.2021-2-convocacao.pdf\">Edital PL 002.2021 &#8211; 2 convocacao<\/a><br \/>\n<a href=\"https:\/\/www.cinep.pb.gov.br\/portal\/wp-content\/uploads\/2021\/06\/Ata-Sess\u00e3o-P\u00fablica-Licita\u00e7\u00e3o-Deserta.pdf\">Ata Sess\u00e3o P\u00fablica &#8211; Licita\u00e7\u00e3o Deserta<\/a><br \/>\n<a href=\"https:\/\/www.cinep.pb.gov.br\/portal\/wp-content\/uploads\/2021\/10\/EDITAL-PL-n\u00ba-0002.2021-or\u00e7amento-sigiloso-final-assinado-3-convoca\u00e7\u00e3o.pdf\">EDITAL PL n\u00ba 0002.2021 &#8211; or\u00e7amento sigiloso &#8211; final &#8211; assinado &#8211; 3 convoca\u00e7\u00e3o<\/a><br \/>\n<a href=\"https:\/\/www.cinep.pb.gov.br\/portal\/wp-content\/uploads\/2021\/10\/Projeto-B\u00e1sico-Licitante-correto.pdf\">Projeto B\u00e1sico &#8211; Licitante &#8211; correto<\/a><br \/>\n<a href=\"https:\/\/www.cinep.pb.gov.br\/portal\/wp-content\/uploads\/2021\/10\/PUB-RESULTADO-PL-002-21.pdf\">PUB RESULTADO PL 002-21<\/a><br \/>\n<a href=\"https:\/\/www.cinep.pb.gov.br\/portal\/wp-content\/uploads\/2021\/10\/ATA-DA-SESS\u00c3O-19-10-21.pdf\">ATA DA SESS\u00c3O 19-10-21<\/a><br \/>\n<a href=\"https:\/\/www.cinep.pb.gov.br\/portal\/wp-content\/uploads\/2021\/11\/PUBLICA\u00c7\u00c3O-HOMOLOGA\u00c7\u00c3O-PL-002-21-09-11-21.pdf\">PUBLICA\u00c7\u00c3O HOMOLOGA\u00c7\u00c3O PL 002-21 09-11-21<\/a><\/p>\n","protected":false},"excerpt":{"rendered":"<p>Edital PL 002.2021 Publica\u00e7\u00e3o &#8211; Aviso de 2\u00aa convoca\u00e7\u00e3o PUBLICACAO LICITACA DESERTA PL 02-2021 Edital PL 002.2021 &#8211; 2 convocacao Ata Sess\u00e3o P\u00fablica &#8211; Licita\u00e7\u00e3o Deserta EDITAL PL n\u00ba 0002.2021 &#8211; or\u00e7amento sigiloso &#8211; final &#8211; assinado &#8211; 3 convoca\u00e7\u00e3o Projeto B\u00e1sico &#8211; Licitante &#8211; correto PUB RESULTADO PL 002-21 ATA DA SESS\u00c3O 19-10-21 PUBLICA\u00c7\u00c3O HOMOLOGA\u00c7\u00c3O PL 002-21 09-11-21<\/p>\n","protected":false},"author":1,"featured_media":0,"parent":313,"menu_order":0,"comment_status":"closed","ping_status":"closed","template":"","meta":{"ngg_post_thumbnail":0,"footnotes":""},"class_list":["entry","author-gertiadmin","post-6140","page","type-page","status-publish"],"_links":{"self":[{"href":"https:\/\/www.cinep.pb.gov.br\/portal\/index.php?rest_route=\/wp\/v2\/pages\/6140","targetHints":{"allow":["GET"]}}],"collection":[{"href":"https:\/\/www.cinep.pb.gov.br\/portal\/index.php?rest_route=\/wp\/v2\/pages"}],"about":[{"href":"https:\/\/www.cinep.pb.gov.br\/portal\/index.php?rest_route=\/wp\/v2\/types\/page"}],"author":[{"embeddable":true,"href":"https:\/\/www.cinep.pb.gov.br\/portal\/index.php?rest_route=\/wp\/v2\/users\/1"}],"replies":[{"embeddable":true,"href":"https:\/\/www.cinep.pb.gov.br\/portal\/index.php?rest_route=%2Fwp%2Fv2%2Fcomments&post=6140"}],"version-history":[{"count":7,"href":"https:\/\/www.cinep.pb.gov.br\/portal\/index.php?rest_route=\/wp\/v2\/pages\/6140\/revisions"}],"predecessor-version":[{"id":6922,"href":"https:\/\/www.cinep.pb.gov.br\/portal\/index.php?rest_route=\/wp\/v2\/pages\/6140\/revisions\/6922"}],"up":[{"embeddable":true,"href":"https:\/\/www.cinep.pb.gov.br\/portal\/index.php?rest_route=\/wp\/v2\/pages\/313"}],"wp:attachment":[{"href":"https:\/\/www.cinep.pb.gov.br\/portal\/index.php?rest_route=%2Fwp%2Fv2%2Fmedia&parent=6140"}],"curies":[{"name":"wp","href":"https:\/\/api.w.org\/{rel}","templated":true}]}}