{"id":6115,"date":"2021-04-13T08:58:56","date_gmt":"2021-04-13T11:58:56","guid":{"rendered":"http:\/\/www.cinep.pb.gov.br\/portal\/?page_id=6115"},"modified":"2021-04-28T15:59:27","modified_gmt":"2021-04-28T18:59:27","slug":"pregao-eletronico-0004-2021","status":"publish","type":"page","link":"https:\/\/www.cinep.pb.gov.br\/portal\/?page_id=6115","title":{"rendered":"Preg\u00e3o Eletr\u00f4nico 0004\/2021"},"content":{"rendered":"<p><a href=\"https:\/\/www.cinep.pb.gov.br\/portal\/wp-content\/uploads\/2021\/04\/PUB-CONVOCA\u00c7\u00c3O-PE-004-2020.pdf\">PUBLICA\u00c7\u00c3O CONVOCA\u00c7\u00c3O PE 004.2021<\/a><\/p>\n<p><a href=\"https:\/\/www.cinep.pb.gov.br\/portal\/wp-content\/uploads\/2021\/04\/EDITAL-PREG\u00c3O-ELETR\u00d4NICO-PE-004.2021-assinado-1doc.pdf\">EDITAL PREG\u00c3O ELETR\u00d4NICO PE 004.2021<\/a><\/p>\n<p><a href=\"https:\/\/www.cinep.pb.gov.br\/portal\/wp-content\/uploads\/2021\/04\/PE-004-2021-ERRATA.pdf\">ERRATA PE 004.2021<\/a><\/p>\n<p><a href=\"https:\/\/www.cinep.pb.gov.br\/portal\/wp-content\/uploads\/2021\/04\/PE-04-2021-NOVA-CONVOCACAO.pdf\">NOVA CONVOCACAO PE 004.2021<\/a><\/p>\n<p>&nbsp;<\/p>\n","protected":false},"excerpt":{"rendered":"<p>PUBLICA\u00c7\u00c3O CONVOCA\u00c7\u00c3O PE 004.2021 EDITAL PREG\u00c3O ELETR\u00d4NICO PE 004.2021 ERRATA PE 004.2021 NOVA CONVOCACAO PE 004.2021 &nbsp;<\/p>\n","protected":false},"author":1,"featured_media":0,"parent":313,"menu_order":0,"comment_status":"closed","ping_status":"closed","template":"","meta":{"ngg_post_thumbnail":0,"footnotes":""},"class_list":["entry","author-gertiadmin","post-6115","page","type-page","status-publish"],"_links":{"self":[{"href":"https:\/\/www.cinep.pb.gov.br\/portal\/index.php?rest_route=\/wp\/v2\/pages\/6115","targetHints":{"allow":["GET"]}}],"collection":[{"href":"https:\/\/www.cinep.pb.gov.br\/portal\/index.php?rest_route=\/wp\/v2\/pages"}],"about":[{"href":"https:\/\/www.cinep.pb.gov.br\/portal\/index.php?rest_route=\/wp\/v2\/types\/page"}],"author":[{"embeddable":true,"href":"https:\/\/www.cinep.pb.gov.br\/portal\/index.php?rest_route=\/wp\/v2\/users\/1"}],"replies":[{"embeddable":true,"href":"https:\/\/www.cinep.pb.gov.br\/portal\/index.php?rest_route=%2Fwp%2Fv2%2Fcomments&post=6115"}],"version-history":[{"count":2,"href":"https:\/\/www.cinep.pb.gov.br\/portal\/index.php?rest_route=\/wp\/v2\/pages\/6115\/revisions"}],"predecessor-version":[{"id":6134,"href":"https:\/\/www.cinep.pb.gov.br\/portal\/index.php?rest_route=\/wp\/v2\/pages\/6115\/revisions\/6134"}],"up":[{"embeddable":true,"href":"https:\/\/www.cinep.pb.gov.br\/portal\/index.php?rest_route=\/wp\/v2\/pages\/313"}],"wp:attachment":[{"href":"https:\/\/www.cinep.pb.gov.br\/portal\/index.php?rest_route=%2Fwp%2Fv2%2Fmedia&parent=6115"}],"curies":[{"name":"wp","href":"https:\/\/api.w.org\/{rel}","templated":true}]}}