{"id":6100,"date":"2021-04-05T17:48:10","date_gmt":"2021-04-05T20:48:10","guid":{"rendered":"http:\/\/www.cinep.pb.gov.br\/portal\/?page_id=6100"},"modified":"2022-02-08T18:21:13","modified_gmt":"2022-02-08T21:21:13","slug":"pregao-eletronico-estatal-no-002-2021","status":"publish","type":"page","link":"https:\/\/www.cinep.pb.gov.br\/portal\/?page_id=6100","title":{"rendered":"PREG\u00c3O ELETR\u00d4NICO ESTATAL N\u00ba 002\/2021"},"content":{"rendered":"<p><a href=\"https:\/\/www.cinep.pb.gov.br\/portal\/wp-content\/uploads\/2021\/04\/Edital-PE-002.2021-assinado-completo-licitante.pdf\">Edital PE 002.2021<\/a><br><a href=\"https:\/\/www.cinep.pb.gov.br\/portal\/wp-content\/uploads\/2021\/04\/PUB-PE002-2021.pdf\">1- PUBLICA\u00c7\u00c3O CONVOCA\u00c7\u00c3O PL 02-2021PUB PE002-2021<\/a><br><a href=\"https:\/\/www.cinep.pb.gov.br\/portal\/wp-content\/uploads\/2022\/02\/2-ATA-SESS\u00c3O-23-04-21.pdf\">2- ATA SESS\u00c3O 23-04-21<\/a><br><a href=\"https:\/\/www.cinep.pb.gov.br\/portal\/wp-content\/uploads\/2022\/02\/3-RECURSO-E-DECIS\u00c3O.pdf\">3- RECURSO E DECIS\u00c3O<\/a><br><a href=\"https:\/\/www.cinep.pb.gov.br\/portal\/wp-content\/uploads\/2022\/02\/4-PUBLICA\u00c7\u00c3O-RECURSO-CENTER-CONSTRU-PE-002-2021-15-05-21.pdf\">4- PUBLICA\u00c7\u00c3O RECURSO CENTER CONSTRU PE 002-2021 15-05-21<\/a><br><a href=\"https:\/\/www.cinep.pb.gov.br\/portal\/wp-content\/uploads\/2022\/02\/5-PUBLICA\u00c7\u00c3O-JULG-RECURSO1-31-06-21.pdf\">5- PUBLICA\u00c7\u00c3O JULG RECURSO1- 31-06-21<\/a><br><a href=\"https:\/\/www.cinep.pb.gov.br\/portal\/wp-content\/uploads\/2022\/02\/6-PUBLICA\u00c7\u00c3O-HOMOLOGA\u00c7\u00c3O1.pdf\">6- PUBLICA\u00c7\u00c3O HOMOLOGA\u00c7\u00c3O<\/a><br><a href=\"https:\/\/www.cinep.pb.gov.br\/portal\/wp-content\/uploads\/2022\/02\/7-PUBLICA\u00c7\u00c3O-ADJUDICA\u00c7\u00c3O-HOMOLOGA\u00c7\u00c3O-PL-005-2021-1.pdf\">7- PUBLICA\u00c7\u00c3O ADJUDICA\u00c7\u00c3O HOMOLOGA\u00c7\u00c3O PL 005-2021<\/a><br><a href=\"https:\/\/www.cinep.pb.gov.br\/portal\/wp-content\/uploads\/2022\/02\/8-PUBLICA\u00c7\u00c3O-REVOGA\u00c7\u00c3O-HOMO-E-JULG.-RECURSO-03-09-21.pdf\">8- PUBLICA\u00c7\u00c3O REVOGA\u00c7\u00c3O HOMO E JULG. RECURSO 03-09-21<\/a><br><a href=\"https:\/\/www.cinep.pb.gov.br\/portal\/wp-content\/uploads\/2022\/02\/9-PUBLICA\u00c7\u00c3O-HOMOLOGACAO2-6-10-21.pdf\">9- PUBLICA\u00c7\u00c3O HOMOLOGACAO2- 6-10-21<\/a><\/p>\n\n\n<p><\/p>\n","protected":false},"excerpt":{"rendered":"<p>Edital PE 002.20211- PUBLICA\u00c7\u00c3O CONVOCA\u00c7\u00c3O PL 02-2021PUB PE002-20212- ATA SESS\u00c3O 23-04-213- RECURSO E DECIS\u00c3O4- PUBLICA\u00c7\u00c3O RECURSO CENTER CONSTRU PE 002-2021 15-05-215- PUBLICA\u00c7\u00c3O JULG RECURSO1- 31-06-216- PUBLICA\u00c7\u00c3O HOMOLOGA\u00c7\u00c3O7- PUBLICA\u00c7\u00c3O ADJUDICA\u00c7\u00c3O HOMOLOGA\u00c7\u00c3O PL 005-20218- PUBLICA\u00c7\u00c3O REVOGA\u00c7\u00c3O HOMO E JULG. RECURSO 03-09-219- PUBLICA\u00c7\u00c3O HOMOLOGACAO2- 6-10-21<\/p>\n","protected":false},"author":1,"featured_media":0,"parent":313,"menu_order":0,"comment_status":"closed","ping_status":"closed","template":"","meta":{"ngg_post_thumbnail":0,"footnotes":""},"class_list":["entry","author-gertiadmin","post-6100","page","type-page","status-publish"],"_links":{"self":[{"href":"https:\/\/www.cinep.pb.gov.br\/portal\/index.php?rest_route=\/wp\/v2\/pages\/6100","targetHints":{"allow":["GET"]}}],"collection":[{"href":"https:\/\/www.cinep.pb.gov.br\/portal\/index.php?rest_route=\/wp\/v2\/pages"}],"about":[{"href":"https:\/\/www.cinep.pb.gov.br\/portal\/index.php?rest_route=\/wp\/v2\/types\/page"}],"author":[{"embeddable":true,"href":"https:\/\/www.cinep.pb.gov.br\/portal\/index.php?rest_route=\/wp\/v2\/users\/1"}],"replies":[{"embeddable":true,"href":"https:\/\/www.cinep.pb.gov.br\/portal\/index.php?rest_route=%2Fwp%2Fv2%2Fcomments&post=6100"}],"version-history":[{"count":8,"href":"https:\/\/www.cinep.pb.gov.br\/portal\/index.php?rest_route=\/wp\/v2\/pages\/6100\/revisions"}],"predecessor-version":[{"id":7106,"href":"https:\/\/www.cinep.pb.gov.br\/portal\/index.php?rest_route=\/wp\/v2\/pages\/6100\/revisions\/7106"}],"up":[{"embeddable":true,"href":"https:\/\/www.cinep.pb.gov.br\/portal\/index.php?rest_route=\/wp\/v2\/pages\/313"}],"wp:attachment":[{"href":"https:\/\/www.cinep.pb.gov.br\/portal\/index.php?rest_route=%2Fwp%2Fv2%2Fmedia&parent=6100"}],"curies":[{"name":"wp","href":"https:\/\/api.w.org\/{rel}","templated":true}]}}