{"id":6069,"date":"2021-03-19T14:10:04","date_gmt":"2021-03-19T17:10:04","guid":{"rendered":"http:\/\/www.cinep.pb.gov.br\/portal\/?page_id=6069"},"modified":"2021-09-15T14:28:41","modified_gmt":"2021-09-15T17:28:41","slug":"procedimento-licitatorio-0003-2021","status":"publish","type":"page","link":"https:\/\/www.cinep.pb.gov.br\/portal\/?page_id=6069","title":{"rendered":"Preg\u00e3o Eletr\u00f4nico 0003\/2021"},"content":{"rendered":"<p><a href=\"https:\/\/www.cinep.pb.gov.br\/portal\/wp-content\/uploads\/2021\/03\/PE-003-2021-VIGILANCIA-19-03-2021.pdf\">PUBLICA\u00c7\u00c3O CONVOCA\u00c7\u00c3O PL 03-2021<\/a><\/p>\n<p><a href=\"https:\/\/www.cinep.pb.gov.br\/portal\/wp-content\/uploads\/2021\/03\/EDITAL-PE-003.2021-final-assinado.pdf\">EDITAL ASSINADO PE 003.2021<\/a><\/p>\n<p><a href=\"https:\/\/www.cinep.pb.gov.br\/portal\/wp-content\/uploads\/2021\/07\/Termo-de-Refer\u00eacia-Vigil\u00e2ncia.pdf\">Termo de Refer\u00eancia PE 003.2021<\/a><\/p>\n<p><a href=\"https:\/\/www.cinep.pb.gov.br\/portal\/wp-content\/uploads\/2021\/06\/ATA_LICITACAO_PORTUGUES_862750_FINAL.pdf\">ATA LICITACAO PE 003.2021<\/a><\/p>\n<p><a href=\"https:\/\/www.cinep.pb.gov.br\/portal\/wp-content\/uploads\/2021\/06\/PUB-JULGAMENTO-RECURSO-PE-003-2021.pdf\">PUBLICACAO JULGAMENTO RECURSO PE 003.2021<\/a><\/p>\n<p><a href=\"https:\/\/www.cinep.pb.gov.br\/portal\/wp-content\/uploads\/2021\/06\/PUB-HOMOLOGA\u00c7\u00c3OPE-003-2021.pdf\">PUBLICA\u00c7\u00c3O HOMOLOGA\u00c7\u00c3O PE 003.2021<\/a><\/p>\n","protected":false},"excerpt":{"rendered":"<p>PUBLICA\u00c7\u00c3O CONVOCA\u00c7\u00c3O PL 03-2021 EDITAL ASSINADO PE 003.2021 Termo de Refer\u00eancia PE 003.2021 ATA LICITACAO PE 003.2021 PUBLICACAO JULGAMENTO RECURSO PE 003.2021 PUBLICA\u00c7\u00c3O HOMOLOGA\u00c7\u00c3O PE 003.2021<\/p>\n","protected":false},"author":1,"featured_media":0,"parent":313,"menu_order":0,"comment_status":"closed","ping_status":"closed","template":"","meta":{"ngg_post_thumbnail":0,"footnotes":""},"class_list":["entry","author-gertiadmin","post-6069","page","type-page","status-publish"],"_links":{"self":[{"href":"https:\/\/www.cinep.pb.gov.br\/portal\/index.php?rest_route=\/wp\/v2\/pages\/6069","targetHints":{"allow":["GET"]}}],"collection":[{"href":"https:\/\/www.cinep.pb.gov.br\/portal\/index.php?rest_route=\/wp\/v2\/pages"}],"about":[{"href":"https:\/\/www.cinep.pb.gov.br\/portal\/index.php?rest_route=\/wp\/v2\/types\/page"}],"author":[{"embeddable":true,"href":"https:\/\/www.cinep.pb.gov.br\/portal\/index.php?rest_route=\/wp\/v2\/users\/1"}],"replies":[{"embeddable":true,"href":"https:\/\/www.cinep.pb.gov.br\/portal\/index.php?rest_route=%2Fwp%2Fv2%2Fcomments&post=6069"}],"version-history":[{"count":7,"href":"https:\/\/www.cinep.pb.gov.br\/portal\/index.php?rest_route=\/wp\/v2\/pages\/6069\/revisions"}],"predecessor-version":[{"id":6521,"href":"https:\/\/www.cinep.pb.gov.br\/portal\/index.php?rest_route=\/wp\/v2\/pages\/6069\/revisions\/6521"}],"up":[{"embeddable":true,"href":"https:\/\/www.cinep.pb.gov.br\/portal\/index.php?rest_route=\/wp\/v2\/pages\/313"}],"wp:attachment":[{"href":"https:\/\/www.cinep.pb.gov.br\/portal\/index.php?rest_route=%2Fwp%2Fv2%2Fmedia&parent=6069"}],"curies":[{"name":"wp","href":"https:\/\/api.w.org\/{rel}","templated":true}]}}