{"id":6059,"date":"2021-03-19T14:01:28","date_gmt":"2021-03-19T17:01:28","guid":{"rendered":"http:\/\/www.cinep.pb.gov.br\/portal\/?page_id=6059"},"modified":"2021-05-25T17:41:58","modified_gmt":"2021-05-25T20:41:58","slug":"procedimento-licitatorio-0001-2021","status":"publish","type":"page","link":"https:\/\/www.cinep.pb.gov.br\/portal\/?page_id=6059","title":{"rendered":"Preg\u00e3o Eletr\u00f4nico 0001\/2021"},"content":{"rendered":"<p><a href=\"https:\/\/www.cinep.pb.gov.br\/portal\/wp-content\/uploads\/2021\/03\/PE-001-2021-SIST-CONTABIL-19-03-21.pdf\">PUBLICA\u00c7\u00c3O CONVOCA\u00c7\u00c3O PL 01-2021<\/a><\/p>\n<p><a href=\"https:\/\/www.cinep.pb.gov.br\/portal\/wp-content\/uploads\/2021\/03\/Edital-Assinado-PE-001.2021.pdf\">Edital Assinado &#8211; PE 001.2021<\/a><\/p>\n<p><a href=\"https:\/\/www.cinep.pb.gov.br\/portal\/wp-content\/uploads\/2021\/03\/Termo-de-Refer\u00eancia-PE-001.2021.pdf\">Termo de Refer\u00eancia PE 001.2021<\/a><\/p>\n<p><a href=\"https:\/\/www.cinep.pb.gov.br\/portal\/wp-content\/uploads\/2021\/04\/CT-SISTEMA-CONT\u00c1BIL.-PROC.-0871.2020.pdf\">Minuta de Contrato PE 001.2021<\/a><\/p>\n<p><a href=\"https:\/\/www.cinep.pb.gov.br\/portal\/wp-content\/uploads\/2021\/04\/PE-001-ADIAMENTO.pdf\">AVISO DE ADIAMENTO PE 001.2021<\/a><\/p>\n<p><a href=\"https:\/\/www.cinep.pb.gov.br\/portal\/wp-content\/uploads\/2021\/05\/EDITAL-2-CONVOCA\u00c7\u00c3O-PREG\u00c3O-ELETR\u00d4NICO-PE-001.2021.pdf\">EDITAL 2 CONVOCA\u00c7\u00c3O PREG\u00c3O ELETR\u00d4NICO PE 001.2021<\/a><\/p>\n<p><a href=\"https:\/\/www.cinep.pb.gov.br\/portal\/wp-content\/uploads\/2021\/05\/PUB-2CONV-PE-001-2021.pdf\">PUB 2CONV PE 001-2021<\/a><\/p>\n<p><a href=\"https:\/\/www.cinep.pb.gov.br\/portal\/wp-content\/uploads\/2021\/05\/Esclarecimentos-Preg\u00e3o-Sistema-Cont\u00e1bil-PE-001.2021.pdf\">Esclarecimentos &#8211; Preg\u00e3o Sistema Cont\u00e1bil PE 001.2021<\/a><\/p>\n<p>&nbsp;<\/p>\n\n\n<p><\/p>\n","protected":false},"excerpt":{"rendered":"<p>PUBLICA\u00c7\u00c3O CONVOCA\u00c7\u00c3O PL 01-2021 Edital Assinado &#8211; PE 001.2021 Termo de Refer\u00eancia PE 001.2021 Minuta de Contrato PE 001.2021 AVISO DE ADIAMENTO PE 001.2021 EDITAL 2 CONVOCA\u00c7\u00c3O PREG\u00c3O ELETR\u00d4NICO PE 001.2021 PUB 2CONV PE 001-2021 Esclarecimentos &#8211; Preg\u00e3o Sistema Cont\u00e1bil PE 001.2021 &nbsp;<\/p>\n","protected":false},"author":1,"featured_media":0,"parent":313,"menu_order":0,"comment_status":"closed","ping_status":"closed","template":"","meta":{"ngg_post_thumbnail":0,"footnotes":""},"class_list":["entry","author-gertiadmin","post-6059","page","type-page","status-publish"],"_links":{"self":[{"href":"https:\/\/www.cinep.pb.gov.br\/portal\/index.php?rest_route=\/wp\/v2\/pages\/6059","targetHints":{"allow":["GET"]}}],"collection":[{"href":"https:\/\/www.cinep.pb.gov.br\/portal\/index.php?rest_route=\/wp\/v2\/pages"}],"about":[{"href":"https:\/\/www.cinep.pb.gov.br\/portal\/index.php?rest_route=\/wp\/v2\/types\/page"}],"author":[{"embeddable":true,"href":"https:\/\/www.cinep.pb.gov.br\/portal\/index.php?rest_route=\/wp\/v2\/users\/1"}],"replies":[{"embeddable":true,"href":"https:\/\/www.cinep.pb.gov.br\/portal\/index.php?rest_route=%2Fwp%2Fv2%2Fcomments&post=6059"}],"version-history":[{"count":6,"href":"https:\/\/www.cinep.pb.gov.br\/portal\/index.php?rest_route=\/wp\/v2\/pages\/6059\/revisions"}],"predecessor-version":[{"id":6155,"href":"https:\/\/www.cinep.pb.gov.br\/portal\/index.php?rest_route=\/wp\/v2\/pages\/6059\/revisions\/6155"}],"up":[{"embeddable":true,"href":"https:\/\/www.cinep.pb.gov.br\/portal\/index.php?rest_route=\/wp\/v2\/pages\/313"}],"wp:attachment":[{"href":"https:\/\/www.cinep.pb.gov.br\/portal\/index.php?rest_route=%2Fwp%2Fv2%2Fmedia&parent=6059"}],"curies":[{"name":"wp","href":"https:\/\/api.w.org\/{rel}","templated":true}]}}