{"id":5786,"date":"2020-07-31T10:29:33","date_gmt":"2020-07-31T13:29:33","guid":{"rendered":"http:\/\/www.cinep.pb.gov.br\/portal\/?page_id=5786"},"modified":"2020-08-04T12:03:07","modified_gmt":"2020-08-04T15:03:07","slug":"polo-turistico-cabo-branco-frances","status":"publish","type":"page","link":"https:\/\/www.cinep.pb.gov.br\/portal\/?page_id=5786","title":{"rendered":"Polo Tur\u00edstico Cabo Branco &#8211; Avis Public Actuel"},"content":{"rendered":"\n<table class=\"wp-block-table alignleft\" style=\"margin-top: 20px; width:100%\">\n   <tbody>\n      <tr>\n         <td valign=\"top\" style=\"min-width:300px; padding-right: 20px;\">\n            <strong>Avis et Inscription<\/strong><br><br> \n            <ul>\n               <li><a href=\"https:\/\/www.cinep.pb.gov.br\/portal\/?page_id=5567\">Avis et Documents<\/a><\/li>\n               <li><a href=\"https:\/\/www.cinep.pb.gov.br\/portal\/wp-content\/uploads\/2020\/02\/Guia-de-Inscri\u00e7\u00e3o-Polo-Tur\u00edstico-Cabo-Branco.pdf\">Formulaire de demande<\/a><\/li>\n            <\/ul>\n            <br><strong>Pr\u00e9sentation<\/strong><br><br> \n            <ul>\n               <li><a href=\"https:\/\/www.cinep.pb.gov.br\/portal\/wp-content\/uploads\/2020\/08\/(PORTUGUES)%20Apresentacao%20DITUR%20-%202%20ETAPA%20JULHO%202020.pdf\" target=\"_blank\">Consultez les donn\u00e9es sur le Polo Tur\u00edstico Cabo Branco<\/a><\/li>\n            <\/ul>\n            <br><strong>Vid\u00e9os<\/strong><br><br> \n            <ul>\n               <li><a rel=\"noopener\" href=\"https:\/\/www.youtube.com\/watch?v=8ALHyV8WVGo&amp;feature=youtu.be\" target=\"_blank\">Polo Tur\u00edstico Cabo Branco \u2013 Le Projet<\/a><\/li>\n               <li><a rel=\"noopener\" href=\"https:\/\/www.youtube.com\/watch?v=rK84sddb-_Y&amp;feature=youtu.be\" target=\"_blank\">D\u00e9couvrez Para\u00edba<\/a><\/li>\n            <\/ul>\n            <br><strong>Contact<\/strong><br><br><a style=\"font-family: inherit; font-size: inherit; font-weight: inherit;\" href=\"mailto:ditur@cinep.pb.gov.br?subject=Contato pelo site\">Envoyer\nez an e-mail<\/a><span style=\"font-family: inherit; font-size: inherit; font-weight: inherit;\"> contacter le personnel responsable du Polo Tur\u00edstico Cabo Branco (ditur@cinep.pb.gov.br)<\/span>\n            <ul>\n               <ul> <\/ul>\n            <\/ul>\n         <\/td>\n         <td>\t \t \t \n         <\/td>\n         <td style=\"text-align: justify;\"><img decoding=\"async\" src=\"https:\/\/www.cinep.pb.gov.br\/portal\/wp-content\/uploads\/2020\/08\/frances2.png\" alt=\"\" class=\"wp-image-5562\"><br><br>Le Gouvernement de Para\u00edba , par l&#8217;interm\u00e9diaire de la Soci\u00e9t\u00e9 de D\u00e9veloppement  de Para\u00edba &#8211; CINEP, met \u00e0 disposition de nouveaux lots dans le Polo Tur\u00edstico Cabo Branco par le biais d&#8217;un avis public. Dans cette seconde \u00e9tape, cinq lots sont propos\u00e9s qui comprennent, outre l&#8217;h\u00f4tellerie urbaine, des espaces de commerce et de services et d&#8217;animation touristique (parc \u00e0 th\u00e8me).<br><br>Les parties int\u00e9ress\u00e9es disposeront d&#8217;un d\u00e9lai de 45 jours calendaires, \u00e0 compter de la date de publication de l&#8217;avis (22 juillet 2020), pour soumettre leurs projets. Les inscriptions doivent \u00eatre faites exclusivement via <a href=\"https:\/\/www.cinep.pb.gov.br\/portal\/?page_id=5567\" target=\"_blank\">ce lien<\/a> et les entreprises doivent soumettre la demande formelle et toute la documentation, selon les sp\u00e9cifications contenues dans l&#8217;avis public.<br><br>Le Gouvernement de Para\u00edba a une politique importante visant \u00e0 attirer les investissements. Pour ce projet, des incitations li\u00e9es \u00e0 l&#8217;acquisition des propri\u00e9t\u00e9s proprement dites (incitation \u00e0 la localisation), ainsi que des incitations fiscales (ICMS), qui sont pertinentes pour l&#8217;acquisition de certains \u00e9quipements n\u00e9cessaires \u00e0 la mise en \u0153uvre des projets, seront accord\u00e9es. De plus, le Polo Tur\u00edstico Cabo Branco dispose d&#8217;une l\u00e9gislation sp\u00e9cifique concernant les taxes municipales (ISS), avec des incitations de l&#8217;ordre de 60%.<br><br><strong>Sur le projet<\/strong><br><br>Le Polo Tur\u00edstico Cabo Branco, le plus grand complexe touristique planifi\u00e9 du Nord-est du Br\u00e9sil, a une superficie de 645 hectares avec 35 lots dont 19 pour le secteur h\u00f4telier, pour le secteur du divertissement, 10 pour le secteur commercial et des services et 1 pour le secteur \u00e9v\u00e9nementiel.<br><br>Dans cette seconde \u00e9tape, cinq parcelles de 3,3 \u00e0 18,85 hectares seront mises \u00e0 disposition, dont trois pour l&#8217;am\u00e9nagement d&#8217;h\u00f4tels et de resorts, une pour le secteur du divertissement (parc aquatique) et une pour le secteur du commerce et des services.<br><br>Actuellement, le projet comprend d\u00e9j\u00e0 le Centre de Conventions, qui couvre plus de 48.000 m\u00b2 de surface construite et peut accueillir 20.000 personnes simultan\u00e9ment dans ses quatre b\u00e2timents principaux, parmi lesquels se distingue l\u2019un des plus modernes th\u00e9\u00e2tres du Br\u00e9sil pouvant accueillir 3.000 spectateurs: le Th\u00e9\u00e2tre Pedra do Reino.<br><br>Durable sur le plan environnemental, le Polo Tur\u00edstico est situ\u00e9 entre la mer de la c\u00f4te sud de Para\u00edba et le vert de la for\u00eat atlantique. Il est entour\u00e9 par la plus grande r\u00e9serve environnementale de for\u00eat atlantique native, ins\u00e9r\u00e9e dans le tissu urbain du Br\u00e9sil: le Parque das Trilhas \/ Parc de Sentiers (575 ha).<br><br>Avec ce complexe touristique, le Gouvernement de Para\u00edba travaille pour ne mettre pas seulement la Para\u00edba en valeur dans le tourisme culturelle, de soleil et plage, mais aussi dans le tourisme durable, en pr\u00e9sentant au touriste la pr\u00e9occupation avec le environnment, la soci\u00e9t\u00e9 et l&#8217;\u00e9conomie de Para\u00edba.<\/td>\n      <\/tr>\n   <\/tbody>\n<\/table>\n","protected":false},"excerpt":{"rendered":"<p>Avis et Inscription Avis et Documents Formulaire de demande Pr\u00e9sentation Consultez les donn\u00e9es sur le Polo Tur\u00edstico Cabo Branco Vid\u00e9os Polo Tur\u00edstico Cabo Branco \u2013 Le Projet D\u00e9couvrez Para\u00edba Contact Envoyer ez an e-mail contacter le personnel responsable du Polo Tur\u00edstico Cabo Branco (ditur@cinep.pb.gov.br) Le Gouvernement de Para\u00edba , par l&#8217;interm\u00e9diaire de la Soci\u00e9t\u00e9 de D\u00e9veloppement de Para\u00edba &#8211; CINEP, met \u00e0 disposition de nouveaux lots dans le Polo Tur\u00edstico<\/p>\n","protected":false},"author":7,"featured_media":0,"parent":0,"menu_order":0,"comment_status":"closed","ping_status":"closed","template":"","meta":{"ngg_post_thumbnail":0,"footnotes":""},"class_list":["entry","author-thaise","post-5786","page","type-page","status-publish"],"_links":{"self":[{"href":"https:\/\/www.cinep.pb.gov.br\/portal\/index.php?rest_route=\/wp\/v2\/pages\/5786","targetHints":{"allow":["GET"]}}],"collection":[{"href":"https:\/\/www.cinep.pb.gov.br\/portal\/index.php?rest_route=\/wp\/v2\/pages"}],"about":[{"href":"https:\/\/www.cinep.pb.gov.br\/portal\/index.php?rest_route=\/wp\/v2\/types\/page"}],"author":[{"embeddable":true,"href":"https:\/\/www.cinep.pb.gov.br\/portal\/index.php?rest_route=\/wp\/v2\/users\/7"}],"replies":[{"embeddable":true,"href":"https:\/\/www.cinep.pb.gov.br\/portal\/index.php?rest_route=%2Fwp%2Fv2%2Fcomments&post=5786"}],"version-history":[{"count":6,"href":"https:\/\/www.cinep.pb.gov.br\/portal\/index.php?rest_route=\/wp\/v2\/pages\/5786\/revisions"}],"predecessor-version":[{"id":5812,"href":"https:\/\/www.cinep.pb.gov.br\/portal\/index.php?rest_route=\/wp\/v2\/pages\/5786\/revisions\/5812"}],"wp:attachment":[{"href":"https:\/\/www.cinep.pb.gov.br\/portal\/index.php?rest_route=%2Fwp%2Fv2%2Fmedia&parent=5786"}],"curies":[{"name":"wp","href":"https:\/\/api.w.org\/{rel}","templated":true}]}}