{"id":5780,"date":"2020-07-31T10:06:53","date_gmt":"2020-07-31T13:06:53","guid":{"rendered":"http:\/\/www.cinep.pb.gov.br\/portal\/?page_id=5780"},"modified":"2020-08-04T12:04:19","modified_gmt":"2020-08-04T15:04:19","slug":"polo-cabo-branco-alemao","status":"publish","type":"page","link":"https:\/\/www.cinep.pb.gov.br\/portal\/?page_id=5780","title":{"rendered":"Polo Cabo Branco &#8211; Aktuelle Ausschreibung"},"content":{"rendered":"\n<table class=\"wp-block-table alignleft\" style=\"margin-top: 20px; width:100%\">\n   <tbody>\n      <tr>\n         <td valign=\"top\" style=\"min-width:300px; padding-right: 20px;\">\n            <strong>Hinweis und Registrierung<\/strong><br><br> \n            <ul>\n               <li><a href=\"https:\/\/www.cinep.pb.gov.br\/portal\/?page_id=5567\">Hinweis und Unterlagen<\/a><\/li>\n               <li><a href=\"https:\/\/www.cinep.pb.gov.br\/portal\/wp-content\/uploads\/2020\/02\/Guia-de-Inscri\u00e7\u00e3o-Polo-Tur\u00edstico-Cabo-Branco.pdf\">Registrierung<\/a><\/li>\n            <\/ul>\n            <br><strong>Pr\u00e4sentation<\/strong><br><br> \n            <ul>\n               <li><a href=\"https:\/\/www.cinep.pb.gov.br\/portal\/wp-content\/uploads\/2020\/08\/(PORTUGUES)%20Apresentacao%20DITUR%20-%202%20ETAPA%20JULHO%202020.pdf\" target=\"_blank\">Schauen\nsie sich die Daten \u00fcber das Polo Tur\u00edstico Cabo Branco<\/a><\/li>\n            <\/ul>\n            <br><strong>Videos<\/strong><br><br> \n            <ul>\n               <li><a rel=\"noopener\" href=\"https:\/\/www.youtube.com\/watch?v=8ALHyV8WVGo&amp;feature=youtu.be\" target=\"_blank\">Polo Tur\u00edstico Cabo Branco \u2013 das Projekt<\/a><\/li>\n               <li><a rel=\"noopener\" href=\"https:\/\/www.youtube.com\/watch?v=rK84sddb-_Y&amp;feature=youtu.be\" target=\"_blank\">Lerne Paraiba kennen<\/a><\/li>\n            <\/ul>\n            <br><strong>Kontakt<\/strong><br><br><a style=\"font-family: inherit; font-size: inherit; font-weight: inherit;\" href=\"mailto:ditur@cinep.pb.gov.br?subject=Contato pelo site\">Senden sie uns eine E-Mail<\/a><span style=\"font-family: inherit; font-size: inherit; font-weight: inherit;\">, um das zust\u00e4ndige Team zu kontaktieren Polo Tur\u00edstico Cabo Branco (ditur@cinep.pb.gov.br)<\/span>\n            <ul>\n               <ul> <\/ul>\n            <\/ul>\n         <\/td>\n         <td>\t \t \t \n         <\/td>\n         <td style=\"text-align: justify;\"><img decoding=\"async\" src=\"https:\/\/www.cinep.pb.gov.br\/portal\/wp-content\/uploads\/2020\/08\/alemao2.png\" alt=\"\" class=\"wp-image-5562\"><br><br>Die Regierung von Para\u00edba durch die Entwicklungsgesellschaft von Para\u00edba (CINEP) stellt im Rahmen einer \u00f6ffentlichen Ausschreibung neue Grundst\u00fccke im Polo Tur\u00edstico Cabo Branco zur Verf\u00fcgung. In dieser zweiten Phase werden f\u00fcnf Grundst\u00fccke f\u00fcr die Hotellerie, Handel und Dienstleistungen sowie touristische Unterhaltung (Themenpark) angeboten.<br><br>Die Interessierten haben ab dem Datum der Ver\u00f6ffentlichung der Ausschreibung (22. Juli 2020) eine Frist von 45 Kalendertagen, um ihre Projekte einzureichen. Anmeldungen m\u00fcssen ausschlie\u00dflich \u00fcber <a href=\"https:\/\/www.cinep.pb.gov.br\/portal\/?page_id=5567\" target=\"_blank\">diesen Link<\/a> erfolgen. Die Unternehmen m\u00fcssen den formellen Antrag und alle Unterlagen gem\u00e4\u00df den Angaben in der Bekanntmachung.einreichen.<br><br>Die Landesregierung verfolgt eine wichtige Politik, um Investitionen anzuziehen. F\u00fcr dieses Projekt werden Anreize f\u00fcr den Erwerb der Immobilien selbst (Standortanreiz) sowie steuerliche Anreize (staatliche Steuer ICMS) f\u00fcr den Erwerb einiger f\u00fcr die Durchf\u00fchrung der Projekte erforderlicher Ger\u00e4te gew\u00e4hrt. Das Polo Tur\u00edstico Cabo Branco hat au\u00dferdem spezifische Gesetzgebung in Bezug auf kommunaler Steuer (Steuer auf Dienstleistungen, ISS) mit Anreizen in der Gr\u00f6\u00dfenordnung von 60%.<br><br><strong>\u00dcber das Projekt<\/strong><br><br>Der Cabo Branco Touristenpol ist der gr\u00f6\u00dfte geplante im Nordosten, mit eine Fl\u00e4che von 654 Hektar mit 35 Grundst\u00fccken. 19 werden dem Hotelsektor, 5 dem Unterhaltungssektor, 10 dem Handels- und Dienstleistungssektor und 1 dem Veranstaltungssektor zugewiesen.<br><br>In dieser zweiten Phase werden f\u00fcnf Grundst\u00fccke zwischen 3,3 und 18,85 Hektar zur Verf\u00fcgung gestellt, drei davon f\u00fcr die Installation von Hotels und Resorts, eines f\u00fcr den Unterhaltungssektor (Wasserpark) und eines f\u00fcr den Handels- und Dienstleistungssektor.<br><br>Heutzutage das Kongresszentrum, das Teil des Projekts ist, ist bereits in Betrieb. Das Geb\u00e4ude hat eine bebaute Fl\u00e4che von mehr als 48.000 m\u00b2 und kann in seinen vier Hauptgeb\u00e4uden gleichzeitig 20.000 Menschen aufnehmen. Unter diesen sticht eines der modernsten Theater Brasiliens hervor: das Pedra do Reino (K\u00f6nigreichsstein) Theater mit einer Kapazit\u00e4t f\u00fcr 3.000 Zuschauer.<br><br>Der Touristenpol ist umweltvertr\u00e4glich und liegt zwischen dem Meer der S\u00fcdk\u00fcste von Para\u00edba und dem Gr\u00fcn des Atlantischen Waldes. Es ist umgeben von dem gr\u00f6\u00dften Umweltreservat des st\u00e4dtischen Atlantikwaldes in Brasilien: der Parque das Trilhas (der Park der Wanderwege), mit 575 Hektar.<br><br>Durch diesen Touristenkomplex arbeitet die Regierung daran, Para\u00edba nicht nur im Kulturtourismus, in der Sonne und am Strand, in der Wirtschaft und bei Veranstaltungen hervorzuheben, sondern auch als Referenz f\u00fcr nachhaltigen Tourismus zu dienen, dem Touristen die Sorge um die Umwelt, die Gesellschaft und die Wirtschaft von Para\u00edba zeigen.<\/td>\n      <\/tr>\n   <\/tbody>\n<\/table>\n","protected":false},"excerpt":{"rendered":"<p>Hinweis und Registrierung Hinweis und Unterlagen Registrierung Pr\u00e4sentation Schauen sie sich die Daten \u00fcber das Polo Tur\u00edstico Cabo Branco Videos Polo Tur\u00edstico Cabo Branco \u2013 das Projekt Lerne Paraiba kennen Kontakt Senden sie uns eine E-Mail, um das zust\u00e4ndige Team zu kontaktieren Polo Tur\u00edstico Cabo Branco (ditur@cinep.pb.gov.br) Die Regierung von Para\u00edba durch die Entwicklungsgesellschaft von Para\u00edba (CINEP) stellt im Rahmen einer \u00f6ffentlichen Ausschreibung neue Grundst\u00fccke im Polo Tur\u00edstico Cabo Branco<\/p>\n","protected":false},"author":7,"featured_media":0,"parent":0,"menu_order":0,"comment_status":"closed","ping_status":"closed","template":"","meta":{"ngg_post_thumbnail":0,"footnotes":""},"class_list":["entry","author-thaise","post-5780","page","type-page","status-publish"],"_links":{"self":[{"href":"https:\/\/www.cinep.pb.gov.br\/portal\/index.php?rest_route=\/wp\/v2\/pages\/5780","targetHints":{"allow":["GET"]}}],"collection":[{"href":"https:\/\/www.cinep.pb.gov.br\/portal\/index.php?rest_route=\/wp\/v2\/pages"}],"about":[{"href":"https:\/\/www.cinep.pb.gov.br\/portal\/index.php?rest_route=\/wp\/v2\/types\/page"}],"author":[{"embeddable":true,"href":"https:\/\/www.cinep.pb.gov.br\/portal\/index.php?rest_route=\/wp\/v2\/users\/7"}],"replies":[{"embeddable":true,"href":"https:\/\/www.cinep.pb.gov.br\/portal\/index.php?rest_route=%2Fwp%2Fv2%2Fcomments&post=5780"}],"version-history":[{"count":5,"href":"https:\/\/www.cinep.pb.gov.br\/portal\/index.php?rest_route=\/wp\/v2\/pages\/5780\/revisions"}],"predecessor-version":[{"id":5813,"href":"https:\/\/www.cinep.pb.gov.br\/portal\/index.php?rest_route=\/wp\/v2\/pages\/5780\/revisions\/5813"}],"wp:attachment":[{"href":"https:\/\/www.cinep.pb.gov.br\/portal\/index.php?rest_route=%2Fwp%2Fv2%2Fmedia&parent=5780"}],"curies":[{"name":"wp","href":"https:\/\/api.w.org\/{rel}","templated":true}]}}