{"id":5754,"date":"2020-07-27T11:19:17","date_gmt":"2020-07-27T14:19:17","guid":{"rendered":"http:\/\/www.cinep.pb.gov.br\/portal\/?page_id=5754"},"modified":"2020-08-04T12:07:20","modified_gmt":"2020-08-04T15:07:20","slug":"complejo-turistico-de-cabo-branco","status":"publish","type":"page","link":"https:\/\/www.cinep.pb.gov.br\/portal\/?page_id=5754","title":{"rendered":"Complejo Tur\u00edstico de Cabo Branco &#8211; Aviso en efecto"},"content":{"rendered":"\n<table class=\"wp-block-table alignleft\" style=\"margin-top: 20px; width:100%\">\n   <tbody>\n      <tr>\n         <td valign=\"top\" style=\"min-width:300px; padding-right: 20px;\">\n            <strong>Aviso y Registro<\/strong><br><br> \n            <ul>\n               <li><a href=\"https:\/\/www.cinep.pb.gov.br\/portal\/?page_id=5567\">Aviso y Documentos<\/a><\/li>\n               <li><a href=\"https:\/\/www.cinep.pb.gov.br\/portal\/wp-content\/uploads\/2020\/02\/Guia-de-Inscri\u00e7\u00e3o-Polo-Tur\u00edstico-Cabo-Branco.pdf\">C\u00f3mo registrarse<\/a><\/li>\n            <\/ul>\n            <br><strong>Presentaci\u00f3n<\/strong><br><br> \n            <ul>\n               <li><a href=\"https:\/\/www.cinep.pb.gov.br\/portal\/wp-content\/uploads\/2020\/08\/(ESPANHOL)%20Apresentacao%20DITUR%20-%202%20ETAPA%20JULHO%202020.pdf\" target=\"_blank\">Confiera los dados sobre Polo Tur\u00edstico Cabo Branco<\/a><\/li>\n            <\/ul>\n            <br><strong>Videos<\/strong><br><br> \n            <ul>\n               <li><a rel=\"noopener\" href=\"https:\/\/www.youtube.com\/watch?v=8ALHyV8WVGo&amp;feature=youtu.be\" target=\"_blank\">Polo Tur\u00edstico Cabo Branco \u2013 El proyecto<\/a><\/li>\n               <li><a rel=\"noopener\" href=\"https:\/\/www.youtube.com\/watch?v=rK84sddb-_Y&amp;feature=youtu.be\" target=\"_blank\">Conhece Para\u00edba<\/a><\/li>\n            <\/ul>\n            <br><strong>Contacto<\/strong><br><br><a style=\"font-family: inherit; font-size: inherit; font-weight: inherit;\" href=\"mailto:ditur@cinep.pb.gov.br?subject=Contato pelo site\">Envia un correo eletr\u00f3nico<\/a><span style=\"font-family: inherit; font-size: inherit; font-weight: inherit;\">para contactar al equiporesponsable del Polo Tur\u00edstico Cabo Branco (ditur@cinep.pb.gov.br)<\/span>\n            <ul>\n               <ul> <\/ul>\n            <\/ul>\n         <\/td>\n         <td>\t \t \t \n         <\/td>\n         <td style=\"text-align: justify;\"><img decoding=\"async\" src=\"https:\/\/www.cinep.pb.gov.br\/portal\/wp-content\/uploads\/2020\/07\/espanhol2.png\" alt=\"\" class=\"wp-image-5562\"><br><br>El Gobierno del Estado, a trav\u00e9s de la Companhia de Desenvolvimento da Para\u00edba \u2013 CINEP (Compa\u00f1\u00eda de Desarollo de Para\u00edba), pone a disposici\u00f3n, mediante un aviso de convocatoria p\u00fablica, nuevos lotes en el Complejo Tur\u00edstico de Cabo Branco. En esta segunda etapa se ofrecen cinco parcelas que contemplan adem\u00e1s del sector urban\u00edstico hotelero, \u00e1reas de comercio y servicios y animaci\u00f3n tur\u00edstica (parque tem\u00e1tico).<br><br>Los interesados dispondr\u00e1n de 45 d\u00edas naturales a partir de la fecha de publicaci\u00f3n del aviso (22 de julio de 2020) para presentar sus proyectos. Las inscripciones deben hacerse exclusivamente a trav\u00e9s <a href=\"https:\/\/www.cinep.pb.gov.br\/portal\/?page_id=5567\" target=\"_blank\">de este enlace<\/a> y las empresas deben presentar el requerimiento formal y toda la documentaci\u00f3n, seg\u00fan las especificaciones contenidas en el aviso.<br><br>El Gobierno del Estado tiene una importante pol\u00edtica destinada a atraer inversiones. Para este proyecto se conceder\u00e1n incentivos relacionados tanto con la adquisici\u00f3n de los bienes inmuebles propiamente dichos (incentivo de arrendamiento) como con los incentivos fiscales (ICMS), que son pertinentes para la adquisici\u00f3n de algunos equipos necesarios para la ejecuci\u00f3n de los proyectos. Adem\u00e1s, el Polo Tur\u00edstico Cabo Branco (Centro Tur\u00edstico de Cabo Branco) tiene una legislaci\u00f3n espec\u00edfica en materia de impuestos municipales (ISS), con incentivos del orden del 60%.<br><br><strong>Acerca del proyecto<\/strong><br><br>El Centro Tur\u00edstico de Cabo Branco, el mayor centro tur\u00edstico planificado del Nordeste, tiene una superficie de 654 hect\u00e1reas con 35 lotes, 19 para el sector hotelero, 5 para el sector de entretenimiento, 10 para el comercial y de servicios y 1 para el sector de eventos.<br><br>En esta segunda etapa se dispondr\u00e1 de cinco parcelas de entre 3,3 y 18,85 hect\u00e1reas, tres de ellas para la instalaci\u00f3n de hoteles y centros tur\u00edsticos, una para el sector del entretenimiento (parque acu\u00e1tico) y otra para el sector del comercio y los servicios.<br><br>Actualmente, el proyecto ya tiene en funcionamiento el Centro de Convenciones. El equipo tiene m\u00e1s de 48 mil m\u00b2 de \u00e1rea construida y capacidad para recibir 20 mil personas, simult\u00e1neamente, en sus cuatro edificios principales, entre los que se destaca uno de los m\u00e1s modernos teatros de Brasil, con capacidad para 3 mil espectadores: el Teatro Pedra do Reino.<br><br>Ambientalmente sostenible, el Centro Tur\u00edstico est\u00e1 ubicado entre el mar del litoral sur de Para\u00edba y el verde de la Mata Atl\u00e1ntica, siendo abrazado por la mayor reserva ambiental de bosque atl\u00e1ntico nativo, inserta en la malla urbana, del Brasil: el Parque das Trilhas (Parque de Senderos) (575 ha).<br><br>A trav\u00e9s de este Complejo Tur\u00edstico, el Gobierno del Estado trabaja para que la Para\u00edba se destaque no s\u00f3lo en el turismo cultural, de sol y playa, de negocios y eventos, sino tambi\u00e9n como referencia en el turismo sostenible, presentando al turista la preocupaci\u00f3n con el medio ambiente, la sociedad y la econom\u00eda del estado.<\/td>\n      <\/tr>\n   <\/tbody>\n<\/table>\n","protected":false},"excerpt":{"rendered":"<p>Aviso y Registro Aviso y Documentos C\u00f3mo registrarse Presentaci\u00f3n Confiera los dados sobre Polo Tur\u00edstico Cabo Branco Videos Polo Tur\u00edstico Cabo Branco \u2013 El proyecto Conhece Para\u00edba Contacto Envia un correo eletr\u00f3nicopara contactar al equiporesponsable del Polo Tur\u00edstico Cabo Branco (ditur@cinep.pb.gov.br) El Gobierno del Estado, a trav\u00e9s de la Companhia de Desenvolvimento da Para\u00edba \u2013 CINEP (Compa\u00f1\u00eda de Desarollo de Para\u00edba), pone a disposici\u00f3n, mediante un aviso de convocatoria p\u00fablica,<\/p>\n","protected":false},"author":7,"featured_media":0,"parent":0,"menu_order":0,"comment_status":"closed","ping_status":"closed","template":"","meta":{"ngg_post_thumbnail":0,"footnotes":""},"class_list":["entry","author-thaise","post-5754","page","type-page","status-publish"],"_links":{"self":[{"href":"https:\/\/www.cinep.pb.gov.br\/portal\/index.php?rest_route=\/wp\/v2\/pages\/5754","targetHints":{"allow":["GET"]}}],"collection":[{"href":"https:\/\/www.cinep.pb.gov.br\/portal\/index.php?rest_route=\/wp\/v2\/pages"}],"about":[{"href":"https:\/\/www.cinep.pb.gov.br\/portal\/index.php?rest_route=\/wp\/v2\/types\/page"}],"author":[{"embeddable":true,"href":"https:\/\/www.cinep.pb.gov.br\/portal\/index.php?rest_route=\/wp\/v2\/users\/7"}],"replies":[{"embeddable":true,"href":"https:\/\/www.cinep.pb.gov.br\/portal\/index.php?rest_route=%2Fwp%2Fv2%2Fcomments&post=5754"}],"version-history":[{"count":6,"href":"https:\/\/www.cinep.pb.gov.br\/portal\/index.php?rest_route=\/wp\/v2\/pages\/5754\/revisions"}],"predecessor-version":[{"id":5815,"href":"https:\/\/www.cinep.pb.gov.br\/portal\/index.php?rest_route=\/wp\/v2\/pages\/5754\/revisions\/5815"}],"wp:attachment":[{"href":"https:\/\/www.cinep.pb.gov.br\/portal\/index.php?rest_route=%2Fwp%2Fv2%2Fmedia&parent=5754"}],"curies":[{"name":"wp","href":"https:\/\/api.w.org\/{rel}","templated":true}]}}