{"id":5423,"date":"2020-03-03T15:23:48","date_gmt":"2020-03-03T18:23:48","guid":{"rendered":"http:\/\/www.cinep.pb.gov.br\/portal\/?page_id=5423"},"modified":"2024-12-16T10:38:49","modified_gmt":"2024-12-16T13:38:49","slug":"editais-001-002-e-003-2020","status":"publish","type":"page","link":"https:\/\/www.cinep.pb.gov.br\/portal\/?page_id=5423","title":{"rendered":"Edital e Etapas do Processo Seletivo."},"content":{"rendered":"<div id=\"pl-5423\"  class=\"panel-layout\" ><div id=\"pg-5423-0\"  class=\"panel-grid panel-no-style\" ><div id=\"pgc-5423-0-0\"  class=\"panel-grid-cell panel-grid-cell-empty panel-grid-cell-mobile-last\" ><\/div><div id=\"pgc-5423-0-1\"  class=\"panel-grid-cell panel-grid-cell-empty\" ><\/div><\/div><div id=\"pg-5423-1\"  class=\"panel-grid panel-no-style\" ><div id=\"pgc-5423-1-0\"  class=\"panel-grid-cell\" ><div id=\"panel-5423-1-0-0\" class=\"so-panel widget widget_text panel-first-child panel-last-child\" data-index=\"0\" >\t\t\t<div class=\"textwidget\"><p><strong>Edital:<\/strong><\/p>\n<p><a href=\"https:\/\/www.cinep.pb.gov.br\/portal\/wp-content\/uploads\/2024\/11\/EDITAL-001_2024.pdf\">EDITAL 001_2024<\/a><\/p>\n<p><a href=\"https:\/\/www.cinep.pb.gov.br\/portal\/wp-content\/uploads\/2024\/11\/ANEXOS-EDITAL-001_2024.pdf\">ANEXOS &#8211; EDITAL 001_2024<\/a><\/p>\n<p>1 \u2013\u00a0<a href=\"https:\/\/docs.google.com\/forms\/d\/e\/1FAIpQLSf246SVNXjkPyaJHmGu2F5ek27ZwHLc_8B5MduGetaJptr4UQ\/viewform?usp=sf_link\">Inscri\u00e7\u00f5es online (11 a 29\/11\/2024)<\/a><br \/>\n<a href=\"https:\/\/www.cinep.pb.gov.br\/portal\/wp-content\/uploads\/2024\/12\/Rela\u00e7\u00e3o-de-Candidatos-Aptos-para-Segunda-Etapa-Edital-001_2024.pdf\">2 \u2013\u00a0 Clique Aqui e veja os selecionados para entrevista e atividade pr\u00e1tica \u2013 (04\/12\/2024)<\/a><br \/>\n3 \u2013 Reda\u00e7\u00e3o, entrevista e atividade pr\u00e1tica com candidatos selecionados\u00a0 \u2013 09 a 11\/12\/2024<br \/>\n<a href=\"https:\/\/www.cinep.pb.gov.br\/portal\/wp-content\/uploads\/2024\/12\/RESULTADO-FINAL-PROCESSO-SELETIVO-PARA-NOSOS-ESTAGI\u00c1RIOS-EDITAL-001_20204.pdf\">4 \u2013\u00a0Clique Aqui e confira Resultado do Processo Seletivo de Est\u00e1gio\u00a0 \u2013 (13\/12\/2024)<\/a><\/p>\n<p>&nbsp;<\/p>\n<p><strong>Contato<\/strong><br \/>\nEnvie email para contatar a equipe respons\u00e1vel pelo Processo Seletivo de Est\u00e1gio (coest@cinep.pb.gov.br)<\/p>\n<\/div>\n\t\t<\/div><\/div><div id=\"pgc-5423-1-1\"  class=\"panel-grid-cell\" ><div id=\"panel-5423-1-1-0\" class=\"so-panel widget widget_text panel-first-child panel-last-child\" data-index=\"1\" >\t\t\t<div class=\"textwidget\"><p><img loading=\"lazy\" decoding=\"async\" class=\"alignnone  wp-image-9189\" src=\"https:\/\/www.cinep.pb.gov.br\/portal\/wp-content\/uploads\/2024\/11\/Site-2-300x132.jpg\" alt=\"\" width=\"425\" height=\"187\" srcset=\"https:\/\/www.cinep.pb.gov.br\/portal\/wp-content\/uploads\/2024\/11\/Site-2-300x132.jpg 300w, https:\/\/www.cinep.pb.gov.br\/portal\/wp-content\/uploads\/2024\/11\/Site-2-768x338.jpg 768w, https:\/\/www.cinep.pb.gov.br\/portal\/wp-content\/uploads\/2024\/11\/Site-2-1024x451.jpg 1024w, https:\/\/www.cinep.pb.gov.br\/portal\/wp-content\/uploads\/2024\/11\/Site-2.jpg 1500w\" sizes=\"auto, (max-width: 425px) 100vw, 425px\" \/><\/p>\n<p>A Companhia de Desenvolvimento da Para\u00edba \u2013 Cinep est\u00e1 realizando o Processo Seletivo de Est\u00e1gio para o preenchimento de 2 vagas imediatas e 118 para forma\u00e7\u00e3o de cadastro de reserva nas \u00e1reas de Ci\u00eancias Cont\u00e1beis, Arquivologia, Biblioteconomia, Jornalismo, M\u00eddias Digitais, Design Gr\u00e1fico, Administra\u00e7\u00e3o, Engenharia Civil, Direito, Geografia, Geoprocessamentos, Arquitetura e Rela\u00e7\u00f5es Internacionais.<\/p>\n<p>Os interessados dever\u00e3o se inscrever at\u00e9 o dia 29 de novembro. O valor da bolsa \u00e9 de R$ 750,00, aux\u00edlio transporte e seguro contra acidentes pessoais.<\/p>\n<p>De acordo com o edital desta sele\u00e7\u00e3o, ser\u00e3o disponibilizadas para ingresso imediato 1 vaga para Geografia e Geoprocessamentos e 1 vaga para Arquitetura. As demais ser\u00e3o destinadas \u00e0 composi\u00e7\u00e3o de cadastro de reserva.<\/p>\n<p>No momento do preenchimento do formul\u00e1rio ser\u00e1 obrigat\u00f3rio anexar em formato de PDF uma c\u00f3pia de um documento oficial com foto (RG ou CNH) frente e verso, curr\u00edculo e hist\u00f3rico atualizados, com indica\u00e7\u00e3o do coeficiente de rendimento escolar\/acad\u00eamico (CRE\/CRA) e portf\u00f3lio (para a vaga de design). O estudante tamb\u00e9m ter\u00e1 que indicar o per\u00edodo que est\u00e1 matriculado e o turno que deseja estagiar, caso seja aprovado. S\u00f3 poder\u00e1 participar do Processo Seletivo quem atender aos pr\u00e9-requisitos divulgados no edital.<\/p>\n<p>A sele\u00e7\u00e3o para os estudantes dos cursos de Geografia, Geoprocessamento e Arquitetura, que possuem vaga imediata, ser\u00e1 composta por inscri\u00e7\u00e3o, an\u00e1lise do curr\u00edculo e entrevista. J\u00e1 os estudantes que concorrerem a forma\u00e7\u00e3o de cadastro de reserva a sele\u00e7\u00e3o ser\u00e1 composta por inscri\u00e7\u00e3o, an\u00e1lise de curr\u00edculo e portf\u00f3lio (para candidatos \u00e0 vaga de Design) e reda\u00e7\u00e3o, exceto candidatos dos cursos de Jornalismo e Design. Para estes ser\u00e3o realizadas as etapas de entrevista e atividade pr\u00e1tica.<\/p>\n<p>Acesse o edital e confira mais detalhes do Processo Seletivo.<\/p>\n<\/div>\n\t\t<\/div><\/div><\/div><\/div>","protected":false},"excerpt":{"rendered":"<p>Edital: EDITAL 001_2024 ANEXOS &#8211; EDITAL 001_2024 1 \u2013\u00a0Inscri\u00e7\u00f5es online (11 a 29\/11\/2024) 2 \u2013\u00a0 Clique Aqui e veja os selecionados para entrevista e atividade pr\u00e1tica \u2013 (04\/12\/2024) 3 \u2013 Reda\u00e7\u00e3o, entrevista e atividade pr\u00e1tica com candidatos selecionados\u00a0 \u2013 09 a 11\/12\/2024 4 \u2013\u00a0Clique Aqui e confira Resultado do Processo Seletivo de Est\u00e1gio\u00a0 \u2013 (13\/12\/2024) &nbsp; Contato Envie email para contatar a equipe respons\u00e1vel pelo Processo Seletivo de Est\u00e1gio (coest@cinep.pb.gov.br)<\/p>\n","protected":false},"author":9,"featured_media":0,"parent":0,"menu_order":0,"comment_status":"closed","ping_status":"closed","template":"","meta":{"ngg_post_thumbnail":0,"footnotes":""},"class_list":["entry","author-jordan","post-5423","page","type-page","status-publish"],"_links":{"self":[{"href":"https:\/\/www.cinep.pb.gov.br\/portal\/index.php?rest_route=\/wp\/v2\/pages\/5423","targetHints":{"allow":["GET"]}}],"collection":[{"href":"https:\/\/www.cinep.pb.gov.br\/portal\/index.php?rest_route=\/wp\/v2\/pages"}],"about":[{"href":"https:\/\/www.cinep.pb.gov.br\/portal\/index.php?rest_route=\/wp\/v2\/types\/page"}],"author":[{"embeddable":true,"href":"https:\/\/www.cinep.pb.gov.br\/portal\/index.php?rest_route=\/wp\/v2\/users\/9"}],"replies":[{"embeddable":true,"href":"https:\/\/www.cinep.pb.gov.br\/portal\/index.php?rest_route=%2Fwp%2Fv2%2Fcomments&post=5423"}],"version-history":[{"count":59,"href":"https:\/\/www.cinep.pb.gov.br\/portal\/index.php?rest_route=\/wp\/v2\/pages\/5423\/revisions"}],"predecessor-version":[{"id":9501,"href":"https:\/\/www.cinep.pb.gov.br\/portal\/index.php?rest_route=\/wp\/v2\/pages\/5423\/revisions\/9501"}],"wp:attachment":[{"href":"https:\/\/www.cinep.pb.gov.br\/portal\/index.php?rest_route=%2Fwp%2Fv2%2Fmedia&parent=5423"}],"curies":[{"name":"wp","href":"https:\/\/api.w.org\/{rel}","templated":true}]}}