{"id":4747,"date":"2019-08-14T14:50:45","date_gmt":"2019-08-14T17:50:45","guid":{"rendered":"http:\/\/www.cinep.pb.gov.br\/portal\/?page_id=4747"},"modified":"2019-09-04T09:27:09","modified_gmt":"2019-09-04T12:27:09","slug":"minutas-de-editais","status":"publish","type":"page","link":"https:\/\/www.cinep.pb.gov.br\/portal\/?page_id=4747","title":{"rendered":"Minutas de Editais e Contratos"},"content":{"rendered":"<p>&nbsp;<\/p>\n<p><strong>Minutas de Editais<\/strong><\/p>\n<ul>\n<li><a href=\"https:\/\/www.cinep.pb.gov.br\/portal\/wp-content\/uploads\/2019\/08\/MINUTA-EDITAL-AQUISI\u00c7\u00c3O.pdf\">MINUTA EDITAL AQUISI\u00c7\u00c3O<\/a><\/li>\n<li><a href=\"https:\/\/www.cinep.pb.gov.br\/portal\/wp-content\/uploads\/2019\/08\/MINUTA-EDITAL-SERVI\u00c7O-CONT\u00cdNUO-COM-MAO-DE-OBRA.pdf\">MINUTA EDITAL SERVI\u00c7O CONT\u00cdNUO COM MAO DE OBRA<\/a><\/li>\n<li><a href=\"https:\/\/www.cinep.pb.gov.br\/portal\/wp-content\/uploads\/2019\/08\/MINUTA-EDITAL-SERVI\u00c7O-CONT\u00cdNUO-SEM-MAO-DE-OBRA.pdf\">MINUTA EDITAL SERVI\u00c7O CONT\u00cdNUO SEM MAO DE OBRA<\/a><\/li>\n<li><a href=\"https:\/\/www.cinep.pb.gov.br\/portal\/wp-content\/uploads\/2019\/08\/MINUTA-EDITAL-SERVI\u00c7O-ENGENHARIA.pdf\">MINUTA EDITAL SERVI\u00c7O ENGENHARIA<\/a><\/li>\n<li><a href=\"https:\/\/www.cinep.pb.gov.br\/portal\/wp-content\/uploads\/2019\/08\/MINUTA-EDITAL-SERVI\u00c7O-NAO-CONTINUO-SRP.pdf\">MINUTA EDITAL SERVI\u00c7O N\u00c3O CONTINUO SRP<\/a><\/li>\n<li><a href=\"https:\/\/www.cinep.pb.gov.br\/portal\/wp-content\/uploads\/2019\/09\/MINUTA-EDITAL-MENOR-PRE\u00c7O-EMPREITADA-PRE\u00c7O-UNIT\u00c1RIO-OR\u00c7AMENTO-DIVULGADO.pdf\">MINUTA EDITAL MENOR PRE\u00c7O EMPREITADA PRE\u00c7O UNIT\u00c1RIO OR\u00c7AMENTO DIVULGADO<\/a><\/li>\n<\/ul>\n<p><strong>Minutas de Contratos<\/strong><\/p>\n<ul>\n<li><a href=\"https:\/\/www.cinep.pb.gov.br\/portal\/wp-content\/uploads\/2019\/08\/MINUTA-CONTRATO-AQUISI\u00c7\u00c3O.pdf\">MINUTA CONTRATO AQUISI\u00c7\u00c3O<\/a><\/li>\n<li><a href=\"https:\/\/www.cinep.pb.gov.br\/portal\/wp-content\/uploads\/2019\/08\/MINUTA-CONTRATO-PRESTA\u00c7\u00c3O-DE-SERVI\u00c7O-NAO-CONT\u00cdNUO-SRP.pdf\">MINUTA CONTRATO PRESTA\u00c7\u00c3O DE SERVI\u00c7O N\u00c3O CONT\u00cdNUO SRP<\/a><\/li>\n<li><a href=\"https:\/\/www.cinep.pb.gov.br\/portal\/wp-content\/uploads\/2019\/08\/MINUTA-CONTRATO-PRESTA\u00c7\u00c3O-DE-SERVI\u00c7OS-CONT\u00cdNUOS-COM-M\u00c3O-DE-OBRA-EXCLUSIVA.pdf\">MINUTA CONTRATO PRESTA\u00c7\u00c3O DE SERVI\u00c7OS CONT\u00cdNUOS COM M\u00c3O DE OBRA EXCLUSIVA<\/a><\/li>\n<li><a href=\"https:\/\/www.cinep.pb.gov.br\/portal\/wp-content\/uploads\/2019\/08\/MINUTA-CONTRATO-PRESTA\u00c7\u00c3O-DE-SERVI\u00c7OS-CONT\u00cdNUOS-SEM-M\u00c3O-DE-OBRA-EXCLUSIVA.pdf\">MINUTA CONTRATO PRESTA\u00c7\u00c3O DE SERVI\u00c7OS CONT\u00cdNUOS SEM M\u00c3O DE OBRA EXCLUSIVA<\/a><\/li>\n<li><a href=\"https:\/\/www.cinep.pb.gov.br\/portal\/wp-content\/uploads\/2019\/08\/MINUTA-CONTRATO-SERVI\u00c7O-COMUM-DE-ENGENHARIA.pdf\">MINUTA CONTRATO SERVI\u00c7O COMUM DE ENGENHARIA<\/a><\/li>\n<li><a href=\"https:\/\/www.cinep.pb.gov.br\/portal\/wp-content\/uploads\/2019\/08\/MINUTA-CONTRATO-PRESTA\u00c7\u00c3O-DE-SERVI\u00c7OS-CONT\u00cdNUOS-DISPENSA-DE-LICITA\u00c7\u00c3O.pdf\">MINUTA CONTRATO PRESTA\u00c7\u00c3O DE SERVI\u00c7OS CONT\u00cdNUOS DISPENSA DE LICITA\u00c7\u00c3O<\/a><\/li>\n<\/ul>\n","protected":false},"excerpt":{"rendered":"<p>&nbsp; Minutas de Editais MINUTA EDITAL AQUISI\u00c7\u00c3O MINUTA EDITAL SERVI\u00c7O CONT\u00cdNUO COM MAO DE OBRA MINUTA EDITAL SERVI\u00c7O CONT\u00cdNUO SEM MAO DE OBRA MINUTA EDITAL SERVI\u00c7O ENGENHARIA MINUTA EDITAL SERVI\u00c7O N\u00c3O CONTINUO SRP MINUTA EDITAL MENOR PRE\u00c7O EMPREITADA PRE\u00c7O UNIT\u00c1RIO OR\u00c7AMENTO DIVULGADO Minutas de Contratos MINUTA CONTRATO AQUISI\u00c7\u00c3O MINUTA CONTRATO PRESTA\u00c7\u00c3O DE SERVI\u00c7O N\u00c3O CONT\u00cdNUO SRP MINUTA CONTRATO PRESTA\u00c7\u00c3O DE SERVI\u00c7OS CONT\u00cdNUOS COM M\u00c3O DE OBRA EXCLUSIVA MINUTA CONTRATO PRESTA\u00c7\u00c3O<\/p>\n","protected":false},"author":1,"featured_media":0,"parent":0,"menu_order":0,"comment_status":"closed","ping_status":"closed","template":"","meta":{"ngg_post_thumbnail":0,"footnotes":""},"class_list":["entry","author-gertiadmin","post-4747","page","type-page","status-publish"],"_links":{"self":[{"href":"https:\/\/www.cinep.pb.gov.br\/portal\/index.php?rest_route=\/wp\/v2\/pages\/4747","targetHints":{"allow":["GET"]}}],"collection":[{"href":"https:\/\/www.cinep.pb.gov.br\/portal\/index.php?rest_route=\/wp\/v2\/pages"}],"about":[{"href":"https:\/\/www.cinep.pb.gov.br\/portal\/index.php?rest_route=\/wp\/v2\/types\/page"}],"author":[{"embeddable":true,"href":"https:\/\/www.cinep.pb.gov.br\/portal\/index.php?rest_route=\/wp\/v2\/users\/1"}],"replies":[{"embeddable":true,"href":"https:\/\/www.cinep.pb.gov.br\/portal\/index.php?rest_route=%2Fwp%2Fv2%2Fcomments&post=4747"}],"version-history":[{"count":5,"href":"https:\/\/www.cinep.pb.gov.br\/portal\/index.php?rest_route=\/wp\/v2\/pages\/4747\/revisions"}],"predecessor-version":[{"id":4854,"href":"https:\/\/www.cinep.pb.gov.br\/portal\/index.php?rest_route=\/wp\/v2\/pages\/4747\/revisions\/4854"}],"wp:attachment":[{"href":"https:\/\/www.cinep.pb.gov.br\/portal\/index.php?rest_route=%2Fwp%2Fv2%2Fmedia&parent=4747"}],"curies":[{"name":"wp","href":"https:\/\/api.w.org\/{rel}","templated":true}]}}