{"id":4511,"date":"2019-07-05T11:23:51","date_gmt":"2019-07-05T14:23:51","guid":{"rendered":"http:\/\/www.cinep.pb.gov.br\/portal\/?page_id=4511"},"modified":"2019-07-05T11:23:51","modified_gmt":"2019-07-05T14:23:51","slug":"editais-e-licitacoes-2017-e-2018","status":"publish","type":"page","link":"https:\/\/www.cinep.pb.gov.br\/portal\/?page_id=4511","title":{"rendered":"Editais e Licita\u00e7\u00f5es &#8211; 2017 e 2018"},"content":{"rendered":"<table class=\"table table-bordered table-striped\" style=\"height: 345px;\" width=\"823\" border=\"0\">\n<thead>\n<tr style=\"height: 23px; background-color: #96d3ff;\">\n<th style=\"height: 23px; width: 22px;\">#<\/th>\n<th style=\"height: 23px; width: 538px;\">Titulo<\/th>\n<\/tr>\n<\/thead>\n<tbody>\n<tr style=\"height: 23px;\">\n<td style=\"height: 23px; width: 22px;\" valign=\"top\">13<\/td>\n<td style=\"height: 23px; width: 538px;\"><a href=\"https:\/\/www.cinep.pb.gov.br\/portal\/?page_id=3783\">Preg\u00e3o Presencial 0002-2018<\/a><\/td>\n<\/tr>\n<tr style=\"height: 23px;\">\n<td style=\"height: 23px; width: 22px;\" valign=\"top\">12<\/td>\n<td style=\"height: 23px; width: 538px;\"><a href=\"https:\/\/www.cinep.pb.gov.br\/portal\/?page_id=3775\">Preg\u00e3o Presencial 0001-2018<\/a><\/td>\n<\/tr>\n<tr style=\"height: 23px;\">\n<td style=\"height: 23px; width: 22px;\" valign=\"top\">11<\/td>\n<td style=\"height: 23px; width: 538px;\"><a href=\"https:\/\/www.cinep.pb.gov.br\/portal\/?page_id=3761\">Convite 0001-2017<\/a><\/td>\n<\/tr>\n<tr style=\"height: 23px;\">\n<td style=\"height: 23px; width: 22px;\" valign=\"top\">10<\/td>\n<td style=\"height: 23px; width: 538px;\"><a href=\"https:\/\/www.cinep.pb.gov.br\/portal\/?page_id=3709\">Convite 0002-2017<\/a><\/td>\n<\/tr>\n<tr style=\"height: 23px;\">\n<td style=\"height: 23px; width: 22px;\" valign=\"top\">9<\/td>\n<td style=\"height: 23px; width: 538px;\"><a href=\"https:\/\/www.cinep.pb.gov.br\/portal\/?page_id=3693\">Concorr\u00eancia n\u00ba0002-2017<\/a><\/td>\n<\/tr>\n<tr style=\"height: 23px;\">\n<td style=\"height: 23px; width: 22px;\" valign=\"top\">8<\/td>\n<td style=\"height: 23px; width: 538px;\"><a href=\"https:\/\/www.cinep.pb.gov.br\/portal\/?page_id=3522\">Tomada de Pre\u00e7os 0003-2017<\/a><\/td>\n<\/tr>\n<tr style=\"height: 23px;\">\n<td style=\"height: 23px; width: 22px;\" valign=\"top\">7<\/td>\n<td style=\"height: 23px; width: 538px;\"><a href=\"https:\/\/www.cinep.pb.gov.br\/portal\/?page_id=3512&amp;preview=true\">Tomada de Pre\u00e7os 0002-2017<\/a><\/td>\n<\/tr>\n<tr style=\"height: 23px;\">\n<td style=\"height: 23px; width: 22px;\" valign=\"top\">6<\/td>\n<td style=\"height: 23px; width: 538px;\"><a href=\"https:\/\/www.cinep.pb.gov.br\/portal\/?page_id=3502&amp;preview=true\">Tomada de Pre\u00e7os 0001-2017<\/a><\/td>\n<\/tr>\n<tr style=\"height: 23px;\">\n<td style=\"height: 23px; width: 22px;\" valign=\"top\">5<\/td>\n<td style=\"height: 23px; width: 538px;\"><a href=\"https:\/\/www.cinep.pb.gov.br\/portal\/?page_id=3494&amp;preview=true\">Preg\u00e3o Presencial 0004-2017<\/a><\/td>\n<\/tr>\n<tr style=\"height: 23px;\">\n<td style=\"height: 23px; width: 22px;\" valign=\"top\">4<\/td>\n<td style=\"height: 23px; width: 538px;\"><a href=\"https:\/\/www.cinep.pb.gov.br\/portal\/?page_id=3489&amp;preview=true\">Preg\u00e3o Presencial 0003-2017<\/a><\/td>\n<\/tr>\n<tr style=\"height: 23px;\">\n<td style=\"height: 23px; width: 22px;\" valign=\"top\">3<\/td>\n<td style=\"height: 23px; width: 538px;\"><a href=\"https:\/\/www.cinep.pb.gov.br\/portal\/?page_id=3480\">Preg\u00e3o Presencial 0002-2017<\/a><\/td>\n<\/tr>\n<tr style=\"height: 23px;\">\n<td style=\"height: 23px; width: 22px;\" valign=\"top\">2<\/td>\n<td style=\"height: 23px; width: 538px;\"><a href=\"https:\/\/www.cinep.pb.gov.br\/portal\/?page_id=3425\">Preg\u00e3o Presencial 0001-2017<\/a><\/td>\n<\/tr>\n<tr style=\"height: 23px;\">\n<td style=\"height: 23px; width: 22px;\" valign=\"top\">1<\/td>\n<td style=\"height: 23px; width: 538px;\"><a href=\"https:\/\/www.cinep.pb.gov.br\/portal\/?page_id=3412\">Concorr\u00eancia n\u00b0 0001-2017<\/a><\/td>\n<\/tr>\n<\/tbody>\n<\/table>\n","protected":false},"excerpt":{"rendered":"<p># Titulo 13 Preg\u00e3o Presencial 0002-2018 12 Preg\u00e3o Presencial 0001-2018 11 Convite 0001-2017 10 Convite 0002-2017 9 Concorr\u00eancia n\u00ba0002-2017 8 Tomada de Pre\u00e7os 0003-2017 7 Tomada de Pre\u00e7os 0002-2017 6 Tomada de Pre\u00e7os 0001-2017 5 Preg\u00e3o Presencial 0004-2017 4 Preg\u00e3o Presencial 0003-2017 3 Preg\u00e3o Presencial 0002-2017 2 Preg\u00e3o Presencial 0001-2017 1 Concorr\u00eancia n\u00b0 0001-2017<\/p>\n","protected":false},"author":1,"featured_media":0,"parent":0,"menu_order":0,"comment_status":"closed","ping_status":"closed","template":"","meta":{"ngg_post_thumbnail":0,"footnotes":""},"class_list":["entry","author-gertiadmin","post-4511","page","type-page","status-publish"],"_links":{"self":[{"href":"https:\/\/www.cinep.pb.gov.br\/portal\/index.php?rest_route=\/wp\/v2\/pages\/4511","targetHints":{"allow":["GET"]}}],"collection":[{"href":"https:\/\/www.cinep.pb.gov.br\/portal\/index.php?rest_route=\/wp\/v2\/pages"}],"about":[{"href":"https:\/\/www.cinep.pb.gov.br\/portal\/index.php?rest_route=\/wp\/v2\/types\/page"}],"author":[{"embeddable":true,"href":"https:\/\/www.cinep.pb.gov.br\/portal\/index.php?rest_route=\/wp\/v2\/users\/1"}],"replies":[{"embeddable":true,"href":"https:\/\/www.cinep.pb.gov.br\/portal\/index.php?rest_route=%2Fwp%2Fv2%2Fcomments&post=4511"}],"version-history":[{"count":1,"href":"https:\/\/www.cinep.pb.gov.br\/portal\/index.php?rest_route=\/wp\/v2\/pages\/4511\/revisions"}],"predecessor-version":[{"id":4512,"href":"https:\/\/www.cinep.pb.gov.br\/portal\/index.php?rest_route=\/wp\/v2\/pages\/4511\/revisions\/4512"}],"wp:attachment":[{"href":"https:\/\/www.cinep.pb.gov.br\/portal\/index.php?rest_route=%2Fwp%2Fv2%2Fmedia&parent=4511"}],"curies":[{"name":"wp","href":"https:\/\/api.w.org\/{rel}","templated":true}]}}