{"id":4494,"date":"2019-09-20T00:01:48","date_gmt":"2019-09-20T03:01:48","guid":{"rendered":"http:\/\/www.cinep.pb.gov.br\/portal\/?page_id=4494"},"modified":"2019-09-19T09:27:23","modified_gmt":"2019-09-19T12:27:23","slug":"resultado-do-processo-de-selecao-de-estagio","status":"publish","type":"page","link":"https:\/\/www.cinep.pb.gov.br\/portal\/?page_id=4494","title":{"rendered":"Resultado do Processo de Sele\u00e7\u00e3o de Est\u00e1gio"},"content":{"rendered":"<p>O Resultado do Processo Seletivo estar\u00e1 dispon\u00edvel no dia 12 de agosto de 2019 (para o edital 001\/2019) e 20 de setembro (para os editais 002,003,004 e 005\/2019).<\/p>\n<p><img loading=\"lazy\" decoding=\"async\" class=\"size-full wp-image-4908 aligncenter\" src=\"https:\/\/www.cinep.pb.gov.br\/portal\/wp-content\/uploads\/2019\/09\/2019-09-19_091419.png\" alt=\"\" width=\"567\" height=\"587\" srcset=\"https:\/\/www.cinep.pb.gov.br\/portal\/wp-content\/uploads\/2019\/09\/2019-09-19_091419.png 567w, https:\/\/www.cinep.pb.gov.br\/portal\/wp-content\/uploads\/2019\/09\/2019-09-19_091419-290x300.png 290w\" sizes=\"auto, (max-width: 567px) 100vw, 567px\" \/><\/p>\n<p>&nbsp;<\/p>\n<p><img loading=\"lazy\" decoding=\"async\" class=\"size-full wp-image-4740 aligncenter\" src=\"https:\/\/www.cinep.pb.gov.br\/portal\/wp-content\/uploads\/2019\/08\/2019-08-09_120654.jpg\" alt=\"\" width=\"426\" height=\"420\" srcset=\"https:\/\/www.cinep.pb.gov.br\/portal\/wp-content\/uploads\/2019\/08\/2019-08-09_120654.jpg 426w, https:\/\/www.cinep.pb.gov.br\/portal\/wp-content\/uploads\/2019\/08\/2019-08-09_120654-300x296.jpg 300w\" sizes=\"auto, (max-width: 426px) 100vw, 426px\" \/><\/p>\n\n\n<p><\/p>\n","protected":false},"excerpt":{"rendered":"<p>O Resultado do Processo Seletivo estar\u00e1 dispon\u00edvel no dia 12 de agosto de 2019 (para o edital 001\/2019) e 20 de setembro (para os editais 002,003,004 e 005\/2019). &nbsp;<\/p>\n","protected":false},"author":1,"featured_media":0,"parent":0,"menu_order":0,"comment_status":"closed","ping_status":"closed","template":"","meta":{"ngg_post_thumbnail":0,"footnotes":""},"class_list":["entry","author-gertiadmin","post-4494","page","type-page","status-publish"],"_links":{"self":[{"href":"https:\/\/www.cinep.pb.gov.br\/portal\/index.php?rest_route=\/wp\/v2\/pages\/4494","targetHints":{"allow":["GET"]}}],"collection":[{"href":"https:\/\/www.cinep.pb.gov.br\/portal\/index.php?rest_route=\/wp\/v2\/pages"}],"about":[{"href":"https:\/\/www.cinep.pb.gov.br\/portal\/index.php?rest_route=\/wp\/v2\/types\/page"}],"author":[{"embeddable":true,"href":"https:\/\/www.cinep.pb.gov.br\/portal\/index.php?rest_route=\/wp\/v2\/users\/1"}],"replies":[{"embeddable":true,"href":"https:\/\/www.cinep.pb.gov.br\/portal\/index.php?rest_route=%2Fwp%2Fv2%2Fcomments&post=4494"}],"version-history":[{"count":8,"href":"https:\/\/www.cinep.pb.gov.br\/portal\/index.php?rest_route=\/wp\/v2\/pages\/4494\/revisions"}],"predecessor-version":[{"id":4914,"href":"https:\/\/www.cinep.pb.gov.br\/portal\/index.php?rest_route=\/wp\/v2\/pages\/4494\/revisions\/4914"}],"wp:attachment":[{"href":"https:\/\/www.cinep.pb.gov.br\/portal\/index.php?rest_route=%2Fwp%2Fv2%2Fmedia&parent=4494"}],"curies":[{"name":"wp","href":"https:\/\/api.w.org\/{rel}","templated":true}]}}