{"id":4492,"date":"2019-08-20T00:01:14","date_gmt":"2019-08-20T03:01:14","guid":{"rendered":"http:\/\/www.cinep.pb.gov.br\/portal\/?page_id=4492"},"modified":"2019-08-19T14:36:10","modified_gmt":"2019-08-19T17:36:10","slug":"confirmacao-de-data-horario-e-local-da-prova-para-selecao-de-estagio","status":"publish","type":"page","link":"https:\/\/www.cinep.pb.gov.br\/portal\/?page_id=4492","title":{"rendered":"Divulga\u00e7\u00e3o de Inscritos,  Data, Hor\u00e1rio e Local da Prova para Sele\u00e7\u00e3o de Est\u00e1gio"},"content":{"rendered":"<p><strong>OBS:<\/strong> Os editais 002, 003, 004 e 005\/2019, referentes ao Processo Seletivo de Est\u00e1gio 2019 foram prorrogados e um deles retificado. Confira mais informa\u00e7\u00f5es <a href=\"https:\/\/www.cinep.pb.gov.br\/portal\/?p=4641\">atrav\u00e9s deste link.<br \/>\n<\/a><\/p>\n<p><img loading=\"lazy\" decoding=\"async\" class=\"alignnone size-full wp-image-4807\" src=\"https:\/\/www.cinep.pb.gov.br\/portal\/wp-content\/uploads\/2019\/08\/2019-08-19_143240.jpg\" alt=\"\" width=\"762\" height=\"1533\" srcset=\"https:\/\/www.cinep.pb.gov.br\/portal\/wp-content\/uploads\/2019\/08\/2019-08-19_143240.jpg 762w, https:\/\/www.cinep.pb.gov.br\/portal\/wp-content\/uploads\/2019\/08\/2019-08-19_143240-149x300.jpg 149w, https:\/\/www.cinep.pb.gov.br\/portal\/wp-content\/uploads\/2019\/08\/2019-08-19_143240-509x1024.jpg 509w\" sizes=\"auto, (max-width: 762px) 100vw, 762px\" \/><\/p>\n<p>&nbsp;<\/p>\n","protected":false},"excerpt":{"rendered":"<p>OBS: Os editais 002, 003, 004 e 005\/2019, referentes ao Processo Seletivo de Est\u00e1gio 2019 foram prorrogados e um deles retificado. Confira mais informa\u00e7\u00f5es atrav\u00e9s deste link. &nbsp;<\/p>\n","protected":false},"author":1,"featured_media":0,"parent":0,"menu_order":0,"comment_status":"closed","ping_status":"closed","template":"","meta":{"ngg_post_thumbnail":0,"footnotes":""},"class_list":["entry","author-gertiadmin","post-4492","page","type-page","status-publish"],"_links":{"self":[{"href":"https:\/\/www.cinep.pb.gov.br\/portal\/index.php?rest_route=\/wp\/v2\/pages\/4492","targetHints":{"allow":["GET"]}}],"collection":[{"href":"https:\/\/www.cinep.pb.gov.br\/portal\/index.php?rest_route=\/wp\/v2\/pages"}],"about":[{"href":"https:\/\/www.cinep.pb.gov.br\/portal\/index.php?rest_route=\/wp\/v2\/types\/page"}],"author":[{"embeddable":true,"href":"https:\/\/www.cinep.pb.gov.br\/portal\/index.php?rest_route=\/wp\/v2\/users\/1"}],"replies":[{"embeddable":true,"href":"https:\/\/www.cinep.pb.gov.br\/portal\/index.php?rest_route=%2Fwp%2Fv2%2Fcomments&post=4492"}],"version-history":[{"count":13,"href":"https:\/\/www.cinep.pb.gov.br\/portal\/index.php?rest_route=\/wp\/v2\/pages\/4492\/revisions"}],"predecessor-version":[{"id":4808,"href":"https:\/\/www.cinep.pb.gov.br\/portal\/index.php?rest_route=\/wp\/v2\/pages\/4492\/revisions\/4808"}],"wp:attachment":[{"href":"https:\/\/www.cinep.pb.gov.br\/portal\/index.php?rest_route=%2Fwp%2Fv2%2Fmedia&parent=4492"}],"curies":[{"name":"wp","href":"https:\/\/api.w.org\/{rel}","templated":true}]}}