{"id":3522,"date":"2017-08-31T14:01:19","date_gmt":"2017-08-31T17:01:19","guid":{"rendered":"http:\/\/www.cinep.pb.gov.br\/portal\/?page_id=3522"},"modified":"2017-08-31T14:01:19","modified_gmt":"2017-08-31T17:01:19","slug":"tomada-de-precos-0003-2017","status":"publish","type":"page","link":"https:\/\/www.cinep.pb.gov.br\/portal\/?page_id=3522","title":{"rendered":"Tomada de Pre\u00e7os 0003-2017"},"content":{"rendered":"<p><a href=\"https:\/\/www.cinep.pb.gov.br\/portal\/wp-content\/uploads\/2017\/08\/EDITAL-TOMADA-DE-PRE\u00c7OS-N\u00ba-0003-2017.pdf\">Edital Tomada de Pre\u00e7os 0003-2017<\/a><\/p>\n<p><a href=\"https:\/\/www.cinep.pb.gov.br\/portal\/wp-content\/uploads\/2017\/08\/ANEXOS-1.pdf\">Anexos Tomada de Pre\u00e7os 0003-2017<\/a><\/p>\n<p>Projeto B\u00e1sico Completo\u00a0Tomada de Pre\u00e7os 0003-2017<\/p>\n<p><a href=\"https:\/\/www.cinep.pb.gov.br\/portal\/wp-content\/uploads\/2017\/08\/PUBLICA\u00c7\u00c3O-TOMADA-DE-PRE\u00c7OS-N\u00ba-00032017-DOE.pdf\">Publica\u00e7\u00e3o\u00a0Tomada de Pre\u00e7os N\u00ba 0003-2017 DOE<\/a><\/p>\n<p><a href=\"https:\/\/www.cinep.pb.gov.br\/portal\/wp-content\/uploads\/2017\/08\/TERMO-DE-REFER\u00caNCIA-5.pdf\">Termo de Refer\u00eancia Tomada de Pre\u00e7os 0003-2017<\/a><\/p>\n","protected":false},"excerpt":{"rendered":"<p>Edital Tomada de Pre\u00e7os 0003-2017 Anexos Tomada de Pre\u00e7os 0003-2017 Projeto B\u00e1sico Completo\u00a0Tomada de Pre\u00e7os 0003-2017 Publica\u00e7\u00e3o\u00a0Tomada de Pre\u00e7os N\u00ba 0003-2017 DOE Termo de Refer\u00eancia Tomada de Pre\u00e7os 0003-2017<\/p>\n","protected":false},"author":4,"featured_media":0,"parent":0,"menu_order":0,"comment_status":"closed","ping_status":"closed","template":"","meta":{"ngg_post_thumbnail":0,"footnotes":""},"class_list":["entry","author-felipe","post-3522","page","type-page","status-publish"],"_links":{"self":[{"href":"https:\/\/www.cinep.pb.gov.br\/portal\/index.php?rest_route=\/wp\/v2\/pages\/3522","targetHints":{"allow":["GET"]}}],"collection":[{"href":"https:\/\/www.cinep.pb.gov.br\/portal\/index.php?rest_route=\/wp\/v2\/pages"}],"about":[{"href":"https:\/\/www.cinep.pb.gov.br\/portal\/index.php?rest_route=\/wp\/v2\/types\/page"}],"author":[{"embeddable":true,"href":"https:\/\/www.cinep.pb.gov.br\/portal\/index.php?rest_route=\/wp\/v2\/users\/4"}],"replies":[{"embeddable":true,"href":"https:\/\/www.cinep.pb.gov.br\/portal\/index.php?rest_route=%2Fwp%2Fv2%2Fcomments&post=3522"}],"version-history":[{"count":1,"href":"https:\/\/www.cinep.pb.gov.br\/portal\/index.php?rest_route=\/wp\/v2\/pages\/3522\/revisions"}],"predecessor-version":[{"id":3528,"href":"https:\/\/www.cinep.pb.gov.br\/portal\/index.php?rest_route=\/wp\/v2\/pages\/3522\/revisions\/3528"}],"wp:attachment":[{"href":"https:\/\/www.cinep.pb.gov.br\/portal\/index.php?rest_route=%2Fwp%2Fv2%2Fmedia&parent=3522"}],"curies":[{"name":"wp","href":"https:\/\/api.w.org\/{rel}","templated":true}]}}