{"id":3512,"date":"2017-08-31T13:54:24","date_gmt":"2017-08-31T16:54:24","guid":{"rendered":"http:\/\/www.cinep.pb.gov.br\/portal\/?page_id=3512"},"modified":"2017-10-04T11:05:31","modified_gmt":"2017-10-04T14:05:31","slug":"tomada-de-precos-0002-2017","status":"publish","type":"page","link":"https:\/\/www.cinep.pb.gov.br\/portal\/?page_id=3512","title":{"rendered":"Tomada de Pre\u00e7os 0002-2017"},"content":{"rendered":"<p><a href=\"https:\/\/www.cinep.pb.gov.br\/portal\/wp-content\/uploads\/2017\/08\/EDITAL-ANEXOS-TP-02-2017.pdf\">Edital e Anexos TP 002-2017<\/a><\/p>\n<p><a href=\"https:\/\/www.cinep.pb.gov.br\/portal\/wp-content\/uploads\/2017\/08\/MINUTA-DE-CONTRATO-5.pdf\">Minuta de Contrato TP 002-2017<\/a><\/p>\n<p><a href=\"https:\/\/www.cinep.pb.gov.br\/portal\/wp-content\/uploads\/2017\/08\/PROJETO-BASICO-COMPLETO-TP-02-2017.pdf\">Projeto B\u00e1sico Completo TP 002-2017<\/a><\/p>\n<p><a href=\"https:\/\/www.cinep.pb.gov.br\/portal\/wp-content\/uploads\/2017\/08\/PUBLICA\u00c7\u00c3O-DE-AVISO-DE-LICITA\u00c7\u00c3O.pdf\">Publica\u00e7\u00e3o de Aviso de Licita\u00e7\u00e3o TP 002-2017<\/a><\/p>\n<p><a href=\"https:\/\/www.cinep.pb.gov.br\/portal\/wp-content\/uploads\/2017\/08\/TERMO-DE-REFER\u00caNCIA-4.pdf\">Termo de Refer\u00eancia TP 002-2017<\/a><\/p>\n<p><a href=\"https:\/\/www.cinep.pb.gov.br\/portal\/wp-content\/uploads\/2017\/08\/Publica\u00e7\u00e3o-Julgamento-Habilita\u00e7\u00e3o-TP-002-2017.pdf\">Publica\u00e7\u00e3o Julgamento Habilita\u00e7\u00e3o TP 002-2017<\/a><\/p>\n<p><a href=\"https:\/\/www.cinep.pb.gov.br\/portal\/wp-content\/uploads\/2017\/08\/PUBLICA\u00c7\u00c3O-AVISO-INTERPOSI\u00c7\u00c3O-DE-RECURSOS-ADMINISTRATIVOS-TOMADA-DE-PRE\u00c7OS-N\u00ba-0002-2017.pdf\">Publica\u00e7\u00e3o Aviso Interposi\u00e7\u00e3o\u00a0de Recursos Administrativos\u00a0TP N\u00ba 0002-2017<\/a><\/p>\n","protected":false},"excerpt":{"rendered":"<p>Edital e Anexos TP 002-2017 Minuta de Contrato TP 002-2017 Projeto B\u00e1sico Completo TP 002-2017 Publica\u00e7\u00e3o de Aviso de Licita\u00e7\u00e3o TP 002-2017 Termo de Refer\u00eancia TP 002-2017 Publica\u00e7\u00e3o Julgamento Habilita\u00e7\u00e3o TP 002-2017 Publica\u00e7\u00e3o Aviso Interposi\u00e7\u00e3o\u00a0de Recursos Administrativos\u00a0TP N\u00ba 0002-2017<\/p>\n","protected":false},"author":4,"featured_media":0,"parent":313,"menu_order":0,"comment_status":"closed","ping_status":"closed","template":"","meta":{"ngg_post_thumbnail":0,"footnotes":""},"class_list":["entry","author-felipe","post-3512","page","type-page","status-publish"],"_links":{"self":[{"href":"https:\/\/www.cinep.pb.gov.br\/portal\/index.php?rest_route=\/wp\/v2\/pages\/3512","targetHints":{"allow":["GET"]}}],"collection":[{"href":"https:\/\/www.cinep.pb.gov.br\/portal\/index.php?rest_route=\/wp\/v2\/pages"}],"about":[{"href":"https:\/\/www.cinep.pb.gov.br\/portal\/index.php?rest_route=\/wp\/v2\/types\/page"}],"author":[{"embeddable":true,"href":"https:\/\/www.cinep.pb.gov.br\/portal\/index.php?rest_route=\/wp\/v2\/users\/4"}],"replies":[{"embeddable":true,"href":"https:\/\/www.cinep.pb.gov.br\/portal\/index.php?rest_route=%2Fwp%2Fv2%2Fcomments&post=3512"}],"version-history":[{"count":3,"href":"https:\/\/www.cinep.pb.gov.br\/portal\/index.php?rest_route=\/wp\/v2\/pages\/3512\/revisions"}],"predecessor-version":[{"id":3589,"href":"https:\/\/www.cinep.pb.gov.br\/portal\/index.php?rest_route=\/wp\/v2\/pages\/3512\/revisions\/3589"}],"up":[{"embeddable":true,"href":"https:\/\/www.cinep.pb.gov.br\/portal\/index.php?rest_route=\/wp\/v2\/pages\/313"}],"wp:attachment":[{"href":"https:\/\/www.cinep.pb.gov.br\/portal\/index.php?rest_route=%2Fwp%2Fv2%2Fmedia&parent=3512"}],"curies":[{"name":"wp","href":"https:\/\/api.w.org\/{rel}","templated":true}]}}