{"id":3502,"date":"2017-08-31T13:41:31","date_gmt":"2017-08-31T16:41:31","guid":{"rendered":"http:\/\/www.cinep.pb.gov.br\/portal\/?page_id=3502"},"modified":"2017-10-05T15:29:18","modified_gmt":"2017-10-05T18:29:18","slug":"tomada-de-precos-0001-2017","status":"publish","type":"page","link":"https:\/\/www.cinep.pb.gov.br\/portal\/?page_id=3502","title":{"rendered":"Tomada de Pre\u00e7os 0001-2017"},"content":{"rendered":"<p><a href=\"https:\/\/www.cinep.pb.gov.br\/portal\/wp-content\/uploads\/2017\/08\/EDITAL-ANEXOS-TP-01-2017.pdf\">Edital e Anexos TP 0001-2017<\/a><\/p>\n<p><a href=\"https:\/\/www.cinep.pb.gov.br\/portal\/wp-content\/uploads\/2017\/08\/MINUTA-DE-CONTRATO-3.pdf\">Minuta de Contrato TP n\u00b0 0001-2017<\/a><\/p>\n<p><a href=\"https:\/\/www.cinep.pb.gov.br\/portal\/wp-content\/uploads\/2017\/08\/PROJETO-BASICO-COMPLETO-TP-01-2017.pdf\">Projeto B\u00e1sico Completo\u00a0&#8211; TP 001-2017<\/a><\/p>\n<p><a href=\"https:\/\/www.cinep.pb.gov.br\/portal\/wp-content\/uploads\/2017\/08\/TERMO-DE-REFER\u00caNCIA-3.pdf\">Termo de Refer\u00eancia TP n\u00b0 0001-2017<\/a><\/p>\n<p><a href=\"https:\/\/www.cinep.pb.gov.br\/portal\/wp-content\/uploads\/2017\/08\/PUBLICA\u00c7\u00c3O-AVISO-TP-N\u00ba-0001-17.pdf\">Publica\u00e7\u00e3o Aviso TP n\u00b0 0001-2017<\/a><\/p>\n<p><a href=\"https:\/\/www.cinep.pb.gov.br\/portal\/wp-content\/uploads\/2017\/08\/Publica\u00e7\u00e3o-Resultado-Julgamento-de-Habilita\u00e7\u00e3o-da-Tomada-de-Pre\u00e7os-n-0001-2017.pdf\">Publica\u00e7\u00e3o Resultado Julgamento de Habilita\u00e7\u00e3o da Tomada de Pre\u00e7os n 0001-2017<\/a><\/p>\n<p><a href=\"https:\/\/www.cinep.pb.gov.br\/portal\/wp-content\/uploads\/2017\/08\/PUBLICA\u00c7\u00c3O-AVISO-DE-RECURSO-ADMINISTRATIVO-TOMADA-DE-PRE\u00c7OS-N0001-2017.pdf\">Publica\u00e7\u00e3o Aviso de Recurso Administrativo TP n\u00b0 0001-2017<\/a><\/p>\n<p><a href=\"https:\/\/www.cinep.pb.gov.br\/portal\/wp-content\/uploads\/2017\/08\/PUBLICA\u00c7\u00c3O-INTERPOSI\u00c7\u00c3O-DE-RECURSOS-TOMADA-DE-PRE\u00c7OS-N\u00ba-0001-17.pdf\">Publica\u00e7\u00e3o Interposi\u00e7\u00e3o\u00a0de Recursos Administrativos\u00a0Tomada de Pre\u00e7os\u00a0N\u00ba 0001-17<\/a><\/p>\n","protected":false},"excerpt":{"rendered":"<p>Edital e Anexos TP 0001-2017 Minuta de Contrato TP n\u00b0 0001-2017 Projeto B\u00e1sico Completo\u00a0&#8211; TP 001-2017 Termo de Refer\u00eancia TP n\u00b0 0001-2017 Publica\u00e7\u00e3o Aviso TP n\u00b0 0001-2017 Publica\u00e7\u00e3o Resultado Julgamento de Habilita\u00e7\u00e3o da Tomada de Pre\u00e7os n 0001-2017 Publica\u00e7\u00e3o Aviso de Recurso Administrativo TP n\u00b0 0001-2017 Publica\u00e7\u00e3o Interposi\u00e7\u00e3o\u00a0de Recursos Administrativos\u00a0Tomada de Pre\u00e7os\u00a0N\u00ba 0001-17<\/p>\n","protected":false},"author":4,"featured_media":0,"parent":313,"menu_order":0,"comment_status":"closed","ping_status":"closed","template":"","meta":{"ngg_post_thumbnail":0,"footnotes":""},"class_list":["entry","author-felipe","post-3502","page","type-page","status-publish"],"_links":{"self":[{"href":"https:\/\/www.cinep.pb.gov.br\/portal\/index.php?rest_route=\/wp\/v2\/pages\/3502","targetHints":{"allow":["GET"]}}],"collection":[{"href":"https:\/\/www.cinep.pb.gov.br\/portal\/index.php?rest_route=\/wp\/v2\/pages"}],"about":[{"href":"https:\/\/www.cinep.pb.gov.br\/portal\/index.php?rest_route=\/wp\/v2\/types\/page"}],"author":[{"embeddable":true,"href":"https:\/\/www.cinep.pb.gov.br\/portal\/index.php?rest_route=\/wp\/v2\/users\/4"}],"replies":[{"embeddable":true,"href":"https:\/\/www.cinep.pb.gov.br\/portal\/index.php?rest_route=%2Fwp%2Fv2%2Fcomments&post=3502"}],"version-history":[{"count":3,"href":"https:\/\/www.cinep.pb.gov.br\/portal\/index.php?rest_route=\/wp\/v2\/pages\/3502\/revisions"}],"predecessor-version":[{"id":3635,"href":"https:\/\/www.cinep.pb.gov.br\/portal\/index.php?rest_route=\/wp\/v2\/pages\/3502\/revisions\/3635"}],"up":[{"embeddable":true,"href":"https:\/\/www.cinep.pb.gov.br\/portal\/index.php?rest_route=\/wp\/v2\/pages\/313"}],"wp:attachment":[{"href":"https:\/\/www.cinep.pb.gov.br\/portal\/index.php?rest_route=%2Fwp%2Fv2%2Fmedia&parent=3502"}],"curies":[{"name":"wp","href":"https:\/\/api.w.org\/{rel}","templated":true}]}}