{"id":3494,"date":"2017-08-31T13:26:54","date_gmt":"2017-08-31T16:26:54","guid":{"rendered":"http:\/\/www.cinep.pb.gov.br\/portal\/?page_id=3494"},"modified":"2017-10-04T11:07:06","modified_gmt":"2017-10-04T14:07:06","slug":"pregao-presencial-0004-2017","status":"publish","type":"page","link":"https:\/\/www.cinep.pb.gov.br\/portal\/?page_id=3494","title":{"rendered":"Preg\u00e3o Presencial 0004-2017"},"content":{"rendered":"<p><a href=\"https:\/\/www.cinep.pb.gov.br\/portal\/wp-content\/uploads\/2017\/08\/EDITAL-COMPLETO-PREG\u00c3O-PRESENCIAL-N\u00ba0004-17-1.pdf\">Edital Completo Preg\u00e3o Presencial n\u00b0 0004-2017<\/a><\/p>\n<p><a href=\"https:\/\/www.cinep.pb.gov.br\/portal\/wp-content\/uploads\/2017\/08\/PUBLICA\u00c7\u00c3O-DOE-AVISO-DE-PREG\u00c3O-PRESENCIAL-N\u00ba-0004-17.pdf\">Publica\u00e7\u00e3o DOE Aviso de Preg\u00e3o Presencial N\u00ba 0004-17<\/a><\/p>\n<p><a href=\"https:\/\/www.cinep.pb.gov.br\/portal\/wp-content\/uploads\/2017\/08\/TERMO-DE-ADJUDICA\u00c7\u00c3O-HOMOLOGA\u00c7\u00c3O-PREG\u00c3O-PRESENCIAL-N\u00ba-0004-2017.pdf\">TERMO DE ADJUDICA\u00c7\u00c3O-HOMOLOGA\u00c7\u00c3O PREG\u00c3O PRESENCIAL N\u00ba 0004-2017<\/a><\/p>\n<p>&nbsp;<\/p>\n","protected":false},"excerpt":{"rendered":"<p>Edital Completo Preg\u00e3o Presencial n\u00b0 0004-2017 Publica\u00e7\u00e3o DOE Aviso de Preg\u00e3o Presencial N\u00ba 0004-17 TERMO DE ADJUDICA\u00c7\u00c3O-HOMOLOGA\u00c7\u00c3O PREG\u00c3O PRESENCIAL N\u00ba 0004-2017 &nbsp;<\/p>\n","protected":false},"author":4,"featured_media":0,"parent":313,"menu_order":0,"comment_status":"closed","ping_status":"closed","template":"","meta":{"ngg_post_thumbnail":0,"footnotes":""},"class_list":["entry","author-felipe","post-3494","page","type-page","status-publish"],"_links":{"self":[{"href":"https:\/\/www.cinep.pb.gov.br\/portal\/index.php?rest_route=\/wp\/v2\/pages\/3494","targetHints":{"allow":["GET"]}}],"collection":[{"href":"https:\/\/www.cinep.pb.gov.br\/portal\/index.php?rest_route=\/wp\/v2\/pages"}],"about":[{"href":"https:\/\/www.cinep.pb.gov.br\/portal\/index.php?rest_route=\/wp\/v2\/types\/page"}],"author":[{"embeddable":true,"href":"https:\/\/www.cinep.pb.gov.br\/portal\/index.php?rest_route=\/wp\/v2\/users\/4"}],"replies":[{"embeddable":true,"href":"https:\/\/www.cinep.pb.gov.br\/portal\/index.php?rest_route=%2Fwp%2Fv2%2Fcomments&post=3494"}],"version-history":[{"count":2,"href":"https:\/\/www.cinep.pb.gov.br\/portal\/index.php?rest_route=\/wp\/v2\/pages\/3494\/revisions"}],"predecessor-version":[{"id":3591,"href":"https:\/\/www.cinep.pb.gov.br\/portal\/index.php?rest_route=\/wp\/v2\/pages\/3494\/revisions\/3591"}],"up":[{"embeddable":true,"href":"https:\/\/www.cinep.pb.gov.br\/portal\/index.php?rest_route=\/wp\/v2\/pages\/313"}],"wp:attachment":[{"href":"https:\/\/www.cinep.pb.gov.br\/portal\/index.php?rest_route=%2Fwp%2Fv2%2Fmedia&parent=3494"}],"curies":[{"name":"wp","href":"https:\/\/api.w.org\/{rel}","templated":true}]}}