{"id":3480,"date":"2017-08-31T13:08:10","date_gmt":"2017-08-31T16:08:10","guid":{"rendered":"http:\/\/www.cinep.pb.gov.br\/portal\/?page_id=3480"},"modified":"2017-08-31T13:08:10","modified_gmt":"2017-08-31T16:08:10","slug":"pregao-presencial-0002-2017","status":"publish","type":"page","link":"https:\/\/www.cinep.pb.gov.br\/portal\/?page_id=3480","title":{"rendered":"Preg\u00e3o Presencial 0002-2017"},"content":{"rendered":"<p><a href=\"https:\/\/www.cinep.pb.gov.br\/portal\/wp-content\/uploads\/2017\/08\/AVISO-DE-PREG\u00c3O-PRESENCIAL-N\u00ba-0002-2017.pdf\">Aviso de Preg\u00e3o Presencial n\u00b0 0002-2017<\/a><\/p>\n<p><a href=\"https:\/\/www.cinep.pb.gov.br\/portal\/wp-content\/uploads\/2017\/08\/EDITAL-PREG\u00c3O-PRESENCIAL-N\u00ba-0002-2017.pdf\">EDITAL PREG\u00c3O PRESENCIAL N\u00ba 0002-2017<\/a><\/p>\n<p><a href=\"https:\/\/www.cinep.pb.gov.br\/portal\/wp-content\/uploads\/2017\/08\/MINUTA-DE-CONTRATO-2.pdf\">Minuta de Contrato<\/a><\/p>\n<p><a href=\"https:\/\/www.cinep.pb.gov.br\/portal\/wp-content\/uploads\/2017\/08\/PUBLICA\u00c7\u00c3O-DOE-SEGUNDA-CHAMADA-PREG\u00c3O-PRESENCIAL-0002-17.pdf\">Publica\u00e7\u00e3o DOE Segunda Chamada Preg\u00e3o Presencial n\u00ba 0002-2017<\/a><\/p>\n<p><a href=\"https:\/\/www.cinep.pb.gov.br\/portal\/wp-content\/uploads\/2017\/08\/TERMO-DE-REFER\u00caNCIA-2.pdf\">Termo de Refer\u00eancia<\/a><\/p>\n<p><a href=\"https:\/\/www.cinep.pb.gov.br\/portal\/wp-content\/uploads\/2017\/08\/PUBLICA\u00c7\u00c3O-HOMOLOGA\u00c7\u00c3OADJUDICA-\u00c7\u00c3O-PREG\u00c3O-PRESENCIAL-N\u00ba-0002-2017.pdf\">Publica\u00e7\u00e3o Homologa\u00e7\u00e3o Adjudica\u00e7\u00e3o Preg\u00e3o Presencial n\u00b0 0002-2017<\/a><\/p>\n","protected":false},"excerpt":{"rendered":"<p>Aviso de Preg\u00e3o Presencial n\u00b0 0002-2017 EDITAL PREG\u00c3O PRESENCIAL N\u00ba 0002-2017 Minuta de Contrato Publica\u00e7\u00e3o DOE Segunda Chamada Preg\u00e3o Presencial n\u00ba 0002-2017 Termo de Refer\u00eancia Publica\u00e7\u00e3o Homologa\u00e7\u00e3o Adjudica\u00e7\u00e3o Preg\u00e3o Presencial n\u00b0 0002-2017<\/p>\n","protected":false},"author":4,"featured_media":0,"parent":313,"menu_order":0,"comment_status":"closed","ping_status":"closed","template":"","meta":{"ngg_post_thumbnail":0,"footnotes":""},"class_list":["entry","author-felipe","post-3480","page","type-page","status-publish"],"_links":{"self":[{"href":"https:\/\/www.cinep.pb.gov.br\/portal\/index.php?rest_route=\/wp\/v2\/pages\/3480","targetHints":{"allow":["GET"]}}],"collection":[{"href":"https:\/\/www.cinep.pb.gov.br\/portal\/index.php?rest_route=\/wp\/v2\/pages"}],"about":[{"href":"https:\/\/www.cinep.pb.gov.br\/portal\/index.php?rest_route=\/wp\/v2\/types\/page"}],"author":[{"embeddable":true,"href":"https:\/\/www.cinep.pb.gov.br\/portal\/index.php?rest_route=\/wp\/v2\/users\/4"}],"replies":[{"embeddable":true,"href":"https:\/\/www.cinep.pb.gov.br\/portal\/index.php?rest_route=%2Fwp%2Fv2%2Fcomments&post=3480"}],"version-history":[{"count":1,"href":"https:\/\/www.cinep.pb.gov.br\/portal\/index.php?rest_route=\/wp\/v2\/pages\/3480\/revisions"}],"predecessor-version":[{"id":3487,"href":"https:\/\/www.cinep.pb.gov.br\/portal\/index.php?rest_route=\/wp\/v2\/pages\/3480\/revisions\/3487"}],"up":[{"embeddable":true,"href":"https:\/\/www.cinep.pb.gov.br\/portal\/index.php?rest_route=\/wp\/v2\/pages\/313"}],"wp:attachment":[{"href":"https:\/\/www.cinep.pb.gov.br\/portal\/index.php?rest_route=%2Fwp%2Fv2%2Fmedia&parent=3480"}],"curies":[{"name":"wp","href":"https:\/\/api.w.org\/{rel}","templated":true}]}}