{"id":3425,"date":"2017-08-30T09:21:15","date_gmt":"2017-08-30T12:21:15","guid":{"rendered":"http:\/\/www.cinep.pb.gov.br\/portal\/?page_id=3425"},"modified":"2017-08-30T09:21:15","modified_gmt":"2017-08-30T12:21:15","slug":"pregao-presencial-0001-2017","status":"publish","type":"page","link":"https:\/\/www.cinep.pb.gov.br\/portal\/?page_id=3425","title":{"rendered":"Preg\u00e3o Presencial 0001-2017"},"content":{"rendered":"<p><a href=\"https:\/\/www.cinep.pb.gov.br\/portal\/wp-content\/uploads\/2017\/08\/EDITAL-PREG\u00c3O-PRESENCIAL-N\u00ba-0001-17.pdf\">Edital<\/a><\/p>\n<p><a href=\"https:\/\/www.cinep.pb.gov.br\/portal\/wp-content\/uploads\/2017\/08\/MINUTA-DE-CONTRATO-1.pdf\">Minuta de contrato<\/a><\/p>\n<p><a href=\"https:\/\/www.cinep.pb.gov.br\/portal\/wp-content\/uploads\/2017\/08\/PUBLICA\u00c7\u00c3O-AVISO-DE-LICITA\u00c7\u00c3O-PREG\u00c3O-003-16-MATERIAL-DE-EXPEDIENTE-D.O..pdf\">Publica\u00e7\u00e3o Aviso de licita\u00e7\u00e3o preg\u00e3o<\/a><\/p>\n<p><a href=\"https:\/\/www.cinep.pb.gov.br\/portal\/wp-content\/uploads\/2017\/08\/TERMO-DE-REFER\u00caNCIA-1.pdf\">Termo de refer\u00eancia<\/a><\/p>\n","protected":false},"excerpt":{"rendered":"<p>Edital Minuta de contrato Publica\u00e7\u00e3o Aviso de licita\u00e7\u00e3o preg\u00e3o Termo de refer\u00eancia<\/p>\n","protected":false},"author":4,"featured_media":0,"parent":313,"menu_order":0,"comment_status":"closed","ping_status":"closed","template":"","meta":{"ngg_post_thumbnail":0,"footnotes":""},"class_list":["entry","author-felipe","post-3425","page","type-page","status-publish"],"_links":{"self":[{"href":"https:\/\/www.cinep.pb.gov.br\/portal\/index.php?rest_route=\/wp\/v2\/pages\/3425","targetHints":{"allow":["GET"]}}],"collection":[{"href":"https:\/\/www.cinep.pb.gov.br\/portal\/index.php?rest_route=\/wp\/v2\/pages"}],"about":[{"href":"https:\/\/www.cinep.pb.gov.br\/portal\/index.php?rest_route=\/wp\/v2\/types\/page"}],"author":[{"embeddable":true,"href":"https:\/\/www.cinep.pb.gov.br\/portal\/index.php?rest_route=\/wp\/v2\/users\/4"}],"replies":[{"embeddable":true,"href":"https:\/\/www.cinep.pb.gov.br\/portal\/index.php?rest_route=%2Fwp%2Fv2%2Fcomments&post=3425"}],"version-history":[{"count":1,"href":"https:\/\/www.cinep.pb.gov.br\/portal\/index.php?rest_route=\/wp\/v2\/pages\/3425\/revisions"}],"predecessor-version":[{"id":3430,"href":"https:\/\/www.cinep.pb.gov.br\/portal\/index.php?rest_route=\/wp\/v2\/pages\/3425\/revisions\/3430"}],"up":[{"embeddable":true,"href":"https:\/\/www.cinep.pb.gov.br\/portal\/index.php?rest_route=\/wp\/v2\/pages\/313"}],"wp:attachment":[{"href":"https:\/\/www.cinep.pb.gov.br\/portal\/index.php?rest_route=%2Fwp%2Fv2%2Fmedia&parent=3425"}],"curies":[{"name":"wp","href":"https:\/\/api.w.org\/{rel}","templated":true}]}}