{"id":3412,"date":"2017-08-30T09:10:33","date_gmt":"2017-08-30T12:10:33","guid":{"rendered":"http:\/\/www.cinep.pb.gov.br\/portal\/?page_id=3412"},"modified":"2017-10-05T15:31:19","modified_gmt":"2017-10-05T18:31:19","slug":"concorrencia-n-0001-2017","status":"publish","type":"page","link":"https:\/\/www.cinep.pb.gov.br\/portal\/?page_id=3412","title":{"rendered":"Concorr\u00eancia n\u00b0 0001-2017"},"content":{"rendered":"<p><a href=\"https:\/\/www.cinep.pb.gov.br\/portal\/wp-content\/uploads\/2017\/08\/EDITAL-ANEXOS-CONC-01-2017.pdf\">Edital e Anexos<\/a><\/p>\n<p><a href=\"https:\/\/www.cinep.pb.gov.br\/portal\/wp-content\/uploads\/2017\/08\/MINUTA-DE-CONTRATO.pdf\">Minuta de contrato<\/a><\/p>\n<p><a href=\"https:\/\/www.cinep.pb.gov.br\/portal\/wp-content\/uploads\/2017\/08\/PUBLICA\u00c7\u00c3O-AVISO-DE-LICITA\u00c7\u00c3O-CONCORR\u00caNCIA-N\u00ba-0001-17.pdf\">Publica\u00e7\u00e3o de aviso de licita\u00e7\u00e3o<\/a><\/p>\n<p><a href=\"https:\/\/www.cinep.pb.gov.br\/portal\/wp-content\/uploads\/2017\/08\/PROJETO-BASICO-COMPLETO-CONC-01-2017.pdf\">Projeto b\u00e1sico completo<\/a><\/p>\n<p><a href=\"https:\/\/www.cinep.pb.gov.br\/portal\/wp-content\/uploads\/2017\/08\/TERMO-DE-REFER\u00caNCIA.pdf\">Termo de refer\u00eancia<\/a><\/p>\n<p><a href=\"https:\/\/www.cinep.pb.gov.br\/portal\/wp-content\/uploads\/2017\/08\/PUBLICA\u00c7\u00c3O-JULGAMENTO-DE-HABILITA\u00c7\u00c3O-DA-CONCORR\u00caNCIA-N\u00ba-0001-17.pdf\">Publica\u00e7\u00e3o julgamento de habilita\u00e7\u00e3o da concorr\u00eancia<\/a><\/p>\n<p><a href=\"https:\/\/www.cinep.pb.gov.br\/portal\/wp-content\/uploads\/2017\/08\/Publica\u00e7\u00e3o-Retifica\u00e7\u00e3o-Edital-de-Concorr\u00eancia-n\u00ba-0001-2017.pdf\">Publica\u00e7\u00e3o retifica\u00e7\u00e3o edital de concorr\u00eancia<\/a><\/p>\n<p><a href=\"https:\/\/www.cinep.pb.gov.br\/portal\/wp-content\/uploads\/2017\/08\/Publica\u00e7\u00e3o-de-Recursos-Administrativos-DOE-e-Uni\u00e3o-Concorr\u00eancia-001-2017.pdf\">Publica\u00e7\u00e3o de Recursos Administrativos &#8211; DOE e Uni\u00e3o &#8211; Concorr\u00eancia 001-2017<\/a><\/p>\n<p><a href=\"https:\/\/www.cinep.pb.gov.br\/portal\/wp-content\/uploads\/2017\/08\/PUBLICA\u00c7\u00c3O-JULGAMENTO-DE-RECURSO-CONCORR\u00caNCIA-N\u00ba-0001-17.pdf\">Publica\u00e7\u00e3o Julgamento\u00a0de Recurso Concorr\u00eancia\u00a0n\u00ba 0001-17<\/a><\/p>\n<p>&nbsp;<\/p>\n","protected":false},"excerpt":{"rendered":"<p>Edital e Anexos Minuta de contrato Publica\u00e7\u00e3o de aviso de licita\u00e7\u00e3o Projeto b\u00e1sico completo Termo de refer\u00eancia Publica\u00e7\u00e3o julgamento de habilita\u00e7\u00e3o da concorr\u00eancia Publica\u00e7\u00e3o retifica\u00e7\u00e3o edital de concorr\u00eancia Publica\u00e7\u00e3o de Recursos Administrativos &#8211; DOE e Uni\u00e3o &#8211; Concorr\u00eancia 001-2017 Publica\u00e7\u00e3o Julgamento\u00a0de Recurso Concorr\u00eancia\u00a0n\u00ba 0001-17 &nbsp;<\/p>\n","protected":false},"author":4,"featured_media":0,"parent":3382,"menu_order":0,"comment_status":"closed","ping_status":"closed","template":"","meta":{"ngg_post_thumbnail":0,"footnotes":""},"class_list":["entry","author-felipe","post-3412","page","type-page","status-publish"],"_links":{"self":[{"href":"https:\/\/www.cinep.pb.gov.br\/portal\/index.php?rest_route=\/wp\/v2\/pages\/3412","targetHints":{"allow":["GET"]}}],"collection":[{"href":"https:\/\/www.cinep.pb.gov.br\/portal\/index.php?rest_route=\/wp\/v2\/pages"}],"about":[{"href":"https:\/\/www.cinep.pb.gov.br\/portal\/index.php?rest_route=\/wp\/v2\/types\/page"}],"author":[{"embeddable":true,"href":"https:\/\/www.cinep.pb.gov.br\/portal\/index.php?rest_route=\/wp\/v2\/users\/4"}],"replies":[{"embeddable":true,"href":"https:\/\/www.cinep.pb.gov.br\/portal\/index.php?rest_route=%2Fwp%2Fv2%2Fcomments&post=3412"}],"version-history":[{"count":4,"href":"https:\/\/www.cinep.pb.gov.br\/portal\/index.php?rest_route=\/wp\/v2\/pages\/3412\/revisions"}],"predecessor-version":[{"id":3638,"href":"https:\/\/www.cinep.pb.gov.br\/portal\/index.php?rest_route=\/wp\/v2\/pages\/3412\/revisions\/3638"}],"up":[{"embeddable":true,"href":"https:\/\/www.cinep.pb.gov.br\/portal\/index.php?rest_route=\/wp\/v2\/pages\/3382"}],"wp:attachment":[{"href":"https:\/\/www.cinep.pb.gov.br\/portal\/index.php?rest_route=%2Fwp%2Fv2%2Fmedia&parent=3412"}],"curies":[{"name":"wp","href":"https:\/\/api.w.org\/{rel}","templated":true}]}}