{"id":3312,"date":"2017-07-11T11:51:11","date_gmt":"2017-07-11T14:51:11","guid":{"rendered":"http:\/\/www.cinep.pb.gov.br\/portal\/?page_id=3312"},"modified":"2022-03-07T17:20:11","modified_gmt":"2022-03-07T20:20:11","slug":"incentivo-locacional","status":"publish","type":"page","link":"https:\/\/www.cinep.pb.gov.br\/portal\/?page_id=3312","title":{"rendered":"Incentivo locacional"},"content":{"rendered":"<p>A Cinep disponibiliza a cess\u00e3o de \u00e1reas a pre\u00e7os subsidiados dependendo da escolha do munic\u00edpio e da disponibilidade de terrenos na regi\u00e3o onde ser\u00e1 instalada a empresa.<\/p>\n<p>Para dar entrada no processo de solicita\u00e7\u00e3o do incentivo locacional, a empresa deve apresentar uma carta consulta, de acordo com o roteiro disponibilizado no link abaixo. Em seguida, a diretoria da Companhia aprecia o pleito com base nas informa\u00e7\u00f5es oferecidas.<\/p>\n<p><span style=\"text-decoration: underline;\"><a href=\"https:\/\/www.cinep.pb.gov.br\/portal\/?page_id=291\">Clique aqui para mais informa\u00e7\u00f5es sobre o processo para obten\u00e7\u00e3o do incentivo locacional.<\/a><\/span><\/p>\n<p>Em caso de d\u00favidas, por favor, entrar em contato com a Diretoria de Opera\u00e7\u00f5es atrav\u00e9s do e-mail: protocolo@cinep.pb.gov.br.<\/p>\n","protected":false},"excerpt":{"rendered":"<p>A Cinep disponibiliza a cess\u00e3o de \u00e1reas a pre\u00e7os subsidiados dependendo da escolha do munic\u00edpio e da disponibilidade de terrenos na regi\u00e3o onde ser\u00e1 instalada a empresa. Para dar entrada no processo de solicita\u00e7\u00e3o do incentivo locacional, a empresa deve apresentar uma carta consulta, de acordo com o roteiro disponibilizado no link abaixo. Em seguida, a diretoria da Companhia aprecia o pleito com base nas informa\u00e7\u00f5es oferecidas. Clique aqui para<\/p>\n","protected":false},"author":4,"featured_media":0,"parent":249,"menu_order":0,"comment_status":"closed","ping_status":"closed","template":"","meta":{"ngg_post_thumbnail":0,"footnotes":""},"class_list":["entry","author-felipe","post-3312","page","type-page","status-publish"],"_links":{"self":[{"href":"https:\/\/www.cinep.pb.gov.br\/portal\/index.php?rest_route=\/wp\/v2\/pages\/3312","targetHints":{"allow":["GET"]}}],"collection":[{"href":"https:\/\/www.cinep.pb.gov.br\/portal\/index.php?rest_route=\/wp\/v2\/pages"}],"about":[{"href":"https:\/\/www.cinep.pb.gov.br\/portal\/index.php?rest_route=\/wp\/v2\/types\/page"}],"author":[{"embeddable":true,"href":"https:\/\/www.cinep.pb.gov.br\/portal\/index.php?rest_route=\/wp\/v2\/users\/4"}],"replies":[{"embeddable":true,"href":"https:\/\/www.cinep.pb.gov.br\/portal\/index.php?rest_route=%2Fwp%2Fv2%2Fcomments&post=3312"}],"version-history":[{"count":9,"href":"https:\/\/www.cinep.pb.gov.br\/portal\/index.php?rest_route=\/wp\/v2\/pages\/3312\/revisions"}],"predecessor-version":[{"id":7124,"href":"https:\/\/www.cinep.pb.gov.br\/portal\/index.php?rest_route=\/wp\/v2\/pages\/3312\/revisions\/7124"}],"up":[{"embeddable":true,"href":"https:\/\/www.cinep.pb.gov.br\/portal\/index.php?rest_route=\/wp\/v2\/pages\/249"}],"wp:attachment":[{"href":"https:\/\/www.cinep.pb.gov.br\/portal\/index.php?rest_route=%2Fwp%2Fv2%2Fmedia&parent=3312"}],"curies":[{"name":"wp","href":"https:\/\/api.w.org\/{rel}","templated":true}]}}