{"id":313,"date":"2017-01-27T22:27:46","date_gmt":"2017-01-28T01:27:46","guid":{"rendered":"http:\/\/www.cinep.pb.gov.br\/portal\/?page_id=313"},"modified":"2026-03-10T09:10:10","modified_gmt":"2026-03-10T12:10:10","slug":"editais-e-licitacoes","status":"publish","type":"page","link":"https:\/\/www.cinep.pb.gov.br\/portal\/?page_id=313","title":{"rendered":"Editais e Licita\u00e7\u00f5es"},"content":{"rendered":"\r\n<p><a href=\"https:\/\/www.cinep.pb.gov.br\/portal\/?page_id=13953\"><b>&nbsp;Edital de Habilita\u00e7\u00e3o de Associa\u00e7\u00f5es e Cooperativas de Catadores de Materiais Recicl\u00e1veis<\/b><\/a><\/p>\r\n\r\n\r\n\r\n\r\n\r\n<p><a href=\"https:\/\/www.cinep.pb.gov.br\/portal\/wp-content\/uploads\/2019\/06\/ATA-R-EXTRAORDIN\u00c1RIA-C.-ADM.-JUCEP-APROVOU-REGULAMENTO-DE-LICITA\u00c7\u00c3O-CONV.-E-CONTRATOS-DA-CINEP..pdf\">Regulamento interno de licita\u00e7\u00f5es, contratos e conv\u00eanios da Companhia de Desenvolvimento da Para\u00edba &#8211; CINEP &#8211; RILCC<\/a><\/p>\r\n\r\n\r\n\r\n<p><a href=\"https:\/\/www.cinep.pb.gov.br\/portal\/?page_id=4747\">Minutas de Editais e Contratos<\/a><\/p>\r\n\r\n\r\n\r\n<h4>&#8211; PROCEDIMENTOS LICITAT\u00d3RIOS:<\/h4>\r\n<p>&nbsp;<\/p>\r\n<div style=\"display: grid; grid-template-columns: 1fr 1fr; gap: 10px; border: 2px solid black; padding: 10px;\">\r\n<div style=\"border: 1px solid black; padding: 10px; text-align: left;\"><strong>01<\/strong> &#8211; <a href=\"https:\/\/www.cinep.pb.gov.br\/portal\/?page_id=7991\">PREG\u00c3O ELETR\u00d4NICO 002\/2023<\/a><\/div>\r\n<div style=\"border: 1px solid black; padding: 10px; text-align: left;\"><strong>02<\/strong> &#8211; <a href=\"https:\/\/www.cinep.pb.gov.br\/portal\/?page_id=8264\">PROCEDIMENTO LICITAT\u00d3RIO 001\/2023<\/a><\/div>\r\n<div style=\"border: 1px solid black; padding: 10px; text-align: left;\"><strong>03<\/strong> &#8211; <a href=\"https:\/\/www.cinep.pb.gov.br\/portal\/?page_id=8007\">PREG\u00c3O ELETR\u00d4NICO 004\/2023<\/a><\/div>\r\n<div style=\"border: 1px solid black; padding: 10px; text-align: left;\"><strong>04<\/strong> &#8211; <a href=\"https:\/\/www.cinep.pb.gov.br\/portal\/wp-content\/uploads\/2023\/12\/EDITAL-PE-007.2023_4\u00ba_EDI\u00c7\u00c3O_MANUTEN\u00c7\u00c3O-DE-AR-CONDICIONADO_VERS\u00c3O-FINAL_assinado.pdf\">PREG\u00c3O ELETR\u00d4NICO 007\/2023<\/a><\/div>\r\n<div style=\"border: 1px solid black; padding: 10px; text-align: left;\"><strong>05<\/strong> &#8211; <a href=\"https:\/\/www.cinep.pb.gov.br\/portal\/?page_id=8313\">PREG\u00c3O ELETR\u00d4NICO 006\/2023<\/a><\/div>\r\n<div style=\"border: 1px solid black; padding: 10px; text-align: left;\"><strong>06<\/strong> &#8211; <a href=\"https:\/\/www.cinep.pb.gov.br\/portal\/?page_id=8392\">PROCEDIMENTO LICITAT\u00d3RIO 002\/2023<\/a><\/div>\r\n<div style=\"border: 1px solid black; padding: 10px; text-align: left;\"><strong>07<\/strong> &#8211; <a href=\"https:\/\/www.cinep.pb.gov.br\/portal\/?page_id=8591\">PROCEDIMENTO LICITAT\u00d3RIO 001\/2024<\/a><\/div>\r\n<div style=\"border: 1px solid black; padding: 10px; text-align: left;\"><strong>08<\/strong> &#8211; <a href=\"https:\/\/www.cinep.pb.gov.br\/portal\/?page_id=8630\">PROCEDIMENTO LICITAT\u00d3RIO 002\/2024<\/a><\/div>\r\n<div style=\"border: 1px solid black; padding: 10px; text-align: left;\"><strong>09<\/strong> &#8211; <a href=\"https:\/\/www.cinep.pb.gov.br\/portal\/?page_id=8631\">PROCEDIMENTO LICITAT\u00d3RIO 003\/2024<\/a><\/div>\r\n<div style=\"border: 1px solid black; padding: 10px; text-align: left;\"><strong>10<\/strong> &#8211; <a href=\"https:\/\/www.cinep.pb.gov.br\/portal\/?page_id=8817\">TERMO DE INEXIGIBILIDADE 001\/2024<\/a><\/div>\r\n<div style=\"border: 1px solid black; padding: 10px; text-align: left;\"><strong>11<\/strong> &#8211; <a href=\"https:\/\/www.cinep.pb.gov.br\/portal\/?page_id=8820\">TERMO DE INEXIGIBILIDADE 002\/2024<\/a><\/div>\r\n<div style=\"border: 1px solid black; padding: 10px; text-align: left;\"><strong>12<\/strong> &#8211; <a href=\"https:\/\/www.cinep.pb.gov.br\/portal\/?page_id=8952\">PROCEDIMENTO LICITAT\u00d3RIO 004\/2024<\/a><\/div>\r\n<div style=\"border: 1px solid black; padding: 10px; text-align: left;\"><strong>13<\/strong> &#8211; <a href=\"https:\/\/www.cinep.pb.gov.br\/portal\/?page_id=9096\">PREG\u00c3O ELETR\u00d4NICO 002\/2024<\/a><\/div>\r\n<div style=\"border: 1px solid black; padding: 10px; text-align: left;\"><strong>14<\/strong> &#8211; <a href=\"https:\/\/www.cinep.pb.gov.br\/portal\/?page_id=9197\">PREG\u00c3O ELETR\u00d4NICO 001\/2024<\/a><\/div>\r\n<div style=\"border: 1px solid black; padding: 10px; text-align: left;\"><strong>15<\/strong> &#8211; <a href=\"https:\/\/www.cinep.pb.gov.br\/portal\/?page_id=9294\">PROCEDIMENTO LICITAT\u00d3RIO 005\/2024<\/a><\/div>\r\n<div style=\"border: 1px solid black; padding: 10px; text-align: left;\"><strong>16<\/strong> &#8211; <a href=\"https:\/\/www.cinep.pb.gov.br\/portal\/?page_id=9391\">PROCEDIMENTO LICITAT\u00d3RIO 006\/2024<\/a><\/div>\r\n<div style=\"border: 1px solid black; padding: 10px; text-align: left;\"><strong>17<\/strong> &#8211; <a href=\"https:\/\/www.cinep.pb.gov.br\/portal\/?page_id=9397\">PROCEDIMENTO LICITAT\u00d3RIO 007\/2024<\/a><\/div>\r\n<div style=\"border: 1px solid black; padding: 10px; text-align: left;\">\r\n<strong>18<\/strong> &#8211; <a href=\"https:\/\/www.cinep.pb.gov.br\/portal\/?page_id=9594\">PROCEDIMENTO LICITAT\u00d3RIO 008\/2024<\/a><\/div>\r\n<div style=\"border: 1px solid black; padding: 10px; text-align: left;\">\r\n<strong>19<\/strong> &#8211; <a href=\"https:\/\/www.cinep.pb.gov.br\/portal\/?page_id=13574\">PROCEDIMENTO LICITAT\u00d3RIO 001\/2025<\/a><\/div>\r\n<div style=\"border: 1px solid black; padding: 10px; text-align: left;\">\r\n<strong>20<\/strong> &#8211; <a href=\"https:\/\/www.cinep.pb.gov.br\/portal\/?page_id=13731\">PROCEDIMENTO LICITAT\u00d3RIO 009\/2024<\/a><\/div>\r\n\r\n<div style=\"border: 1px solid black; padding: 10px; text-align: left;\">\r\n<strong>21<\/strong> &#8211; <a href=\"https:\/\/www.cinep.pb.gov.br\/portal\/?page_id=13760\">PROCEDIMENTO LICITAT\u00d3RIO 002\/2025<\/a><\/div>\r\n<div style=\"border: 1px solid black; padding: 10px; text-align: left;\">\r\n<strong>22<\/strong> &#8211; <a href=\"https:\/\/www.cinep.pb.gov.br\/portal\/?page_id=13795\">PREG\u00c3O ELETR\u00d4NICO 001\/2025<\/a><\/div>\r\n\r\n<div style=\"border: 1px solid black; padding: 10px; text-align: left;\">\r\n<strong>23<\/strong> &#8211; <a href=\"https:\/\/www.cinep.pb.gov.br\/portal\/?page_id=13837\">Procedimento Licitat\u00f3rio n\u00ba 003.2025<\/a><\/div>\r\n<div style=\"border: 1px solid black; padding: 10px; text-align: left;\">\r\n<strong>24<\/strong> &#8211; <a href=\"https:\/\/www.cinep.pb.gov.br\/portal\/?page_id=14033\">Preg\u00e3o Eletr\u00f4nico n\u00ba 006.2024<\/a><\/div>\r\n<div style=\"border: 1px solid black; padding: 10px; text-align: left;\">\r\n<strong>25<\/strong> &#8211; <a href=\"https:\/\/www.cinep.pb.gov.br\/portal\/?page_id=14106\">Procedimento Licitat\u00f3rio n\u00ba 005.2025<\/a><\/div>\r\n<div style=\"border: 1px solid black; padding: 10px; text-align: left;\">\r\n<strong>26<\/strong> &#8211; <a href=\"https:\/\/www.cinep.pb.gov.br\/portal\/?page_id=14183\">Procedimento Licitat\u00f3rio n\u00ba 006.2025<\/a><\/div>\r\n<div style=\"border: 1px solid black; padding: 10px; text-align: left;\">\r\n<strong>27<\/strong> &#8211; <a href=\"https:\/\/www.cinep.pb.gov.br\/portal\/?page_id=14195\">Procedimento Eletr\u00f4nico n\u00ba 006.2025<\/a><\/div>\r\n\r\n<div style=\"border: 1px solid black; padding: 10px; text-align: left;\">\r\n<strong>27<\/strong> &#8211; <a href=\"https:\/\/www.cinep.pb.gov.br\/portal\/?page_id=14275\">Preg\u00e3o Eletr\u00f4nico n\u00ba 011.2025<\/a><\/div>\r\n\r\n\r\n\r\n\r\n<\/div>\r\n<\/div>\r\n<p>&nbsp;<\/p>\r\n<h4>&#8211; PUBLICA\u00c7\u00d5ES:<\/h4>\r\n<p>&nbsp;<\/p>\r\n<div style=\"display: grid; grid-template-columns: 1fr 1fr; gap: 10px; border: 2px solid black; padding: 10px;\">\r\n<div style=\"border: 1px solid black; padding: 10px; text-align: left;\"><a href=\"https:\/\/www.cinep.pb.gov.br\/portal\/?page_id=8583\">Publica\u00e7\u00f5es 2022<\/a><\/div>\r\n<p>&nbsp;<\/p>\r\n<div style=\"border: 1px solid black; padding: 10px; text-align: left;\"><a href=\"https:\/\/www.cinep.pb.gov.br\/portal\/?page_id=7765\">Publica\u00e7\u00f5es 2021<\/a><\/div>\r\n<p>&nbsp;<\/p>\r\n<div style=\"border: 1px solid black; padding: 10px; text-align: left;\"><a href=\"https:\/\/www.cinep.pb.gov.br\/portal\/?page_id=7179\">Publica\u00e7\u00f5es 2019 e 2020<\/a><\/div>\r\n<p>&nbsp;<\/p>\r\n<div style=\"border: 1px solid black; padding: 10px; text-align: left;\"><a href=\"https:\/\/www.cinep.pb.gov.br\/portal\/?page_id=4511\">Publica\u00e7\u00f5es 2017 e 2018<\/a><\/div>\r\n<p>&nbsp;<\/p>\r\n<div style=\"border: 1px solid black; padding: 10px; text-align: left;\"><a href=\"https:\/\/www.cinep.pb.gov.br\/portal\/?page_id=3390\">Publica\u00e7\u00f5es anteriores a 2017<\/a><\/div>\r\n<p>&nbsp;<\/p>\r\n<div style=\"border: 1px solid black; padding: 10px; text-align: left;\"><a href=\"https:\/\/www.cinep.pb.gov.br\/portal\/?page_id=7985\">INEXIGIBILIDADE 2023<\/a><\/div>\r\n<p>&nbsp;<\/p>\r\n<div style=\"border: 1px solid black; padding: 10px; text-align: left;\"><a href=\"https:\/\/www.cinep.pb.gov.br\/portal\/?page_id=8106\">EXTRATOS DE CONTRATOS E TERMOS ADITIVOS<\/a><\/div>\r\n<\/div>\r\n\r\n\r\n\r\n<p><\/p>\r\n","protected":false},"excerpt":{"rendered":"<p>&nbsp;Edital de Habilita\u00e7\u00e3o de Associa\u00e7\u00f5es e Cooperativas de Catadores de Materiais Recicl\u00e1veis Regulamento interno de licita\u00e7\u00f5es, contratos e conv\u00eanios da Companhia de Desenvolvimento da Para\u00edba &#8211; CINEP &#8211; RILCC Minutas de Editais e Contratos &#8211; PROCEDIMENTOS LICITAT\u00d3RIOS: &nbsp; 01 &#8211; PREG\u00c3O ELETR\u00d4NICO 002\/2023 02 &#8211; PROCEDIMENTO LICITAT\u00d3RIO 001\/2023 03 &#8211; PREG\u00c3O ELETR\u00d4NICO 004\/2023 04 &#8211; PREG\u00c3O ELETR\u00d4NICO 007\/2023 05 &#8211; PREG\u00c3O ELETR\u00d4NICO 006\/2023 06 &#8211; PROCEDIMENTO LICITAT\u00d3RIO 002\/2023 07 &#8211;<\/p>\n","protected":false},"author":2,"featured_media":199,"parent":253,"menu_order":0,"comment_status":"closed","ping_status":"closed","template":"","meta":{"ngg_post_thumbnail":0,"footnotes":""},"class_list":["entry","author-fabio","post-313","page","type-page","status-publish","has-post-thumbnail"],"_links":{"self":[{"href":"https:\/\/www.cinep.pb.gov.br\/portal\/index.php?rest_route=\/wp\/v2\/pages\/313","targetHints":{"allow":["GET"]}}],"collection":[{"href":"https:\/\/www.cinep.pb.gov.br\/portal\/index.php?rest_route=\/wp\/v2\/pages"}],"about":[{"href":"https:\/\/www.cinep.pb.gov.br\/portal\/index.php?rest_route=\/wp\/v2\/types\/page"}],"author":[{"embeddable":true,"href":"https:\/\/www.cinep.pb.gov.br\/portal\/index.php?rest_route=\/wp\/v2\/users\/2"}],"replies":[{"embeddable":true,"href":"https:\/\/www.cinep.pb.gov.br\/portal\/index.php?rest_route=%2Fwp%2Fv2%2Fcomments&post=313"}],"version-history":[{"count":223,"href":"https:\/\/www.cinep.pb.gov.br\/portal\/index.php?rest_route=\/wp\/v2\/pages\/313\/revisions"}],"predecessor-version":[{"id":14282,"href":"https:\/\/www.cinep.pb.gov.br\/portal\/index.php?rest_route=\/wp\/v2\/pages\/313\/revisions\/14282"}],"up":[{"embeddable":true,"href":"https:\/\/www.cinep.pb.gov.br\/portal\/index.php?rest_route=\/wp\/v2\/pages\/253"}],"wp:featuredmedia":[{"embeddable":true,"href":"https:\/\/www.cinep.pb.gov.br\/portal\/index.php?rest_route=\/wp\/v2\/media\/199"}],"wp:attachment":[{"href":"https:\/\/www.cinep.pb.gov.br\/portal\/index.php?rest_route=%2Fwp%2Fv2%2Fmedia&parent=313"}],"curies":[{"name":"wp","href":"https:\/\/api.w.org\/{rel}","templated":true}]}}