{"id":300,"date":"2017-01-27T22:18:00","date_gmt":"2017-01-28T01:18:00","guid":{"rendered":"http:\/\/www.cinep.pb.gov.br\/portal\/?page_id=300"},"modified":"2017-08-30T13:29:17","modified_gmt":"2017-08-30T16:29:17","slug":"coureirocalcadista","status":"publish","type":"page","link":"https:\/\/www.cinep.pb.gov.br\/portal\/?page_id=300","title":{"rendered":"Coureiro\/Cal\u00e7adista"},"content":{"rendered":"<p style=\"text-align: justify;\" align=\"justify\">\n<p style=\"text-align: justify;\" align=\"justify\"><img loading=\"lazy\" decoding=\"async\" class=\"wp-image-209 aligncenter\" src=\"https:\/\/www.cinep.pb.gov.br\/portal\/wp-content\/uploads\/2017\/01\/polo-couro-calcadista-300x180.jpg\" alt=\"\" width=\"562\" height=\"337\" srcset=\"https:\/\/www.cinep.pb.gov.br\/portal\/wp-content\/uploads\/2017\/01\/polo-couro-calcadista-300x180.jpg 300w, https:\/\/www.cinep.pb.gov.br\/portal\/wp-content\/uploads\/2017\/01\/polo-couro-calcadista.jpg 625w\" sizes=\"auto, (max-width: 562px) 100vw, 562px\" \/><\/p>\n<p style=\"text-align: justify;\" align=\"justify\">Desde o desenvolvimento do ciclo do gado, a regi\u00e3o nordestina vem utilizando o couro como mat\u00e9ria-prima para uma gama significativa de objetos que iam desde utens\u00edlios dom\u00e9sticos a cal\u00e7ados, passando por vestimentas de couros onde se destacaram o gib\u00e3o, o chap\u00e9u, o cinto, botinas, perneiras, alpercatas, sapatos, chinelos, etc.<\/p>\n<p style=\"text-align: justify;\" align=\"justify\">A Para\u00edba, neste particular, apresentou condi\u00e7\u00f5es muito prop\u00edcias a esta produ\u00e7\u00e3o artesanal que gerou &#8220;know how&#8221; suficiente para a prolifera\u00e7\u00e3o de curtumes e de pequenas oficinas dom\u00e9sticas (sapateiros) de reparos e fabrica\u00e7\u00e3o destes utens\u00edlios, o que veio a se tornar em uma das mais promissoras atividades produtivas da ainda incipiente industrializa\u00e7\u00e3o paraibana.<\/p>\n<p style=\"text-align: justify;\">Reconhecendo uma das voca\u00e7\u00f5es produtivas mais tradicionais do povo paraibano, o Estado da Para\u00edba institucionalizou o\u00a0<strong>P\u00f3lo de Couro e Cal\u00e7ados<\/strong>\u00a0com o objetivo de canalizar recursos e esfor\u00e7os em infra-estrutura e est\u00edmulos com vistas a incentivar a produ\u00e7\u00e3o de couros, peles, bolas de couro, bolsas, valises, sand\u00e1lias, cintos e demais utens\u00edlios de couro, etc.<\/p>\n<div style=\"text-align: justify;\"><\/div>\n<div>Desempenho do setor:<\/div>\n<div><\/div>\n<div>\u00a0&#8211; 2\u00ba maior exportador do Brasil<\/div>\n<div>&#8211; 26 mil pares exportados em 2015<\/div>\n<div>&#8211; 21% do total das exporta\u00e7\u00f5es no Brasil<\/div>\n<div>&#8211; 670 empresas ligadas ao setor<\/div>\n<div>&#8211; 15 mil pessoas empregadas<\/div>\n<div>&#8211; Produ\u00e7\u00e3o aproximada de 250 milh\u00f5es pares\/ano<\/div>\n<div>&#8211; Polos de fabrica\u00e7\u00e3o: Campina Grande, Patos, Jo\u00e3o Pessoa, Santa Rita, Bayeux, Guarabira, Catol\u00e9 do Rocha e Sousa.<\/div>\n<div>\n<p>&nbsp;<\/p>\n<\/div>\n","protected":false},"excerpt":{"rendered":"<p>Desde o desenvolvimento do ciclo do gado, a regi\u00e3o nordestina vem utilizando o couro como mat\u00e9ria-prima para uma gama significativa de objetos que iam desde utens\u00edlios dom\u00e9sticos a cal\u00e7ados, passando por vestimentas de couros onde se destacaram o gib\u00e3o, o chap\u00e9u, o cinto, botinas, perneiras, alpercatas, sapatos, chinelos, etc. A Para\u00edba, neste particular, apresentou condi\u00e7\u00f5es muito prop\u00edcias a esta produ\u00e7\u00e3o artesanal que gerou &#8220;know how&#8221; suficiente para a prolifera\u00e7\u00e3o de<\/p>\n","protected":false},"author":2,"featured_media":209,"parent":251,"menu_order":0,"comment_status":"closed","ping_status":"closed","template":"","meta":{"ngg_post_thumbnail":0,"footnotes":""},"class_list":["entry","author-fabio","post-300","page","type-page","status-publish","has-post-thumbnail"],"_links":{"self":[{"href":"https:\/\/www.cinep.pb.gov.br\/portal\/index.php?rest_route=\/wp\/v2\/pages\/300","targetHints":{"allow":["GET"]}}],"collection":[{"href":"https:\/\/www.cinep.pb.gov.br\/portal\/index.php?rest_route=\/wp\/v2\/pages"}],"about":[{"href":"https:\/\/www.cinep.pb.gov.br\/portal\/index.php?rest_route=\/wp\/v2\/types\/page"}],"author":[{"embeddable":true,"href":"https:\/\/www.cinep.pb.gov.br\/portal\/index.php?rest_route=\/wp\/v2\/users\/2"}],"replies":[{"embeddable":true,"href":"https:\/\/www.cinep.pb.gov.br\/portal\/index.php?rest_route=%2Fwp%2Fv2%2Fcomments&post=300"}],"version-history":[{"count":9,"href":"https:\/\/www.cinep.pb.gov.br\/portal\/index.php?rest_route=\/wp\/v2\/pages\/300\/revisions"}],"predecessor-version":[{"id":3467,"href":"https:\/\/www.cinep.pb.gov.br\/portal\/index.php?rest_route=\/wp\/v2\/pages\/300\/revisions\/3467"}],"up":[{"embeddable":true,"href":"https:\/\/www.cinep.pb.gov.br\/portal\/index.php?rest_route=\/wp\/v2\/pages\/251"}],"wp:featuredmedia":[{"embeddable":true,"href":"https:\/\/www.cinep.pb.gov.br\/portal\/index.php?rest_route=\/wp\/v2\/media\/209"}],"wp:attachment":[{"href":"https:\/\/www.cinep.pb.gov.br\/portal\/index.php?rest_route=%2Fwp%2Fv2%2Fmedia&parent=300"}],"curies":[{"name":"wp","href":"https:\/\/api.w.org\/{rel}","templated":true}]}}