{"id":298,"date":"2017-01-27T22:17:16","date_gmt":"2017-01-28T01:17:16","guid":{"rendered":"http:\/\/www.cinep.pb.gov.br\/portal\/?page_id=298"},"modified":"2017-08-30T13:35:49","modified_gmt":"2017-08-30T16:35:49","slug":"tecnologia","status":"publish","type":"page","link":"https:\/\/www.cinep.pb.gov.br\/portal\/?page_id=298","title":{"rendered":"Tecnologia"},"content":{"rendered":"<p style=\"text-align: justify;\">\n<p style=\"text-align: justify;\"><img loading=\"lazy\" decoding=\"async\" class=\"wp-image-211 aligncenter\" src=\"https:\/\/www.cinep.pb.gov.br\/portal\/wp-content\/uploads\/2017\/01\/polo-tecnologia-300x180.jpg\" alt=\"\" width=\"478\" height=\"287\" srcset=\"https:\/\/www.cinep.pb.gov.br\/portal\/wp-content\/uploads\/2017\/01\/polo-tecnologia-300x180.jpg 300w, https:\/\/www.cinep.pb.gov.br\/portal\/wp-content\/uploads\/2017\/01\/polo-tecnologia.jpg 625w\" sizes=\"auto, (max-width: 478px) 100vw, 478px\" \/><\/p>\n<p style=\"text-align: justify;\">A Para\u00edba possui cerca de 320 empresas de TIC, sendo 200 instaladas em Jo\u00e3o Pessoa, 20 em Patos e 100 em Campina Grande, onde est\u00e1 a maior capacidade produtiva. Campina Grande \u00e9 um dos 74 polos tecnol\u00f3gicos do Brasil. Investimentos do Governo do Estado, como\u00a0reforma do Centro de Inova\u00e7\u00e3o Tecnol\u00f3gica Telmo Ara\u00fajo, em Campina Grande,\u00a0fortalecem a voca\u00e7\u00e3o e excel\u00eancia existente na regi\u00e3o que se tornou refer\u00eancia internacional em T.I. Esse diferencial intelectual se transforma em capital e <em>know how<\/em> para v\u00e1rios segmentos. Nas cidades de Jo\u00e3o Pessoa, Campina Grande e Patos, formam-se anualmente cerca de 500 profissionais na \u00e1rea de tecnologia, entre os n\u00edveis t\u00e9cnicos e superiores, suprindo as necessidades de mercado.<\/p>\n","protected":false},"excerpt":{"rendered":"<p>A Para\u00edba possui cerca de 320 empresas de TIC, sendo 200 instaladas em Jo\u00e3o Pessoa, 20 em Patos e 100 em Campina Grande, onde est\u00e1 a maior capacidade produtiva. Campina Grande \u00e9 um dos 74 polos tecnol\u00f3gicos do Brasil. Investimentos do Governo do Estado, como\u00a0reforma do Centro de Inova\u00e7\u00e3o Tecnol\u00f3gica Telmo Ara\u00fajo, em Campina Grande,\u00a0fortalecem a voca\u00e7\u00e3o e excel\u00eancia existente na regi\u00e3o que se tornou refer\u00eancia internacional em T.I. Esse<\/p>\n","protected":false},"author":2,"featured_media":211,"parent":251,"menu_order":0,"comment_status":"closed","ping_status":"closed","template":"","meta":{"ngg_post_thumbnail":0,"footnotes":""},"class_list":["entry","author-fabio","post-298","page","type-page","status-publish","has-post-thumbnail"],"_links":{"self":[{"href":"https:\/\/www.cinep.pb.gov.br\/portal\/index.php?rest_route=\/wp\/v2\/pages\/298","targetHints":{"allow":["GET"]}}],"collection":[{"href":"https:\/\/www.cinep.pb.gov.br\/portal\/index.php?rest_route=\/wp\/v2\/pages"}],"about":[{"href":"https:\/\/www.cinep.pb.gov.br\/portal\/index.php?rest_route=\/wp\/v2\/types\/page"}],"author":[{"embeddable":true,"href":"https:\/\/www.cinep.pb.gov.br\/portal\/index.php?rest_route=\/wp\/v2\/users\/2"}],"replies":[{"embeddable":true,"href":"https:\/\/www.cinep.pb.gov.br\/portal\/index.php?rest_route=%2Fwp%2Fv2%2Fcomments&post=298"}],"version-history":[{"count":4,"href":"https:\/\/www.cinep.pb.gov.br\/portal\/index.php?rest_route=\/wp\/v2\/pages\/298\/revisions"}],"predecessor-version":[{"id":3471,"href":"https:\/\/www.cinep.pb.gov.br\/portal\/index.php?rest_route=\/wp\/v2\/pages\/298\/revisions\/3471"}],"up":[{"embeddable":true,"href":"https:\/\/www.cinep.pb.gov.br\/portal\/index.php?rest_route=\/wp\/v2\/pages\/251"}],"wp:featuredmedia":[{"embeddable":true,"href":"https:\/\/www.cinep.pb.gov.br\/portal\/index.php?rest_route=\/wp\/v2\/media\/211"}],"wp:attachment":[{"href":"https:\/\/www.cinep.pb.gov.br\/portal\/index.php?rest_route=%2Fwp%2Fv2%2Fmedia&parent=298"}],"curies":[{"name":"wp","href":"https:\/\/api.w.org\/{rel}","templated":true}]}}