{"id":296,"date":"2017-01-27T22:16:13","date_gmt":"2017-01-28T01:16:13","guid":{"rendered":"http:\/\/www.cinep.pb.gov.br\/portal\/?page_id=296"},"modified":"2017-08-30T13:30:18","modified_gmt":"2017-08-30T16:30:18","slug":"mineral","status":"publish","type":"page","link":"https:\/\/www.cinep.pb.gov.br\/portal\/?page_id=296","title":{"rendered":"Mineral"},"content":{"rendered":"<p style=\"text-align: justify;\">\n<p style=\"text-align: justify;\"><img loading=\"lazy\" decoding=\"async\" class=\"wp-image-210 aligncenter\" src=\"https:\/\/www.cinep.pb.gov.br\/portal\/wp-content\/uploads\/2017\/01\/polo-mineral-300x180.jpg\" alt=\"\" width=\"455\" height=\"273\" srcset=\"https:\/\/www.cinep.pb.gov.br\/portal\/wp-content\/uploads\/2017\/01\/polo-mineral-300x180.jpg 300w, https:\/\/www.cinep.pb.gov.br\/portal\/wp-content\/uploads\/2017\/01\/polo-mineral.jpg 625w\" sizes=\"auto, (max-width: 455px) 100vw, 455px\" \/><\/p>\n<p style=\"text-align: justify;\">O cen\u00e1rio mineral da Para\u00edba \u00e9 hoje bastante diversificado e h\u00e1 potencial para descoberta de novos insumos. O Estado destaca-se pela produ\u00e7\u00e3o de minerias n\u00e3o-met\u00e1licos, tamb\u00e9m chamados de minerais industriais.\u00a0Nesta classe, destaca-se a\u00a0<strong>bentonita<\/strong>, cujas reservas constituem, aproximadamente, metade das reservas nacionais, bem como a ilmenita e o rutilo, nas areias pesadas do litoral norte do Estado, que somam cerca de 20% do total nacional de tit\u00e2nio.<\/p>\n<p style=\"text-align: justify;\">A Para\u00edba \u00e9 respons\u00e1vel por mais de 90% da produ\u00e7\u00e3o de bentonita bruta no pa\u00eds e, o maior estado produtor de cimento do Nordeste, representando cerca de 27% da produ\u00e7\u00e3o regional. Al\u00e9m disso, foi o quinto maior exportador de rochas ornamentais em 2015, com crescimento de 13% sobre o ano anterior.<\/p>\n<p style=\"text-align: justify;\">A Para\u00edba \u00e9 respons\u00e1vel por mais de 90% da produ\u00e7\u00e3o de bentonita bruta no pa\u00eds e, o maior estado produtor de cimento do Nordeste, representando cerca de 27% da produ\u00e7\u00e3o regional. Al\u00e9m disso, \u00e9 o quinto maior exportador de rochas ornamentais, com crescimento de 13% sobre o ano anterior.<\/p>\n<p style=\"text-align: justify;\">Investimentos recentes em pesquisa mineral t\u00eam revelado novas reservas de granito e filito cer\u00e2mico, melhorando a posi\u00e7\u00e3o do Estado no ranking das reservas nacionais, al\u00e9m de um aumento significativo das reservas de feldspato e argilas comuns.<\/p>\n<p>Os recursos minerais da Para\u00edba foram classificados pelo crit\u00e9rio utilit\u00e1rio da subst\u00e2ncia de valor econ\u00f4mico. Assim sendo, distinguem-se parte dos minerais de pegmatito, com destaque absoluto para os minerais, n\u00e3o-met\u00e1licos ou industriais.<\/p>\n<p>Foram catalogados registros minerais, entre ocorr\u00eancias, tais como:\u00a0<strong>garimpos, dep\u00f3sitos e mina, destacando-se bentonita, ilmenita, zirconita, cianita, caulim, calc\u00e1rio sedimentar e cristalino, granito, argilas comuns e pl\u00e1sticas e, feldpato<\/strong>\u00a0&#8211; principais recursos minerias lavrados atualmente no Estado.<\/p>\n<p style=\"text-align: justify;\" align=\"center\"><strong>PRINCIPAIS SUBST\u00c2NCIAS MINERAIS DA PARA\u00cdBA POR REGI\u00c3O<\/strong><\/p>\n<table border=\"0\" cellspacing=\"0\" cellpadding=\"1\">\n<tbody>\n<tr>\n<td width=\"149\">\n<p align=\"center\"><strong>Regi\u00e3o<\/strong><\/p>\n<\/td>\n<td width=\"463\">\n<p align=\"center\"><strong>Subst\u00e2ncia<\/strong><\/p>\n<\/td>\n<\/tr>\n<tr>\n<td width=\"149\">\n<p align=\"center\"><strong>Litoral<\/strong><\/p>\n<\/td>\n<td width=\"463\"><strong>Argila branca, Calc\u00e1rio calc\u00edtico, areia para filtro, rutilo, ilmenita, cianita, zirconita, Fosfato, \u00c1gua mineral e tufa.<\/strong><\/td>\n<\/tr>\n<tr>\n<td width=\"149\">\n<p align=\"center\"><strong>Regi\u00e3o de Boa Vista<\/strong><\/p>\n<\/td>\n<td width=\"463\"><strong>Argila benton\u00edtica.<\/strong><\/td>\n<\/tr>\n<tr>\n<td width=\"149\">\n<p align=\"center\"><strong>Vale do Pianc\u00f3<\/strong><\/p>\n<\/td>\n<td width=\"463\"><strong>Ouro<\/strong><strong>, cobre, ferro.<\/strong><\/td>\n<\/tr>\n<tr>\n<td width=\"149\">\n<p align=\"center\"><strong>Todo o Estado exceto litoral<\/strong><\/p>\n<\/td>\n<td width=\"463\"><strong>Rochas para revestimento.<\/strong><\/td>\n<\/tr>\n<tr>\n<td width=\"149\">\n<p align=\"center\"><strong>Todo o Estado<\/strong><\/p>\n<\/td>\n<td width=\"463\"><strong>Minerais da constru\u00e7\u00e3o civil e argila para cer\u00e2mica vermelha.<\/strong><\/td>\n<\/tr>\n<tr>\n<td width=\"149\">\n<p align=\"center\"><strong>Curimata\u00fa<\/strong><\/p>\n<\/td>\n<td width=\"463\"><strong>Calc\u00e1rio dolom\u00edtico.<\/strong><\/td>\n<\/tr>\n<tr>\n<td width=\"149\">\n<p align=\"center\"><strong>Serid\u00f3<\/strong><\/p>\n<\/td>\n<td width=\"463\"><strong>Albita, berilo (industrial e gema), calc\u00e1rio dolom\u00edtico, caulim, columbita, feldspato, granada, mica, quartzito, quartzo branco, quartzo fum\u00ea, quartzo r\u00f3seo, quartzo roxo, quartzo transparente, tantalita, turmalina, cassiterita, scheelita, cobre, ouro, ferro, espodum\u00eanio, ambligonita, filito, apatita, fluorita, sienito cer\u00e2mico, calced\u00f4nias, vermiculita.<\/strong><\/td>\n<\/tr>\n<\/tbody>\n<\/table>\n","protected":false},"excerpt":{"rendered":"<p>O cen\u00e1rio mineral da Para\u00edba \u00e9 hoje bastante diversificado e h\u00e1 potencial para descoberta de novos insumos. O Estado destaca-se pela produ\u00e7\u00e3o de minerias n\u00e3o-met\u00e1licos, tamb\u00e9m chamados de minerais industriais.\u00a0Nesta classe, destaca-se a\u00a0bentonita, cujas reservas constituem, aproximadamente, metade das reservas nacionais, bem como a ilmenita e o rutilo, nas areias pesadas do litoral norte do Estado, que somam cerca de 20% do total nacional de tit\u00e2nio. A Para\u00edba \u00e9 respons\u00e1vel<\/p>\n","protected":false},"author":2,"featured_media":210,"parent":251,"menu_order":0,"comment_status":"closed","ping_status":"closed","template":"","meta":{"ngg_post_thumbnail":0,"footnotes":""},"class_list":["entry","author-fabio","post-296","page","type-page","status-publish","has-post-thumbnail"],"_links":{"self":[{"href":"https:\/\/www.cinep.pb.gov.br\/portal\/index.php?rest_route=\/wp\/v2\/pages\/296","targetHints":{"allow":["GET"]}}],"collection":[{"href":"https:\/\/www.cinep.pb.gov.br\/portal\/index.php?rest_route=\/wp\/v2\/pages"}],"about":[{"href":"https:\/\/www.cinep.pb.gov.br\/portal\/index.php?rest_route=\/wp\/v2\/types\/page"}],"author":[{"embeddable":true,"href":"https:\/\/www.cinep.pb.gov.br\/portal\/index.php?rest_route=\/wp\/v2\/users\/2"}],"replies":[{"embeddable":true,"href":"https:\/\/www.cinep.pb.gov.br\/portal\/index.php?rest_route=%2Fwp%2Fv2%2Fcomments&post=296"}],"version-history":[{"count":2,"href":"https:\/\/www.cinep.pb.gov.br\/portal\/index.php?rest_route=\/wp\/v2\/pages\/296\/revisions"}],"predecessor-version":[{"id":3468,"href":"https:\/\/www.cinep.pb.gov.br\/portal\/index.php?rest_route=\/wp\/v2\/pages\/296\/revisions\/3468"}],"up":[{"embeddable":true,"href":"https:\/\/www.cinep.pb.gov.br\/portal\/index.php?rest_route=\/wp\/v2\/pages\/251"}],"wp:featuredmedia":[{"embeddable":true,"href":"https:\/\/www.cinep.pb.gov.br\/portal\/index.php?rest_route=\/wp\/v2\/media\/210"}],"wp:attachment":[{"href":"https:\/\/www.cinep.pb.gov.br\/portal\/index.php?rest_route=%2Fwp%2Fv2%2Fmedia&parent=296"}],"curies":[{"name":"wp","href":"https:\/\/api.w.org\/{rel}","templated":true}]}}