{"id":292,"date":"2017-01-27T22:14:17","date_gmt":"2017-01-28T01:14:17","guid":{"rendered":"http:\/\/www.cinep.pb.gov.br\/portal\/?page_id=292"},"modified":"2017-08-30T09:57:20","modified_gmt":"2017-08-30T12:57:20","slug":"cimenteiroceramico","status":"publish","type":"page","link":"https:\/\/www.cinep.pb.gov.br\/portal\/?page_id=292","title":{"rendered":"Cimenteiro\/Cer\u00e2mico"},"content":{"rendered":"<p style=\"text-align: justify;\"><img loading=\"lazy\" decoding=\"async\" class=\"aligncenter wp-image-208\" src=\"https:\/\/www.cinep.pb.gov.br\/portal\/wp-content\/uploads\/2017\/01\/polo-ceramica.jpg\" alt=\"\" width=\"625\" height=\"375\" srcset=\"https:\/\/www.cinep.pb.gov.br\/portal\/wp-content\/uploads\/2017\/01\/polo-ceramica.jpg 625w, https:\/\/www.cinep.pb.gov.br\/portal\/wp-content\/uploads\/2017\/01\/polo-ceramica-300x180.jpg 300w\" sizes=\"auto, (max-width: 625px) 100vw, 625px\" \/><\/p>\n<p style=\"text-align: justify;\">Grandes jazidas de calc\u00e1rio calc\u00edtico sedimentar que ocorrem na faixa litor\u00e2nea Sul do Estado viabilizaram o desenvolvimento da ind\u00fastria cimenteira na regi\u00e3o, que conta com quatro unidades em opera\u00e7\u00e3o (munic\u00edpios de Jo\u00e3o Pessoa, Caapor\u00e3, Alhandra e Pitimbu) e duas em fase de implanta\u00e7\u00e3o (Caapor\u00e3 e Conde). A Para\u00edba produz aproximadamente 6 milh\u00f5es de toneladas por ano, sendo um dos maiores produtores de cimento do Brasil.<\/p>\n<p style=\"text-align: justify;\">O sub-solo paraibano \u00e9 detentor de numerosos dep\u00f3sitos de mat\u00e9rias-primas utilizadas na fabrica\u00e7\u00e3o de materiais cer\u00e2micos. H\u00e1 muito ainda o que se explorar economicamente. Um verdadeiro tesouro, rico em minerais naturais. Esse potencial mineral de alta qualifica\u00e7\u00e3o permite a imediata instala\u00e7\u00e3o de ind\u00fastrias cer\u00e2micas, em especial de lou\u00e7a sanit\u00e1ria, placas de revestimento, pisos, refrat\u00e1rios, vidro plano, garrafas e ind\u00fastria de cer\u00e2mica eletro-eletr\u00f4nica.<\/p>\n<p style=\"text-align: justify;\"><strong>Mat\u00e9rias primas encontradas na Para\u00edba:<\/strong><\/p>\n<p style=\"text-align: justify;\">Argilas Pl\u00e1sticas (queima branca e marrom)<br \/>\nArgilas Expansivas<br \/>\nAreias Quartzosas<br \/>\nBentonita C\u00e1lcica e S\u00f3dica (aditivada)<br \/>\nBentonita Branca<br \/>\nBarita (Sulfato de B\u00e1rio)<br \/>\nCalcita<br \/>\nCaulim<br \/>\nDolomito<br \/>\nEspandum\u00eanio (silicato de l\u00edtio e alum\u00ednio)<br \/>\nFeldspato Pot\u00e1ssico<br \/>\nFeldspato S\u00f3dico<br \/>\nFilito Cer\u00e2mico<br \/>\nIlmenita<br \/>\nOcre<br \/>\nQuartzo Leitoso<br \/>\nQuartzo Hialino<br \/>\nQuartzo R\u00f3seo<br \/>\nRutilo<br \/>\nTalco<br \/>\nWitherita (carbonato de b\u00e1rio)<br \/>\nZirconita<\/p>\n","protected":false},"excerpt":{"rendered":"<p>Grandes jazidas de calc\u00e1rio calc\u00edtico sedimentar que ocorrem na faixa litor\u00e2nea Sul do Estado viabilizaram o desenvolvimento da ind\u00fastria cimenteira na regi\u00e3o, que conta com quatro unidades em opera\u00e7\u00e3o (munic\u00edpios de Jo\u00e3o Pessoa, Caapor\u00e3, Alhandra e Pitimbu) e duas em fase de implanta\u00e7\u00e3o (Caapor\u00e3 e Conde). A Para\u00edba produz aproximadamente 6 milh\u00f5es de toneladas por ano, sendo um dos maiores produtores de cimento do Brasil. O sub-solo paraibano \u00e9 detentor<\/p>\n","protected":false},"author":2,"featured_media":208,"parent":251,"menu_order":0,"comment_status":"closed","ping_status":"closed","template":"","meta":{"ngg_post_thumbnail":0,"footnotes":""},"class_list":["entry","author-fabio","post-292","page","type-page","status-publish","has-post-thumbnail"],"_links":{"self":[{"href":"https:\/\/www.cinep.pb.gov.br\/portal\/index.php?rest_route=\/wp\/v2\/pages\/292","targetHints":{"allow":["GET"]}}],"collection":[{"href":"https:\/\/www.cinep.pb.gov.br\/portal\/index.php?rest_route=\/wp\/v2\/pages"}],"about":[{"href":"https:\/\/www.cinep.pb.gov.br\/portal\/index.php?rest_route=\/wp\/v2\/types\/page"}],"author":[{"embeddable":true,"href":"https:\/\/www.cinep.pb.gov.br\/portal\/index.php?rest_route=\/wp\/v2\/users\/2"}],"replies":[{"embeddable":true,"href":"https:\/\/www.cinep.pb.gov.br\/portal\/index.php?rest_route=%2Fwp%2Fv2%2Fcomments&post=292"}],"version-history":[{"count":7,"href":"https:\/\/www.cinep.pb.gov.br\/portal\/index.php?rest_route=\/wp\/v2\/pages\/292\/revisions"}],"predecessor-version":[{"id":3451,"href":"https:\/\/www.cinep.pb.gov.br\/portal\/index.php?rest_route=\/wp\/v2\/pages\/292\/revisions\/3451"}],"up":[{"embeddable":true,"href":"https:\/\/www.cinep.pb.gov.br\/portal\/index.php?rest_route=\/wp\/v2\/pages\/251"}],"wp:featuredmedia":[{"embeddable":true,"href":"https:\/\/www.cinep.pb.gov.br\/portal\/index.php?rest_route=\/wp\/v2\/media\/208"}],"wp:attachment":[{"href":"https:\/\/www.cinep.pb.gov.br\/portal\/index.php?rest_route=%2Fwp%2Fv2%2Fmedia&parent=292"}],"curies":[{"name":"wp","href":"https:\/\/api.w.org\/{rel}","templated":true}]}}