{"id":291,"date":"2017-01-27T22:26:33","date_gmt":"2017-01-28T01:26:33","guid":{"rendered":"http:\/\/www.cinep.pb.gov.br\/portal\/?page_id=291"},"modified":"2024-03-08T10:03:56","modified_gmt":"2024-03-08T13:03:56","slug":"solicite-seu-beneficio","status":"publish","type":"page","link":"https:\/\/www.cinep.pb.gov.br\/portal\/?page_id=291","title":{"rendered":"Solicite seu Benef\u00edcio"},"content":{"rendered":"<p>&nbsp;<\/p>\n<p>&nbsp;<\/p>\n<p><img loading=\"lazy\" decoding=\"async\" class=\"alignnone  wp-image-8414\" src=\"https:\/\/www.cinep.pb.gov.br\/portal\/wp-content\/uploads\/2024\/01\/disclaimer-arquivos-300x181.png\" alt=\"\" width=\"592\" height=\"357\" srcset=\"https:\/\/www.cinep.pb.gov.br\/portal\/wp-content\/uploads\/2024\/01\/disclaimer-arquivos-300x181.png 300w, https:\/\/www.cinep.pb.gov.br\/portal\/wp-content\/uploads\/2024\/01\/disclaimer-arquivos-768x463.png 768w, https:\/\/www.cinep.pb.gov.br\/portal\/wp-content\/uploads\/2024\/01\/disclaimer-arquivos-1024x618.png 1024w, https:\/\/www.cinep.pb.gov.br\/portal\/wp-content\/uploads\/2024\/01\/disclaimer-arquivos.png 1177w\" sizes=\"auto, (max-width: 592px) 100vw, 592px\" \/><\/p>\n<h3><strong><span style=\"color: #ff0000;\">N\u00e3o \u00e9 necess\u00e1rio solicitar acesso aos arquivos do Google Docs. Basta clicar na aba &#8216;Arquivo&#8217; e em seguida selecionar &#8216;Fazer Download&#8217; para obter o arquivo desejado.<\/span><\/strong><\/h3>\n<p>&nbsp;<\/p>\n<p>&nbsp;<\/p>\n<p><strong><span style=\"font-size: 18pt;\">Documenta\u00e7\u00e3o Necess\u00e1ria<\/span><\/strong><\/p>\n<table style=\"width: 612px;\" border=\"0\" cellspacing=\"0\" cellpadding=\"5\">\n<tbody>\n<tr>\n<td style=\"width: 612px;\">\n<div class=\"alert alert-warning alert-dismissable\" style=\"width: 600px; text-align: justify;\">\n<p><span style=\"text-decoration: underline;\"><strong>Polo Tur\u00edstico Cabo Branco<\/strong><\/span><\/p>\n<p><a href=\"https:\/\/docs.google.com\/document\/d\/11qN3JUVbaFgqErDMQIMzcuTBPk21rh3T\/edit?usp=drive_link&amp;ouid=111322328819852200086&amp;rtpof=true&amp;sd=true\" target=\"_blank\" rel=\"noopener\">Requerimento<br><\/a><a href=\"https:\/\/docs.google.com\/document\/d\/1Ik303fpztvqTMp2pXlqTmI9sKVmfGrWH\/edit?usp=drive_link&amp;ouid=111322328819852200086&amp;rtpof=true&amp;sd=true\">Modelo de Carta Consulta<br><\/a><a href=\"https:\/\/docs.google.com\/document\/d\/1dFp0Ri0Py4mTrH0t6Q1g-XfAyd1Nq1iq\/edit?usp=sharing&amp;ouid=111322328819852200086&amp;rtpof=true&amp;sd=true\">Documenta\u00e7\u00e3o necess\u00e1ria<\/a><\/p>\n<p><strong><a href=\"https:\/\/www.cinep.pb.gov.br\/portal\/?page_id=3312\">Mais informa\u00e7\u00f5es sobre o incentivo&nbsp;locacional<\/a><\/strong><\/p>\n<\/div>\n<\/td>\n<\/tr>\n<tr>\n<td style=\"width: 612px;\">\n<div class=\"alert alert-warning alert-dismissable\" style=\"width: 600px; text-align: justify;\">\n<p><span style=\"text-decoration: underline;\"><strong>INCENTIVO LOCACIONAL<\/strong><\/span><\/p>\n<p><a href=\"https:\/\/docs.google.com\/document\/d\/1JswqmwiHVYD5e63pYHP_dtZm5Rmw-wOC\/edit?usp=drive_link&amp;ouid=111322328819852200086&amp;rtpof=true&amp;sd=true\">Requerimento<\/a><br><a href=\"https:\/\/docs.google.com\/document\/d\/10xJ3fSwbt3EPB3rjCLr39Xor9vmSDE-o\/edit?usp=drive_link&amp;ouid=111322328819852200086&amp;rtpof=true&amp;sd=true\">Modelo de Carta Consulta<\/a><br><a href=\"https:\/\/www.cinep.pb.gov.br\/portal\/wp-content\/uploads\/2020\/01\/DOCUMENTA\u00c7\u00c3O-NECESS\u00c1RIA-PARA-INCENTIVO-LOCACIONAL.pdf\">Documenta\u00e7\u00e3o Necess\u00e1ria&nbsp;<\/a><\/p>\n<p><strong><a href=\"https:\/\/www.cinep.pb.gov.br\/portal\/?page_id=3312\">Mais informa\u00e7\u00f5es sobre o incentivo&nbsp;locacional<\/a><\/strong><\/p>\n<p><a href=\"https:\/\/www.cinep.pb.gov.br\/portal\/wp-content\/uploads\/2021\/12\/Doc-01-RD-079_2021.pdf\">Nova RD 079_2021<\/a><\/p>\n<p><a href=\"https:\/\/www.cinep.pb.gov.br\/portal\/wp-content\/uploads\/2021\/12\/Publica\u00e7\u00e3o_Di\u00e1rio_Oficial.pdf\">Publica\u00e7\u00e3o no Di\u00e1rio Oficial<\/a><\/p>\n<\/div>\n<\/td>\n<\/tr>\n<tr>\n<td style=\"width: 612px;\">\n<div class=\"alert alert-info alert-dismissable\" style=\"width: 600px; text-align: justify;\">\n<p><span style=\"text-decoration: underline;\"><strong>INCENTIVO FISCAL (Fain)<\/strong><\/span><\/p>\n<p><a href=\"https:\/\/docs.google.com\/document\/d\/11fi6oj_Bm8W9T7etWlOJ_J8FkLuokyWK\/edit?usp=drive_link&amp;ouid=111322328819852200086&amp;rtpof=true&amp;sd=true\">Requerimento para solicita\u00e7\u00e3o<\/a><\/p>\n<p><a href=\"https:\/\/docs.google.com\/document\/d\/19aDhjP6BMyD5wF4e3Yvto_t43o33vIyF\/edit?usp=drive_link&amp;ouid=111322328819852200086&amp;rtpof=true&amp;sd=true\">Requerimento para atualiza\u00e7\u00e3o do incentivo<\/a><\/p>\n<p><a href=\"https:\/\/docs.google.com\/document\/d\/1RD1orfOUC1CppU4_nLABzGjj_PFZQD4z\/edit?usp=drive_link&amp;ouid=111322328819852200086&amp;rtpof=true&amp;sd=true\">Roteiro de Projeto Econ\u00f4mico Financeiro<br><\/a><a href=\"https:\/\/docs.google.com\/document\/d\/1PQAH_0aqqupPjd7eYc1K_Cnbx_xO0bdR\/edit?usp=drive_link&amp;ouid=111322328819852200086&amp;rtpof=true&amp;sd=true\">Documenta\u00e7\u00e3o necess\u00e1ria<\/a><\/p>\n<p><strong><a href=\"https:\/\/www.cinep.pb.gov.br\/portal\/?page_id=284\">Mais informa\u00e7\u00f5es sobre o incentivo fiscal<\/a><\/strong><\/p>\n<p>Recomenda-se a leitura e obedi\u00eancia integral dos requisitos preconizados no Decreto Estadual n\u00b0&nbsp;17.252\/1994.<\/p>\n<\/div>\n<\/td>\n<\/tr>\n<tr>\n<td style=\"text-align: justify; width: 612px;\">\n<div class=\"alert alert-success alert-dismissable\" style=\"width: 600px; text-align: justify;\">\n<p><strong>ABERTURA DO PROCESSO <\/strong><\/p>\n<p>Reunida toda a documenta\u00e7\u00e3o juntamente com ficha cadastral, dirija-se \u00e0 sede da CINEP, localizada \u00e0 Rua&nbsp;Feliciano Cirne,&nbsp;50,&nbsp;Jaguaribe,&nbsp;Jo\u00e3o Pessoa-PB, para efetiva\u00e7\u00e3o da abertura e recebimento o n\u00famero do processo.<\/p>\n<\/div>\n<\/td>\n<\/tr>\n<tr>\n<td style=\"text-align: justify; width: 612px;\">\n<div class=\"text-box\" style=\"width: 600px; text-align: justify;\">\n<p align=\"justify\"><strong>Observa\u00e7\u00f5es:<\/strong><\/p>\n<p>Quanto ao Programa de Incentivo Locacional, a empresa j\u00e1 constitu\u00edda que pretende solicitar os benef\u00edcios da Cinep dever\u00e1 apresentar a documenta\u00e7\u00e3o solicitada, possibilitando a an\u00e1lise pelo Departamento de Desenvolvimento Econ\u00f4mico da Carta Consulta de Investimentos do empreendimento.<\/p>\n<p>J\u00e1 a empresa interessada em solicitar o Programa de Incentivo Fiscal \/ Financeiro, dever\u00e1 apresentar a documenta\u00e7\u00e3o acima citada, possibilitando a an\u00e1lise pelo Departamento de Administra\u00e7\u00e3o de Incentivos (DEAI-FAIN).<\/p>\n<p>Recomenda-se a leitura e obedi\u00eancia integral dos requisitos preconizados no Decreto Estadual n\u00b0&nbsp;17.252\/1994.<\/p>\n<\/div>\n<\/td>\n<\/tr>\n<\/tbody>\n<\/table>\n\n\n<p><\/p>\n","protected":false},"excerpt":{"rendered":"<p>&nbsp; &nbsp; N\u00e3o \u00e9 necess\u00e1rio solicitar acesso aos arquivos do Google Docs. Basta clicar na aba &#8216;Arquivo&#8217; e em seguida selecionar &#8216;Fazer Download&#8217; para obter o arquivo desejado. &nbsp; &nbsp; Documenta\u00e7\u00e3o Necess\u00e1ria Polo Tur\u00edstico Cabo Branco RequerimentoModelo de Carta ConsultaDocumenta\u00e7\u00e3o necess\u00e1ria Mais informa\u00e7\u00f5es sobre o incentivo&nbsp;locacional INCENTIVO LOCACIONAL RequerimentoModelo de Carta ConsultaDocumenta\u00e7\u00e3o Necess\u00e1ria&nbsp; Mais informa\u00e7\u00f5es sobre o incentivo&nbsp;locacional Nova RD 079_2021 Publica\u00e7\u00e3o no Di\u00e1rio Oficial INCENTIVO FISCAL (Fain) Requerimento para<\/p>\n","protected":false},"author":2,"featured_media":0,"parent":253,"menu_order":0,"comment_status":"closed","ping_status":"closed","template":"","meta":{"ngg_post_thumbnail":0,"footnotes":""},"class_list":["entry","author-fabio","post-291","page","type-page","status-publish"],"_links":{"self":[{"href":"https:\/\/www.cinep.pb.gov.br\/portal\/index.php?rest_route=\/wp\/v2\/pages\/291","targetHints":{"allow":["GET"]}}],"collection":[{"href":"https:\/\/www.cinep.pb.gov.br\/portal\/index.php?rest_route=\/wp\/v2\/pages"}],"about":[{"href":"https:\/\/www.cinep.pb.gov.br\/portal\/index.php?rest_route=\/wp\/v2\/types\/page"}],"author":[{"embeddable":true,"href":"https:\/\/www.cinep.pb.gov.br\/portal\/index.php?rest_route=\/wp\/v2\/users\/2"}],"replies":[{"embeddable":true,"href":"https:\/\/www.cinep.pb.gov.br\/portal\/index.php?rest_route=%2Fwp%2Fv2%2Fcomments&post=291"}],"version-history":[{"count":52,"href":"https:\/\/www.cinep.pb.gov.br\/portal\/index.php?rest_route=\/wp\/v2\/pages\/291\/revisions"}],"predecessor-version":[{"id":8479,"href":"https:\/\/www.cinep.pb.gov.br\/portal\/index.php?rest_route=\/wp\/v2\/pages\/291\/revisions\/8479"}],"up":[{"embeddable":true,"href":"https:\/\/www.cinep.pb.gov.br\/portal\/index.php?rest_route=\/wp\/v2\/pages\/253"}],"wp:attachment":[{"href":"https:\/\/www.cinep.pb.gov.br\/portal\/index.php?rest_route=%2Fwp%2Fv2%2Fmedia&parent=291"}],"curies":[{"name":"wp","href":"https:\/\/api.w.org\/{rel}","templated":true}]}}