{"id":284,"date":"2017-01-27T22:09:41","date_gmt":"2017-01-28T01:09:41","guid":{"rendered":"http:\/\/www.cinep.pb.gov.br\/portal\/?page_id=284"},"modified":"2023-04-25T15:03:34","modified_gmt":"2023-04-25T18:03:34","slug":"fain-2","status":"publish","type":"page","link":"https:\/\/www.cinep.pb.gov.br\/portal\/?page_id=284","title":{"rendered":"Incentivo Fiscal (Fain)"},"content":{"rendered":"<p style=\"text-align: justify;\" align=\"justify\">O Fundo de Apoio ao Desenvolvimento Industrial da Para\u00edba (Fain), criado pela Lei n\u00b0 4.856, de 29 de julho de 1986, \u00e9 um fundo de apoio que tem como finalidade a concess\u00e3o de est\u00edmulos financeiros para a implanta\u00e7\u00e3o, amplia\u00e7\u00e3o, revitaliza\u00e7\u00e3o e relocaliza\u00e7\u00e3o de ind\u00fastrias. Esses incentivos visam ao desenvolvimento industrial do Estado e \u00e0 gera\u00e7\u00e3o de empregos.<\/p>\n<p style=\"text-align: justify;\" align=\"justify\">A Cinep, \u00f3rg\u00e3o co-gestor do Fain, recebe e protocola as demandas dos empres\u00e1rios para obten\u00e7\u00e3o dos incentivos sob a forma de projeto econ\u00f4mico-financeiro.<\/p>\n<p style=\"text-align: justify;\" align=\"justify\">O Fain concede cr\u00e9dito presumido do ICMS com percentuais variando entre 48% e 74,25%, %, a ser usufru\u00eddo com prazo at\u00e9 dezembro de 2032. As varia\u00e7\u00f5es dos percentuais depender\u00e3o da quantidade de empregos diretos gerados, o volume de investimentos realizados e a localiza\u00e7\u00e3o escolhida pela empresa no estado.<\/p>\n<p style=\"text-align: justify;\" align=\"justify\">Vale ressaltar que h\u00e1 excepcionalidades por meio de protocolos de inten\u00e7\u00f5es para empresas que estejam usufruindo de benef\u00edcios em outros estados. Por meio deste instrumento, o Governo do Estado concede a isonomia do benef\u00edcio para tornar e empresa mais competitiva no mercado.<\/p>\n<p style=\"text-align: justify;\" align=\"justify\"><a href=\"https:\/\/www.cinep.pb.gov.br\/portal\/?page_id=291\">Clique aqui para conhecer o processo de obten\u00e7\u00e3o dos incentivos fiscais.<\/a><\/p>\n<p align=\"justify\">Recomenda-se a leitura e obedi\u00eancia integral dos requisitos preconizados no Decreto Estadual n\u00b0\u00a017.252\/1994.<\/p>\n<p style=\"text-align: justify;\" align=\"justify\">Em caso de d\u00favidas, por favor, entrar em contato com o Departamento de Administra\u00e7\u00e3o de Incentivos atrav\u00e9s do e-mail:\u00a0protocolo@cinep.pb.gov.br.<\/p>\n","protected":false},"excerpt":{"rendered":"<p>O Fundo de Apoio ao Desenvolvimento Industrial da Para\u00edba (Fain), criado pela Lei n\u00b0 4.856, de 29 de julho de 1986, \u00e9 um fundo de apoio que tem como finalidade a concess\u00e3o de est\u00edmulos financeiros para a implanta\u00e7\u00e3o, amplia\u00e7\u00e3o, revitaliza\u00e7\u00e3o e relocaliza\u00e7\u00e3o de ind\u00fastrias. Esses incentivos visam ao desenvolvimento industrial do Estado e \u00e0 gera\u00e7\u00e3o de empregos. A Cinep, \u00f3rg\u00e3o co-gestor do Fain, recebe e protocola as demandas dos empres\u00e1rios<\/p>\n","protected":false},"author":2,"featured_media":196,"parent":249,"menu_order":0,"comment_status":"closed","ping_status":"closed","template":"","meta":{"ngg_post_thumbnail":0,"footnotes":""},"class_list":["entry","author-fabio","post-284","page","type-page","status-publish","has-post-thumbnail"],"_links":{"self":[{"href":"https:\/\/www.cinep.pb.gov.br\/portal\/index.php?rest_route=\/wp\/v2\/pages\/284","targetHints":{"allow":["GET"]}}],"collection":[{"href":"https:\/\/www.cinep.pb.gov.br\/portal\/index.php?rest_route=\/wp\/v2\/pages"}],"about":[{"href":"https:\/\/www.cinep.pb.gov.br\/portal\/index.php?rest_route=\/wp\/v2\/types\/page"}],"author":[{"embeddable":true,"href":"https:\/\/www.cinep.pb.gov.br\/portal\/index.php?rest_route=\/wp\/v2\/users\/2"}],"replies":[{"embeddable":true,"href":"https:\/\/www.cinep.pb.gov.br\/portal\/index.php?rest_route=%2Fwp%2Fv2%2Fcomments&post=284"}],"version-history":[{"count":15,"href":"https:\/\/www.cinep.pb.gov.br\/portal\/index.php?rest_route=\/wp\/v2\/pages\/284\/revisions"}],"predecessor-version":[{"id":7823,"href":"https:\/\/www.cinep.pb.gov.br\/portal\/index.php?rest_route=\/wp\/v2\/pages\/284\/revisions\/7823"}],"up":[{"embeddable":true,"href":"https:\/\/www.cinep.pb.gov.br\/portal\/index.php?rest_route=\/wp\/v2\/pages\/249"}],"wp:featuredmedia":[{"embeddable":true,"href":"https:\/\/www.cinep.pb.gov.br\/portal\/index.php?rest_route=\/wp\/v2\/media\/196"}],"wp:attachment":[{"href":"https:\/\/www.cinep.pb.gov.br\/portal\/index.php?rest_route=%2Fwp%2Fv2%2Fmedia&parent=284"}],"curies":[{"name":"wp","href":"https:\/\/api.w.org\/{rel}","templated":true}]}}